{"id":4109,"date":"2025-02-24T10:53:46","date_gmt":"2025-02-24T09:53:46","guid":{"rendered":"https:\/\/www.campinglefonti.com\/?page_id=4109"},"modified":"2025-02-24T10:53:47","modified_gmt":"2025-02-24T09:53:47","slug":"stellplaetze-fuer-zelten","status":"publish","type":"page","link":"https:\/\/www.campinglefonti.com\/de\/camping\/stellplaetze-fuer-zelten\/","title":{"rendered":"Stellpl\u00e4tze f\u00fcr Zelten"},"content":{"rendered":"\n<figure class=\"wp-block-image alignfull size-large grid-section-main-image\"><img loading=\"lazy\" decoding=\"async\" width=\"1024\" height=\"683\" src=\"https:\/\/www.campinglefonti.com\/wp-content\/uploads\/piazzole-cover-family-1024x683.jpg\" alt=\"\" class=\"wp-image-235\" srcset=\"https:\/\/www.campinglefonti.com\/wp-content\/uploads\/piazzole-cover-family-1024x683.jpg 1024w, https:\/\/www.campinglefonti.com\/wp-content\/uploads\/piazzole-cover-family-300x200.jpg 300w, https:\/\/www.campinglefonti.com\/wp-content\/uploads\/piazzole-cover-family-768x512.jpg 768w, https:\/\/www.campinglefonti.com\/wp-content\/uploads\/piazzole-cover-family-1536x1024.jpg 1536w, https:\/\/www.campinglefonti.com\/wp-content\/uploads\/piazzole-cover-family-2048x1365.jpg 2048w\" sizes=\"auto, (max-width: 1024px) 100vw, 1024px\" \/><\/figure>\n\n\n\n<div class=\"wp-block-columns grid-section-columns grid-section-columns-green margin-bottom--m is-layout-flex wp-container-core-columns-is-layout-9d6595d7 wp-block-columns-is-layout-flex\">\n<div class=\"wp-block-column is-layout-flow wp-block-column-is-layout-flow\">\n<figure class=\"wp-block-image size-large\"><img loading=\"lazy\" decoding=\"async\" width=\"768\" height=\"1024\" src=\"https:\/\/www.campinglefonti.com\/wp-content\/uploads\/P7020111-768x1024.jpg\" alt=\"\" class=\"wp-image-238\" srcset=\"https:\/\/www.campinglefonti.com\/wp-content\/uploads\/P7020111-768x1024.jpg 768w, https:\/\/www.campinglefonti.com\/wp-content\/uploads\/P7020111-225x300.jpg 225w, https:\/\/www.campinglefonti.com\/wp-content\/uploads\/P7020111-1152x1536.jpg 1152w, https:\/\/www.campinglefonti.com\/wp-content\/uploads\/P7020111-1536x2048.jpg 1536w, https:\/\/www.campinglefonti.com\/wp-content\/uploads\/P7020111-scaled.jpg 1920w\" sizes=\"auto, (max-width: 768px) 100vw, 768px\" \/><\/figure>\n<\/div>\n\n\n\n<div class=\"wp-block-column is-layout-flow wp-block-column-is-layout-flow\"><div class=\"yoast-breadcrumbs\"><span><span><a href=\"https:\/\/www.campinglefonti.com\/de\/\">Home<\/a><\/span> | <span><a href=\"https:\/\/www.campinglefonti.com\/de\/camping\/\">Camping<\/a><\/span> | <span class=\"breadcrumb_last\" aria-current=\"page\">Stellpl\u00e4tze f\u00fcr Zelten<\/span><\/span><\/div>\n\n\n<h1 class=\"wp-block-heading\">Sind sie abenteuerlustig und lieben die Natur ?<\/h1>\n\n\n\n<p>F\u00fcr Sie bieten wir Zelt-Stellpl\u00e4tze mit Gemeinschaftsbereich, Tischen und Grill.<\/p>\n<\/div>\n<\/div>\n\n\n\n<div class=\"wp-block-columns image-on-left margin-bottom--m is-layout-flex wp-container-core-columns-is-layout-9d6595d7 wp-block-columns-is-layout-flex\">\n<div class=\"wp-block-column is-layout-flow wp-block-column-is-layout-flow\">\n<figure class=\"wp-block-image size-large\"><img loading=\"lazy\" decoding=\"async\" width=\"1024\" height=\"684\" src=\"https:\/\/www.campinglefonti.com\/wp-content\/uploads\/IMG_2607-1024x684.jpg\" alt=\"\" class=\"wp-image-239\" srcset=\"https:\/\/www.campinglefonti.com\/wp-content\/uploads\/IMG_2607-1024x684.jpg 1024w, https:\/\/www.campinglefonti.com\/wp-content\/uploads\/IMG_2607-300x200.jpg 300w, https:\/\/www.campinglefonti.com\/wp-content\/uploads\/IMG_2607-768x513.jpg 768w, https:\/\/www.campinglefonti.com\/wp-content\/uploads\/IMG_2607-1536x1025.jpg 1536w, https:\/\/www.campinglefonti.com\/wp-content\/uploads\/IMG_2607-2048x1367.jpg 2048w, https:\/\/www.campinglefonti.com\/wp-content\/uploads\/IMG_2607-20x13.jpg 20w, https:\/\/www.campinglefonti.com\/wp-content\/uploads\/IMG_2607.jpg 1920w\" sizes=\"auto, (max-width: 1024px) 100vw, 1024px\" \/><\/figure>\n<\/div>\n\n\n\n<div class=\"wp-block-column is-layout-flow wp-block-column-is-layout-flow\">\n<h2 class=\"wp-block-heading\">Es gibt zwei Arten von Stellpl\u00e4tze<\/h2>\n\n\n\n<ul class=\"wp-block-list\">\n<li><strong>Schattigen<\/strong> Stellpl\u00e4tze mit reichen Vegetation und Panoramablick. Diese sind nur durch eine Treppe erreichbar.<\/li>\n\n\n\n<li><strong>Sonnige<\/strong> Stellpl\u00e4tze<strong>, <\/strong>in der N\u00e4he vom Eingang und Zentrum des Camping.<\/li>\n<\/ul>\n\n\n\n<div class=\"wp-block-buttons is-layout-flex wp-block-buttons-is-layout-flex\">\n<div class=\"wp-block-button\"><a class=\"wp-block-button__link wp-element-button\" href=\"https:\/\/www.campinglefonti.com\/camping\/mappa-del-camping-le-fonti-cervarezza-terme-reggio-emilia\/\">W\u00e4hlen Sie den Stellplatz<\/a><\/div>\n<\/div>\n<\/div>\n<\/div>\n\n\n\n<div class=\"wp-block-columns margin-bottom--m is-layout-flex wp-container-core-columns-is-layout-9d6595d7 wp-block-columns-is-layout-flex\">\n<div class=\"wp-block-column is-layout-flow wp-block-column-is-layout-flow\">\n<figure class=\"wp-block-image size-large\"><img loading=\"lazy\" decoding=\"async\" width=\"1024\" height=\"768\" src=\"https:\/\/www.campinglefonti.com\/wp-content\/uploads\/P7080479-1024x768.jpg\" alt=\"\" class=\"wp-image-2663\" srcset=\"https:\/\/www.campinglefonti.com\/wp-content\/uploads\/P7080479-1024x768.jpg 1024w, https:\/\/www.campinglefonti.com\/wp-content\/uploads\/P7080479-300x225.jpg 300w, https:\/\/www.campinglefonti.com\/wp-content\/uploads\/P7080479-768x576.jpg 768w, https:\/\/www.campinglefonti.com\/wp-content\/uploads\/P7080479-1536x1152.jpg 1536w, https:\/\/www.campinglefonti.com\/wp-content\/uploads\/P7080479-2048x1536.jpg 2048w, https:\/\/www.campinglefonti.com\/wp-content\/uploads\/P7080479-702x526.jpg 702w\" sizes=\"auto, (max-width: 1024px) 100vw, 1024px\" \/><\/figure>\n<\/div>\n\n\n\n<div class=\"wp-block-column is-layout-flow wp-block-column-is-layout-flow\">\n<figure class=\"wp-block-image size-large\"><img loading=\"lazy\" decoding=\"async\" width=\"1024\" height=\"768\" src=\"https:\/\/www.campinglefonti.com\/wp-content\/uploads\/P7020112-1024x768.jpg\" alt=\"\" class=\"wp-image-241\" srcset=\"https:\/\/www.campinglefonti.com\/wp-content\/uploads\/P7020112-1024x768.jpg 1024w, https:\/\/www.campinglefonti.com\/wp-content\/uploads\/P7020112-300x225.jpg 300w, https:\/\/www.campinglefonti.com\/wp-content\/uploads\/P7020112-768x576.jpg 768w, https:\/\/www.campinglefonti.com\/wp-content\/uploads\/P7020112-1536x1152.jpg 1536w, https:\/\/www.campinglefonti.com\/wp-content\/uploads\/P7020112-2048x1536.jpg 2048w, https:\/\/www.campinglefonti.com\/wp-content\/uploads\/P7020112-702x526.jpg 702w, https:\/\/www.campinglefonti.com\/wp-content\/uploads\/P7020112-20x15.jpg 20w, https:\/\/www.campinglefonti.com\/wp-content\/uploads\/P7020112.jpg 1920w\" sizes=\"auto, (max-width: 1024px) 100vw, 1024px\" \/><\/figure>\n<\/div>\n<\/div>\n\n\n\n<div class=\"wp-block-columns image-on-right blue-bg margin-bottom--m is-layout-flex wp-container-core-columns-is-layout-9d6595d7 wp-block-columns-is-layout-flex\">\n<div class=\"wp-block-column is-layout-flow wp-block-column-is-layout-flow\">\n<h2 class=\"wp-block-heading\">Raum und Komfort f\u00fcr einen unvergessliche Urlaub<\/h2>\n\n\n\n<p>Unsere Zelt-Stellpl\u00e4tze haben einen Raum von 20 \/ 25 Quadratmetern, verf\u00fcgen \u00fcber einen gute Rasen und einen wundersch\u00f6nen Blick auf dem Tal und dem majest\u00e4tischen &#8216;pietra di Bismantova&#8217; <\/p>\n\n\n\n<p>Parkpl\u00e4tze sind in der N\u00e4he von den Stellpl\u00e4tze<\/p>\n\n\n\n<p>Strom ist im Preis inbegriffen aber es ist n\u00f6tig eine lange Kabe und eine entspreschend-CE- Normen Steckdose,haben<\/p>\n<\/div>\n\n\n\n<div class=\"wp-block-column is-layout-flow wp-block-column-is-layout-flow\">\n<figure class=\"wp-block-image size-large\"><img loading=\"lazy\" decoding=\"async\" width=\"851\" height=\"1024\" src=\"https:\/\/www.campinglefonti.com\/wp-content\/uploads\/P6220589-851x1024.jpg\" alt=\"\" class=\"wp-image-246\" srcset=\"https:\/\/www.campinglefonti.com\/wp-content\/uploads\/P6220589-851x1024.jpg 851w, https:\/\/www.campinglefonti.com\/wp-content\/uploads\/P6220589-249x300.jpg 249w, https:\/\/www.campinglefonti.com\/wp-content\/uploads\/P6220589-768x924.jpg 768w, https:\/\/www.campinglefonti.com\/wp-content\/uploads\/P6220589-1276x1536.jpg 1276w, https:\/\/www.campinglefonti.com\/wp-content\/uploads\/P6220589-1702x2048.jpg 1702w\" sizes=\"auto, (max-width: 851px) 100vw, 851px\" \/><\/figure>\n\n\n\n<p><\/p>\n<\/div>\n<\/div>\n\n\n\n<div class=\"wp-block-columns margin-bottom--m is-layout-flex wp-container-core-columns-is-layout-9d6595d7 wp-block-columns-is-layout-flex\">\n<div class=\"wp-block-column is-layout-flow wp-block-column-is-layout-flow\">\n<figure class=\"wp-block-image size-large\"><img loading=\"lazy\" decoding=\"async\" width=\"1024\" height=\"768\" src=\"https:\/\/www.campinglefonti.com\/wp-content\/uploads\/P2100367-1024x768.jpg\" alt=\"\" class=\"wp-image-252\" srcset=\"https:\/\/www.campinglefonti.com\/wp-content\/uploads\/P2100367-1024x768.jpg 1024w, https:\/\/www.campinglefonti.com\/wp-content\/uploads\/P2100367-300x225.jpg 300w, https:\/\/www.campinglefonti.com\/wp-content\/uploads\/P2100367-768x576.jpg 768w, https:\/\/www.campinglefonti.com\/wp-content\/uploads\/P2100367-1536x1152.jpg 1536w, https:\/\/www.campinglefonti.com\/wp-content\/uploads\/P2100367-2048x1536.jpg 2048w, https:\/\/www.campinglefonti.com\/wp-content\/uploads\/P2100367-702x526.jpg 702w, https:\/\/www.campinglefonti.com\/wp-content\/uploads\/P2100367-20x15.jpg 20w, https:\/\/www.campinglefonti.com\/wp-content\/uploads\/P2100367.jpg 1920w\" sizes=\"auto, (max-width: 1024px) 100vw, 1024px\" \/><\/figure>\n\n\n\n<figure class=\"wp-block-image size-large\"><img loading=\"lazy\" decoding=\"async\" width=\"768\" height=\"1024\" src=\"https:\/\/www.campinglefonti.com\/wp-content\/uploads\/PA140287-768x1024.jpg\" alt=\"\" class=\"wp-image-2862\" srcset=\"https:\/\/www.campinglefonti.com\/wp-content\/uploads\/PA140287-768x1024.jpg 768w, https:\/\/www.campinglefonti.com\/wp-content\/uploads\/PA140287-225x300.jpg 225w, https:\/\/www.campinglefonti.com\/wp-content\/uploads\/PA140287-1152x1536.jpg 1152w, https:\/\/www.campinglefonti.com\/wp-content\/uploads\/PA140287-1536x2048.jpg 1536w, https:\/\/www.campinglefonti.com\/wp-content\/uploads\/PA140287-scaled.jpg 1920w\" sizes=\"auto, (max-width: 768px) 100vw, 768px\" \/><\/figure>\n<\/div>\n\n\n\n<div class=\"wp-block-column is-layout-flow wp-block-column-is-layout-flow\">\n<figure class=\"wp-block-image size-large\"><img loading=\"lazy\" decoding=\"async\" width=\"1024\" height=\"768\" src=\"https:\/\/www.campinglefonti.com\/wp-content\/uploads\/P7020090-1024x768.jpg\" alt=\"\" class=\"wp-image-253\" srcset=\"https:\/\/www.campinglefonti.com\/wp-content\/uploads\/P7020090-1024x768.jpg 1024w, https:\/\/www.campinglefonti.com\/wp-content\/uploads\/P7020090-300x225.jpg 300w, https:\/\/www.campinglefonti.com\/wp-content\/uploads\/P7020090-768x576.jpg 768w, https:\/\/www.campinglefonti.com\/wp-content\/uploads\/P7020090-1536x1152.jpg 1536w, https:\/\/www.campinglefonti.com\/wp-content\/uploads\/P7020090-2048x1536.jpg 2048w, https:\/\/www.campinglefonti.com\/wp-content\/uploads\/P7020090-702x526.jpg 702w\" sizes=\"auto, (max-width: 1024px) 100vw, 1024px\" \/><\/figure>\n\n\n\n<figure class=\"wp-block-image size-large\"><img decoding=\"async\" src=\"https:\/\/www.campinglefonti.com\/wp-content\/uploads\/P8080407-768x1024.jpg\" alt=\"\" class=\"wp-image-256\"\/><\/figure>\n<\/div>\n<\/div>\n\n\n\n<div class=\"wp-block-group is-style-light-green-bg\"><div class=\"wp-block-group__inner-container is-layout-flow wp-block-group-is-layout-flow\">\n<p class=\"has-text-align-center\" style=\"font-size:33px\">M\u00f6chten Sie mehr Info haben?<\/p>\n\n\n\n<div class=\"wp-block-buttons is-horizontal is-content-justification-center is-layout-flex wp-container-core-buttons-is-layout-499968f5 wp-block-buttons-is-layout-flex\">\n<div class=\"wp-block-button\"><a class=\"wp-block-button__link wp-element-button\" href=\"https:\/\/www.campinglefonti.com\/contatti-camping-le-fonti-cervarezza-terme-di-ventasso\/\">Kontaktieren Sie uns<\/a><\/div>\n<\/div>\n<\/div><\/div>\n","protected":false},"excerpt":{"rendered":"<p>Sind sie abenteuerlustig und lieben die Natur ? F\u00fcr Sie bieten wir Zelt-Stellpl\u00e4tze mit Gemeinschaftsbereich, Tischen und Grill. Es gibt zwei Arten von Stellpl\u00e4tze Raum und Komfort f\u00fcr einen unvergessliche Urlaub Unsere Zelt-Stellpl\u00e4tze haben einen Raum von 20 \/ 25 Quadratmetern, verf\u00fcgen \u00fcber einen gute Rasen und einen wundersch\u00f6nen Blick auf dem Tal und dem [&hellip;]<\/p>\n","protected":false},"author":6,"featured_media":0,"parent":4107,"menu_order":0,"comment_status":"closed","ping_status":"closed","template":"","meta":{"_acf_changed":false,"inline_featured_image":false,"_genesis_hide_title":false,"_genesis_hide_breadcrumbs":false,"_genesis_hide_singular_image":false,"_genesis_hide_footer_widgets":false,"_genesis_custom_body_class":"","_genesis_custom_post_class":"","_genesis_layout":"","footnotes":"","_links_to":"","_links_to_target":""},"class_list":{"0":"post-4109","1":"page","2":"type-page","3":"status-publish","5":"entry"},"acf":[],"yoast_head":"<!-- This site is optimized with the Yoast SEO plugin v27.2 - https:\/\/yoast.com\/product\/yoast-seo-wordpress\/ -->\n<title>Stellpl\u00e4tze f\u00fcr Zelten - Camping Le Fonti<\/title>\n<meta name=\"robots\" content=\"index, follow, max-snippet:-1, max-image-preview:large, max-video-preview:-1\" \/>\n<link rel=\"canonical\" href=\"https:\/\/www.campinglefonti.com\/de\/camping\/stellplaetze-fuer-zelten\/\" \/>\n<meta property=\"og:locale\" content=\"de_DE\" \/>\n<meta property=\"og:type\" content=\"article\" \/>\n<meta property=\"og:title\" content=\"Stellpl\u00e4tze f\u00fcr Zelten - Camping Le Fonti\" \/>\n<meta property=\"og:description\" content=\"Sind sie abenteuerlustig und lieben die Natur ? F\u00fcr Sie bieten wir Zelt-Stellpl\u00e4tze mit Gemeinschaftsbereich, Tischen und Grill. Es gibt zwei Arten von Stellpl\u00e4tze Raum und Komfort f\u00fcr einen unvergessliche Urlaub Unsere Zelt-Stellpl\u00e4tze haben einen Raum von 20 \/ 25 Quadratmetern, verf\u00fcgen \u00fcber einen gute Rasen und einen wundersch\u00f6nen Blick auf dem Tal und dem [&hellip;]\" \/>\n<meta property=\"og:url\" content=\"https:\/\/www.campinglefonti.com\/de\/camping\/stellplaetze-fuer-zelten\/\" \/>\n<meta property=\"og:site_name\" content=\"Camping Le Fonti\" \/>\n<meta property=\"article:modified_time\" content=\"2025-02-24T09:53:47+00:00\" \/>\n<meta property=\"og:image\" content=\"https:\/\/www.campinglefonti.com\/wp-content\/uploads\/piazzole-cover-family-scaled.jpg\" \/>\n\t<meta property=\"og:image:width\" content=\"2560\" \/>\n\t<meta property=\"og:image:height\" content=\"1707\" \/>\n\t<meta property=\"og:image:type\" content=\"image\/jpeg\" \/>\n<meta name=\"twitter:card\" content=\"summary_large_image\" \/>\n<meta name=\"twitter:label1\" content=\"Gesch\u00e4tzte Lesezeit\" \/>\n\t<meta name=\"twitter:data1\" content=\"3\u00a0Minuten\" \/>\n<script type=\"application\/ld+json\" class=\"yoast-schema-graph\">{\"@context\":\"https:\/\/schema.org\",\"@graph\":[{\"@type\":\"WebPage\",\"@id\":\"https:\/\/www.campinglefonti.com\/de\/camping\/stellplaetze-fuer-zelten\/\",\"url\":\"https:\/\/www.campinglefonti.com\/de\/camping\/stellplaetze-fuer-zelten\/\",\"name\":\"Stellpl\u00e4tze f\u00fcr Zelten - Camping Le Fonti\",\"isPartOf\":{\"@id\":\"https:\/\/www.campinglefonti.com\/de\/#website\"},\"primaryImageOfPage\":{\"@id\":\"https:\/\/www.campinglefonti.com\/de\/camping\/stellplaetze-fuer-zelten\/#primaryimage\"},\"image\":{\"@id\":\"https:\/\/www.campinglefonti.com\/de\/camping\/stellplaetze-fuer-zelten\/#primaryimage\"},\"thumbnailUrl\":\"https:\/\/www.campinglefonti.com\/wp-content\/uploads\/piazzole-cover-family-1024x683.jpg\",\"datePublished\":\"2025-02-24T09:53:46+00:00\",\"dateModified\":\"2025-02-24T09:53:47+00:00\",\"breadcrumb\":{\"@id\":\"https:\/\/www.campinglefonti.com\/de\/camping\/stellplaetze-fuer-zelten\/#breadcrumb\"},\"inLanguage\":\"de\",\"potentialAction\":[{\"@type\":\"ReadAction\",\"target\":[\"https:\/\/www.campinglefonti.com\/de\/camping\/stellplaetze-fuer-zelten\/\"]}]},{\"@type\":\"ImageObject\",\"inLanguage\":\"de\",\"@id\":\"https:\/\/www.campinglefonti.com\/de\/camping\/stellplaetze-fuer-zelten\/#primaryimage\",\"url\":\"https:\/\/www.campinglefonti.com\/wp-content\/uploads\/piazzole-cover-family-1024x683.jpg\",\"contentUrl\":\"https:\/\/www.campinglefonti.com\/wp-content\/uploads\/piazzole-cover-family-1024x683.jpg\"},{\"@type\":\"BreadcrumbList\",\"@id\":\"https:\/\/www.campinglefonti.com\/de\/camping\/stellplaetze-fuer-zelten\/#breadcrumb\",\"itemListElement\":[{\"@type\":\"ListItem\",\"position\":1,\"name\":\"Home\",\"item\":\"https:\/\/www.campinglefonti.com\/de\/\"},{\"@type\":\"ListItem\",\"position\":2,\"name\":\"Camping\",\"item\":\"https:\/\/www.campinglefonti.com\/de\/camping\/\"},{\"@type\":\"ListItem\",\"position\":3,\"name\":\"Stellpl\u00e4tze f\u00fcr Zelten\"}]},{\"@type\":\"WebSite\",\"@id\":\"https:\/\/www.campinglefonti.com\/de\/#website\",\"url\":\"https:\/\/www.campinglefonti.com\/de\/\",\"name\":\"Camping Le Fonti\",\"description\":\"Campeggio con bungalow e piazzole nell&#039;Appennino Reggiano\",\"publisher\":{\"@id\":\"https:\/\/www.campinglefonti.com\/de\/#organization\"},\"potentialAction\":[{\"@type\":\"SearchAction\",\"target\":{\"@type\":\"EntryPoint\",\"urlTemplate\":\"https:\/\/www.campinglefonti.com\/de\/?s={search_term_string}\"},\"query-input\":{\"@type\":\"PropertyValueSpecification\",\"valueRequired\":true,\"valueName\":\"search_term_string\"}}],\"inLanguage\":\"de\"},{\"@type\":\"Organization\",\"@id\":\"https:\/\/www.campinglefonti.com\/de\/#organization\",\"name\":\"Camping Le Fonti\",\"url\":\"https:\/\/www.campinglefonti.com\/de\/\",\"logo\":{\"@type\":\"ImageObject\",\"inLanguage\":\"de\",\"@id\":\"https:\/\/www.campinglefonti.com\/de\/#\/schema\/logo\/image\/\",\"url\":\"https:\/\/www.campinglefonti.com\/wp-content\/uploads\/logo-camping-le-fonti.svg\",\"contentUrl\":\"https:\/\/www.campinglefonti.com\/wp-content\/uploads\/logo-camping-le-fonti.svg\",\"width\":75,\"height\":71,\"caption\":\"Camping Le Fonti\"},\"image\":{\"@id\":\"https:\/\/www.campinglefonti.com\/de\/#\/schema\/logo\/image\/\"}}]}<\/script>\n<!-- \/ Yoast SEO plugin. -->","yoast_head_json":{"title":"Stellpl\u00e4tze f\u00fcr Zelten - Camping Le Fonti","robots":{"index":"index","follow":"follow","max-snippet":"max-snippet:-1","max-image-preview":"max-image-preview:large","max-video-preview":"max-video-preview:-1"},"canonical":"https:\/\/www.campinglefonti.com\/de\/camping\/stellplaetze-fuer-zelten\/","og_locale":"de_DE","og_type":"article","og_title":"Stellpl\u00e4tze f\u00fcr Zelten - Camping Le Fonti","og_description":"Sind sie abenteuerlustig und lieben die Natur ? F\u00fcr Sie bieten wir Zelt-Stellpl\u00e4tze mit Gemeinschaftsbereich, Tischen und Grill. Es gibt zwei Arten von Stellpl\u00e4tze Raum und Komfort f\u00fcr einen unvergessliche Urlaub Unsere Zelt-Stellpl\u00e4tze haben einen Raum von 20 \/ 25 Quadratmetern, verf\u00fcgen \u00fcber einen gute Rasen und einen wundersch\u00f6nen Blick auf dem Tal und dem [&hellip;]","og_url":"https:\/\/www.campinglefonti.com\/de\/camping\/stellplaetze-fuer-zelten\/","og_site_name":"Camping Le Fonti","article_modified_time":"2025-02-24T09:53:47+00:00","og_image":[{"width":2560,"height":1707,"url":"https:\/\/www.campinglefonti.com\/wp-content\/uploads\/piazzole-cover-family-scaled.jpg","type":"image\/jpeg"}],"twitter_card":"summary_large_image","twitter_misc":{"Gesch\u00e4tzte Lesezeit":"3\u00a0Minuten"},"schema":{"@context":"https:\/\/schema.org","@graph":[{"@type":"WebPage","@id":"https:\/\/www.campinglefonti.com\/de\/camping\/stellplaetze-fuer-zelten\/","url":"https:\/\/www.campinglefonti.com\/de\/camping\/stellplaetze-fuer-zelten\/","name":"Stellpl\u00e4tze f\u00fcr Zelten - Camping Le Fonti","isPartOf":{"@id":"https:\/\/www.campinglefonti.com\/de\/#website"},"primaryImageOfPage":{"@id":"https:\/\/www.campinglefonti.com\/de\/camping\/stellplaetze-fuer-zelten\/#primaryimage"},"image":{"@id":"https:\/\/www.campinglefonti.com\/de\/camping\/stellplaetze-fuer-zelten\/#primaryimage"},"thumbnailUrl":"https:\/\/www.campinglefonti.com\/wp-content\/uploads\/piazzole-cover-family-1024x683.jpg","datePublished":"2025-02-24T09:53:46+00:00","dateModified":"2025-02-24T09:53:47+00:00","breadcrumb":{"@id":"https:\/\/www.campinglefonti.com\/de\/camping\/stellplaetze-fuer-zelten\/#breadcrumb"},"inLanguage":"de","potentialAction":[{"@type":"ReadAction","target":["https:\/\/www.campinglefonti.com\/de\/camping\/stellplaetze-fuer-zelten\/"]}]},{"@type":"ImageObject","inLanguage":"de","@id":"https:\/\/www.campinglefonti.com\/de\/camping\/stellplaetze-fuer-zelten\/#primaryimage","url":"https:\/\/www.campinglefonti.com\/wp-content\/uploads\/piazzole-cover-family-1024x683.jpg","contentUrl":"https:\/\/www.campinglefonti.com\/wp-content\/uploads\/piazzole-cover-family-1024x683.jpg"},{"@type":"BreadcrumbList","@id":"https:\/\/www.campinglefonti.com\/de\/camping\/stellplaetze-fuer-zelten\/#breadcrumb","itemListElement":[{"@type":"ListItem","position":1,"name":"Home","item":"https:\/\/www.campinglefonti.com\/de\/"},{"@type":"ListItem","position":2,"name":"Camping","item":"https:\/\/www.campinglefonti.com\/de\/camping\/"},{"@type":"ListItem","position":3,"name":"Stellpl\u00e4tze f\u00fcr Zelten"}]},{"@type":"WebSite","@id":"https:\/\/www.campinglefonti.com\/de\/#website","url":"https:\/\/www.campinglefonti.com\/de\/","name":"Camping Le Fonti","description":"Campeggio con bungalow e piazzole nell&#039;Appennino Reggiano","publisher":{"@id":"https:\/\/www.campinglefonti.com\/de\/#organization"},"potentialAction":[{"@type":"SearchAction","target":{"@type":"EntryPoint","urlTemplate":"https:\/\/www.campinglefonti.com\/de\/?s={search_term_string}"},"query-input":{"@type":"PropertyValueSpecification","valueRequired":true,"valueName":"search_term_string"}}],"inLanguage":"de"},{"@type":"Organization","@id":"https:\/\/www.campinglefonti.com\/de\/#organization","name":"Camping Le Fonti","url":"https:\/\/www.campinglefonti.com\/de\/","logo":{"@type":"ImageObject","inLanguage":"de","@id":"https:\/\/www.campinglefonti.com\/de\/#\/schema\/logo\/image\/","url":"https:\/\/www.campinglefonti.com\/wp-content\/uploads\/logo-camping-le-fonti.svg","contentUrl":"https:\/\/www.campinglefonti.com\/wp-content\/uploads\/logo-camping-le-fonti.svg","width":75,"height":71,"caption":"Camping Le Fonti"},"image":{"@id":"https:\/\/www.campinglefonti.com\/de\/#\/schema\/logo\/image\/"}}]}},"_links":{"self":[{"href":"https:\/\/www.campinglefonti.com\/de\/wp-json\/wp\/v2\/pages\/4109","targetHints":{"allow":["GET"]}}],"collection":[{"href":"https:\/\/www.campinglefonti.com\/de\/wp-json\/wp\/v2\/pages"}],"about":[{"href":"https:\/\/www.campinglefonti.com\/de\/wp-json\/wp\/v2\/types\/page"}],"author":[{"embeddable":true,"href":"https:\/\/www.campinglefonti.com\/de\/wp-json\/wp\/v2\/users\/6"}],"replies":[{"embeddable":true,"href":"https:\/\/www.campinglefonti.com\/de\/wp-json\/wp\/v2\/comments?post=4109"}],"version-history":[{"count":1,"href":"https:\/\/www.campinglefonti.com\/de\/wp-json\/wp\/v2\/pages\/4109\/revisions"}],"predecessor-version":[{"id":4110,"href":"https:\/\/www.campinglefonti.com\/de\/wp-json\/wp\/v2\/pages\/4109\/revisions\/4110"}],"up":[{"embeddable":true,"href":"https:\/\/www.campinglefonti.com\/de\/wp-json\/wp\/v2\/pages\/4107"}],"wp:attachment":[{"href":"https:\/\/www.campinglefonti.com\/de\/wp-json\/wp\/v2\/media?parent=4109"}],"curies":[{"name":"wp","href":"https:\/\/api.w.org\/{rel}","templated":true}]}}