{"id":4132,"date":"2025-02-24T12:59:06","date_gmt":"2025-02-24T11:59:06","guid":{"rendered":"https:\/\/www.campinglefonti.com\/?page_id=4132"},"modified":"2025-02-26T10:10:58","modified_gmt":"2025-02-26T09:10:58","slug":"stellplaetze-fuer-wohnwagen-und-wohnmobile","status":"publish","type":"page","link":"https:\/\/www.campinglefonti.com\/de\/camping\/stellplaetze-fuer-wohnwagen-und-wohnmobile\/","title":{"rendered":"Stellpl\u00e4tze f\u00fcr Wohnwagen und Wohnmobile"},"content":{"rendered":"\n<figure class=\"wp-block-image alignfull size-large grid-section-main-image\"><img loading=\"lazy\" decoding=\"async\" width=\"1024\" height=\"768\" src=\"https:\/\/www.campinglefonti.com\/wp-content\/uploads\/\/P7080477-1024x768.jpg\" alt=\"\" class=\"wp-image-2627\" srcset=\"https:\/\/www.campinglefonti.com\/wp-content\/uploads\/P7080477-1024x768.jpg 1024w, https:\/\/www.campinglefonti.com\/wp-content\/uploads\/P7080477-300x225.jpg 300w, https:\/\/www.campinglefonti.com\/wp-content\/uploads\/P7080477-768x576.jpg 768w, https:\/\/www.campinglefonti.com\/wp-content\/uploads\/P7080477-1536x1152.jpg 1536w, https:\/\/www.campinglefonti.com\/wp-content\/uploads\/P7080477-2048x1536.jpg 2048w, https:\/\/www.campinglefonti.com\/wp-content\/uploads\/P7080477-702x526.jpg 702w\" sizes=\"auto, (max-width: 1024px) 100vw, 1024px\" \/><\/figure>\n\n\n\n<div class=\"wp-block-columns grid-section-columns grid-section-columns-green margin-bottom--m is-layout-flex wp-container-core-columns-is-layout-9d6595d7 wp-block-columns-is-layout-flex\">\n<div class=\"wp-block-column is-layout-flow wp-block-column-is-layout-flow\">\n<figure class=\"wp-block-image size-large\"><img loading=\"lazy\" decoding=\"async\" width=\"683\" height=\"1024\" src=\"https:\/\/www.campinglefonti.com\/wp-content\/uploads\/camper-viaggio-683x1024.jpg\" alt=\"\" class=\"wp-image-278\" srcset=\"https:\/\/www.campinglefonti.com\/wp-content\/uploads\/camper-viaggio-683x1024.jpg 683w, https:\/\/www.campinglefonti.com\/wp-content\/uploads\/camper-viaggio-200x300.jpg 200w, https:\/\/www.campinglefonti.com\/wp-content\/uploads\/camper-viaggio-768x1152.jpg 768w, https:\/\/www.campinglefonti.com\/wp-content\/uploads\/camper-viaggio-1024x1536.jpg 1024w, https:\/\/www.campinglefonti.com\/wp-content\/uploads\/camper-viaggio-1365x2048.jpg 1365w, https:\/\/www.campinglefonti.com\/wp-content\/uploads\/camper-viaggio-scaled.jpg 1707w\" sizes=\"auto, (max-width: 683px) 100vw, 683px\" \/><\/figure>\n<\/div>\n\n\n\n<div class=\"wp-block-column is-layout-flow wp-block-column-is-layout-flow\"><div class=\"yoast-breadcrumbs\"><span><span><a href=\"https:\/\/www.campinglefonti.com\/de\/\">Home<\/a><\/span> | <span><a href=\"https:\/\/www.campinglefonti.com\/de\/camping\/\">Camping<\/a><\/span> | <span class=\"breadcrumb_last\" aria-current=\"page\">Stellpl\u00e4tze f\u00fcr Wohnwagen und Wohnmobile<\/span><\/span><\/div>\n\n\n<h1 class=\"wp-block-heading\">Sind sie abenteuerlustig und lieben die Natur<\/h1>\n\n\n\n<p>F\u00fcr Sie bieten wir Stellpl\u00e4tze mit Gemeinschaftsbereich, Tischen und Grill<\/p>\n<\/div>\n<\/div>\n\n\n\n<div class=\"wp-block-columns image-on-left margin-bottom--m is-layout-flex wp-container-core-columns-is-layout-9d6595d7 wp-block-columns-is-layout-flex\">\n<div class=\"wp-block-column is-layout-flow wp-block-column-is-layout-flow\">\n<figure class=\"wp-block-image size-large\"><img loading=\"lazy\" decoding=\"async\" width=\"1024\" height=\"768\" src=\"https:\/\/www.campinglefonti.com\/wp-content\/uploads\/\/20200530_175314-1024x768.jpg\" alt=\"\" class=\"wp-image-271\" srcset=\"https:\/\/www.campinglefonti.com\/wp-content\/uploads\/20200530_175314-1024x768.jpg 1024w, https:\/\/www.campinglefonti.com\/wp-content\/uploads\/20200530_175314-300x225.jpg 300w, https:\/\/www.campinglefonti.com\/wp-content\/uploads\/20200530_175314-768x576.jpg 768w, https:\/\/www.campinglefonti.com\/wp-content\/uploads\/20200530_175314-1536x1152.jpg 1536w, https:\/\/www.campinglefonti.com\/wp-content\/uploads\/20200530_175314-2048x1536.jpg 2048w, https:\/\/www.campinglefonti.com\/wp-content\/uploads\/20200530_175314-702x526.jpg 702w, https:\/\/www.campinglefonti.com\/wp-content\/uploads\/20200530_175314-20x15.jpg 20w, https:\/\/www.campinglefonti.com\/wp-content\/uploads\/20200530_175314.jpg 1920w\" sizes=\"auto, (max-width: 1024px) 100vw, 1024px\" \/><\/figure>\n<\/div>\n\n\n\n<div class=\"wp-block-column is-layout-flow wp-block-column-is-layout-flow\">\n<h2 class=\"wp-block-heading\">Ger\u00e4umige Stellpl\u00e4tze mit Panoramablick<\/h2>\n\n\n\n<p>Die Stellpl\u00e4tze f\u00fcr Wohnwagen und Wonmobil haben eine Gro\u00dfe von 60\/75 Quadratmetern und befinden sich in verschiedenen Orten des Camping:einige mit Panoramablick und andere in der N\u00e4hen vom Zentrum. Alle Stellpl\u00e4tze sind mit Strom ausgestattet (im Preis inbegriffen).<\/p>\n\n\n\n<p><\/p>\n\n\n\n<div class=\"wp-block-buttons is-layout-flex wp-block-buttons-is-layout-flex\">\n<div class=\"wp-block-button\"><a class=\"wp-block-button__link wp-element-button\" href=\"https:\/\/www.campinglefonti.com\/camping\/mappa-del-camping-le-fonti-cervarezza-terme-reggio-emilia\/\">W\u00e4hlen Sie den Stellplatz<\/a><\/div>\n<\/div>\n<\/div>\n<\/div>\n\n\n\n<div class=\"wp-block-columns image-on-right blue-bg margin-bottom--m is-layout-flex wp-container-core-columns-is-layout-9d6595d7 wp-block-columns-is-layout-flex\">\n<div class=\"wp-block-column is-layout-flow wp-block-column-is-layout-flow\">\n<h2 class=\"wp-block-heading\">Aufenthalt auch f\u00fcr kurze Zeitraum<\/h2>\n\n\n\n<p>Der Boden ist auf Sandplatz. Das Camping ist terrassiert und abfallend. F\u00fcr Wohnwagen haben wir Abschleppdienst um die Panorama-Stellpl\u00e4tze zu erreichen. <\/p>\n\n\n\n<p>Es ist immer besser anzurufen, um di Verf\u00fcgbarkeit zu pr\u00fcfen. Wir akzeptieren auch kurze Aufenthalte (nur in Nebensaison) S<\/p>\n<\/div>\n\n\n\n<div class=\"wp-block-column is-layout-flow wp-block-column-is-layout-flow\">\n<figure class=\"wp-block-image size-large\"><img loading=\"lazy\" decoding=\"async\" width=\"1024\" height=\"768\" src=\"https:\/\/www.campinglefonti.com\/wp-content\/uploads\/\/IMG_20180609_093332-1024x768.jpg\" alt=\"\" class=\"wp-image-272\" srcset=\"https:\/\/www.campinglefonti.com\/wp-content\/uploads\/IMG_20180609_093332-1024x768.jpg 1024w, https:\/\/www.campinglefonti.com\/wp-content\/uploads\/IMG_20180609_093332-300x225.jpg 300w, https:\/\/www.campinglefonti.com\/wp-content\/uploads\/IMG_20180609_093332-768x576.jpg 768w, https:\/\/www.campinglefonti.com\/wp-content\/uploads\/IMG_20180609_093332-1536x1152.jpg 1536w, https:\/\/www.campinglefonti.com\/wp-content\/uploads\/IMG_20180609_093332-2048x1536.jpg 2048w, https:\/\/www.campinglefonti.com\/wp-content\/uploads\/IMG_20180609_093332-702x526.jpg 702w, https:\/\/www.campinglefonti.com\/wp-content\/uploads\/IMG_20180609_093332-20x15.jpg 20w, https:\/\/www.campinglefonti.com\/wp-content\/uploads\/IMG_20180609_093332.jpg 1920w\" sizes=\"auto, (max-width: 1024px) 100vw, 1024px\" \/><\/figure>\n<\/div>\n<\/div>\n\n\n\n<div class=\"wp-block-columns margin-bottom--m is-layout-flex wp-container-core-columns-is-layout-9d6595d7 wp-block-columns-is-layout-flex\">\n<div class=\"wp-block-column is-layout-flow wp-block-column-is-layout-flow\">\n<figure class=\"wp-block-image size-large\"><img loading=\"lazy\" decoding=\"async\" width=\"1024\" height=\"768\" src=\"https:\/\/www.campinglefonti.com\/wp-content\/uploads\/\/IMG_20180609_093615-1024x768.jpg\" alt=\"\" class=\"wp-image-273\" srcset=\"https:\/\/www.campinglefonti.com\/wp-content\/uploads\/IMG_20180609_093615-1024x768.jpg 1024w, https:\/\/www.campinglefonti.com\/wp-content\/uploads\/IMG_20180609_093615-300x225.jpg 300w, https:\/\/www.campinglefonti.com\/wp-content\/uploads\/IMG_20180609_093615-768x576.jpg 768w, https:\/\/www.campinglefonti.com\/wp-content\/uploads\/IMG_20180609_093615-1536x1152.jpg 1536w, https:\/\/www.campinglefonti.com\/wp-content\/uploads\/IMG_20180609_093615-2048x1536.jpg 2048w, https:\/\/www.campinglefonti.com\/wp-content\/uploads\/IMG_20180609_093615-702x526.jpg 702w, https:\/\/www.campinglefonti.com\/wp-content\/uploads\/IMG_20180609_093615-20x15.jpg 20w, https:\/\/www.campinglefonti.com\/wp-content\/uploads\/IMG_20180609_093615.jpg 1920w\" sizes=\"auto, (max-width: 1024px) 100vw, 1024px\" \/><\/figure>\n<\/div>\n\n\n\n<div class=\"wp-block-column is-layout-flow wp-block-column-is-layout-flow\">\n<figure class=\"wp-block-image size-large\"><img loading=\"lazy\" decoding=\"async\" width=\"1024\" height=\"768\" src=\"https:\/\/www.campinglefonti.com\/wp-content\/uploads\/\/DSC_1913-1-1024x768.jpg\" alt=\"\" class=\"wp-image-274\" srcset=\"https:\/\/www.campinglefonti.com\/wp-content\/uploads\/DSC_1913-1-1024x768.jpg 1024w, https:\/\/www.campinglefonti.com\/wp-content\/uploads\/DSC_1913-1-300x225.jpg 300w, https:\/\/www.campinglefonti.com\/wp-content\/uploads\/DSC_1913-1-768x576.jpg 768w, https:\/\/www.campinglefonti.com\/wp-content\/uploads\/DSC_1913-1-1536x1152.jpg 1536w, https:\/\/www.campinglefonti.com\/wp-content\/uploads\/DSC_1913-1-2048x1536.jpg 2048w, https:\/\/www.campinglefonti.com\/wp-content\/uploads\/DSC_1913-1-702x526.jpg 702w, https:\/\/www.campinglefonti.com\/wp-content\/uploads\/DSC_1913-1-20x15.jpg 20w, https:\/\/www.campinglefonti.com\/wp-content\/uploads\/DSC_1913-1.jpg 1920w\" sizes=\"auto, (max-width: 1024px) 100vw, 1024px\" \/><\/figure>\n<\/div>\n<\/div>\n\n\n\n<div class=\"wp-block-group is-style-light-green-bg\"><div class=\"wp-block-group__inner-container is-layout-flow wp-block-group-is-layout-flow\">\n<p class=\"has-text-align-center\" style=\"font-size:33px\">M\u00f6chten Sie mehr Info haben?<\/p>\n\n\n\n<div class=\"wp-block-buttons is-horizontal is-content-justification-center is-layout-flex wp-container-core-buttons-is-layout-499968f5 wp-block-buttons-is-layout-flex\">\n<div class=\"wp-block-button\"><a class=\"wp-block-button__link wp-element-button\" href=\"https:\/\/www.campinglefonti.com\/contatti-camping-le-fonti-cervarezza-terme-di-ventasso\/\">Kontaktieren Sie uns<\/a><\/div>\n<\/div>\n<\/div><\/div>\n","protected":false},"excerpt":{"rendered":"<p>Sind sie abenteuerlustig und lieben die Natur F\u00fcr Sie bieten wir Stellpl\u00e4tze mit Gemeinschaftsbereich, Tischen und Grill Ger\u00e4umige Stellpl\u00e4tze mit Panoramablick Die Stellpl\u00e4tze f\u00fcr Wohnwagen und Wonmobil haben eine Gro\u00dfe von 60\/75 Quadratmetern und befinden sich in verschiedenen Orten des Camping:einige mit Panoramablick und andere in der N\u00e4hen vom Zentrum. Alle Stellpl\u00e4tze sind mit Strom [&hellip;]<\/p>\n","protected":false},"author":6,"featured_media":0,"parent":4107,"menu_order":2,"comment_status":"closed","ping_status":"closed","template":"","meta":{"_acf_changed":false,"inline_featured_image":false,"_genesis_hide_title":false,"_genesis_hide_breadcrumbs":false,"_genesis_hide_singular_image":false,"_genesis_hide_footer_widgets":false,"_genesis_custom_body_class":"","_genesis_custom_post_class":"","_genesis_layout":"","footnotes":"","_links_to":"","_links_to_target":""},"class_list":{"0":"post-4132","1":"page","2":"type-page","3":"status-publish","5":"entry"},"acf":[],"yoast_head":"<!-- This site is optimized with the Yoast SEO plugin v27.2 - https:\/\/yoast.com\/product\/yoast-seo-wordpress\/ -->\n<title>Stellpl\u00e4tze f\u00fcr Wohnwagen und Wohnmobile - Camping Le Fonti<\/title>\n<meta name=\"robots\" content=\"index, follow, max-snippet:-1, max-image-preview:large, max-video-preview:-1\" \/>\n<link rel=\"canonical\" href=\"https:\/\/www.campinglefonti.com\/de\/camping\/stellplaetze-fuer-wohnwagen-und-wohnmobile\/\" \/>\n<meta property=\"og:locale\" content=\"de_DE\" \/>\n<meta property=\"og:type\" content=\"article\" \/>\n<meta property=\"og:title\" content=\"Stellpl\u00e4tze f\u00fcr Wohnwagen und Wohnmobile - Camping Le Fonti\" \/>\n<meta property=\"og:description\" content=\"Sind sie abenteuerlustig und lieben die Natur F\u00fcr Sie bieten wir Stellpl\u00e4tze mit Gemeinschaftsbereich, Tischen und Grill Ger\u00e4umige Stellpl\u00e4tze mit Panoramablick Die Stellpl\u00e4tze f\u00fcr Wohnwagen und Wonmobil haben eine Gro\u00dfe von 60\/75 Quadratmetern und befinden sich in verschiedenen Orten des Camping:einige mit Panoramablick und andere in der N\u00e4hen vom Zentrum. Alle Stellpl\u00e4tze sind mit Strom [&hellip;]\" \/>\n<meta property=\"og:url\" content=\"https:\/\/www.campinglefonti.com\/de\/camping\/stellplaetze-fuer-wohnwagen-und-wohnmobile\/\" \/>\n<meta property=\"og:site_name\" content=\"Camping Le Fonti\" \/>\n<meta property=\"article:modified_time\" content=\"2025-02-26T09:10:58+00:00\" \/>\n<meta property=\"og:image\" content=\"https:\/\/www.campinglefonti.com\/wp-content\/uploads\/P7080477-scaled.jpg\" \/>\n\t<meta property=\"og:image:width\" content=\"2560\" \/>\n\t<meta property=\"og:image:height\" content=\"1920\" \/>\n\t<meta property=\"og:image:type\" content=\"image\/jpeg\" \/>\n<meta name=\"twitter:card\" content=\"summary_large_image\" \/>\n<meta name=\"twitter:label1\" content=\"Gesch\u00e4tzte Lesezeit\" \/>\n\t<meta name=\"twitter:data1\" content=\"2\u00a0Minuten\" \/>\n<script type=\"application\/ld+json\" class=\"yoast-schema-graph\">{\"@context\":\"https:\/\/schema.org\",\"@graph\":[{\"@type\":\"WebPage\",\"@id\":\"https:\/\/www.campinglefonti.com\/de\/camping\/stellplaetze-fuer-wohnwagen-und-wohnmobile\/\",\"url\":\"https:\/\/www.campinglefonti.com\/de\/camping\/stellplaetze-fuer-wohnwagen-und-wohnmobile\/\",\"name\":\"Stellpl\u00e4tze f\u00fcr Wohnwagen und Wohnmobile - Camping Le Fonti\",\"isPartOf\":{\"@id\":\"https:\/\/www.campinglefonti.com\/de\/#website\"},\"primaryImageOfPage\":{\"@id\":\"https:\/\/www.campinglefonti.com\/de\/camping\/stellplaetze-fuer-wohnwagen-und-wohnmobile\/#primaryimage\"},\"image\":{\"@id\":\"https:\/\/www.campinglefonti.com\/de\/camping\/stellplaetze-fuer-wohnwagen-und-wohnmobile\/#primaryimage\"},\"thumbnailUrl\":\"https:\/\/www.campinglefonti.com\/wp-content\/uploads\/\/P7080477-1024x768.jpg\",\"datePublished\":\"2025-02-24T11:59:06+00:00\",\"dateModified\":\"2025-02-26T09:10:58+00:00\",\"breadcrumb\":{\"@id\":\"https:\/\/www.campinglefonti.com\/de\/camping\/stellplaetze-fuer-wohnwagen-und-wohnmobile\/#breadcrumb\"},\"inLanguage\":\"de\",\"potentialAction\":[{\"@type\":\"ReadAction\",\"target\":[\"https:\/\/www.campinglefonti.com\/de\/camping\/stellplaetze-fuer-wohnwagen-und-wohnmobile\/\"]}]},{\"@type\":\"ImageObject\",\"inLanguage\":\"de\",\"@id\":\"https:\/\/www.campinglefonti.com\/de\/camping\/stellplaetze-fuer-wohnwagen-und-wohnmobile\/#primaryimage\",\"url\":\"https:\/\/www.campinglefonti.com\/wp-content\/uploads\/\/P7080477-1024x768.jpg\",\"contentUrl\":\"https:\/\/www.campinglefonti.com\/wp-content\/uploads\/\/P7080477-1024x768.jpg\"},{\"@type\":\"BreadcrumbList\",\"@id\":\"https:\/\/www.campinglefonti.com\/de\/camping\/stellplaetze-fuer-wohnwagen-und-wohnmobile\/#breadcrumb\",\"itemListElement\":[{\"@type\":\"ListItem\",\"position\":1,\"name\":\"Home\",\"item\":\"https:\/\/www.campinglefonti.com\/de\/\"},{\"@type\":\"ListItem\",\"position\":2,\"name\":\"Camping\",\"item\":\"https:\/\/www.campinglefonti.com\/de\/camping\/\"},{\"@type\":\"ListItem\",\"position\":3,\"name\":\"Stellpl\u00e4tze f\u00fcr Wohnwagen und Wohnmobile\"}]},{\"@type\":\"WebSite\",\"@id\":\"https:\/\/www.campinglefonti.com\/de\/#website\",\"url\":\"https:\/\/www.campinglefonti.com\/de\/\",\"name\":\"Camping Le Fonti\",\"description\":\"Campeggio con bungalow e piazzole nell&#039;Appennino Reggiano\",\"publisher\":{\"@id\":\"https:\/\/www.campinglefonti.com\/de\/#organization\"},\"potentialAction\":[{\"@type\":\"SearchAction\",\"target\":{\"@type\":\"EntryPoint\",\"urlTemplate\":\"https:\/\/www.campinglefonti.com\/de\/?s={search_term_string}\"},\"query-input\":{\"@type\":\"PropertyValueSpecification\",\"valueRequired\":true,\"valueName\":\"search_term_string\"}}],\"inLanguage\":\"de\"},{\"@type\":\"Organization\",\"@id\":\"https:\/\/www.campinglefonti.com\/de\/#organization\",\"name\":\"Camping Le Fonti\",\"url\":\"https:\/\/www.campinglefonti.com\/de\/\",\"logo\":{\"@type\":\"ImageObject\",\"inLanguage\":\"de\",\"@id\":\"https:\/\/www.campinglefonti.com\/de\/#\/schema\/logo\/image\/\",\"url\":\"https:\/\/www.campinglefonti.com\/wp-content\/uploads\/logo-camping-le-fonti.svg\",\"contentUrl\":\"https:\/\/www.campinglefonti.com\/wp-content\/uploads\/logo-camping-le-fonti.svg\",\"width\":75,\"height\":71,\"caption\":\"Camping Le Fonti\"},\"image\":{\"@id\":\"https:\/\/www.campinglefonti.com\/de\/#\/schema\/logo\/image\/\"}}]}<\/script>\n<!-- \/ Yoast SEO plugin. -->","yoast_head_json":{"title":"Stellpl\u00e4tze f\u00fcr Wohnwagen und Wohnmobile - Camping Le Fonti","robots":{"index":"index","follow":"follow","max-snippet":"max-snippet:-1","max-image-preview":"max-image-preview:large","max-video-preview":"max-video-preview:-1"},"canonical":"https:\/\/www.campinglefonti.com\/de\/camping\/stellplaetze-fuer-wohnwagen-und-wohnmobile\/","og_locale":"de_DE","og_type":"article","og_title":"Stellpl\u00e4tze f\u00fcr Wohnwagen und Wohnmobile - Camping Le Fonti","og_description":"Sind sie abenteuerlustig und lieben die Natur F\u00fcr Sie bieten wir Stellpl\u00e4tze mit Gemeinschaftsbereich, Tischen und Grill Ger\u00e4umige Stellpl\u00e4tze mit Panoramablick Die Stellpl\u00e4tze f\u00fcr Wohnwagen und Wonmobil haben eine Gro\u00dfe von 60\/75 Quadratmetern und befinden sich in verschiedenen Orten des Camping:einige mit Panoramablick und andere in der N\u00e4hen vom Zentrum. Alle Stellpl\u00e4tze sind mit Strom [&hellip;]","og_url":"https:\/\/www.campinglefonti.com\/de\/camping\/stellplaetze-fuer-wohnwagen-und-wohnmobile\/","og_site_name":"Camping Le Fonti","article_modified_time":"2025-02-26T09:10:58+00:00","og_image":[{"width":2560,"height":1920,"url":"https:\/\/www.campinglefonti.com\/wp-content\/uploads\/P7080477-scaled.jpg","type":"image\/jpeg"}],"twitter_card":"summary_large_image","twitter_misc":{"Gesch\u00e4tzte Lesezeit":"2\u00a0Minuten"},"schema":{"@context":"https:\/\/schema.org","@graph":[{"@type":"WebPage","@id":"https:\/\/www.campinglefonti.com\/de\/camping\/stellplaetze-fuer-wohnwagen-und-wohnmobile\/","url":"https:\/\/www.campinglefonti.com\/de\/camping\/stellplaetze-fuer-wohnwagen-und-wohnmobile\/","name":"Stellpl\u00e4tze f\u00fcr Wohnwagen und Wohnmobile - Camping Le Fonti","isPartOf":{"@id":"https:\/\/www.campinglefonti.com\/de\/#website"},"primaryImageOfPage":{"@id":"https:\/\/www.campinglefonti.com\/de\/camping\/stellplaetze-fuer-wohnwagen-und-wohnmobile\/#primaryimage"},"image":{"@id":"https:\/\/www.campinglefonti.com\/de\/camping\/stellplaetze-fuer-wohnwagen-und-wohnmobile\/#primaryimage"},"thumbnailUrl":"https:\/\/www.campinglefonti.com\/wp-content\/uploads\/\/P7080477-1024x768.jpg","datePublished":"2025-02-24T11:59:06+00:00","dateModified":"2025-02-26T09:10:58+00:00","breadcrumb":{"@id":"https:\/\/www.campinglefonti.com\/de\/camping\/stellplaetze-fuer-wohnwagen-und-wohnmobile\/#breadcrumb"},"inLanguage":"de","potentialAction":[{"@type":"ReadAction","target":["https:\/\/www.campinglefonti.com\/de\/camping\/stellplaetze-fuer-wohnwagen-und-wohnmobile\/"]}]},{"@type":"ImageObject","inLanguage":"de","@id":"https:\/\/www.campinglefonti.com\/de\/camping\/stellplaetze-fuer-wohnwagen-und-wohnmobile\/#primaryimage","url":"https:\/\/www.campinglefonti.com\/wp-content\/uploads\/\/P7080477-1024x768.jpg","contentUrl":"https:\/\/www.campinglefonti.com\/wp-content\/uploads\/\/P7080477-1024x768.jpg"},{"@type":"BreadcrumbList","@id":"https:\/\/www.campinglefonti.com\/de\/camping\/stellplaetze-fuer-wohnwagen-und-wohnmobile\/#breadcrumb","itemListElement":[{"@type":"ListItem","position":1,"name":"Home","item":"https:\/\/www.campinglefonti.com\/de\/"},{"@type":"ListItem","position":2,"name":"Camping","item":"https:\/\/www.campinglefonti.com\/de\/camping\/"},{"@type":"ListItem","position":3,"name":"Stellpl\u00e4tze f\u00fcr Wohnwagen und Wohnmobile"}]},{"@type":"WebSite","@id":"https:\/\/www.campinglefonti.com\/de\/#website","url":"https:\/\/www.campinglefonti.com\/de\/","name":"Camping Le Fonti","description":"Campeggio con bungalow e piazzole nell&#039;Appennino Reggiano","publisher":{"@id":"https:\/\/www.campinglefonti.com\/de\/#organization"},"potentialAction":[{"@type":"SearchAction","target":{"@type":"EntryPoint","urlTemplate":"https:\/\/www.campinglefonti.com\/de\/?s={search_term_string}"},"query-input":{"@type":"PropertyValueSpecification","valueRequired":true,"valueName":"search_term_string"}}],"inLanguage":"de"},{"@type":"Organization","@id":"https:\/\/www.campinglefonti.com\/de\/#organization","name":"Camping Le Fonti","url":"https:\/\/www.campinglefonti.com\/de\/","logo":{"@type":"ImageObject","inLanguage":"de","@id":"https:\/\/www.campinglefonti.com\/de\/#\/schema\/logo\/image\/","url":"https:\/\/www.campinglefonti.com\/wp-content\/uploads\/logo-camping-le-fonti.svg","contentUrl":"https:\/\/www.campinglefonti.com\/wp-content\/uploads\/logo-camping-le-fonti.svg","width":75,"height":71,"caption":"Camping Le Fonti"},"image":{"@id":"https:\/\/www.campinglefonti.com\/de\/#\/schema\/logo\/image\/"}}]}},"_links":{"self":[{"href":"https:\/\/www.campinglefonti.com\/de\/wp-json\/wp\/v2\/pages\/4132","targetHints":{"allow":["GET"]}}],"collection":[{"href":"https:\/\/www.campinglefonti.com\/de\/wp-json\/wp\/v2\/pages"}],"about":[{"href":"https:\/\/www.campinglefonti.com\/de\/wp-json\/wp\/v2\/types\/page"}],"author":[{"embeddable":true,"href":"https:\/\/www.campinglefonti.com\/de\/wp-json\/wp\/v2\/users\/6"}],"replies":[{"embeddable":true,"href":"https:\/\/www.campinglefonti.com\/de\/wp-json\/wp\/v2\/comments?post=4132"}],"version-history":[{"count":3,"href":"https:\/\/www.campinglefonti.com\/de\/wp-json\/wp\/v2\/pages\/4132\/revisions"}],"predecessor-version":[{"id":4433,"href":"https:\/\/www.campinglefonti.com\/de\/wp-json\/wp\/v2\/pages\/4132\/revisions\/4433"}],"up":[{"embeddable":true,"href":"https:\/\/www.campinglefonti.com\/de\/wp-json\/wp\/v2\/pages\/4107"}],"wp:attachment":[{"href":"https:\/\/www.campinglefonti.com\/de\/wp-json\/wp\/v2\/media?parent=4132"}],"curies":[{"name":"wp","href":"https:\/\/api.w.org\/{rel}","templated":true}]}}