{"id":4456,"date":"2025-02-26T10:59:40","date_gmt":"2025-02-26T09:59:40","guid":{"rendered":"https:\/\/www.campinglefonti.com\/?page_id=4456"},"modified":"2025-03-02T16:06:42","modified_gmt":"2025-03-02T15:06:42","slug":"wellness","status":"publish","type":"page","link":"https:\/\/www.campinglefonti.com\/de\/wellness\/","title":{"rendered":"Wellness"},"content":{"rendered":"\n<figure class=\"wp-block-image alignfull size-large grid-section-main-image\"><img loading=\"lazy\" decoding=\"async\" width=\"1024\" height=\"683\" src=\"https:\/\/www.campinglefonti.com\/wp-content\/uploads\/\/Negative0-18-182-1024x683.jpg\" alt=\"\" class=\"wp-image-286\" srcset=\"https:\/\/www.campinglefonti.com\/wp-content\/uploads\/Negative0-18-182-1024x683.jpg 1024w, https:\/\/www.campinglefonti.com\/wp-content\/uploads\/Negative0-18-182-300x200.jpg 300w, https:\/\/www.campinglefonti.com\/wp-content\/uploads\/Negative0-18-182-768x512.jpg 768w, https:\/\/www.campinglefonti.com\/wp-content\/uploads\/Negative0-18-182-1536x1025.jpg 1536w, https:\/\/www.campinglefonti.com\/wp-content\/uploads\/Negative0-18-182-20x13.jpg 20w, https:\/\/www.campinglefonti.com\/wp-content\/uploads\/Negative0-18-182.jpg 2000w\" sizes=\"auto, (max-width: 1024px) 100vw, 1024px\" \/><\/figure>\n\n\n\n<div class=\"wp-block-columns grid-section-columns grid-section-columns-green margin-bottom--m is-layout-flex wp-container-core-columns-is-layout-9d6595d7 wp-block-columns-is-layout-flex\">\n<div class=\"wp-block-column is-layout-flow wp-block-column-is-layout-flow\">\n<figure class=\"wp-block-image size-large\"><img loading=\"lazy\" decoding=\"async\" width=\"768\" height=\"1024\" src=\"https:\/\/www.campinglefonti.com\/wp-content\/uploads\/PA3005511-768x1024.jpg\" alt=\"\" class=\"wp-image-287\" srcset=\"https:\/\/www.campinglefonti.com\/wp-content\/uploads\/PA3005511-768x1024.jpg 768w, https:\/\/www.campinglefonti.com\/wp-content\/uploads\/PA3005511-225x300.jpg 225w, https:\/\/www.campinglefonti.com\/wp-content\/uploads\/PA3005511-1152x1536.jpg 1152w, https:\/\/www.campinglefonti.com\/wp-content\/uploads\/PA3005511-1536x2048.jpg 1536w, https:\/\/www.campinglefonti.com\/wp-content\/uploads\/PA3005511-scaled.jpg 1920w\" sizes=\"auto, (max-width: 768px) 100vw, 768px\" \/><\/figure>\n<\/div>\n\n\n\n<div class=\"wp-block-column is-layout-flow wp-block-column-is-layout-flow\"><div class=\"yoast-breadcrumbs\"><span><span><a href=\"https:\/\/www.campinglefonti.com\/de\/\">Home<\/a><\/span> | <span class=\"breadcrumb_last\" aria-current=\"page\">Wellness<\/span><\/span><\/div>\n\n\n<h1 class=\"wp-block-heading\">M\u00f6chten Sie einige entspannte Stunde genie\u00dfen?<\/h1>\n\n\n\n<p>Kommen zu unserem Wellness-Zentrum! <br>Alle Dienste sind nur auf Reservierung verfugbar<\/p>\n\n\n\n<p>F\u00fcr die Reservierung, senden Sie eines Whatsapp <img loading=\"lazy\" decoding=\"async\" width=\"30\" height=\"29\" class=\"wp-image-654\" style=\"width: 30px;\" src=\"https:\/\/www.campinglefonti.com\/wp-content\/uploads\/WhatsApp-icon-1.png\" alt=\"\" srcset=\"https:\/\/www.campinglefonti.com\/wp-content\/uploads\/WhatsApp-icon-1.png 189w, https:\/\/www.campinglefonti.com\/wp-content\/uploads\/WhatsApp-icon-1-150x150.png 150w, https:\/\/www.campinglefonti.com\/wp-content\/uploads\/WhatsApp-icon-1-75x75.png 75w, https:\/\/www.campinglefonti.com\/wp-content\/uploads\/WhatsApp-icon-1-20x20.png 20w\" sizes=\"auto, (max-width: 30px) 100vw, 30px\" \/>+393336425450.<\/p>\n\n\n\n<p>Um nichts zu verpassen, folgt unseren <a href=\"https:\/\/www.facebook.com\/Grottabenessere\">Facebook<\/a>&#8211; und <a href=\"https:\/\/www.instagram.com\/grottadelbenessere\/?hl=it\">Instagram<\/a>-Seiten.<\/p>\n\n\n\n<p>Das Wellness-Zentrum bietet:<\/p>\n<\/div>\n<\/div>\n\n\n\n<div class=\"wp-block-columns image-on-left margin-bottom--m is-layout-flex wp-container-core-columns-is-layout-9d6595d7 wp-block-columns-is-layout-flex\">\n<div class=\"wp-block-column is-layout-flow wp-block-column-is-layout-flow\">\n<figure class=\"wp-block-image size-large\"><img loading=\"lazy\" decoding=\"async\" width=\"1024\" height=\"768\" src=\"https:\/\/www.campinglefonti.com\/wp-content\/uploads\/\/PA3005221-1024x768.jpg\" alt=\"\" class=\"wp-image-290\" srcset=\"https:\/\/www.campinglefonti.com\/wp-content\/uploads\/PA3005221-1024x768.jpg 1024w, https:\/\/www.campinglefonti.com\/wp-content\/uploads\/PA3005221-300x225.jpg 300w, https:\/\/www.campinglefonti.com\/wp-content\/uploads\/PA3005221-768x576.jpg 768w, https:\/\/www.campinglefonti.com\/wp-content\/uploads\/PA3005221-1536x1152.jpg 1536w, https:\/\/www.campinglefonti.com\/wp-content\/uploads\/PA3005221-2048x1536.jpg 2048w, https:\/\/www.campinglefonti.com\/wp-content\/uploads\/PA3005221-702x526.jpg 702w, https:\/\/www.campinglefonti.com\/wp-content\/uploads\/PA3005221-20x15.jpg 20w, https:\/\/www.campinglefonti.com\/wp-content\/uploads\/PA3005221.jpg 1920w\" sizes=\"auto, (max-width: 1024px) 100vw, 1024px\" \/><\/figure>\n<\/div>\n\n\n\n<div class=\"wp-block-column is-layout-flow wp-block-column-is-layout-flow\">\n<h2 class=\"wp-block-heading\">Ruheraum<\/h2>\n\n\n\n<p>Hier k\u00f6nnen Sie aromatische Kr\u00e4utertee trinken und  sich auf einen gem\u00fctlichen&nbsp;Kamin freuen<\/p>\n\n\n\n<h2 class=\"wp-block-heading\">Erlebnisdusche<\/h2>\n\n\n\n<p>Beduftete Regenschauer mit Licht- und Soundeffekten schaffen angenehmste Erlebniswelten.<\/p>\n\n\n\n<h2 class=\"wp-block-heading\">Whirlpool<\/h2>\n\n\n\n<p>Hier k\u00f6nnen Sie K\u00f6rper und Geist regenerienen.<\/p>\n<\/div>\n<\/div>\n\n\n\n<div class=\"wp-block-columns image-on-right blue-bg margin-bottom--m is-layout-flex wp-container-core-columns-is-layout-9d6595d7 wp-block-columns-is-layout-flex\">\n<div class=\"wp-block-column is-layout-flow wp-block-column-is-layout-flow\">\n<h2 class=\"wp-block-heading\">Salzraum<\/h2>\n\n\n\n<p>Jeder Atemzug liefert wertvolle Mineralien und Mikroelemente, steigert die geistige und k\u00f6rperliche Leistungsf\u00e4higkeit und st\u00e4rkt die Abwehrkr\u00e4fte des Organismus.<\/p>\n\n\n\n<h2 class=\"wp-block-heading\">Dampfbad<\/h2>\n\n\n\n<p>Der Wasserdampf im Dampfbad legt sich auf deine Haut und unterbindet damit das Schwitzen. Da sich dein K\u00f6rper nicht mehr durch seinen Schwei\u00df k\u00fchlen kann, heizt er sich auf. Durch das \u201eAnwedeln\u201c wird dieser Effekt noch gesteigert. Der hei\u00dfe Wasserdampf&nbsp;\u00f6ffnet&nbsp;die&nbsp;Poren&nbsp;der Haut und sorgt gleichzeitig f\u00fcr eine&nbsp;bessere Durchblutung, w\u00e4hrend er auch den&nbsp;Stoffwechsel ankurbelt.<\/p>\n\n\n\n<h2 class=\"wp-block-heading\">Beheitzes Hallenbad<\/h2>\n\n\n\n<p>Ganzj\u00e4hrig verfugbar!&nbsp;Die Wassertemperatur ist 29,5\u00b0C<\/p>\n\n\n\n<p>Wir wetten dass Sie das Hallenbad nicht mehr verlassen wollen!<\/p>\n\n\n\n<ul class=\"wp-block-list\">\n<li>Von 9.00 bis 12.30 und von 15.00 bis 19.00<\/li>\n\n\n\n<li>Badekappe obligatorisch<\/li>\n\n\n\n<li>Im Sommer, bieten wir auch Wassergymnastik<\/li>\n\n\n\n<li>M\u00f6chten Sie unsere Preise wissen ?<\/li>\n<\/ul>\n<\/div>\n\n\n\n<div class=\"wp-block-column is-layout-flow wp-block-column-is-layout-flow\">\n<figure class=\"wp-block-image size-large\"><img loading=\"lazy\" decoding=\"async\" width=\"1024\" height=\"682\" src=\"https:\/\/www.campinglefonti.com\/wp-content\/uploads\/\/Negative0-27-272-1024x682.jpg\" alt=\"\" class=\"wp-image-297\" srcset=\"https:\/\/www.campinglefonti.com\/wp-content\/uploads\/Negative0-27-272-1024x682.jpg 1024w, https:\/\/www.campinglefonti.com\/wp-content\/uploads\/Negative0-27-272-300x200.jpg 300w, https:\/\/www.campinglefonti.com\/wp-content\/uploads\/Negative0-27-272-768x512.jpg 768w, https:\/\/www.campinglefonti.com\/wp-content\/uploads\/Negative0-27-272-1536x1024.jpg 1536w, https:\/\/www.campinglefonti.com\/wp-content\/uploads\/Negative0-27-272-20x13.jpg 20w, https:\/\/www.campinglefonti.com\/wp-content\/uploads\/Negative0-27-272.jpg 2000w\" sizes=\"auto, (max-width: 1024px) 100vw, 1024px\" \/><\/figure>\n<\/div>\n<\/div>\n\n\n\n<div class=\"wp-block-group is-style-light-green-bg\"><div class=\"wp-block-group__inner-container is-layout-flow wp-block-group-is-layout-flow\">\n<p class=\"has-text-align-center\" style=\"font-size:33px\">Wir vermieten Bungalows auch f\u00fcr einen kurze Zeitraum.<\/p>\n\n\n\n<div class=\"wp-block-buttons is-horizontal is-content-justification-center is-layout-flex wp-container-core-buttons-is-layout-499968f5 wp-block-buttons-is-layout-flex\">\n<div class=\"wp-block-button\"><a class=\"wp-block-button__link wp-element-button\" href=\"https:\/\/www.campinglefonti.com\/de\/kontakte\/\">Ich m\u00f6chte mehr Info haben<\/a><\/div>\n<\/div>\n<\/div><\/div>\n","protected":false},"excerpt":{"rendered":"<p>M\u00f6chten Sie einige entspannte Stunde genie\u00dfen? Kommen zu unserem Wellness-Zentrum! Alle Dienste sind nur auf Reservierung verfugbar F\u00fcr die Reservierung, senden Sie eines Whatsapp +393336425450. Um nichts zu verpassen, folgt unseren Facebook&#8211; und Instagram-Seiten. Das Wellness-Zentrum bietet: Ruheraum Hier k\u00f6nnen Sie aromatische Kr\u00e4utertee trinken und sich auf einen gem\u00fctlichen&nbsp;Kamin freuen Erlebnisdusche Beduftete Regenschauer mit Licht- [&hellip;]<\/p>\n","protected":false},"author":6,"featured_media":0,"parent":0,"menu_order":3,"comment_status":"closed","ping_status":"closed","template":"","meta":{"_acf_changed":false,"inline_featured_image":false,"_genesis_hide_title":false,"_genesis_hide_breadcrumbs":false,"_genesis_hide_singular_image":false,"_genesis_hide_footer_widgets":false,"_genesis_custom_body_class":"","_genesis_custom_post_class":"","_genesis_layout":"","footnotes":"","_links_to":"","_links_to_target":""},"class_list":{"0":"post-4456","1":"page","2":"type-page","3":"status-publish","5":"entry"},"acf":[],"yoast_head":"<!-- This site is optimized with the Yoast SEO plugin v27.2 - https:\/\/yoast.com\/product\/yoast-seo-wordpress\/ -->\n<title>Wellness - Camping Le Fonti<\/title>\n<meta name=\"robots\" content=\"index, follow, max-snippet:-1, max-image-preview:large, max-video-preview:-1\" \/>\n<link rel=\"canonical\" href=\"https:\/\/www.campinglefonti.com\/de\/wellness\/\" \/>\n<meta property=\"og:locale\" content=\"de_DE\" \/>\n<meta property=\"og:type\" content=\"article\" \/>\n<meta property=\"og:title\" content=\"Wellness - Camping Le Fonti\" \/>\n<meta property=\"og:description\" content=\"M\u00f6chten Sie einige entspannte Stunde genie\u00dfen? Kommen zu unserem Wellness-Zentrum! Alle Dienste sind nur auf Reservierung verfugbar F\u00fcr die Reservierung, senden Sie eines Whatsapp +393336425450. Um nichts zu verpassen, folgt unseren Facebook&#8211; und Instagram-Seiten. Das Wellness-Zentrum bietet: Ruheraum Hier k\u00f6nnen Sie aromatische Kr\u00e4utertee trinken und sich auf einen gem\u00fctlichen&nbsp;Kamin freuen Erlebnisdusche Beduftete Regenschauer mit Licht- [&hellip;]\" \/>\n<meta property=\"og:url\" content=\"https:\/\/www.campinglefonti.com\/de\/wellness\/\" \/>\n<meta property=\"og:site_name\" content=\"Camping Le Fonti\" \/>\n<meta property=\"article:modified_time\" content=\"2025-03-02T15:06:42+00:00\" \/>\n<meta property=\"og:image\" content=\"https:\/\/www.campinglefonti.com\/wp-content\/uploads\/Negative0-18-182.jpg\" \/>\n\t<meta property=\"og:image:width\" content=\"2000\" \/>\n\t<meta property=\"og:image:height\" content=\"1334\" \/>\n\t<meta property=\"og:image:type\" content=\"image\/jpeg\" \/>\n<meta name=\"twitter:card\" content=\"summary_large_image\" \/>\n<meta name=\"twitter:label1\" content=\"Gesch\u00e4tzte Lesezeit\" \/>\n\t<meta name=\"twitter:data1\" content=\"3\u00a0Minuten\" \/>\n<script type=\"application\/ld+json\" class=\"yoast-schema-graph\">{\"@context\":\"https:\/\/schema.org\",\"@graph\":[{\"@type\":\"WebPage\",\"@id\":\"https:\/\/www.campinglefonti.com\/de\/wellness\/\",\"url\":\"https:\/\/www.campinglefonti.com\/de\/wellness\/\",\"name\":\"Wellness - Camping Le Fonti\",\"isPartOf\":{\"@id\":\"https:\/\/www.campinglefonti.com\/de\/#website\"},\"primaryImageOfPage\":{\"@id\":\"https:\/\/www.campinglefonti.com\/de\/wellness\/#primaryimage\"},\"image\":{\"@id\":\"https:\/\/www.campinglefonti.com\/de\/wellness\/#primaryimage\"},\"thumbnailUrl\":\"https:\/\/www.campinglefonti.com\/wp-content\/uploads\/\/Negative0-18-182-1024x683.jpg\",\"datePublished\":\"2025-02-26T09:59:40+00:00\",\"dateModified\":\"2025-03-02T15:06:42+00:00\",\"breadcrumb\":{\"@id\":\"https:\/\/www.campinglefonti.com\/de\/wellness\/#breadcrumb\"},\"inLanguage\":\"de\",\"potentialAction\":[{\"@type\":\"ReadAction\",\"target\":[\"https:\/\/www.campinglefonti.com\/de\/wellness\/\"]}]},{\"@type\":\"ImageObject\",\"inLanguage\":\"de\",\"@id\":\"https:\/\/www.campinglefonti.com\/de\/wellness\/#primaryimage\",\"url\":\"https:\/\/www.campinglefonti.com\/wp-content\/uploads\/\/Negative0-18-182-1024x683.jpg\",\"contentUrl\":\"https:\/\/www.campinglefonti.com\/wp-content\/uploads\/\/Negative0-18-182-1024x683.jpg\"},{\"@type\":\"BreadcrumbList\",\"@id\":\"https:\/\/www.campinglefonti.com\/de\/wellness\/#breadcrumb\",\"itemListElement\":[{\"@type\":\"ListItem\",\"position\":1,\"name\":\"Home\",\"item\":\"https:\/\/www.campinglefonti.com\/de\/\"},{\"@type\":\"ListItem\",\"position\":2,\"name\":\"Wellness\"}]},{\"@type\":\"WebSite\",\"@id\":\"https:\/\/www.campinglefonti.com\/de\/#website\",\"url\":\"https:\/\/www.campinglefonti.com\/de\/\",\"name\":\"Camping Le Fonti\",\"description\":\"Campeggio con bungalow e piazzole nell&#039;Appennino Reggiano\",\"publisher\":{\"@id\":\"https:\/\/www.campinglefonti.com\/de\/#organization\"},\"potentialAction\":[{\"@type\":\"SearchAction\",\"target\":{\"@type\":\"EntryPoint\",\"urlTemplate\":\"https:\/\/www.campinglefonti.com\/de\/?s={search_term_string}\"},\"query-input\":{\"@type\":\"PropertyValueSpecification\",\"valueRequired\":true,\"valueName\":\"search_term_string\"}}],\"inLanguage\":\"de\"},{\"@type\":\"Organization\",\"@id\":\"https:\/\/www.campinglefonti.com\/de\/#organization\",\"name\":\"Camping Le Fonti\",\"url\":\"https:\/\/www.campinglefonti.com\/de\/\",\"logo\":{\"@type\":\"ImageObject\",\"inLanguage\":\"de\",\"@id\":\"https:\/\/www.campinglefonti.com\/de\/#\/schema\/logo\/image\/\",\"url\":\"https:\/\/www.campinglefonti.com\/wp-content\/uploads\/logo-camping-le-fonti.svg\",\"contentUrl\":\"https:\/\/www.campinglefonti.com\/wp-content\/uploads\/logo-camping-le-fonti.svg\",\"width\":75,\"height\":71,\"caption\":\"Camping Le Fonti\"},\"image\":{\"@id\":\"https:\/\/www.campinglefonti.com\/de\/#\/schema\/logo\/image\/\"}}]}<\/script>\n<!-- \/ Yoast SEO plugin. -->","yoast_head_json":{"title":"Wellness - Camping Le Fonti","robots":{"index":"index","follow":"follow","max-snippet":"max-snippet:-1","max-image-preview":"max-image-preview:large","max-video-preview":"max-video-preview:-1"},"canonical":"https:\/\/www.campinglefonti.com\/de\/wellness\/","og_locale":"de_DE","og_type":"article","og_title":"Wellness - Camping Le Fonti","og_description":"M\u00f6chten Sie einige entspannte Stunde genie\u00dfen? Kommen zu unserem Wellness-Zentrum! Alle Dienste sind nur auf Reservierung verfugbar F\u00fcr die Reservierung, senden Sie eines Whatsapp +393336425450. Um nichts zu verpassen, folgt unseren Facebook&#8211; und Instagram-Seiten. Das Wellness-Zentrum bietet: Ruheraum Hier k\u00f6nnen Sie aromatische Kr\u00e4utertee trinken und sich auf einen gem\u00fctlichen&nbsp;Kamin freuen Erlebnisdusche Beduftete Regenschauer mit Licht- [&hellip;]","og_url":"https:\/\/www.campinglefonti.com\/de\/wellness\/","og_site_name":"Camping Le Fonti","article_modified_time":"2025-03-02T15:06:42+00:00","og_image":[{"width":2000,"height":1334,"url":"https:\/\/www.campinglefonti.com\/wp-content\/uploads\/Negative0-18-182.jpg","type":"image\/jpeg"}],"twitter_card":"summary_large_image","twitter_misc":{"Gesch\u00e4tzte Lesezeit":"3\u00a0Minuten"},"schema":{"@context":"https:\/\/schema.org","@graph":[{"@type":"WebPage","@id":"https:\/\/www.campinglefonti.com\/de\/wellness\/","url":"https:\/\/www.campinglefonti.com\/de\/wellness\/","name":"Wellness - Camping Le Fonti","isPartOf":{"@id":"https:\/\/www.campinglefonti.com\/de\/#website"},"primaryImageOfPage":{"@id":"https:\/\/www.campinglefonti.com\/de\/wellness\/#primaryimage"},"image":{"@id":"https:\/\/www.campinglefonti.com\/de\/wellness\/#primaryimage"},"thumbnailUrl":"https:\/\/www.campinglefonti.com\/wp-content\/uploads\/\/Negative0-18-182-1024x683.jpg","datePublished":"2025-02-26T09:59:40+00:00","dateModified":"2025-03-02T15:06:42+00:00","breadcrumb":{"@id":"https:\/\/www.campinglefonti.com\/de\/wellness\/#breadcrumb"},"inLanguage":"de","potentialAction":[{"@type":"ReadAction","target":["https:\/\/www.campinglefonti.com\/de\/wellness\/"]}]},{"@type":"ImageObject","inLanguage":"de","@id":"https:\/\/www.campinglefonti.com\/de\/wellness\/#primaryimage","url":"https:\/\/www.campinglefonti.com\/wp-content\/uploads\/\/Negative0-18-182-1024x683.jpg","contentUrl":"https:\/\/www.campinglefonti.com\/wp-content\/uploads\/\/Negative0-18-182-1024x683.jpg"},{"@type":"BreadcrumbList","@id":"https:\/\/www.campinglefonti.com\/de\/wellness\/#breadcrumb","itemListElement":[{"@type":"ListItem","position":1,"name":"Home","item":"https:\/\/www.campinglefonti.com\/de\/"},{"@type":"ListItem","position":2,"name":"Wellness"}]},{"@type":"WebSite","@id":"https:\/\/www.campinglefonti.com\/de\/#website","url":"https:\/\/www.campinglefonti.com\/de\/","name":"Camping Le Fonti","description":"Campeggio con bungalow e piazzole nell&#039;Appennino Reggiano","publisher":{"@id":"https:\/\/www.campinglefonti.com\/de\/#organization"},"potentialAction":[{"@type":"SearchAction","target":{"@type":"EntryPoint","urlTemplate":"https:\/\/www.campinglefonti.com\/de\/?s={search_term_string}"},"query-input":{"@type":"PropertyValueSpecification","valueRequired":true,"valueName":"search_term_string"}}],"inLanguage":"de"},{"@type":"Organization","@id":"https:\/\/www.campinglefonti.com\/de\/#organization","name":"Camping Le Fonti","url":"https:\/\/www.campinglefonti.com\/de\/","logo":{"@type":"ImageObject","inLanguage":"de","@id":"https:\/\/www.campinglefonti.com\/de\/#\/schema\/logo\/image\/","url":"https:\/\/www.campinglefonti.com\/wp-content\/uploads\/logo-camping-le-fonti.svg","contentUrl":"https:\/\/www.campinglefonti.com\/wp-content\/uploads\/logo-camping-le-fonti.svg","width":75,"height":71,"caption":"Camping Le Fonti"},"image":{"@id":"https:\/\/www.campinglefonti.com\/de\/#\/schema\/logo\/image\/"}}]}},"_links":{"self":[{"href":"https:\/\/www.campinglefonti.com\/de\/wp-json\/wp\/v2\/pages\/4456","targetHints":{"allow":["GET"]}}],"collection":[{"href":"https:\/\/www.campinglefonti.com\/de\/wp-json\/wp\/v2\/pages"}],"about":[{"href":"https:\/\/www.campinglefonti.com\/de\/wp-json\/wp\/v2\/types\/page"}],"author":[{"embeddable":true,"href":"https:\/\/www.campinglefonti.com\/de\/wp-json\/wp\/v2\/users\/6"}],"replies":[{"embeddable":true,"href":"https:\/\/www.campinglefonti.com\/de\/wp-json\/wp\/v2\/comments?post=4456"}],"version-history":[{"count":6,"href":"https:\/\/www.campinglefonti.com\/de\/wp-json\/wp\/v2\/pages\/4456\/revisions"}],"predecessor-version":[{"id":5339,"href":"https:\/\/www.campinglefonti.com\/de\/wp-json\/wp\/v2\/pages\/4456\/revisions\/5339"}],"wp:attachment":[{"href":"https:\/\/www.campinglefonti.com\/de\/wp-json\/wp\/v2\/media?parent=4456"}],"curies":[{"name":"wp","href":"https:\/\/api.w.org\/{rel}","templated":true}]}}