{"id":4492,"date":"2025-02-26T12:27:09","date_gmt":"2025-02-26T11:27:09","guid":{"rendered":"https:\/\/www.campinglefonti.com\/?page_id=4492"},"modified":"2025-02-26T12:27:10","modified_gmt":"2025-02-26T11:27:10","slug":"wie-reservieren","status":"publish","type":"page","link":"https:\/\/www.campinglefonti.com\/de\/reservierung\/wie-reservieren\/","title":{"rendered":"Wie reservieren"},"content":{"rendered":"\n<figure class=\"wp-block-image alignfull size-large grid-section-main-image\"><img loading=\"lazy\" decoding=\"async\" width=\"1024\" height=\"768\" src=\"https:\/\/www.campinglefonti.com\/wp-content\/uploads\/\/P8140722-1024x768.jpg\" alt=\"\" class=\"wp-image-2657\" srcset=\"https:\/\/www.campinglefonti.com\/wp-content\/uploads\/P8140722-1024x768.jpg 1024w, https:\/\/www.campinglefonti.com\/wp-content\/uploads\/P8140722-300x225.jpg 300w, https:\/\/www.campinglefonti.com\/wp-content\/uploads\/P8140722-768x576.jpg 768w, https:\/\/www.campinglefonti.com\/wp-content\/uploads\/P8140722-1536x1152.jpg 1536w, https:\/\/www.campinglefonti.com\/wp-content\/uploads\/P8140722-2048x1536.jpg 2048w, https:\/\/www.campinglefonti.com\/wp-content\/uploads\/P8140722-702x526.jpg 702w\" sizes=\"auto, (max-width: 1024px) 100vw, 1024px\" \/><\/figure>\n\n\n\n<div class=\"wp-block-columns grid-section-columns grid-section-columns-green margin-bottom--m is-layout-flex wp-container-core-columns-is-layout-9d6595d7 wp-block-columns-is-layout-flex\">\n<div class=\"wp-block-column is-layout-flow wp-block-column-is-layout-flow\">\n<figure class=\"wp-block-image size-large\"><img loading=\"lazy\" decoding=\"async\" width=\"768\" height=\"1024\" src=\"https:\/\/www.campinglefonti.com\/wp-content\/uploads\/P3040058-768x1024.jpg\" alt=\"\" class=\"wp-image-564\" srcset=\"https:\/\/www.campinglefonti.com\/wp-content\/uploads\/P3040058-768x1024.jpg 768w, https:\/\/www.campinglefonti.com\/wp-content\/uploads\/P3040058-225x300.jpg 225w, https:\/\/www.campinglefonti.com\/wp-content\/uploads\/P3040058-1152x1536.jpg 1152w, https:\/\/www.campinglefonti.com\/wp-content\/uploads\/P3040058-1536x2048.jpg 1536w, https:\/\/www.campinglefonti.com\/wp-content\/uploads\/P3040058-scaled.jpg 1920w\" sizes=\"auto, (max-width: 768px) 100vw, 768px\" \/><\/figure>\n<\/div>\n\n\n\n<div class=\"wp-block-column is-layout-flow wp-block-column-is-layout-flow\"><div class=\"yoast-breadcrumbs\"><span><span><a href=\"https:\/\/www.campinglefonti.com\/de\/\">Home<\/a><\/span> | <span><a href=\"https:\/\/www.campinglefonti.com\/de\/reservierung\/\">Reservierung<\/a><\/span> | <span class=\"breadcrumb_last\" aria-current=\"page\">Wie reservieren<\/span><\/span><\/div>\n\n\n<h1 class=\"wp-block-heading\">Reservierung f\u00fcr Stellpl\u00e4tze und Bungalows.<\/h1>\n\n\n\n<p>Wie k\u00f6nnen Sie eine Reservierung machen?<\/p>\n\n\n\n<div class=\"wp-block-buttons is-layout-flex wp-block-buttons-is-layout-flex\">\n<div class=\"wp-block-button\"><a class=\"wp-block-button__link wp-element-button\" href=\"tel:+390522890126\">Telephon +390522890126<\/a><\/div>\n<\/div>\n\n\n\n<div class=\"wp-block-buttons is-layout-flex wp-block-buttons-is-layout-flex\">\n<div class=\"wp-block-button\"><a class=\"wp-block-button__link wp-element-button\" href=\"mailto:info@campinglefonti.com\">Email info@campinglefonti.com<\/a><\/div>\n<\/div>\n\n\n\n<div class=\"wp-block-buttons is-layout-flex wp-block-buttons-is-layout-flex\">\n<div class=\"wp-block-button\"><a class=\"wp-block-button__link wp-element-button\" href=\"https:\/\/wa.me\/3802478558\"> WHATSAPP +393802478558<\/a><\/div>\n<\/div>\n<\/div>\n<\/div>\n\n\n\n<div class=\"wp-block-columns is-layout-flex wp-container-core-columns-is-layout-9d6595d7 wp-block-columns-is-layout-flex\">\n<div class=\"wp-block-column is-layout-flow wp-block-column-is-layout-flow\">\n<h2 class=\"wp-block-heading\">Stellplatz<\/h2>\n\n\n\n<h3 class=\"wp-block-heading\">Reservierungsbest\u00e4tigung<\/h3>\n\n\n\n<p><strong> <\/strong><\/p>\n\n\n\n<div class=\"wp-block-group\"><div class=\"wp-block-group__inner-container is-layout-flow wp-block-group-is-layout-flow\">\n<p><strong>Anzahlung<\/strong> von<strong> 50%<\/strong>\u00a0des Gesamtbetrags \u00a0durch Bank\u00fcberweisung<strong>:<\/strong><\/p>\n\n\n\n<p>IBAN: IT26W0303266280010000352465<br>Bic- Swift Code: BACRIT21012<br>Kontoinhaber: Jolly Camping srl<\/p>\n<\/div><\/div>\n\n\n\n<h3 class=\"wp-block-heading\">Zeitraum<\/h3>\n\n\n\n<p>In Juli und August nur Reservierungen von  mindestens 6 N\u00e4chte<\/p>\n\n\n\n<h3 class=\"wp-block-heading\">Preis<\/h3>\n\n\n\n<p>Die geltenden Tagess\u00e4tze variieren ab dem Anreisetag (morgens, nachmittags, abends)\num 13 Uhr des folgenden Tages; Jede Verl\u00e4ngerung der Abreise f\u00fchrt dazu, dass ein zus\u00e4tzlicher Aufenthaltstag berechnet wird (nur in der Hochsaison).<\/p>\n\n\n\n<h3 class=\"wp-block-heading\">Stellplatz<\/h3>\n\n\n\n<p>Die Stellplatzkosten beinhalten Wohnwagen oder Zelt + 1 Auto + Strom + Nutzung des Hallenbades. Leerer Wohnwagen: F\u00fcr den Fall, dass ein Zelt oder Wohnwagen w\u00e4hrend der Hochsaison vor\u00fcbergehend leer bleibt, wird der Tagespreis in H\u00f6he des Aufenthalts von eine Nacht mit Stellplatz und einen Erwachsener berechnet.<\/p>\n\n\n\n<h3 class=\"wp-block-heading\">Besucher<\/h3>\n\n\n\n<p>Der Tagesbesucher kann, in der Hochsaison, bis zu maximal einer Stunde kostenlos bei Freunden oder Verwandten bleiben. Nach Ablauf dieser Frist wird der Tagessatz verrechnet; Sie m\u00fcssen den Campingplatz jedoch innerhalb 23:00 Uhr verlassen.<\/p>\n\n\n\n<h3 class=\"wp-block-heading\">Verf\u00fcgung<\/h3>\n\n\n\n<p>Der Stellplatz wird sp\u00e4testens 2 Tage nach dem vereinbarten Aufenthaltsbeginn zur Verf\u00fcgung zu halten<\/p>\n\n\n\n<h3 class=\"wp-block-heading\">Verzicht<\/h3>\n\n\n\n<p><meta charset=\"utf-8\"><\/meta>Erfolgt die Stornierung 10 Tage vor dem Stornierungszeitraum, haben Sie Anspruch auf eine R\u00fcckerstattung in H\u00f6he von 50 % des gezahlten Betrags; Wer sich nicht an diese Regel h\u00e4lt, erh\u00e4lt keine R\u00fcckerstattung<\/p>\n<\/div>\n\n\n\n<div class=\"wp-block-column is-layout-flow wp-block-column-is-layout-flow\">\n<h2 class=\"wp-block-heading\">Bungalow<\/h2>\n\n\n\n<h3 class=\"wp-block-heading\">Reservierungsbest\u00e4tigung<\/h3>\n\n\n\n<p><\/p>\n\n\n\n<p><strong>Anzahlung<\/strong> von<strong> 50%<\/strong>\u00a0des Gesamtbetrags \u00a0durch Bank\u00fcberweisung<strong>:<\/strong><br>IBAN: IT26W0303266280010000352465<br>Bic- Swift Code: BACRIT21012<br>Kontoinhaber: Jolly Camping srl<\/p>\n\n\n\n<h3 class=\"wp-block-heading\">Zeitraum<\/h3>\n\n\n\n<p>In Juli  nur Reservierungen von mindestens 6 N\u00e4chte, 14 in August<\/p>\n\n\n\n<h3 class=\"wp-block-heading\">Preis<\/h3>\n\n\n\n<p>Die geltenden Tagess\u00e4tze variieren ab dem Anreisetag (morgens, nachmittags, abends)<br>um 10 Uhr des folgenden Tages; Jede Verl\u00e4ngerung der Abreise f\u00fchrt dazu, dass ein zus\u00e4tzlicher Aufenthaltstag berechnet wird (nur in der Hochsaison).<\/p>\n\n\n\n<h3 class=\"wp-block-heading\">Restbetrag<\/h3>\n\n\n\n<p>Bei der \u00dcbernahme des Bungalows<\/p>\n\n\n\n<h3 class=\"wp-block-heading\">Reinigung<\/h3>\n\n\n\n<p>Der Gast k\u00fcmmert sich w\u00e4hrend des Aufenthalts und bei der Abreise um die Reinigung und das Aufr\u00e4umen des Zimmers<\/p>\n\n\n\n<p>Ansonsten werden 50,00 Euro berechnet.<\/p>\n\n\n\n<h3 class=\"wp-block-heading\">Verf\u00fcgung<\/h3>\n\n\n\n<p>Il bungalow verr\u00e0 tenuto a disposizione non oltre 2 giorni dalla data fissata quale inizio soggiorno.<\/p>\n\n\n\n<h3 class=\"wp-block-heading\">Verzicht<\/h3>\n\n\n\n<p>Erfolgt die Stornierung 10 Tage vor dem Stornierungszeitraum, haben Sie Anspruch auf eine R\u00fcckerstattung in H\u00f6he von 50 % des gezahlten Betrags; Wer sich nicht an diese Regel h\u00e4lt, erh\u00e4lt keine R\u00fcckerstattung<\/p>\n\n\n\n<h3 class=\"wp-block-heading\">Ankunft<\/h3>\n\n\n\n<p>ab 15.00 bis 19.00<\/p>\n\n\n\n<h3 class=\"wp-block-heading\">Abfahrt<\/h3>\n\n\n\n<p>Innerhalb 10.00<\/p>\n<\/div>\n<\/div>\n\n\n\n<div class=\"wp-block-group is-style-light-green-bg\"><div class=\"wp-block-group__inner-container is-layout-flow wp-block-group-is-layout-flow\">\n<p class=\"has-text-align-center\" style=\"font-size:33px\">Wir vermieten Bungalows auch f\u00fcr kurze Zaitr\u00e4ume.<\/p>\n\n\n\n<div class=\"wp-block-buttons is-horizontal is-content-justification-center is-layout-flex wp-container-core-buttons-is-layout-499968f5 wp-block-buttons-is-layout-flex\">\n<div class=\"wp-block-button\"><a class=\"wp-block-button__link wp-element-button\" href=\"https:\/\/www.campinglefonti.com\/contatti-camping-le-fonti-cervarezza-terme-di-ventasso\/\">Ich m\u00f6chte mehr Info haben<\/a><\/div>\n<\/div>\n<\/div><\/div>\n","protected":false},"excerpt":{"rendered":"<p>Reservierung f\u00fcr Stellpl\u00e4tze und Bungalows. Wie k\u00f6nnen Sie eine Reservierung machen? Stellplatz Reservierungsbest\u00e4tigung Anzahlung von 50%\u00a0des Gesamtbetrags \u00a0durch Bank\u00fcberweisung: IBAN: IT26W0303266280010000352465Bic- Swift Code: BACRIT21012Kontoinhaber: Jolly Camping srl Zeitraum In Juli und August nur Reservierungen von mindestens 6 N\u00e4chte Preis Die geltenden Tagess\u00e4tze variieren ab dem Anreisetag (morgens, nachmittags, abends) um 13 Uhr des folgenden Tages; [&hellip;]<\/p>\n","protected":false},"author":6,"featured_media":0,"parent":4490,"menu_order":0,"comment_status":"closed","ping_status":"closed","template":"","meta":{"_acf_changed":false,"inline_featured_image":false,"_genesis_hide_title":false,"_genesis_hide_breadcrumbs":false,"_genesis_hide_singular_image":false,"_genesis_hide_footer_widgets":false,"_genesis_custom_body_class":"","_genesis_custom_post_class":"","_genesis_layout":"","footnotes":"","_links_to":"","_links_to_target":""},"class_list":{"0":"post-4492","1":"page","2":"type-page","3":"status-publish","5":"entry"},"acf":[],"yoast_head":"<!-- This site is optimized with the Yoast SEO plugin v27.2 - https:\/\/yoast.com\/product\/yoast-seo-wordpress\/ -->\n<title>Wie reservieren - Camping Le Fonti<\/title>\n<meta name=\"robots\" content=\"index, follow, max-snippet:-1, max-image-preview:large, max-video-preview:-1\" \/>\n<link rel=\"canonical\" href=\"https:\/\/www.campinglefonti.com\/de\/reservierung\/wie-reservieren\/\" \/>\n<meta property=\"og:locale\" content=\"de_DE\" \/>\n<meta property=\"og:type\" content=\"article\" \/>\n<meta property=\"og:title\" content=\"Wie reservieren - Camping Le Fonti\" \/>\n<meta property=\"og:description\" content=\"Reservierung f\u00fcr Stellpl\u00e4tze und Bungalows. Wie k\u00f6nnen Sie eine Reservierung machen? Stellplatz Reservierungsbest\u00e4tigung Anzahlung von 50%\u00a0des Gesamtbetrags \u00a0durch Bank\u00fcberweisung: IBAN: IT26W0303266280010000352465Bic- Swift Code: BACRIT21012Kontoinhaber: Jolly Camping srl Zeitraum In Juli und August nur Reservierungen von mindestens 6 N\u00e4chte Preis Die geltenden Tagess\u00e4tze variieren ab dem Anreisetag (morgens, nachmittags, abends) um 13 Uhr des folgenden Tages; [&hellip;]\" \/>\n<meta property=\"og:url\" content=\"https:\/\/www.campinglefonti.com\/de\/reservierung\/wie-reservieren\/\" \/>\n<meta property=\"og:site_name\" content=\"Camping Le Fonti\" \/>\n<meta property=\"article:modified_time\" content=\"2025-02-26T11:27:10+00:00\" \/>\n<meta property=\"og:image\" content=\"https:\/\/www.campinglefonti.com\/wp-content\/uploads\/P8140722-scaled.jpg\" \/>\n\t<meta property=\"og:image:width\" content=\"2560\" \/>\n\t<meta property=\"og:image:height\" content=\"1920\" \/>\n\t<meta property=\"og:image:type\" content=\"image\/jpeg\" \/>\n<meta name=\"twitter:card\" content=\"summary_large_image\" \/>\n<meta name=\"twitter:label1\" content=\"Gesch\u00e4tzte Lesezeit\" \/>\n\t<meta name=\"twitter:data1\" content=\"3\u00a0Minuten\" \/>\n<script type=\"application\/ld+json\" class=\"yoast-schema-graph\">{\"@context\":\"https:\/\/schema.org\",\"@graph\":[{\"@type\":\"WebPage\",\"@id\":\"https:\/\/www.campinglefonti.com\/de\/reservierung\/wie-reservieren\/\",\"url\":\"https:\/\/www.campinglefonti.com\/de\/reservierung\/wie-reservieren\/\",\"name\":\"Wie reservieren - Camping Le Fonti\",\"isPartOf\":{\"@id\":\"https:\/\/www.campinglefonti.com\/de\/#website\"},\"primaryImageOfPage\":{\"@id\":\"https:\/\/www.campinglefonti.com\/de\/reservierung\/wie-reservieren\/#primaryimage\"},\"image\":{\"@id\":\"https:\/\/www.campinglefonti.com\/de\/reservierung\/wie-reservieren\/#primaryimage\"},\"thumbnailUrl\":\"https:\/\/www.campinglefonti.com\/wp-content\/uploads\/\/P8140722-1024x768.jpg\",\"datePublished\":\"2025-02-26T11:27:09+00:00\",\"dateModified\":\"2025-02-26T11:27:10+00:00\",\"breadcrumb\":{\"@id\":\"https:\/\/www.campinglefonti.com\/de\/reservierung\/wie-reservieren\/#breadcrumb\"},\"inLanguage\":\"de\",\"potentialAction\":[{\"@type\":\"ReadAction\",\"target\":[\"https:\/\/www.campinglefonti.com\/de\/reservierung\/wie-reservieren\/\"]}]},{\"@type\":\"ImageObject\",\"inLanguage\":\"de\",\"@id\":\"https:\/\/www.campinglefonti.com\/de\/reservierung\/wie-reservieren\/#primaryimage\",\"url\":\"https:\/\/www.campinglefonti.com\/wp-content\/uploads\/\/P8140722-1024x768.jpg\",\"contentUrl\":\"https:\/\/www.campinglefonti.com\/wp-content\/uploads\/\/P8140722-1024x768.jpg\"},{\"@type\":\"BreadcrumbList\",\"@id\":\"https:\/\/www.campinglefonti.com\/de\/reservierung\/wie-reservieren\/#breadcrumb\",\"itemListElement\":[{\"@type\":\"ListItem\",\"position\":1,\"name\":\"Home\",\"item\":\"https:\/\/www.campinglefonti.com\/de\/\"},{\"@type\":\"ListItem\",\"position\":2,\"name\":\"Reservierung\",\"item\":\"https:\/\/www.campinglefonti.com\/de\/reservierung\/\"},{\"@type\":\"ListItem\",\"position\":3,\"name\":\"Wie reservieren\"}]},{\"@type\":\"WebSite\",\"@id\":\"https:\/\/www.campinglefonti.com\/de\/#website\",\"url\":\"https:\/\/www.campinglefonti.com\/de\/\",\"name\":\"Camping Le Fonti\",\"description\":\"Campeggio con bungalow e piazzole nell&#039;Appennino Reggiano\",\"publisher\":{\"@id\":\"https:\/\/www.campinglefonti.com\/de\/#organization\"},\"potentialAction\":[{\"@type\":\"SearchAction\",\"target\":{\"@type\":\"EntryPoint\",\"urlTemplate\":\"https:\/\/www.campinglefonti.com\/de\/?s={search_term_string}\"},\"query-input\":{\"@type\":\"PropertyValueSpecification\",\"valueRequired\":true,\"valueName\":\"search_term_string\"}}],\"inLanguage\":\"de\"},{\"@type\":\"Organization\",\"@id\":\"https:\/\/www.campinglefonti.com\/de\/#organization\",\"name\":\"Camping Le Fonti\",\"url\":\"https:\/\/www.campinglefonti.com\/de\/\",\"logo\":{\"@type\":\"ImageObject\",\"inLanguage\":\"de\",\"@id\":\"https:\/\/www.campinglefonti.com\/de\/#\/schema\/logo\/image\/\",\"url\":\"https:\/\/www.campinglefonti.com\/wp-content\/uploads\/logo-camping-le-fonti.svg\",\"contentUrl\":\"https:\/\/www.campinglefonti.com\/wp-content\/uploads\/logo-camping-le-fonti.svg\",\"width\":75,\"height\":71,\"caption\":\"Camping Le Fonti\"},\"image\":{\"@id\":\"https:\/\/www.campinglefonti.com\/de\/#\/schema\/logo\/image\/\"}}]}<\/script>\n<!-- \/ Yoast SEO plugin. -->","yoast_head_json":{"title":"Wie reservieren - Camping Le Fonti","robots":{"index":"index","follow":"follow","max-snippet":"max-snippet:-1","max-image-preview":"max-image-preview:large","max-video-preview":"max-video-preview:-1"},"canonical":"https:\/\/www.campinglefonti.com\/de\/reservierung\/wie-reservieren\/","og_locale":"de_DE","og_type":"article","og_title":"Wie reservieren - Camping Le Fonti","og_description":"Reservierung f\u00fcr Stellpl\u00e4tze und Bungalows. Wie k\u00f6nnen Sie eine Reservierung machen? Stellplatz Reservierungsbest\u00e4tigung Anzahlung von 50%\u00a0des Gesamtbetrags \u00a0durch Bank\u00fcberweisung: IBAN: IT26W0303266280010000352465Bic- Swift Code: BACRIT21012Kontoinhaber: Jolly Camping srl Zeitraum In Juli und August nur Reservierungen von mindestens 6 N\u00e4chte Preis Die geltenden Tagess\u00e4tze variieren ab dem Anreisetag (morgens, nachmittags, abends) um 13 Uhr des folgenden Tages; [&hellip;]","og_url":"https:\/\/www.campinglefonti.com\/de\/reservierung\/wie-reservieren\/","og_site_name":"Camping Le Fonti","article_modified_time":"2025-02-26T11:27:10+00:00","og_image":[{"width":2560,"height":1920,"url":"https:\/\/www.campinglefonti.com\/wp-content\/uploads\/P8140722-scaled.jpg","type":"image\/jpeg"}],"twitter_card":"summary_large_image","twitter_misc":{"Gesch\u00e4tzte Lesezeit":"3\u00a0Minuten"},"schema":{"@context":"https:\/\/schema.org","@graph":[{"@type":"WebPage","@id":"https:\/\/www.campinglefonti.com\/de\/reservierung\/wie-reservieren\/","url":"https:\/\/www.campinglefonti.com\/de\/reservierung\/wie-reservieren\/","name":"Wie reservieren - Camping Le Fonti","isPartOf":{"@id":"https:\/\/www.campinglefonti.com\/de\/#website"},"primaryImageOfPage":{"@id":"https:\/\/www.campinglefonti.com\/de\/reservierung\/wie-reservieren\/#primaryimage"},"image":{"@id":"https:\/\/www.campinglefonti.com\/de\/reservierung\/wie-reservieren\/#primaryimage"},"thumbnailUrl":"https:\/\/www.campinglefonti.com\/wp-content\/uploads\/\/P8140722-1024x768.jpg","datePublished":"2025-02-26T11:27:09+00:00","dateModified":"2025-02-26T11:27:10+00:00","breadcrumb":{"@id":"https:\/\/www.campinglefonti.com\/de\/reservierung\/wie-reservieren\/#breadcrumb"},"inLanguage":"de","potentialAction":[{"@type":"ReadAction","target":["https:\/\/www.campinglefonti.com\/de\/reservierung\/wie-reservieren\/"]}]},{"@type":"ImageObject","inLanguage":"de","@id":"https:\/\/www.campinglefonti.com\/de\/reservierung\/wie-reservieren\/#primaryimage","url":"https:\/\/www.campinglefonti.com\/wp-content\/uploads\/\/P8140722-1024x768.jpg","contentUrl":"https:\/\/www.campinglefonti.com\/wp-content\/uploads\/\/P8140722-1024x768.jpg"},{"@type":"BreadcrumbList","@id":"https:\/\/www.campinglefonti.com\/de\/reservierung\/wie-reservieren\/#breadcrumb","itemListElement":[{"@type":"ListItem","position":1,"name":"Home","item":"https:\/\/www.campinglefonti.com\/de\/"},{"@type":"ListItem","position":2,"name":"Reservierung","item":"https:\/\/www.campinglefonti.com\/de\/reservierung\/"},{"@type":"ListItem","position":3,"name":"Wie reservieren"}]},{"@type":"WebSite","@id":"https:\/\/www.campinglefonti.com\/de\/#website","url":"https:\/\/www.campinglefonti.com\/de\/","name":"Camping Le Fonti","description":"Campeggio con bungalow e piazzole nell&#039;Appennino Reggiano","publisher":{"@id":"https:\/\/www.campinglefonti.com\/de\/#organization"},"potentialAction":[{"@type":"SearchAction","target":{"@type":"EntryPoint","urlTemplate":"https:\/\/www.campinglefonti.com\/de\/?s={search_term_string}"},"query-input":{"@type":"PropertyValueSpecification","valueRequired":true,"valueName":"search_term_string"}}],"inLanguage":"de"},{"@type":"Organization","@id":"https:\/\/www.campinglefonti.com\/de\/#organization","name":"Camping Le Fonti","url":"https:\/\/www.campinglefonti.com\/de\/","logo":{"@type":"ImageObject","inLanguage":"de","@id":"https:\/\/www.campinglefonti.com\/de\/#\/schema\/logo\/image\/","url":"https:\/\/www.campinglefonti.com\/wp-content\/uploads\/logo-camping-le-fonti.svg","contentUrl":"https:\/\/www.campinglefonti.com\/wp-content\/uploads\/logo-camping-le-fonti.svg","width":75,"height":71,"caption":"Camping Le Fonti"},"image":{"@id":"https:\/\/www.campinglefonti.com\/de\/#\/schema\/logo\/image\/"}}]}},"_links":{"self":[{"href":"https:\/\/www.campinglefonti.com\/de\/wp-json\/wp\/v2\/pages\/4492","targetHints":{"allow":["GET"]}}],"collection":[{"href":"https:\/\/www.campinglefonti.com\/de\/wp-json\/wp\/v2\/pages"}],"about":[{"href":"https:\/\/www.campinglefonti.com\/de\/wp-json\/wp\/v2\/types\/page"}],"author":[{"embeddable":true,"href":"https:\/\/www.campinglefonti.com\/de\/wp-json\/wp\/v2\/users\/6"}],"replies":[{"embeddable":true,"href":"https:\/\/www.campinglefonti.com\/de\/wp-json\/wp\/v2\/comments?post=4492"}],"version-history":[{"count":2,"href":"https:\/\/www.campinglefonti.com\/de\/wp-json\/wp\/v2\/pages\/4492\/revisions"}],"predecessor-version":[{"id":4498,"href":"https:\/\/www.campinglefonti.com\/de\/wp-json\/wp\/v2\/pages\/4492\/revisions\/4498"}],"up":[{"embeddable":true,"href":"https:\/\/www.campinglefonti.com\/de\/wp-json\/wp\/v2\/pages\/4490"}],"wp:attachment":[{"href":"https:\/\/www.campinglefonti.com\/de\/wp-json\/wp\/v2\/media?parent=4492"}],"curies":[{"name":"wp","href":"https:\/\/api.w.org\/{rel}","templated":true}]}}