{"id":4499,"date":"2025-02-26T12:52:50","date_gmt":"2025-02-26T11:52:50","guid":{"rendered":"https:\/\/www.campinglefonti.com\/?page_id=4499"},"modified":"2025-02-28T09:51:45","modified_gmt":"2025-02-28T08:51:45","slug":"preise-und-angebote-2025","status":"publish","type":"page","link":"https:\/\/www.campinglefonti.com\/de\/reservierung\/preise-und-angebote-2025\/","title":{"rendered":"Preise und Angebote 2025"},"content":{"rendered":"\n<figure class=\"wp-block-image alignfull size-large grid-section-main-image\"><img loading=\"lazy\" decoding=\"async\" width=\"1024\" height=\"364\" src=\"https:\/\/www.campinglefonti.com\/wp-content\/uploads\/\/P8140876-1024x364.jpg\" alt=\"\" class=\"wp-image-3196\" srcset=\"https:\/\/www.campinglefonti.com\/wp-content\/uploads\/P8140876-1024x364.jpg 1024w, https:\/\/www.campinglefonti.com\/wp-content\/uploads\/P8140876-300x107.jpg 300w, https:\/\/www.campinglefonti.com\/wp-content\/uploads\/P8140876-768x273.jpg 768w, https:\/\/www.campinglefonti.com\/wp-content\/uploads\/P8140876.jpg 1080w\" sizes=\"auto, (max-width: 1024px) 100vw, 1024px\" \/><\/figure>\n\n\n\n<div style=\"height:46px\" aria-hidden=\"true\" class=\"wp-block-spacer\"><\/div>\n\n\n\n<div class=\"wp-block-columns is-layout-flex wp-container-core-columns-is-layout-9d6595d7 wp-block-columns-is-layout-flex\">\n<div class=\"wp-block-column is-layout-flow wp-block-column-is-layout-flow\">\n<h1 class=\"wp-block-heading\">Stellplatz-Preis 2025<\/h1>\n\n\n\n<figure class=\"wp-block-table is-style-stripes\"><table class=\"has-fixed-layout\"><thead><tr><th><\/th><th class=\"has-text-align-right\" data-align=\"right\">Nebensaison<br>( 03\/01 &#8211; 30\/06 | 01\/09 &#8211; 23\/12, ausgenommen lange Wochenenden und Feiertage)<\/th><th class=\"has-text-align-right\" data-align=\"right\">Hochsaison<br><meta charset=\"utf-8\">( 01\/07 &#8211; 31\/08 | 24\/12 &#8211; 02\/01, ingenommen lange Wochenenden und Feiertage)<\/th><\/tr><\/thead><tbody><tr><td>Stellplatz<\/td><td class=\"has-text-align-right\" data-align=\"right\">11,00 \u20ac<\/td><td class=\"has-text-align-right\" data-align=\"right\">15,00 \u20ac<\/td><\/tr><tr><td>Erwachsene<\/td><td class=\"has-text-align-right\" data-align=\"right\">8,00 \u20ac<\/td><td class=\"has-text-align-right\" data-align=\"right\">10,00 \u20ac<\/td><\/tr><tr><td>Kind (2-8,99)<\/td><td class=\"has-text-align-right\" data-align=\"right\">7,00 \u20ac<\/td><td class=\"has-text-align-right\" data-align=\"right\">8,00 \u20ac<\/td><\/tr><tr><td>Auto<\/td><td class=\"has-text-align-right\" data-align=\"right\">5,50 \u20ac<\/td><td class=\"has-text-align-right\" data-align=\"right\">6,50 \u20ac<\/td><\/tr><tr><td>Fahrrad<\/td><td class=\"has-text-align-right\" data-align=\"right\">5,00 \u20ac<\/td><td class=\"has-text-align-right\" data-align=\"right\">6,00 \u20ac<\/td><\/tr><tr><td>Hund<\/td><td class=\"has-text-align-right\" data-align=\"right\">3,50 \u20ac<\/td><td class=\"has-text-align-right\" data-align=\"right\">4,50 \u20ac<\/td><\/tr><tr><td>&nbsp;Zelt-Stellplatz<\/td><td class=\"has-text-align-right\" data-align=\"right\">7,00 \u20ac<\/td><td class=\"has-text-align-right\" data-align=\"right\">9,00 \u20ac<\/td><\/tr><\/tbody><\/table><figcaption class=\"wp-element-caption\">Toiletten, Duschen, Strom, Hallenbad und Animation (nur Juli und August) sind im Preis inbegriffen<\/figcaption><\/figure>\n<\/div>\n<\/div>\n\n\n\n<div class=\"wp-block-columns is-layout-flex wp-container-core-columns-is-layout-9d6595d7 wp-block-columns-is-layout-flex\">\n<div class=\"wp-block-column is-layout-flow wp-block-column-is-layout-flow\">\n<h2 class=\"wp-block-heading\">Stellplatz-Angebote 2025<\/h2>\n\n\n\n<figure class=\"wp-block-table is-style-stripes\"><table class=\"has-fixed-layout\"><thead><tr><th><\/th><th class=\"has-text-align-right\" data-align=\"right\">Preis<\/th><th class=\"has-text-align-right\" data-align=\"right\">Personen<\/th><\/tr><\/thead><tbody><tr><td>Eine Nacht in Nebensaison<\/td><td class=\"has-text-align-right\" data-align=\"right\">29,00 \u20ac<\/td><td class=\"has-text-align-right\" data-align=\"right\">3 Personen<\/td><\/tr><tr><td>Eine Nacht in Juli<\/td><td class=\"has-text-align-right\" data-align=\"right\">32,00 \u20ac<\/td><td class=\"has-text-align-right\" data-align=\"right\">3 Personen<\/td><\/tr><tr><td>Zwei N\u00e4chte in Nebensaison<\/td><td class=\"has-text-align-right\" data-align=\"right\">55,00 \u20ac<\/td><td class=\"has-text-align-right\" data-align=\"right\">3 Personen<\/td><\/tr><tr><td>Zwei N\u00e4chte in Juli<\/td><td class=\"has-text-align-right\" data-align=\"right\">65,00 \u20ac<\/td><td class=\"has-text-align-right\" data-align=\"right\">3 Personen<\/td><\/tr><tr><td>6 N\u00e4chte in Nebensaison<\/td><td class=\"has-text-align-right\" data-align=\"right\">140,00 \u20ac<\/td><td class=\"has-text-align-right\" data-align=\"right\">3 Personen<\/td><\/tr><tr><td>6 N\u00e4chte in in Juli<\/td><td class=\"has-text-align-right\" data-align=\"right\">170,00 \u20ac<\/td><td class=\"has-text-align-right\" data-align=\"right\">3 Personen<\/td><\/tr><tr><td>Ein Monat (nicht Juli und August)<\/td><td class=\"has-text-align-right\" data-align=\"right\">370,00 \u20ac<\/td><td class=\"has-text-align-right\" data-align=\"right\">4 Personen<\/td><\/tr><tr><td>Ein Monat &#8211; Juli<\/td><td class=\"has-text-align-right\" data-align=\"right\">580,00 \u20ac<\/td><td class=\"has-text-align-right\" data-align=\"right\">4 Personen<\/td><\/tr><tr><td>Ein Monat &#8211; August<\/td><td class=\"has-text-align-right\" data-align=\"right\">895,00 \u20ac<\/td><td class=\"has-text-align-right\" data-align=\"right\">4 Personen<\/td><\/tr><tr><td>Juli und August<\/td><td class=\"has-text-align-right\" data-align=\"right\">1210,00 \u20ac<\/td><td class=\"has-text-align-right\" data-align=\"right\">4 Personen<\/td><\/tr><tr><td>10 Monate (nicht Juli und August)<\/td><td class=\"has-text-align-right\" data-align=\"right\">1.995,00 \u20ac<\/td><td class=\"has-text-align-right\" data-align=\"right\">4 Personen<\/td><\/tr><tr><td>3 Monate : Mai, Juni, Juli<\/td><td class=\"has-text-align-right\" data-align=\"right\">895,00 \u20ac<\/td><td class=\"has-text-align-right\" data-align=\"right\">4 Personen<\/td><\/tr><tr><td>3 Monate: Juni, Juli, August <br>oder Juli, August and September<\/td><td class=\"has-text-align-right\" data-align=\"right\">&nbsp;1.365,00 \u20ac<\/td><td class=\"has-text-align-right\" data-align=\"right\">4 Personen<\/td><\/tr><tr><td>5 Monate: ab Mai bis September<\/td><td class=\"has-text-align-right\" data-align=\"right\">&nbsp;2.100,00 \u20ac<\/td><td class=\"has-text-align-right\" data-align=\"right\">4 Personen<\/td><\/tr><tr><td>Jahresvertrag<\/td><td class=\"has-text-align-right\" data-align=\"right\">&nbsp;2.800,00 \u20ac<\/td><td class=\"has-text-align-right\" data-align=\"right\">4 Personen<\/td><\/tr><\/tbody><\/table><figcaption class=\"wp-element-caption\">Toiletten, Duschen, Strom, Hallenbad und Animation (nur Juni und August) sind im Preis inbegriffen<\/figcaption><\/figure>\n<\/div>\n<\/div>\n\n\n\n<div class=\"wp-block-columns is-layout-flex wp-container-core-columns-is-layout-9d6595d7 wp-block-columns-is-layout-flex\">\n<div class=\"wp-block-column is-layout-flow wp-block-column-is-layout-flow\">\n<h2 class=\"wp-block-heading\">Preise Bungalows 2025<\/h2>\n\n\n\n<p>Die Preise variieren je nach Bungalowart: Small f\u00fcr 2\/3 Personem, Medium f\u00fcr 4 und Large-Xlarge f\u00fcr 4\/6<\/p>\n\n\n\n<p>Die Preise beziehen sich auf 3 Personen f\u00fcr  S und 4 Personen f\u00fcr  M, L, XL. Bei der f\u00fcnften und sechsten Person in den Bungalows  L und XL beachten Sie bitte die Stellplatzpreise f\u00fcr Erwachsene und Kinder.<\/p>\n\n\n\n<figure class=\"wp-block-table is-style-stripes\"><table class=\"has-fixed-layout\"><thead><tr><th><\/th><th class=\"has-text-align-right\" data-align=\"right\"><strong> S<\/strong><\/th><th class=\"has-text-align-right\" data-align=\"right\"><strong> M<\/strong><\/th><th class=\"has-text-align-right\" data-align=\"right\"><strong> L<\/strong><\/th><th class=\"has-text-align-right\" data-align=\"right\"><strong> XL<\/strong><\/th><\/tr><\/thead><tbody><tr><td>Eine Nacht <br>Nebensaison<br> 03\/01 &#8211; 30\/06 | 26\/08 &#8211; 23\/12, eingenommen lange Wochenenden und Feiertage<\/td><td class=\"has-text-align-right\" data-align=\"right\">\u20ac 78,00<\/td><td class=\"has-text-align-right\" data-align=\"right\">\u20ac 86,00<\/td><td class=\"has-text-align-right\" data-align=\"right\">\u20ac 93,00<\/td><td class=\"has-text-align-right\" data-align=\"right\">\u20ac 104,00<\/td><\/tr><tr><td>Eine Nacht <br>Hochsaison<br> 01\/07 &#8211; 25\/08 | 24\/12 &#8211; 02\/01, ingenommen lange Wochenenden und Feiertage<\/td><td class=\"has-text-align-right\" data-align=\"right\">\u20ac 88,00<\/td><td class=\"has-text-align-right\" data-align=\"right\">\u20ac 95,00<\/td><td class=\"has-text-align-right\" data-align=\"right\">\u20ac 102,00<\/td><td class=\"has-text-align-right\" data-align=\"right\">\u20ac 112,00<\/td><\/tr><tr><td>Zwei N\u00e4chte<br>(nur Nebensaison)<\/td><td class=\"has-text-align-right\" data-align=\"right\">\u20ac 145,00<\/td><td class=\"has-text-align-right\" data-align=\"right\">\u20ac. 160,00<\/td><td class=\"has-text-align-right\" data-align=\"right\">\u20ac 180,00<\/td><td class=\"has-text-align-right\" data-align=\"right\">\u20ac 196,00<\/td><\/tr><tr><td>Sechs N\u00e4chte<br>(nur Nebensaison)<\/td><td class=\"has-text-align-right\" data-align=\"right\">\u20ac 400,00<\/td><td class=\"has-text-align-right\" data-align=\"right\">\u20ac 430,00<\/td><td class=\"has-text-align-right\" data-align=\"right\">\u20ac 470,00<\/td><td class=\"has-text-align-right\" data-align=\"right\">\u20ac 500,00<\/td><\/tr><tr><td>Ein Monat<br>(Jan-Feb-M\u00e4r-Apr-Mai-Okt-Nov)<\/td><td class=\"has-text-align-right\" data-align=\"right\">\u20ac 650,00<\/td><td class=\"has-text-align-right\" data-align=\"right\">\u20ac 760,00<\/td><td class=\"has-text-align-right\" data-align=\"right\">\u20ac 860,00<\/td><td class=\"has-text-align-right\" data-align=\"right\">\u20ac 970,00<\/td><\/tr><tr><td>Ein Monat<br>(Jun-Sep-Dez)<\/td><td class=\"has-text-align-right\" data-align=\"right\">\u20ac 760,00<\/td><td class=\"has-text-align-right\" data-align=\"right\">\u20ac 860,00<\/td><td class=\"has-text-align-right\" data-align=\"right\">\u20ac 970,00<\/td><td class=\"has-text-align-right\" data-align=\"right\">\u20ac 1.080,00<\/td><\/tr><tr><td>Juli oder August<\/td><td class=\"has-text-align-right\" data-align=\"right\">\u20ac 1.760,00<\/td><td class=\"has-text-align-right\" data-align=\"right\">\u20ac 1980,00<\/td><td class=\"has-text-align-right\" data-align=\"right\">\u20ac 2.090,00<\/td><td class=\"has-text-align-right\" data-align=\"right\">\u20ac 2.640,00<\/td><\/tr><tr><td>Jahresvertrag<\/td><td class=\"has-text-align-right\" data-align=\"right\">\u20ac 3.850,00<\/td><td class=\"has-text-align-right\" data-align=\"right\">\u20ac 4.300,00<\/td><td class=\"has-text-align-right\" data-align=\"right\">\u20ac 4.765,00<\/td><td class=\"has-text-align-right\" data-align=\"right\">\u20ac 5.360.00<\/td><\/tr><tr><td><\/td><td class=\"has-text-align-right\" data-align=\"right\"><\/td><td class=\"has-text-align-right\" data-align=\"right\"><\/td><td class=\"has-text-align-right\" data-align=\"right\"><\/td><td class=\"has-text-align-right\" data-align=\"right\"><\/td><\/tr><\/tbody><\/table><figcaption class=\"wp-element-caption\">1 Auto, Strom, Heizung, Hallenbad und Animation (nur Juli und August) sind im Preis inbegriffen.Die Bungalows sind mit Handt\u00fccher nicht ausgestattet.<\/figcaption><\/figure>\n<\/div>\n<\/div>\n\n\n\n<p><\/p>\n","protected":false},"excerpt":{"rendered":"<p>Stellplatz-Preis 2025 Nebensaison( 03\/01 &#8211; 30\/06 | 01\/09 &#8211; 23\/12, ausgenommen lange Wochenenden und Feiertage) Hochsaison( 01\/07 &#8211; 31\/08 | 24\/12 &#8211; 02\/01, ingenommen lange Wochenenden und Feiertage) Stellplatz 11,00 \u20ac 15,00 \u20ac Erwachsene 8,00 \u20ac 10,00 \u20ac Kind (2-8,99) 7,00 \u20ac 8,00 \u20ac Auto 5,50 \u20ac 6,50 \u20ac Fahrrad 5,00 \u20ac 6,00 \u20ac Hund [&hellip;]<\/p>\n","protected":false},"author":6,"featured_media":0,"parent":4490,"menu_order":0,"comment_status":"closed","ping_status":"closed","template":"","meta":{"_acf_changed":false,"inline_featured_image":false,"_genesis_hide_title":false,"_genesis_hide_breadcrumbs":false,"_genesis_hide_singular_image":false,"_genesis_hide_footer_widgets":false,"_genesis_custom_body_class":"","_genesis_custom_post_class":"","_genesis_layout":"","footnotes":"","_links_to":"","_links_to_target":""},"class_list":{"0":"post-4499","1":"page","2":"type-page","3":"status-publish","5":"entry"},"acf":[],"yoast_head":"<!-- This site is optimized with the Yoast SEO plugin v27.2 - https:\/\/yoast.com\/product\/yoast-seo-wordpress\/ -->\n<title>Preise und Angebote 2025 - Camping Le Fonti<\/title>\n<meta name=\"robots\" content=\"index, follow, max-snippet:-1, max-image-preview:large, max-video-preview:-1\" \/>\n<link rel=\"canonical\" href=\"https:\/\/www.campinglefonti.com\/de\/reservierung\/preise-und-angebote-2025\/\" \/>\n<meta property=\"og:locale\" content=\"de_DE\" \/>\n<meta property=\"og:type\" content=\"article\" \/>\n<meta property=\"og:title\" content=\"Preise und Angebote 2025 - Camping Le Fonti\" \/>\n<meta property=\"og:description\" content=\"Stellplatz-Preis 2025 Nebensaison( 03\/01 &#8211; 30\/06 | 01\/09 &#8211; 23\/12, ausgenommen lange Wochenenden und Feiertage) Hochsaison( 01\/07 &#8211; 31\/08 | 24\/12 &#8211; 02\/01, ingenommen lange Wochenenden und Feiertage) Stellplatz 11,00 \u20ac 15,00 \u20ac Erwachsene 8,00 \u20ac 10,00 \u20ac Kind (2-8,99) 7,00 \u20ac 8,00 \u20ac Auto 5,50 \u20ac 6,50 \u20ac Fahrrad 5,00 \u20ac 6,00 \u20ac Hund [&hellip;]\" \/>\n<meta property=\"og:url\" content=\"https:\/\/www.campinglefonti.com\/de\/reservierung\/preise-und-angebote-2025\/\" \/>\n<meta property=\"og:site_name\" content=\"Camping Le Fonti\" \/>\n<meta property=\"article:modified_time\" content=\"2025-02-28T08:51:45+00:00\" \/>\n<meta property=\"og:image\" content=\"https:\/\/www.campinglefonti.com\/wp-content\/uploads\/P8140876.jpg\" \/>\n\t<meta property=\"og:image:width\" content=\"1080\" \/>\n\t<meta property=\"og:image:height\" content=\"384\" \/>\n\t<meta property=\"og:image:type\" content=\"image\/jpeg\" \/>\n<meta name=\"twitter:card\" content=\"summary_large_image\" \/>\n<meta name=\"twitter:label1\" content=\"Gesch\u00e4tzte Lesezeit\" \/>\n\t<meta name=\"twitter:data1\" content=\"3\u00a0Minuten\" \/>\n<script type=\"application\/ld+json\" class=\"yoast-schema-graph\">{\"@context\":\"https:\/\/schema.org\",\"@graph\":[{\"@type\":\"WebPage\",\"@id\":\"https:\/\/www.campinglefonti.com\/de\/reservierung\/preise-und-angebote-2025\/\",\"url\":\"https:\/\/www.campinglefonti.com\/de\/reservierung\/preise-und-angebote-2025\/\",\"name\":\"Preise und Angebote 2025 - Camping Le Fonti\",\"isPartOf\":{\"@id\":\"https:\/\/www.campinglefonti.com\/de\/#website\"},\"primaryImageOfPage\":{\"@id\":\"https:\/\/www.campinglefonti.com\/de\/reservierung\/preise-und-angebote-2025\/#primaryimage\"},\"image\":{\"@id\":\"https:\/\/www.campinglefonti.com\/de\/reservierung\/preise-und-angebote-2025\/#primaryimage\"},\"thumbnailUrl\":\"https:\/\/www.campinglefonti.com\/wp-content\/uploads\/\/P8140876-1024x364.jpg\",\"datePublished\":\"2025-02-26T11:52:50+00:00\",\"dateModified\":\"2025-02-28T08:51:45+00:00\",\"breadcrumb\":{\"@id\":\"https:\/\/www.campinglefonti.com\/de\/reservierung\/preise-und-angebote-2025\/#breadcrumb\"},\"inLanguage\":\"de\",\"potentialAction\":[{\"@type\":\"ReadAction\",\"target\":[\"https:\/\/www.campinglefonti.com\/de\/reservierung\/preise-und-angebote-2025\/\"]}]},{\"@type\":\"ImageObject\",\"inLanguage\":\"de\",\"@id\":\"https:\/\/www.campinglefonti.com\/de\/reservierung\/preise-und-angebote-2025\/#primaryimage\",\"url\":\"https:\/\/www.campinglefonti.com\/wp-content\/uploads\/\/P8140876-1024x364.jpg\",\"contentUrl\":\"https:\/\/www.campinglefonti.com\/wp-content\/uploads\/\/P8140876-1024x364.jpg\"},{\"@type\":\"BreadcrumbList\",\"@id\":\"https:\/\/www.campinglefonti.com\/de\/reservierung\/preise-und-angebote-2025\/#breadcrumb\",\"itemListElement\":[{\"@type\":\"ListItem\",\"position\":1,\"name\":\"Home\",\"item\":\"https:\/\/www.campinglefonti.com\/de\/\"},{\"@type\":\"ListItem\",\"position\":2,\"name\":\"Reservierung\",\"item\":\"https:\/\/www.campinglefonti.com\/de\/reservierung\/\"},{\"@type\":\"ListItem\",\"position\":3,\"name\":\"Preise und Angebote 2025\"}]},{\"@type\":\"WebSite\",\"@id\":\"https:\/\/www.campinglefonti.com\/de\/#website\",\"url\":\"https:\/\/www.campinglefonti.com\/de\/\",\"name\":\"Camping Le Fonti\",\"description\":\"Campeggio con bungalow e piazzole nell&#039;Appennino Reggiano\",\"publisher\":{\"@id\":\"https:\/\/www.campinglefonti.com\/de\/#organization\"},\"potentialAction\":[{\"@type\":\"SearchAction\",\"target\":{\"@type\":\"EntryPoint\",\"urlTemplate\":\"https:\/\/www.campinglefonti.com\/de\/?s={search_term_string}\"},\"query-input\":{\"@type\":\"PropertyValueSpecification\",\"valueRequired\":true,\"valueName\":\"search_term_string\"}}],\"inLanguage\":\"de\"},{\"@type\":\"Organization\",\"@id\":\"https:\/\/www.campinglefonti.com\/de\/#organization\",\"name\":\"Camping Le Fonti\",\"url\":\"https:\/\/www.campinglefonti.com\/de\/\",\"logo\":{\"@type\":\"ImageObject\",\"inLanguage\":\"de\",\"@id\":\"https:\/\/www.campinglefonti.com\/de\/#\/schema\/logo\/image\/\",\"url\":\"https:\/\/www.campinglefonti.com\/wp-content\/uploads\/logo-camping-le-fonti.svg\",\"contentUrl\":\"https:\/\/www.campinglefonti.com\/wp-content\/uploads\/logo-camping-le-fonti.svg\",\"width\":75,\"height\":71,\"caption\":\"Camping Le Fonti\"},\"image\":{\"@id\":\"https:\/\/www.campinglefonti.com\/de\/#\/schema\/logo\/image\/\"}}]}<\/script>\n<!-- \/ Yoast SEO plugin. -->","yoast_head_json":{"title":"Preise und Angebote 2025 - Camping Le Fonti","robots":{"index":"index","follow":"follow","max-snippet":"max-snippet:-1","max-image-preview":"max-image-preview:large","max-video-preview":"max-video-preview:-1"},"canonical":"https:\/\/www.campinglefonti.com\/de\/reservierung\/preise-und-angebote-2025\/","og_locale":"de_DE","og_type":"article","og_title":"Preise und Angebote 2025 - Camping Le Fonti","og_description":"Stellplatz-Preis 2025 Nebensaison( 03\/01 &#8211; 30\/06 | 01\/09 &#8211; 23\/12, ausgenommen lange Wochenenden und Feiertage) Hochsaison( 01\/07 &#8211; 31\/08 | 24\/12 &#8211; 02\/01, ingenommen lange Wochenenden und Feiertage) Stellplatz 11,00 \u20ac 15,00 \u20ac Erwachsene 8,00 \u20ac 10,00 \u20ac Kind (2-8,99) 7,00 \u20ac 8,00 \u20ac Auto 5,50 \u20ac 6,50 \u20ac Fahrrad 5,00 \u20ac 6,00 \u20ac Hund [&hellip;]","og_url":"https:\/\/www.campinglefonti.com\/de\/reservierung\/preise-und-angebote-2025\/","og_site_name":"Camping Le Fonti","article_modified_time":"2025-02-28T08:51:45+00:00","og_image":[{"width":1080,"height":384,"url":"https:\/\/www.campinglefonti.com\/wp-content\/uploads\/P8140876.jpg","type":"image\/jpeg"}],"twitter_card":"summary_large_image","twitter_misc":{"Gesch\u00e4tzte Lesezeit":"3\u00a0Minuten"},"schema":{"@context":"https:\/\/schema.org","@graph":[{"@type":"WebPage","@id":"https:\/\/www.campinglefonti.com\/de\/reservierung\/preise-und-angebote-2025\/","url":"https:\/\/www.campinglefonti.com\/de\/reservierung\/preise-und-angebote-2025\/","name":"Preise und Angebote 2025 - Camping Le Fonti","isPartOf":{"@id":"https:\/\/www.campinglefonti.com\/de\/#website"},"primaryImageOfPage":{"@id":"https:\/\/www.campinglefonti.com\/de\/reservierung\/preise-und-angebote-2025\/#primaryimage"},"image":{"@id":"https:\/\/www.campinglefonti.com\/de\/reservierung\/preise-und-angebote-2025\/#primaryimage"},"thumbnailUrl":"https:\/\/www.campinglefonti.com\/wp-content\/uploads\/\/P8140876-1024x364.jpg","datePublished":"2025-02-26T11:52:50+00:00","dateModified":"2025-02-28T08:51:45+00:00","breadcrumb":{"@id":"https:\/\/www.campinglefonti.com\/de\/reservierung\/preise-und-angebote-2025\/#breadcrumb"},"inLanguage":"de","potentialAction":[{"@type":"ReadAction","target":["https:\/\/www.campinglefonti.com\/de\/reservierung\/preise-und-angebote-2025\/"]}]},{"@type":"ImageObject","inLanguage":"de","@id":"https:\/\/www.campinglefonti.com\/de\/reservierung\/preise-und-angebote-2025\/#primaryimage","url":"https:\/\/www.campinglefonti.com\/wp-content\/uploads\/\/P8140876-1024x364.jpg","contentUrl":"https:\/\/www.campinglefonti.com\/wp-content\/uploads\/\/P8140876-1024x364.jpg"},{"@type":"BreadcrumbList","@id":"https:\/\/www.campinglefonti.com\/de\/reservierung\/preise-und-angebote-2025\/#breadcrumb","itemListElement":[{"@type":"ListItem","position":1,"name":"Home","item":"https:\/\/www.campinglefonti.com\/de\/"},{"@type":"ListItem","position":2,"name":"Reservierung","item":"https:\/\/www.campinglefonti.com\/de\/reservierung\/"},{"@type":"ListItem","position":3,"name":"Preise und Angebote 2025"}]},{"@type":"WebSite","@id":"https:\/\/www.campinglefonti.com\/de\/#website","url":"https:\/\/www.campinglefonti.com\/de\/","name":"Camping Le Fonti","description":"Campeggio con bungalow e piazzole nell&#039;Appennino Reggiano","publisher":{"@id":"https:\/\/www.campinglefonti.com\/de\/#organization"},"potentialAction":[{"@type":"SearchAction","target":{"@type":"EntryPoint","urlTemplate":"https:\/\/www.campinglefonti.com\/de\/?s={search_term_string}"},"query-input":{"@type":"PropertyValueSpecification","valueRequired":true,"valueName":"search_term_string"}}],"inLanguage":"de"},{"@type":"Organization","@id":"https:\/\/www.campinglefonti.com\/de\/#organization","name":"Camping Le Fonti","url":"https:\/\/www.campinglefonti.com\/de\/","logo":{"@type":"ImageObject","inLanguage":"de","@id":"https:\/\/www.campinglefonti.com\/de\/#\/schema\/logo\/image\/","url":"https:\/\/www.campinglefonti.com\/wp-content\/uploads\/logo-camping-le-fonti.svg","contentUrl":"https:\/\/www.campinglefonti.com\/wp-content\/uploads\/logo-camping-le-fonti.svg","width":75,"height":71,"caption":"Camping Le Fonti"},"image":{"@id":"https:\/\/www.campinglefonti.com\/de\/#\/schema\/logo\/image\/"}}]}},"_links":{"self":[{"href":"https:\/\/www.campinglefonti.com\/de\/wp-json\/wp\/v2\/pages\/4499","targetHints":{"allow":["GET"]}}],"collection":[{"href":"https:\/\/www.campinglefonti.com\/de\/wp-json\/wp\/v2\/pages"}],"about":[{"href":"https:\/\/www.campinglefonti.com\/de\/wp-json\/wp\/v2\/types\/page"}],"author":[{"embeddable":true,"href":"https:\/\/www.campinglefonti.com\/de\/wp-json\/wp\/v2\/users\/6"}],"replies":[{"embeddable":true,"href":"https:\/\/www.campinglefonti.com\/de\/wp-json\/wp\/v2\/comments?post=4499"}],"version-history":[{"count":5,"href":"https:\/\/www.campinglefonti.com\/de\/wp-json\/wp\/v2\/pages\/4499\/revisions"}],"predecessor-version":[{"id":5019,"href":"https:\/\/www.campinglefonti.com\/de\/wp-json\/wp\/v2\/pages\/4499\/revisions\/5019"}],"up":[{"embeddable":true,"href":"https:\/\/www.campinglefonti.com\/de\/wp-json\/wp\/v2\/pages\/4490"}],"wp:attachment":[{"href":"https:\/\/www.campinglefonti.com\/de\/wp-json\/wp\/v2\/media?parent=4499"}],"curies":[{"name":"wp","href":"https:\/\/api.w.org\/{rel}","templated":true}]}}