{"id":5020,"date":"2025-02-28T10:08:13","date_gmt":"2025-02-28T09:08:13","guid":{"rendered":"https:\/\/www.campinglefonti.com\/?page_id=5020"},"modified":"2025-03-09T18:48:13","modified_gmt":"2025-03-09T17:48:13","slug":"dienste","status":"publish","type":"page","link":"https:\/\/www.campinglefonti.com\/de\/dienste\/","title":{"rendered":"Dienste"},"content":{"rendered":"\n<figure class=\"wp-block-image alignfull size-large grid-section-main-image\"><img loading=\"lazy\" decoding=\"async\" width=\"1024\" height=\"683\" src=\"https:\/\/www.campinglefonti.com\/wp-content\/uploads\/\/colazionecamping-1024x683.jpg\" alt=\"\" class=\"wp-image-345\" srcset=\"https:\/\/www.campinglefonti.com\/wp-content\/uploads\/colazionecamping-1024x683.jpg 1024w, https:\/\/www.campinglefonti.com\/wp-content\/uploads\/colazionecamping-300x200.jpg 300w, https:\/\/www.campinglefonti.com\/wp-content\/uploads\/colazionecamping-768x512.jpg 768w, https:\/\/www.campinglefonti.com\/wp-content\/uploads\/colazionecamping-1536x1024.jpg 1536w, https:\/\/www.campinglefonti.com\/wp-content\/uploads\/colazionecamping-2048x1366.jpg 2048w, https:\/\/www.campinglefonti.com\/wp-content\/uploads\/colazionecamping-20x13.jpg 20w\" sizes=\"auto, (max-width: 1024px) 100vw, 1024px\" \/><\/figure>\n\n\n\n<div class=\"wp-block-columns grid-section-columns grid-section-columns-green margin-bottom--m is-layout-flex wp-container-core-columns-is-layout-9d6595d7 wp-block-columns-is-layout-flex\">\n<div class=\"wp-block-column is-layout-flow wp-block-column-is-layout-flow\">\n<figure class=\"wp-block-image size-large\"><img loading=\"lazy\" decoding=\"async\" width=\"780\" height=\"1024\" src=\"https:\/\/www.campinglefonti.com\/wp-content\/uploads\/aperitivoservizicamping-780x1024.jpg\" alt=\"\" class=\"wp-image-349\" srcset=\"https:\/\/www.campinglefonti.com\/wp-content\/uploads\/aperitivoservizicamping-780x1024.jpg 780w, https:\/\/www.campinglefonti.com\/wp-content\/uploads\/aperitivoservizicamping-228x300.jpg 228w, https:\/\/www.campinglefonti.com\/wp-content\/uploads\/aperitivoservizicamping-768x1009.jpg 768w, https:\/\/www.campinglefonti.com\/wp-content\/uploads\/aperitivoservizicamping-1169x1536.jpg 1169w, https:\/\/www.campinglefonti.com\/wp-content\/uploads\/aperitivoservizicamping-1559x2048.jpg 1559w, https:\/\/www.campinglefonti.com\/wp-content\/uploads\/aperitivoservizicamping-scaled.jpg 1949w\" sizes=\"auto, (max-width: 780px) 100vw, 780px\" \/><\/figure>\n<\/div>\n\n\n\n<div class=\"wp-block-column is-layout-flow wp-block-column-is-layout-flow\"><div class=\"yoast-breadcrumbs\"><span><span><a href=\"https:\/\/www.campinglefonti.com\/de\/\">Home<\/a><\/span> | <span class=\"breadcrumb_last\" aria-current=\"page\">Dienste<\/span><\/span><\/div>\n\n\n<h1 class=\"wp-block-heading\">Bleiben Sie immer in Guter Gesellschaft!<\/h1>\n\n\n\n<p>Genie\u00dfen Sie Fr\u00fchst\u00fccke mit duftenden Croissants, k\u00f6stliche Aperitifs vor dem Mittag- und Abendessen, aber auch einen schnellen Kaffee tags\u00fcber.<\/p>\n\n\n\n<p>Im Winter erwarten Sie k\u00f6stliche hei\u00dfe Schokolade und Kr\u00e4utertees, die Ihnen die Tage vers\u00fc\u00dfen.<\/p>\n\n\n\n<p>Im Sommer ist die Panoramaterrasse der ideale Ort f\u00fcr einen Aperitif mit Freunden.<\/p>\n<\/div>\n<\/div>\n\n\n\n<div class=\"wp-block-group is-style-light-green-bg margin-bottom--zero home-number-section\"><div class=\"wp-block-group__inner-container is-layout-flow wp-block-group-is-layout-flow\">\n<h2 class=\"wp-block-heading has-text-align-center margin-bottom--m\">Unsere Dienste:<\/h2>\n\n\n\n<div class=\"wp-block-columns is-layout-flex wp-container-core-columns-is-layout-9d6595d7 wp-block-columns-is-layout-flex\">\n<div class=\"wp-block-column is-layout-flow wp-block-column-is-layout-flow\"><div class=\"wp-block-image\">\n<figure class=\"aligncenter size-large\"><img loading=\"lazy\" decoding=\"async\" width=\"43\" height=\"43\" src=\"https:\/\/www.campinglefonti.com\/wp-content\/uploads\/\/cutlery-icon.svg\" alt=\"\" class=\"wp-image-87\"\/><\/figure><\/div>\n\n\n<p class=\"has-text-align-center\">Restaurant<\/p>\n<\/div>\n\n\n\n<div class=\"wp-block-column is-layout-flow wp-block-column-is-layout-flow\"><div class=\"wp-block-image\">\n<figure class=\"aligncenter size-large\"><img loading=\"lazy\" decoding=\"async\" width=\"44\" height=\"44\" src=\"https:\/\/www.campinglefonti.com\/wp-content\/uploads\/\/pizza-icon.svg\" alt=\"\" class=\"wp-image-88\"\/><\/figure><\/div>\n\n\n<p class=\"has-text-align-center\">Pizzeria<\/p>\n<\/div>\n\n\n\n<div class=\"wp-block-column is-layout-flow wp-block-column-is-layout-flow\"><div class=\"wp-block-image\">\n<figure class=\"aligncenter size-large\"><img loading=\"lazy\" decoding=\"async\" width=\"39\" height=\"44\" src=\"https:\/\/www.campinglefonti.com\/wp-content\/uploads\/\/coffee-icon.svg\" alt=\"\" class=\"wp-image-89\"\/><\/figure><\/div>\n\n\n<p class=\"has-text-align-center\">Bar<\/p>\n<\/div>\n\n\n\n<div class=\"wp-block-column is-layout-flow wp-block-column-is-layout-flow\"><div class=\"wp-block-image\">\n<figure class=\"aligncenter size-large\"><img loading=\"lazy\" decoding=\"async\" width=\"43\" height=\"43\" src=\"https:\/\/www.campinglefonti.com\/wp-content\/uploads\/\/shop-icon.svg\" alt=\"\" class=\"wp-image-90\"\/><\/figure><\/div>\n\n\n<p class=\"has-text-align-center\">Minimarkt<\/p>\n<\/div>\n<\/div>\n<\/div><\/div>\n\n\n\n<div style=\"height:42px\" aria-hidden=\"true\" class=\"wp-block-spacer\"><\/div>\n\n\n\n<div class=\"wp-block-columns image-on-left margin-bottom--m is-layout-flex wp-container-core-columns-is-layout-9d6595d7 wp-block-columns-is-layout-flex\">\n<div class=\"wp-block-column is-layout-flow wp-block-column-is-layout-flow\">\n<figure class=\"wp-block-image size-large\"><img loading=\"lazy\" decoding=\"async\" width=\"1024\" height=\"768\" src=\"https:\/\/www.campinglefonti.com\/wp-content\/uploads\/\/pizzacamping-1024x768.jpg\" alt=\"\" class=\"wp-image-356\" srcset=\"https:\/\/www.campinglefonti.com\/wp-content\/uploads\/pizzacamping-1024x768.jpg 1024w, https:\/\/www.campinglefonti.com\/wp-content\/uploads\/pizzacamping-300x225.jpg 300w, https:\/\/www.campinglefonti.com\/wp-content\/uploads\/pizzacamping-768x576.jpg 768w, https:\/\/www.campinglefonti.com\/wp-content\/uploads\/pizzacamping-1536x1152.jpg 1536w, https:\/\/www.campinglefonti.com\/wp-content\/uploads\/pizzacamping-2048x1536.jpg 2048w, https:\/\/www.campinglefonti.com\/wp-content\/uploads\/pizzacamping-702x526.jpg 702w, https:\/\/www.campinglefonti.com\/wp-content\/uploads\/pizzacamping-20x15.jpg 20w\" sizes=\"auto, (max-width: 1024px) 100vw, 1024px\" \/><\/figure>\n<\/div>\n\n\n\n<div class=\"wp-block-column is-layout-flow wp-block-column-is-layout-flow\">\n<h2 class=\"wp-block-heading\">Vom Minimarkt bis zur Pizzeria, damit es Ihnen an nichts fehlt<\/h2>\n\n\n\n<p><strong>Minimarkt<\/strong>&nbsp;<\/p>\n\n\n\n<p>Haben Sie etwas vergessen?<\/p>\n\n\n\n<p>Schauen Sie in unserem Minimarkt vorbei, der gut sortiert ist mit Lebensmitteln, K\u00f6rperpflegeartikeln und Freizeitaccessoires.<\/p>\n\n\n\n<p>Jeden Morgen finden Sie frisch gebackenes Brot!<\/p>\n\n\n\n<p><strong>Restaurant &#8211; Pizzeria<\/strong>&nbsp;<\/p>\n\n\n\n<p>Genie\u00dfen Sie die typischen Gerichte des toskanisch-emilianischen Apennins, eine gro\u00dfe Auswahl an Pizzen und ausgezeichnete Fischgerichte.<\/p>\n\n\n\n<p>M\u00f6chten Sie bequem in Ihrem Bungalow essen?<\/p>\n\n\n\n<p>Auch ein Takeaway-Service ist verf\u00fcgbar!<\/p>\n<\/div>\n<\/div>\n\n\n\n<figure class=\"wp-block-gallery has-nested-images columns-default is-cropped wp-block-gallery-1 is-layout-flex wp-block-gallery-is-layout-flex\">\n<figure class=\"wp-block-image size-large\"><img loading=\"lazy\" decoding=\"async\" width=\"1024\" height=\"768\" data-id=\"5433\" src=\"https:\/\/www.campinglefonti.com\/wp-content\/uploads\/\/bar2-1024x768.jpg\" alt=\"\" class=\"wp-image-5433\" srcset=\"https:\/\/www.campinglefonti.com\/wp-content\/uploads\/bar2-1024x768.jpg 1024w, https:\/\/www.campinglefonti.com\/wp-content\/uploads\/bar2-300x225.jpg 300w, https:\/\/www.campinglefonti.com\/wp-content\/uploads\/bar2-768x576.jpg 768w, https:\/\/www.campinglefonti.com\/wp-content\/uploads\/bar2-1536x1152.jpg 1536w, https:\/\/www.campinglefonti.com\/wp-content\/uploads\/bar2-702x526.jpg 702w, https:\/\/www.campinglefonti.com\/wp-content\/uploads\/bar2.jpg 2000w\" sizes=\"auto, (max-width: 1024px) 100vw, 1024px\" \/><\/figure>\n\n\n\n<figure class=\"wp-block-image size-large\"><img loading=\"lazy\" decoding=\"async\" width=\"768\" height=\"1024\" data-id=\"4763\" src=\"https:\/\/www.campinglefonti.com\/wp-content\/uploads\/bar-1.jpg\" alt=\"\" class=\"wp-image-4763\" srcset=\"https:\/\/www.campinglefonti.com\/wp-content\/uploads\/bar-1.jpg 768w, https:\/\/www.campinglefonti.com\/wp-content\/uploads\/bar-1-225x300.jpg 225w\" sizes=\"auto, (max-width: 768px) 100vw, 768px\" \/><\/figure>\n\n\n\n<figure class=\"wp-block-image size-large\"><img loading=\"lazy\" decoding=\"async\" width=\"1024\" height=\"581\" data-id=\"4768\" src=\"https:\/\/www.campinglefonti.com\/wp-content\/uploads\/\/ristorante-1024x581.jpg\" alt=\"\" class=\"wp-image-4768\" srcset=\"https:\/\/www.campinglefonti.com\/wp-content\/uploads\/ristorante-1024x581.jpg 1024w, https:\/\/www.campinglefonti.com\/wp-content\/uploads\/ristorante-300x170.jpg 300w, https:\/\/www.campinglefonti.com\/wp-content\/uploads\/ristorante-768x436.jpg 768w, https:\/\/www.campinglefonti.com\/wp-content\/uploads\/ristorante.jpg 1440w\" sizes=\"auto, (max-width: 1024px) 100vw, 1024px\" \/><\/figure>\n\n\n\n<figure class=\"wp-block-image size-large\"><img loading=\"lazy\" decoding=\"async\" width=\"1024\" height=\"681\" data-id=\"2110\" src=\"https:\/\/www.campinglefonti.com\/wp-content\/uploads\/\/terrazza-bar-1-1024x681.jpg\" alt=\"\" class=\"wp-image-2110\" srcset=\"https:\/\/www.campinglefonti.com\/wp-content\/uploads\/terrazza-bar-1-1024x681.jpg 1024w, https:\/\/www.campinglefonti.com\/wp-content\/uploads\/terrazza-bar-1-300x200.jpg 300w, https:\/\/www.campinglefonti.com\/wp-content\/uploads\/terrazza-bar-1-768x511.jpg 768w, https:\/\/www.campinglefonti.com\/wp-content\/uploads\/terrazza-bar-1-1536x1022.jpg 1536w, https:\/\/www.campinglefonti.com\/wp-content\/uploads\/terrazza-bar-1-20x13.jpg 20w, https:\/\/www.campinglefonti.com\/wp-content\/uploads\/terrazza-bar-1.jpg 1920w\" sizes=\"auto, (max-width: 1024px) 100vw, 1024px\" \/><\/figure>\n\n\n\n<figure class=\"wp-block-image size-large\"><img loading=\"lazy\" decoding=\"async\" width=\"1024\" height=\"768\" data-id=\"2107\" src=\"https:\/\/www.campinglefonti.com\/wp-content\/uploads\/\/sala-giochi-1024x768.jpg\" alt=\"\" class=\"wp-image-2107\" srcset=\"https:\/\/www.campinglefonti.com\/wp-content\/uploads\/sala-giochi-1024x768.jpg 1024w, https:\/\/www.campinglefonti.com\/wp-content\/uploads\/sala-giochi-300x225.jpg 300w, https:\/\/www.campinglefonti.com\/wp-content\/uploads\/sala-giochi-768x576.jpg 768w, https:\/\/www.campinglefonti.com\/wp-content\/uploads\/sala-giochi-1536x1152.jpg 1536w, https:\/\/www.campinglefonti.com\/wp-content\/uploads\/sala-giochi-702x526.jpg 702w, https:\/\/www.campinglefonti.com\/wp-content\/uploads\/sala-giochi-20x15.jpg 20w, https:\/\/www.campinglefonti.com\/wp-content\/uploads\/sala-giochi.jpg 1920w\" sizes=\"auto, (max-width: 1024px) 100vw, 1024px\" \/><\/figure>\n\n\n\n<figure class=\"wp-block-image size-large\"><img loading=\"lazy\" decoding=\"async\" width=\"768\" height=\"1024\" data-id=\"2111\" src=\"https:\/\/www.campinglefonti.com\/wp-content\/uploads\/\/20130616_120812-768x1024.jpg\" alt=\"\" class=\"wp-image-2111\" srcset=\"https:\/\/www.campinglefonti.com\/wp-content\/uploads\/20130616_120812-768x1024.jpg 768w, https:\/\/www.campinglefonti.com\/wp-content\/uploads\/20130616_120812-225x300.jpg 225w, https:\/\/www.campinglefonti.com\/wp-content\/uploads\/20130616_120812-1152x1536.jpg 1152w, https:\/\/www.campinglefonti.com\/wp-content\/uploads\/20130616_120812-1536x2048.jpg 1536w, https:\/\/www.campinglefonti.com\/wp-content\/uploads\/20130616_120812.jpg 1920w\" sizes=\"auto, (max-width: 768px) 100vw, 768px\" \/><\/figure>\n<\/figure>\n\n\n\n<div class=\"wp-block-group is-style-light-green-bg\"><div class=\"wp-block-group__inner-container is-layout-flow wp-block-group-is-layout-flow\">\n<p class=\"has-text-align-center\" style=\"font-size:33px\">Wir haben auch Bungalows zur Miete\nf\u00fcr Kurzaufenthalte<\/p>\n\n\n\n<p class=\"has-text-align-center\" style=\"font-size:33px\"><\/p>\n\n\n\n<div class=\"wp-block-buttons is-horizontal is-content-justification-center is-layout-flex wp-container-core-buttons-is-layout-499968f5 wp-block-buttons-is-layout-flex\">\n<div class=\"wp-block-button\"><a class=\"wp-block-button__link wp-element-button\" href=\"https:\/\/www.campinglefonti.com\/de\/kontakte\/\">Ich m\u00f6chte mehr Info haben<\/a><\/div>\n<\/div>\n<\/div><\/div>\n","protected":false},"excerpt":{"rendered":"<p>Bleiben Sie immer in Guter Gesellschaft! Genie\u00dfen Sie Fr\u00fchst\u00fccke mit duftenden Croissants, k\u00f6stliche Aperitifs vor dem Mittag- und Abendessen, aber auch einen schnellen Kaffee tags\u00fcber. Im Winter erwarten Sie k\u00f6stliche hei\u00dfe Schokolade und Kr\u00e4utertees, die Ihnen die Tage vers\u00fc\u00dfen. Im Sommer ist die Panoramaterrasse der ideale Ort f\u00fcr einen Aperitif mit Freunden. Unsere Dienste: Restaurant [&hellip;]<\/p>\n","protected":false},"author":6,"featured_media":0,"parent":0,"menu_order":6,"comment_status":"closed","ping_status":"closed","template":"","meta":{"_acf_changed":false,"inline_featured_image":false,"_genesis_hide_title":false,"_genesis_hide_breadcrumbs":false,"_genesis_hide_singular_image":false,"_genesis_hide_footer_widgets":false,"_genesis_custom_body_class":"","_genesis_custom_post_class":"","_genesis_layout":"","footnotes":"","_links_to":"","_links_to_target":""},"class_list":{"0":"post-5020","1":"page","2":"type-page","3":"status-publish","5":"entry"},"acf":[],"yoast_head":"<!-- This site is optimized with the Yoast SEO plugin v27.2 - https:\/\/yoast.com\/product\/yoast-seo-wordpress\/ -->\n<title>Dienste - Camping Le Fonti<\/title>\n<meta name=\"robots\" content=\"index, follow, max-snippet:-1, max-image-preview:large, max-video-preview:-1\" \/>\n<link rel=\"canonical\" href=\"https:\/\/www.campinglefonti.com\/de\/dienste\/\" \/>\n<meta property=\"og:locale\" content=\"de_DE\" \/>\n<meta property=\"og:type\" content=\"article\" \/>\n<meta property=\"og:title\" content=\"Dienste - Camping Le Fonti\" \/>\n<meta property=\"og:description\" content=\"Bleiben Sie immer in Guter Gesellschaft! Genie\u00dfen Sie Fr\u00fchst\u00fccke mit duftenden Croissants, k\u00f6stliche Aperitifs vor dem Mittag- und Abendessen, aber auch einen schnellen Kaffee tags\u00fcber. Im Winter erwarten Sie k\u00f6stliche hei\u00dfe Schokolade und Kr\u00e4utertees, die Ihnen die Tage vers\u00fc\u00dfen. Im Sommer ist die Panoramaterrasse der ideale Ort f\u00fcr einen Aperitif mit Freunden. Unsere Dienste: Restaurant [&hellip;]\" \/>\n<meta property=\"og:url\" content=\"https:\/\/www.campinglefonti.com\/de\/dienste\/\" \/>\n<meta property=\"og:site_name\" content=\"Camping Le Fonti\" \/>\n<meta property=\"article:modified_time\" content=\"2025-03-09T17:48:13+00:00\" \/>\n<meta property=\"og:image\" content=\"https:\/\/www.campinglefonti.com\/wp-content\/uploads\/colazionecamping.jpg\" \/>\n\t<meta property=\"og:image:width\" content=\"2500\" \/>\n\t<meta property=\"og:image:height\" content=\"1667\" \/>\n\t<meta property=\"og:image:type\" content=\"image\/jpeg\" \/>\n<meta name=\"twitter:card\" content=\"summary_large_image\" \/>\n<meta name=\"twitter:label1\" content=\"Gesch\u00e4tzte Lesezeit\" \/>\n\t<meta name=\"twitter:data1\" content=\"4\u00a0Minuten\" \/>\n<script type=\"application\/ld+json\" class=\"yoast-schema-graph\">{\"@context\":\"https:\/\/schema.org\",\"@graph\":[{\"@type\":\"WebPage\",\"@id\":\"https:\/\/www.campinglefonti.com\/de\/dienste\/\",\"url\":\"https:\/\/www.campinglefonti.com\/de\/dienste\/\",\"name\":\"Dienste - Camping Le Fonti\",\"isPartOf\":{\"@id\":\"https:\/\/www.campinglefonti.com\/de\/#website\"},\"primaryImageOfPage\":{\"@id\":\"https:\/\/www.campinglefonti.com\/de\/dienste\/#primaryimage\"},\"image\":{\"@id\":\"https:\/\/www.campinglefonti.com\/de\/dienste\/#primaryimage\"},\"thumbnailUrl\":\"https:\/\/www.campinglefonti.com\/wp-content\/uploads\/\/colazionecamping-1024x683.jpg\",\"datePublished\":\"2025-02-28T09:08:13+00:00\",\"dateModified\":\"2025-03-09T17:48:13+00:00\",\"breadcrumb\":{\"@id\":\"https:\/\/www.campinglefonti.com\/de\/dienste\/#breadcrumb\"},\"inLanguage\":\"de\",\"potentialAction\":[{\"@type\":\"ReadAction\",\"target\":[\"https:\/\/www.campinglefonti.com\/de\/dienste\/\"]}]},{\"@type\":\"ImageObject\",\"inLanguage\":\"de\",\"@id\":\"https:\/\/www.campinglefonti.com\/de\/dienste\/#primaryimage\",\"url\":\"https:\/\/www.campinglefonti.com\/wp-content\/uploads\/\/colazionecamping-1024x683.jpg\",\"contentUrl\":\"https:\/\/www.campinglefonti.com\/wp-content\/uploads\/\/colazionecamping-1024x683.jpg\"},{\"@type\":\"BreadcrumbList\",\"@id\":\"https:\/\/www.campinglefonti.com\/de\/dienste\/#breadcrumb\",\"itemListElement\":[{\"@type\":\"ListItem\",\"position\":1,\"name\":\"Home\",\"item\":\"https:\/\/www.campinglefonti.com\/de\/\"},{\"@type\":\"ListItem\",\"position\":2,\"name\":\"Dienste\"}]},{\"@type\":\"WebSite\",\"@id\":\"https:\/\/www.campinglefonti.com\/de\/#website\",\"url\":\"https:\/\/www.campinglefonti.com\/de\/\",\"name\":\"Camping Le Fonti\",\"description\":\"Campeggio con bungalow e piazzole nell&#039;Appennino Reggiano\",\"publisher\":{\"@id\":\"https:\/\/www.campinglefonti.com\/de\/#organization\"},\"potentialAction\":[{\"@type\":\"SearchAction\",\"target\":{\"@type\":\"EntryPoint\",\"urlTemplate\":\"https:\/\/www.campinglefonti.com\/de\/?s={search_term_string}\"},\"query-input\":{\"@type\":\"PropertyValueSpecification\",\"valueRequired\":true,\"valueName\":\"search_term_string\"}}],\"inLanguage\":\"de\"},{\"@type\":\"Organization\",\"@id\":\"https:\/\/www.campinglefonti.com\/de\/#organization\",\"name\":\"Camping Le Fonti\",\"url\":\"https:\/\/www.campinglefonti.com\/de\/\",\"logo\":{\"@type\":\"ImageObject\",\"inLanguage\":\"de\",\"@id\":\"https:\/\/www.campinglefonti.com\/de\/#\/schema\/logo\/image\/\",\"url\":\"https:\/\/www.campinglefonti.com\/wp-content\/uploads\/logo-camping-le-fonti.svg\",\"contentUrl\":\"https:\/\/www.campinglefonti.com\/wp-content\/uploads\/logo-camping-le-fonti.svg\",\"width\":75,\"height\":71,\"caption\":\"Camping Le Fonti\"},\"image\":{\"@id\":\"https:\/\/www.campinglefonti.com\/de\/#\/schema\/logo\/image\/\"}}]}<\/script>\n<!-- \/ Yoast SEO plugin. -->","yoast_head_json":{"title":"Dienste - Camping Le Fonti","robots":{"index":"index","follow":"follow","max-snippet":"max-snippet:-1","max-image-preview":"max-image-preview:large","max-video-preview":"max-video-preview:-1"},"canonical":"https:\/\/www.campinglefonti.com\/de\/dienste\/","og_locale":"de_DE","og_type":"article","og_title":"Dienste - Camping Le Fonti","og_description":"Bleiben Sie immer in Guter Gesellschaft! Genie\u00dfen Sie Fr\u00fchst\u00fccke mit duftenden Croissants, k\u00f6stliche Aperitifs vor dem Mittag- und Abendessen, aber auch einen schnellen Kaffee tags\u00fcber. Im Winter erwarten Sie k\u00f6stliche hei\u00dfe Schokolade und Kr\u00e4utertees, die Ihnen die Tage vers\u00fc\u00dfen. Im Sommer ist die Panoramaterrasse der ideale Ort f\u00fcr einen Aperitif mit Freunden. Unsere Dienste: Restaurant [&hellip;]","og_url":"https:\/\/www.campinglefonti.com\/de\/dienste\/","og_site_name":"Camping Le Fonti","article_modified_time":"2025-03-09T17:48:13+00:00","og_image":[{"width":2500,"height":1667,"url":"https:\/\/www.campinglefonti.com\/wp-content\/uploads\/colazionecamping.jpg","type":"image\/jpeg"}],"twitter_card":"summary_large_image","twitter_misc":{"Gesch\u00e4tzte Lesezeit":"4\u00a0Minuten"},"schema":{"@context":"https:\/\/schema.org","@graph":[{"@type":"WebPage","@id":"https:\/\/www.campinglefonti.com\/de\/dienste\/","url":"https:\/\/www.campinglefonti.com\/de\/dienste\/","name":"Dienste - Camping Le Fonti","isPartOf":{"@id":"https:\/\/www.campinglefonti.com\/de\/#website"},"primaryImageOfPage":{"@id":"https:\/\/www.campinglefonti.com\/de\/dienste\/#primaryimage"},"image":{"@id":"https:\/\/www.campinglefonti.com\/de\/dienste\/#primaryimage"},"thumbnailUrl":"https:\/\/www.campinglefonti.com\/wp-content\/uploads\/\/colazionecamping-1024x683.jpg","datePublished":"2025-02-28T09:08:13+00:00","dateModified":"2025-03-09T17:48:13+00:00","breadcrumb":{"@id":"https:\/\/www.campinglefonti.com\/de\/dienste\/#breadcrumb"},"inLanguage":"de","potentialAction":[{"@type":"ReadAction","target":["https:\/\/www.campinglefonti.com\/de\/dienste\/"]}]},{"@type":"ImageObject","inLanguage":"de","@id":"https:\/\/www.campinglefonti.com\/de\/dienste\/#primaryimage","url":"https:\/\/www.campinglefonti.com\/wp-content\/uploads\/\/colazionecamping-1024x683.jpg","contentUrl":"https:\/\/www.campinglefonti.com\/wp-content\/uploads\/\/colazionecamping-1024x683.jpg"},{"@type":"BreadcrumbList","@id":"https:\/\/www.campinglefonti.com\/de\/dienste\/#breadcrumb","itemListElement":[{"@type":"ListItem","position":1,"name":"Home","item":"https:\/\/www.campinglefonti.com\/de\/"},{"@type":"ListItem","position":2,"name":"Dienste"}]},{"@type":"WebSite","@id":"https:\/\/www.campinglefonti.com\/de\/#website","url":"https:\/\/www.campinglefonti.com\/de\/","name":"Camping Le Fonti","description":"Campeggio con bungalow e piazzole nell&#039;Appennino Reggiano","publisher":{"@id":"https:\/\/www.campinglefonti.com\/de\/#organization"},"potentialAction":[{"@type":"SearchAction","target":{"@type":"EntryPoint","urlTemplate":"https:\/\/www.campinglefonti.com\/de\/?s={search_term_string}"},"query-input":{"@type":"PropertyValueSpecification","valueRequired":true,"valueName":"search_term_string"}}],"inLanguage":"de"},{"@type":"Organization","@id":"https:\/\/www.campinglefonti.com\/de\/#organization","name":"Camping Le Fonti","url":"https:\/\/www.campinglefonti.com\/de\/","logo":{"@type":"ImageObject","inLanguage":"de","@id":"https:\/\/www.campinglefonti.com\/de\/#\/schema\/logo\/image\/","url":"https:\/\/www.campinglefonti.com\/wp-content\/uploads\/logo-camping-le-fonti.svg","contentUrl":"https:\/\/www.campinglefonti.com\/wp-content\/uploads\/logo-camping-le-fonti.svg","width":75,"height":71,"caption":"Camping Le Fonti"},"image":{"@id":"https:\/\/www.campinglefonti.com\/de\/#\/schema\/logo\/image\/"}}]}},"_links":{"self":[{"href":"https:\/\/www.campinglefonti.com\/de\/wp-json\/wp\/v2\/pages\/5020","targetHints":{"allow":["GET"]}}],"collection":[{"href":"https:\/\/www.campinglefonti.com\/de\/wp-json\/wp\/v2\/pages"}],"about":[{"href":"https:\/\/www.campinglefonti.com\/de\/wp-json\/wp\/v2\/types\/page"}],"author":[{"embeddable":true,"href":"https:\/\/www.campinglefonti.com\/de\/wp-json\/wp\/v2\/users\/6"}],"replies":[{"embeddable":true,"href":"https:\/\/www.campinglefonti.com\/de\/wp-json\/wp\/v2\/comments?post=5020"}],"version-history":[{"count":4,"href":"https:\/\/www.campinglefonti.com\/de\/wp-json\/wp\/v2\/pages\/5020\/revisions"}],"predecessor-version":[{"id":5443,"href":"https:\/\/www.campinglefonti.com\/de\/wp-json\/wp\/v2\/pages\/5020\/revisions\/5443"}],"wp:attachment":[{"href":"https:\/\/www.campinglefonti.com\/de\/wp-json\/wp\/v2\/media?parent=5020"}],"curies":[{"name":"wp","href":"https:\/\/api.w.org\/{rel}","templated":true}]}}