{"id":5026,"date":"2025-02-28T10:20:54","date_gmt":"2025-02-28T09:20:54","guid":{"rendered":"https:\/\/www.campinglefonti.com\/?page_id=5026"},"modified":"2025-02-28T10:20:54","modified_gmt":"2025-02-28T09:20:54","slug":"geschichte-und-kultur","status":"publish","type":"page","link":"https:\/\/www.campinglefonti.com\/de\/in-der-umgebung\/geschichte-und-kultur\/","title":{"rendered":"Geschichte und Kultur"},"content":{"rendered":"\n<figure class=\"wp-block-image alignfull size-large grid-section-main-image\"><img loading=\"lazy\" decoding=\"async\" width=\"1024\" height=\"768\" src=\"https:\/\/www.campinglefonti.com\/wp-content\/uploads\/campinglefontistoria-1024x768.jpg\" alt=\"\" class=\"wp-image-488\" srcset=\"https:\/\/www.campinglefonti.com\/wp-content\/uploads\/campinglefontistoria-1024x768.jpg 1024w, https:\/\/www.campinglefonti.com\/wp-content\/uploads\/campinglefontistoria-300x225.jpg 300w, https:\/\/www.campinglefonti.com\/wp-content\/uploads\/campinglefontistoria-768x576.jpg 768w, https:\/\/www.campinglefonti.com\/wp-content\/uploads\/campinglefontistoria-1536x1152.jpg 1536w, https:\/\/www.campinglefonti.com\/wp-content\/uploads\/campinglefontistoria-2048x1536.jpg 2048w, https:\/\/www.campinglefonti.com\/wp-content\/uploads\/campinglefontistoria-702x526.jpg 702w\" sizes=\"auto, (max-width: 1024px) 100vw, 1024px\" \/><\/figure>\n\n\n\n<div class=\"wp-block-columns grid-section-columns grid-section-columns-green margin-bottom--m is-layout-flex wp-container-core-columns-is-layout-9d6595d7 wp-block-columns-is-layout-flex\">\n<div class=\"wp-block-column is-layout-flow wp-block-column-is-layout-flow\">\n<figure class=\"wp-block-image size-large\"><img loading=\"lazy\" decoding=\"async\" width=\"768\" height=\"1024\" src=\"https:\/\/www.campinglefonti.com\/wp-content\/uploads\/\/P6300020-768x1024.jpg\" alt=\"\" class=\"wp-image-2639\" srcset=\"https:\/\/www.campinglefonti.com\/wp-content\/uploads\/P6300020-768x1024.jpg 768w, https:\/\/www.campinglefonti.com\/wp-content\/uploads\/P6300020-225x300.jpg 225w, https:\/\/www.campinglefonti.com\/wp-content\/uploads\/P6300020-1152x1536.jpg 1152w, https:\/\/www.campinglefonti.com\/wp-content\/uploads\/P6300020-1536x2048.jpg 1536w, https:\/\/www.campinglefonti.com\/wp-content\/uploads\/P6300020-scaled.jpg 1920w\" sizes=\"auto, (max-width: 768px) 100vw, 768px\" \/><\/figure>\n<\/div>\n\n\n\n<div class=\"wp-block-column is-layout-flow wp-block-column-is-layout-flow\"><div class=\"yoast-breadcrumbs\"><span><span><a href=\"https:\/\/www.campinglefonti.com\/de\/\">Home<\/a><\/span> | <span><a href=\"https:\/\/www.campinglefonti.com\/de\/in-der-umgebung\/\">In der Umgebung<\/a><\/span> | <span class=\"breadcrumb_last\" aria-current=\"page\">Geschichte und Kultur<\/span><\/span><\/div>\n\n\n<h1 class=\"wp-block-heading\">Mit seinen Burgen, Pfarrkirchen und D\u00f6rfern ist der Apennin von Reggio Emilia ein Gebiet reich an Geschichte und Kultur.<\/h1>\n\n\n\n<p>Ein Besuch im Apennin von Reggio Emilia ist ein bisschen wie die Suche nach den Zeichen des Menschen, der Geschichte und der Zeit in einer sich ver\u00e4ndernden Landschaft, deren Ausdrucksformen vielf\u00e4ltig sind und von den niedrigen H\u00fcgeln bis zu den h\u00f6chsten Gipfeln des Gebirgskamms reichen, die ihre Wurzeln und Treue zu Traditionen tragen, die in der nat\u00fcrlichen Umgebung eingepr\u00e4gt sind.<\/p>\n<\/div>\n<\/div>\n\n\n\n<div class=\"wp-block-columns image-on-left margin-bottom--m is-layout-flex wp-container-core-columns-is-layout-9d6595d7 wp-block-columns-is-layout-flex\">\n<div class=\"wp-block-column is-layout-flow wp-block-column-is-layout-flow\">\n<figure class=\"wp-block-image alignfull size-full\"><img loading=\"lazy\" decoding=\"async\" width=\"800\" height=\"600\" src=\"https:\/\/www.campinglefonti.com\/wp-content\/uploads\/museo-del-sughero.jpeg\" alt=\"\" class=\"wp-image-4982\" srcset=\"https:\/\/www.campinglefonti.com\/wp-content\/uploads\/museo-del-sughero.jpeg 800w, https:\/\/www.campinglefonti.com\/wp-content\/uploads\/museo-del-sughero-300x225.jpeg 300w, https:\/\/www.campinglefonti.com\/wp-content\/uploads\/museo-del-sughero-768x576.jpeg 768w, https:\/\/www.campinglefonti.com\/wp-content\/uploads\/museo-del-sughero-702x526.jpeg 702w\" sizes=\"auto, (max-width: 800px) 100vw, 800px\" \/><\/figure>\n<\/div>\n\n\n\n<div class=\"wp-block-column is-layout-flow wp-block-column-is-layout-flow\">\n<h2 class=\"wp-block-heading\">Korkmuseum \u2013 Tourismusb\u00fcro<\/h2>\n\n\n\n<p>Museo sito in centro a Cervarezza Terme che vi far\u00e0 scoprire la storia e la lavorazione del sughero. Di fianco \u00e8 collocato l\u2019ufficio informazioni turistiche. <a href=\"http:\/\/www.appenninoreggiano.it\/schede.asp?lang=it&amp;d=museo-del-sughero-di-cervarezza\" target=\"_blank\" rel=\"noreferrer noopener\">cliccate qui<\/a> per maggiori informazioni<\/p>\n\n\n\n<h2 class=\"wp-block-heading\">Parco dell\u2019arte<\/h2>\n\n\n\n<p>Anmutiges und famili\u00e4res Gartenlabor, in dem Sie viele Statuen aus verschiedenen Holz- und Steinarten bewundern k\u00f6nnen. <\/p>\n\n\n\n<h2 class=\"wp-block-heading\">Il Vascello del Monsignore \u2013 alte Essigfabrik<\/h2>\n\n\n\n<p>In der Essigfabrik besteht nicht nur die M\u00f6glichkeit, Essig zu verkosten und zu kaufen, sondern auch an F\u00fchrungen teilzunehmen.<\/p>\n\n\n\n<p>Weitere Informationen und Fahrpl\u00e4ne finden Sie  <a href=\"http:\/\/www.ilvascellodelmonsignore.com\/\" target=\"_blank\" rel=\"noreferrer noopener\">hier<\/a><\/p>\n<\/div>\n<\/div>\n\n\n\n<div class=\"wp-block-columns margin-bottom--m is-layout-flex wp-container-core-columns-is-layout-9d6595d7 wp-block-columns-is-layout-flex\">\n<div class=\"wp-block-column is-layout-flow wp-block-column-is-layout-flow\">\n<figure class=\"wp-block-image size-large\"><img loading=\"lazy\" decoding=\"async\" width=\"1024\" height=\"677\" src=\"https:\/\/www.campinglefonti.com\/wp-content\/uploads\/\/parcoarte1-1-1024x677.jpg\" alt=\"\" class=\"wp-image-496\" srcset=\"https:\/\/www.campinglefonti.com\/wp-content\/uploads\/parcoarte1-1-1024x677.jpg 1024w, https:\/\/www.campinglefonti.com\/wp-content\/uploads\/parcoarte1-1-300x198.jpg 300w, https:\/\/www.campinglefonti.com\/wp-content\/uploads\/parcoarte1-1-768x508.jpg 768w, https:\/\/www.campinglefonti.com\/wp-content\/uploads\/parcoarte1-1-1536x1015.jpg 1536w, https:\/\/www.campinglefonti.com\/wp-content\/uploads\/parcoarte1-1-20x13.jpg 20w, https:\/\/www.campinglefonti.com\/wp-content\/uploads\/parcoarte1-1.jpg 2000w\" sizes=\"auto, (max-width: 1024px) 100vw, 1024px\" \/><\/figure>\n\n\n\n<figure class=\"wp-block-image size-full\"><img loading=\"lazy\" decoding=\"async\" width=\"800\" height=\"600\" src=\"https:\/\/www.campinglefonti.com\/wp-content\/uploads\/antica-acetaia.jpeg\" alt=\"\" class=\"wp-image-4988\" srcset=\"https:\/\/www.campinglefonti.com\/wp-content\/uploads\/antica-acetaia.jpeg 800w, https:\/\/www.campinglefonti.com\/wp-content\/uploads\/antica-acetaia-300x225.jpeg 300w, https:\/\/www.campinglefonti.com\/wp-content\/uploads\/antica-acetaia-768x576.jpeg 768w, https:\/\/www.campinglefonti.com\/wp-content\/uploads\/antica-acetaia-702x526.jpeg 702w\" sizes=\"auto, (max-width: 800px) 100vw, 800px\" \/><\/figure>\n<\/div>\n\n\n\n<div class=\"wp-block-column is-layout-flow wp-block-column-is-layout-flow\">\n<figure class=\"wp-block-image size-large\"><img loading=\"lazy\" decoding=\"async\" width=\"1024\" height=\"677\" src=\"https:\/\/www.campinglefonti.com\/wp-content\/uploads\/\/parcoarte2-1024x677.jpg\" alt=\"\" class=\"wp-image-497\" srcset=\"https:\/\/www.campinglefonti.com\/wp-content\/uploads\/parcoarte2-1024x677.jpg 1024w, https:\/\/www.campinglefonti.com\/wp-content\/uploads\/parcoarte2-300x198.jpg 300w, https:\/\/www.campinglefonti.com\/wp-content\/uploads\/parcoarte2-768x508.jpg 768w, https:\/\/www.campinglefonti.com\/wp-content\/uploads\/parcoarte2-1536x1015.jpg 1536w, https:\/\/www.campinglefonti.com\/wp-content\/uploads\/parcoarte2-20x13.jpg 20w, https:\/\/www.campinglefonti.com\/wp-content\/uploads\/parcoarte2.jpg 2000w\" sizes=\"auto, (max-width: 1024px) 100vw, 1024px\" \/><\/figure>\n\n\n\n<figure class=\"wp-block-image size-full\"><img loading=\"lazy\" decoding=\"async\" width=\"1024\" height=\"768\" src=\"https:\/\/www.campinglefonti.com\/wp-content\/uploads\/paesaggio.jpg\" alt=\"\" class=\"wp-image-4977\" srcset=\"https:\/\/www.campinglefonti.com\/wp-content\/uploads\/paesaggio.jpg 1024w, https:\/\/www.campinglefonti.com\/wp-content\/uploads\/paesaggio-300x225.jpg 300w, https:\/\/www.campinglefonti.com\/wp-content\/uploads\/paesaggio-768x576.jpg 768w, https:\/\/www.campinglefonti.com\/wp-content\/uploads\/paesaggio-702x526.jpg 702w\" sizes=\"auto, (max-width: 1024px) 100vw, 1024px\" \/><\/figure>\n<\/div>\n<\/div>\n\n\n\n<h2 class=\"wp-block-heading has-text-align-center\">Toskanisch-Emilianischer Nationalpark<\/h2>\n\n\n\n<div class=\"wp-block-columns margin-bottom--m is-layout-flex wp-container-core-columns-is-layout-9d6595d7 wp-block-columns-is-layout-flex\">\n<div class=\"wp-block-column is-layout-flow wp-block-column-is-layout-flow\">\n<figure class=\"wp-block-image size-large is-resized\"><img loading=\"lazy\" decoding=\"async\" width=\"1024\" height=\"576\" src=\"https:\/\/www.campinglefonti.com\/wp-content\/uploads\/\/20140802_141708-1024x576.jpg\" alt=\"\" class=\"wp-image-2993\" style=\"width:1024px;height:677px\" srcset=\"https:\/\/www.campinglefonti.com\/wp-content\/uploads\/20140802_141708-1024x576.jpg 1024w, https:\/\/www.campinglefonti.com\/wp-content\/uploads\/20140802_141708-300x169.jpg 300w, https:\/\/www.campinglefonti.com\/wp-content\/uploads\/20140802_141708-768x432.jpg 768w, https:\/\/www.campinglefonti.com\/wp-content\/uploads\/20140802_141708-1536x864.jpg 1536w, https:\/\/www.campinglefonti.com\/wp-content\/uploads\/20140802_141708-2048x1152.jpg 2048w\" sizes=\"auto, (max-width: 1024px) 100vw, 1024px\" \/><\/figure>\n\n\n\n<p><\/p>\n<\/div>\n\n\n\n<div class=\"wp-block-column is-layout-flow wp-block-column-is-layout-flow\">\n<p>Der Apennin, der sich zwischen dem toskanischen Meer und der Ebene der Emilia erhebt, atmet die Luft Europas und des Mittelmeers.<br>Der Grat verl\u00e4uft entlang der Kante von 2000 Metern.<br>Es ist ein Weg, der zwischen zwei Welten schwebt, die im Laufe der vier Jahreszeiten Farben, Emotionen, D\u00fcfte und Perspektiven ver\u00e4ndern, auf den Kopf stellen und neu erschaffen.<br>Ein Gro\u00dfteil der italienischen Artenvielfalt ist hier konzentriert, was durch die N\u00e4he der europ\u00e4ischen und mediterranen Klimazonen beg\u00fcnstigt wird.<br>Heute gibt es immer mehr Touristen und Wanderer, mit Stiefeln, St\u00f6cken, Schneeschuhen oder Steigeisen, Skiern und Fahrr\u00e4dern. Jeder kann w\u00e4hlen, wie er diese Welt erkunden m\u00f6chte, die seit jeher bewohnt ist und in engem Kontakt mit der Natur und den Jahreszeiten lebt, die jeden Tag eine andere Tagesordnung vorgeben.<\/p>\n<\/div>\n<\/div>\n\n\n\n<p><\/p>\n\n\n\n<div class=\"wp-block-group is-style-light-green-bg\"><div class=\"wp-block-group__inner-container is-layout-flow wp-block-group-is-layout-flow\">\n<p class=\"has-text-align-center\" style=\"font-size:33px\">Unsere Mitarbeiter geben Ihnen gerne alle Informationen, die Sie f\u00fcr einen Besuch des <a href=\"http:\/\/www.parcoappennino.it\/index.php\">Reggio Emilia Apennins und des toskanisch-emilianischen Nationalparks<\/a> ben\u00f6tigen<\/p>\n\n\n\n<p class=\"has-text-align-center\" style=\"font-size:33px\"><\/p>\n\n\n\n<div class=\"wp-block-buttons is-horizontal is-content-justification-center is-layout-flex wp-container-core-buttons-is-layout-499968f5 wp-block-buttons-is-layout-flex\">\n<div class=\"wp-block-button\"><a class=\"wp-block-button__link wp-element-button\" href=\"mailto:info@campinglefonti.com\">Ich m\u00f6chte mehr Info haben<\/a><\/div>\n<\/div>\n\n\n\n<p><\/p>\n<\/div><\/div>\n","protected":false},"excerpt":{"rendered":"<p>Mit seinen Burgen, Pfarrkirchen und D\u00f6rfern ist der Apennin von Reggio Emilia ein Gebiet reich an Geschichte und Kultur. Ein Besuch im Apennin von Reggio Emilia ist ein bisschen wie die Suche nach den Zeichen des Menschen, der Geschichte und der Zeit in einer sich ver\u00e4ndernden Landschaft, deren Ausdrucksformen vielf\u00e4ltig sind und von den niedrigen [&hellip;]<\/p>\n","protected":false},"author":6,"featured_media":0,"parent":4506,"menu_order":0,"comment_status":"closed","ping_status":"closed","template":"","meta":{"_acf_changed":false,"inline_featured_image":false,"_genesis_hide_title":false,"_genesis_hide_breadcrumbs":false,"_genesis_hide_singular_image":false,"_genesis_hide_footer_widgets":false,"_genesis_custom_body_class":"","_genesis_custom_post_class":"","_genesis_layout":"","footnotes":"","_links_to":"","_links_to_target":""},"class_list":{"0":"post-5026","1":"page","2":"type-page","3":"status-publish","5":"entry"},"acf":[],"yoast_head":"<!-- This site is optimized with the Yoast SEO plugin v27.2 - https:\/\/yoast.com\/product\/yoast-seo-wordpress\/ -->\n<title>Geschichte und Kultur - Camping Le Fonti<\/title>\n<meta name=\"robots\" content=\"index, follow, max-snippet:-1, max-image-preview:large, max-video-preview:-1\" \/>\n<link rel=\"canonical\" href=\"https:\/\/www.campinglefonti.com\/de\/in-der-umgebung\/geschichte-und-kultur\/\" \/>\n<meta property=\"og:locale\" content=\"de_DE\" \/>\n<meta property=\"og:type\" content=\"article\" \/>\n<meta property=\"og:title\" content=\"Geschichte und Kultur - Camping Le Fonti\" \/>\n<meta property=\"og:description\" content=\"Mit seinen Burgen, Pfarrkirchen und D\u00f6rfern ist der Apennin von Reggio Emilia ein Gebiet reich an Geschichte und Kultur. Ein Besuch im Apennin von Reggio Emilia ist ein bisschen wie die Suche nach den Zeichen des Menschen, der Geschichte und der Zeit in einer sich ver\u00e4ndernden Landschaft, deren Ausdrucksformen vielf\u00e4ltig sind und von den niedrigen [&hellip;]\" \/>\n<meta property=\"og:url\" content=\"https:\/\/www.campinglefonti.com\/de\/in-der-umgebung\/geschichte-und-kultur\/\" \/>\n<meta property=\"og:site_name\" content=\"Camping Le Fonti\" \/>\n<meta property=\"og:image\" content=\"https:\/\/www.campinglefonti.com\/wp-content\/uploads\/campinglefontistoria-scaled.jpg\" \/>\n\t<meta property=\"og:image:width\" content=\"2560\" \/>\n\t<meta property=\"og:image:height\" content=\"1920\" \/>\n\t<meta property=\"og:image:type\" content=\"image\/jpeg\" \/>\n<meta name=\"twitter:card\" content=\"summary_large_image\" \/>\n<meta name=\"twitter:label1\" content=\"Gesch\u00e4tzte Lesezeit\" \/>\n\t<meta name=\"twitter:data1\" content=\"4\u00a0Minuten\" \/>\n<script type=\"application\/ld+json\" class=\"yoast-schema-graph\">{\"@context\":\"https:\/\/schema.org\",\"@graph\":[{\"@type\":\"WebPage\",\"@id\":\"https:\/\/www.campinglefonti.com\/de\/in-der-umgebung\/geschichte-und-kultur\/\",\"url\":\"https:\/\/www.campinglefonti.com\/de\/in-der-umgebung\/geschichte-und-kultur\/\",\"name\":\"Geschichte und Kultur - Camping Le Fonti\",\"isPartOf\":{\"@id\":\"https:\/\/www.campinglefonti.com\/de\/#website\"},\"primaryImageOfPage\":{\"@id\":\"https:\/\/www.campinglefonti.com\/de\/in-der-umgebung\/geschichte-und-kultur\/#primaryimage\"},\"image\":{\"@id\":\"https:\/\/www.campinglefonti.com\/de\/in-der-umgebung\/geschichte-und-kultur\/#primaryimage\"},\"thumbnailUrl\":\"https:\/\/www.campinglefonti.com\/wp-content\/uploads\/campinglefontistoria-1024x768.jpg\",\"datePublished\":\"2025-02-28T09:20:54+00:00\",\"breadcrumb\":{\"@id\":\"https:\/\/www.campinglefonti.com\/de\/in-der-umgebung\/geschichte-und-kultur\/#breadcrumb\"},\"inLanguage\":\"de\",\"potentialAction\":[{\"@type\":\"ReadAction\",\"target\":[\"https:\/\/www.campinglefonti.com\/de\/in-der-umgebung\/geschichte-und-kultur\/\"]}]},{\"@type\":\"ImageObject\",\"inLanguage\":\"de\",\"@id\":\"https:\/\/www.campinglefonti.com\/de\/in-der-umgebung\/geschichte-und-kultur\/#primaryimage\",\"url\":\"https:\/\/www.campinglefonti.com\/wp-content\/uploads\/campinglefontistoria-1024x768.jpg\",\"contentUrl\":\"https:\/\/www.campinglefonti.com\/wp-content\/uploads\/campinglefontistoria-1024x768.jpg\"},{\"@type\":\"BreadcrumbList\",\"@id\":\"https:\/\/www.campinglefonti.com\/de\/in-der-umgebung\/geschichte-und-kultur\/#breadcrumb\",\"itemListElement\":[{\"@type\":\"ListItem\",\"position\":1,\"name\":\"Home\",\"item\":\"https:\/\/www.campinglefonti.com\/de\/\"},{\"@type\":\"ListItem\",\"position\":2,\"name\":\"In der Umgebung\",\"item\":\"https:\/\/www.campinglefonti.com\/de\/in-der-umgebung\/\"},{\"@type\":\"ListItem\",\"position\":3,\"name\":\"Geschichte und Kultur\"}]},{\"@type\":\"WebSite\",\"@id\":\"https:\/\/www.campinglefonti.com\/de\/#website\",\"url\":\"https:\/\/www.campinglefonti.com\/de\/\",\"name\":\"Camping Le Fonti\",\"description\":\"Campeggio con bungalow e piazzole nell&#039;Appennino Reggiano\",\"publisher\":{\"@id\":\"https:\/\/www.campinglefonti.com\/de\/#organization\"},\"potentialAction\":[{\"@type\":\"SearchAction\",\"target\":{\"@type\":\"EntryPoint\",\"urlTemplate\":\"https:\/\/www.campinglefonti.com\/de\/?s={search_term_string}\"},\"query-input\":{\"@type\":\"PropertyValueSpecification\",\"valueRequired\":true,\"valueName\":\"search_term_string\"}}],\"inLanguage\":\"de\"},{\"@type\":\"Organization\",\"@id\":\"https:\/\/www.campinglefonti.com\/de\/#organization\",\"name\":\"Camping Le Fonti\",\"url\":\"https:\/\/www.campinglefonti.com\/de\/\",\"logo\":{\"@type\":\"ImageObject\",\"inLanguage\":\"de\",\"@id\":\"https:\/\/www.campinglefonti.com\/de\/#\/schema\/logo\/image\/\",\"url\":\"https:\/\/www.campinglefonti.com\/wp-content\/uploads\/logo-camping-le-fonti.svg\",\"contentUrl\":\"https:\/\/www.campinglefonti.com\/wp-content\/uploads\/logo-camping-le-fonti.svg\",\"width\":75,\"height\":71,\"caption\":\"Camping Le Fonti\"},\"image\":{\"@id\":\"https:\/\/www.campinglefonti.com\/de\/#\/schema\/logo\/image\/\"}}]}<\/script>\n<!-- \/ Yoast SEO plugin. -->","yoast_head_json":{"title":"Geschichte und Kultur - Camping Le Fonti","robots":{"index":"index","follow":"follow","max-snippet":"max-snippet:-1","max-image-preview":"max-image-preview:large","max-video-preview":"max-video-preview:-1"},"canonical":"https:\/\/www.campinglefonti.com\/de\/in-der-umgebung\/geschichte-und-kultur\/","og_locale":"de_DE","og_type":"article","og_title":"Geschichte und Kultur - Camping Le Fonti","og_description":"Mit seinen Burgen, Pfarrkirchen und D\u00f6rfern ist der Apennin von Reggio Emilia ein Gebiet reich an Geschichte und Kultur. Ein Besuch im Apennin von Reggio Emilia ist ein bisschen wie die Suche nach den Zeichen des Menschen, der Geschichte und der Zeit in einer sich ver\u00e4ndernden Landschaft, deren Ausdrucksformen vielf\u00e4ltig sind und von den niedrigen [&hellip;]","og_url":"https:\/\/www.campinglefonti.com\/de\/in-der-umgebung\/geschichte-und-kultur\/","og_site_name":"Camping Le Fonti","og_image":[{"width":2560,"height":1920,"url":"https:\/\/www.campinglefonti.com\/wp-content\/uploads\/campinglefontistoria-scaled.jpg","type":"image\/jpeg"}],"twitter_card":"summary_large_image","twitter_misc":{"Gesch\u00e4tzte Lesezeit":"4\u00a0Minuten"},"schema":{"@context":"https:\/\/schema.org","@graph":[{"@type":"WebPage","@id":"https:\/\/www.campinglefonti.com\/de\/in-der-umgebung\/geschichte-und-kultur\/","url":"https:\/\/www.campinglefonti.com\/de\/in-der-umgebung\/geschichte-und-kultur\/","name":"Geschichte und Kultur - Camping Le Fonti","isPartOf":{"@id":"https:\/\/www.campinglefonti.com\/de\/#website"},"primaryImageOfPage":{"@id":"https:\/\/www.campinglefonti.com\/de\/in-der-umgebung\/geschichte-und-kultur\/#primaryimage"},"image":{"@id":"https:\/\/www.campinglefonti.com\/de\/in-der-umgebung\/geschichte-und-kultur\/#primaryimage"},"thumbnailUrl":"https:\/\/www.campinglefonti.com\/wp-content\/uploads\/campinglefontistoria-1024x768.jpg","datePublished":"2025-02-28T09:20:54+00:00","breadcrumb":{"@id":"https:\/\/www.campinglefonti.com\/de\/in-der-umgebung\/geschichte-und-kultur\/#breadcrumb"},"inLanguage":"de","potentialAction":[{"@type":"ReadAction","target":["https:\/\/www.campinglefonti.com\/de\/in-der-umgebung\/geschichte-und-kultur\/"]}]},{"@type":"ImageObject","inLanguage":"de","@id":"https:\/\/www.campinglefonti.com\/de\/in-der-umgebung\/geschichte-und-kultur\/#primaryimage","url":"https:\/\/www.campinglefonti.com\/wp-content\/uploads\/campinglefontistoria-1024x768.jpg","contentUrl":"https:\/\/www.campinglefonti.com\/wp-content\/uploads\/campinglefontistoria-1024x768.jpg"},{"@type":"BreadcrumbList","@id":"https:\/\/www.campinglefonti.com\/de\/in-der-umgebung\/geschichte-und-kultur\/#breadcrumb","itemListElement":[{"@type":"ListItem","position":1,"name":"Home","item":"https:\/\/www.campinglefonti.com\/de\/"},{"@type":"ListItem","position":2,"name":"In der Umgebung","item":"https:\/\/www.campinglefonti.com\/de\/in-der-umgebung\/"},{"@type":"ListItem","position":3,"name":"Geschichte und Kultur"}]},{"@type":"WebSite","@id":"https:\/\/www.campinglefonti.com\/de\/#website","url":"https:\/\/www.campinglefonti.com\/de\/","name":"Camping Le Fonti","description":"Campeggio con bungalow e piazzole nell&#039;Appennino Reggiano","publisher":{"@id":"https:\/\/www.campinglefonti.com\/de\/#organization"},"potentialAction":[{"@type":"SearchAction","target":{"@type":"EntryPoint","urlTemplate":"https:\/\/www.campinglefonti.com\/de\/?s={search_term_string}"},"query-input":{"@type":"PropertyValueSpecification","valueRequired":true,"valueName":"search_term_string"}}],"inLanguage":"de"},{"@type":"Organization","@id":"https:\/\/www.campinglefonti.com\/de\/#organization","name":"Camping Le Fonti","url":"https:\/\/www.campinglefonti.com\/de\/","logo":{"@type":"ImageObject","inLanguage":"de","@id":"https:\/\/www.campinglefonti.com\/de\/#\/schema\/logo\/image\/","url":"https:\/\/www.campinglefonti.com\/wp-content\/uploads\/logo-camping-le-fonti.svg","contentUrl":"https:\/\/www.campinglefonti.com\/wp-content\/uploads\/logo-camping-le-fonti.svg","width":75,"height":71,"caption":"Camping Le Fonti"},"image":{"@id":"https:\/\/www.campinglefonti.com\/de\/#\/schema\/logo\/image\/"}}]}},"_links":{"self":[{"href":"https:\/\/www.campinglefonti.com\/de\/wp-json\/wp\/v2\/pages\/5026","targetHints":{"allow":["GET"]}}],"collection":[{"href":"https:\/\/www.campinglefonti.com\/de\/wp-json\/wp\/v2\/pages"}],"about":[{"href":"https:\/\/www.campinglefonti.com\/de\/wp-json\/wp\/v2\/types\/page"}],"author":[{"embeddable":true,"href":"https:\/\/www.campinglefonti.com\/de\/wp-json\/wp\/v2\/users\/6"}],"replies":[{"embeddable":true,"href":"https:\/\/www.campinglefonti.com\/de\/wp-json\/wp\/v2\/comments?post=5026"}],"version-history":[{"count":2,"href":"https:\/\/www.campinglefonti.com\/de\/wp-json\/wp\/v2\/pages\/5026\/revisions"}],"predecessor-version":[{"id":5036,"href":"https:\/\/www.campinglefonti.com\/de\/wp-json\/wp\/v2\/pages\/5026\/revisions\/5036"}],"up":[{"embeddable":true,"href":"https:\/\/www.campinglefonti.com\/de\/wp-json\/wp\/v2\/pages\/4506"}],"wp:attachment":[{"href":"https:\/\/www.campinglefonti.com\/de\/wp-json\/wp\/v2\/media?parent=5026"}],"curies":[{"name":"wp","href":"https:\/\/api.w.org\/{rel}","templated":true}]}}