{"id":5037,"date":"2025-02-28T10:40:25","date_gmt":"2025-02-28T09:40:25","guid":{"rendered":"https:\/\/www.campinglefonti.com\/?page_id=5037"},"modified":"2025-02-28T10:40:25","modified_gmt":"2025-02-28T09:40:25","slug":"spass-aktivitaet","status":"publish","type":"page","link":"https:\/\/www.campinglefonti.com\/de\/in-der-umgebung\/spass-aktivitaet\/","title":{"rendered":"Spa\u00df | Aktivit\u00e4t"},"content":{"rendered":"\n<figure class=\"wp-block-image alignfull size-large grid-section-main-image\"><img loading=\"lazy\" decoding=\"async\" width=\"1024\" height=\"681\" src=\"https:\/\/www.campinglefonti.com\/wp-content\/uploads\/parcoavventuracerwood-1024x681.jpg\" alt=\"\" class=\"wp-image-434\" srcset=\"https:\/\/www.campinglefonti.com\/wp-content\/uploads\/parcoavventuracerwood-1024x681.jpg 1024w, https:\/\/www.campinglefonti.com\/wp-content\/uploads\/parcoavventuracerwood-300x200.jpg 300w, https:\/\/www.campinglefonti.com\/wp-content\/uploads\/parcoavventuracerwood-768x511.jpg 768w, https:\/\/www.campinglefonti.com\/wp-content\/uploads\/parcoavventuracerwood-1536x1022.jpg 1536w, https:\/\/www.campinglefonti.com\/wp-content\/uploads\/parcoavventuracerwood-2048x1363.jpg 2048w\" sizes=\"auto, (max-width: 1024px) 100vw, 1024px\" \/><\/figure>\n\n\n\n<div class=\"wp-block-columns grid-section-columns grid-section-columns-green margin-bottom--m is-layout-flex wp-container-core-columns-is-layout-9d6595d7 wp-block-columns-is-layout-flex\">\n<div class=\"wp-block-column is-layout-flow wp-block-column-is-layout-flow\">\n<figure class=\"wp-block-image size-large\"><img decoding=\"async\" src=\"https:\/\/www.campinglefonti.com\/wp-content\/uploads\/P6300007-768x1024.jpg\" alt=\"Panorama Appennino Reggiano\" class=\"wp-image-255\"\/><\/figure>\n<\/div>\n\n\n\n<div class=\"wp-block-column is-layout-flow wp-block-column-is-layout-flow\"><div class=\"yoast-breadcrumbs\"><span><span><a href=\"https:\/\/www.campinglefonti.com\/de\/\">Home<\/a><\/span> | <span><a href=\"https:\/\/www.campinglefonti.com\/de\/in-der-umgebung\/\">In der Umgebung<\/a><\/span> | <span class=\"breadcrumb_last\" aria-current=\"page\">Spa\u00df | Aktivit\u00e4t<\/span><\/span><\/div>\n\n\n<h1 class=\"wp-block-heading\">Ein Gebiet, das viele M\u00f6glichkeiten f\u00fcr Spa\u00df und Erholung bietet<\/h1>\n\n\n\n<figure class=\"wp-block-embed is-type-video is-provider-youtube wp-block-embed-youtube wp-embed-aspect-16-9 wp-has-aspect-ratio\"><div class=\"wp-block-embed__wrapper\">\n<iframe loading=\"lazy\" title=\"Immagina un luogo.. Appennino reggiano\" width=\"500\" height=\"281\" src=\"https:\/\/www.youtube-nocookie.com\/embed\/ixNl4k_kjHo?feature=oembed\" frameborder=\"0\" allow=\"accelerometer; autoplay; clipboard-write; encrypted-media; gyroscope; picture-in-picture; web-share\" referrerpolicy=\"strict-origin-when-cross-origin\" allowfullscreen><\/iframe>\n<\/div><\/figure>\n\n\n\n<p>In der Umgebung von Cervarezza Terme gibt es verschiedene Aktivit\u00e4ten, um einen unterhaltsamen Aufenthalt im Kontakt mit der Natur zu genie\u00dfen. Vom Cerwood-Abenteuerpark \u00fcber die Therme bis zum astronomischen Observatorium.<\/p>\n<\/div>\n<\/div>\n\n\n\n<div class=\"wp-block-columns image-on-left margin-bottom--m is-layout-flex wp-container-core-columns-is-layout-9d6595d7 wp-block-columns-is-layout-flex\">\n<div class=\"wp-block-column is-layout-flow wp-block-column-is-layout-flow\">\n<figure class=\"wp-block-image size-large\"><img loading=\"lazy\" decoding=\"async\" width=\"1024\" height=\"819\" src=\"https:\/\/www.campinglefonti.com\/wp-content\/uploads\/\/attivitaneidintorni-1024x819.jpg\" alt=\"\" class=\"wp-image-666\" srcset=\"https:\/\/www.campinglefonti.com\/wp-content\/uploads\/attivitaneidintorni-1024x819.jpg 1024w, https:\/\/www.campinglefonti.com\/wp-content\/uploads\/attivitaneidintorni-300x240.jpg 300w, https:\/\/www.campinglefonti.com\/wp-content\/uploads\/attivitaneidintorni-768x614.jpg 768w, https:\/\/www.campinglefonti.com\/wp-content\/uploads\/attivitaneidintorni-1536x1229.jpg 1536w, https:\/\/www.campinglefonti.com\/wp-content\/uploads\/attivitaneidintorni-20x16.jpg 20w, https:\/\/www.campinglefonti.com\/wp-content\/uploads\/attivitaneidintorni.jpg 1600w\" sizes=\"auto, (max-width: 1024px) 100vw, 1024px\" \/><\/figure>\n<\/div>\n\n\n\n<div class=\"wp-block-column is-layout-flow wp-block-column-is-layout-flow\">\n<h2 class=\"wp-block-heading\">Therme<\/h2>\n\n\n\n<p>Die Therme liegt 500 m vom Campingplatz entfernt und ist auch zu Fu\u00df erreichbar. Weitere Informationen finden Sie auf der <a href=\"http:\/\/cervarezzaterme.blogspot.it\/\" target=\"_blank\" rel=\"noreferrer noopener\">Cervarezzaterme-Seite<\/a>.<\/p>\n\n\n\n<h2 class=\"wp-block-heading\">Cerwood-Abenteuerpark<\/h2>\n\n\n\n<p>F\u00fcr Gro\u00df und Klein sorgt der Abenteuerpark, der nur 600 m vom Campingplatz entfernt liegt. <a href=\"https:\/\/www.cerwood.it\" target=\"_blank\" rel=\"noreferrer noopener\"> Besuchen Sie die Website<\/a>  um alle Aktivit\u00e4ten zu entdecken.<\/p>\n\n\n\n<h2 class=\"wp-block-heading\">Astronomisches Observatorium.<\/h2>\n\n\n\n<p>Das Observatorium befindet sich auf dem H\u00fcgel neben dem Campingplatz. Organisiert F\u00fchrungen und Veranstaltungen zur Beobachtung von Himmelsph\u00e4nomenen. <a href=\"http:\/\/www.appenninoreggiano.it\/schede.asp?lang=it&amp;d=osservatorio-astronomico-di-cervarezza-terme\" target=\"_blank\" rel=\"noreferrer noopener\">Hier finden Sie alle Informationen.<\/a><\/p>\n<\/div>\n<\/div>\n\n\n\n<div class=\"wp-block-columns image-on-right margin-bottom--m is-layout-flex wp-container-core-columns-is-layout-9d6595d7 wp-block-columns-is-layout-flex\">\n<div class=\"wp-block-column is-layout-flow wp-block-column-is-layout-flow\">\n<h2 class=\"wp-block-heading\">Au\u00dfenpool<\/h2>\n\n\n\n<ul class=\"wp-block-list\">\n<li>Das Au\u00dfenpool liegt etwa 2 km vom Campingplatz entfernt, nahe dem Zentrum von Cervarezza.<strong> Das Geb\u00e4ude ist wegen Renovierungsarbeiten bis zum noch festzulegenden Datum geschlossen<\/strong><\/li>\n<\/ul>\n\n\n\n<h2 class=\"wp-block-heading\">I Giardini dell\u2019acqua<\/h2>\n\n\n\n<p>Fischzentrum mit folgenden Dienstleistungen: Forellenzucht, Fischteich und Angelschule, Spielplatz, Schwimmbad, Solarium, Naturlehrpfad, Picknickplatz. Es ist etwa 10 km vom Campingplatz entfernt. Weitere Informationen finden Sie auf der Seite  <a href=\"http:\/\/www.igiardinidellacqua.com\/\" target=\"_blank\" rel=\"noreferrer noopener\">I giardini dell&#8217;acqua<\/a><\/p>\n\n\n\n<h2 class=\"wp-block-heading\">Tennisplatz und Fu\u00dfballplatz<\/h2>\n\n\n\n<p>\u00a01 km vom Campingplatz entfernt gibt es einen Tennisplatz und einen Fu\u00dfballplatz.<\/p>\n\n\n\n<h2 class=\"wp-block-heading\">Die Eisbahn<\/h2>\n\n\n\n<p>Es erwartet Sie eine moderne und vollst\u00e4ndige Struktur. Es verf\u00fcgt \u00fcber eine zugelassene 1800 m2 gro\u00dfe Olympiabahn, eine Erfrischungsbar und eine Focacceria, ein ausgestattetes Fitnessstudio, eine Sauna, ein Solarium, ein Spielzimmer und Videospiele. <strong> Das Geb\u00e4ude ist wegen Renovierungsarbeiten bis zum noch festzulegenden Datum geschlossen<\/strong><\/p>\n\n\n\n<p><\/p>\n<\/div>\n\n\n\n<div class=\"wp-block-column is-layout-flow wp-block-column-is-layout-flow\">\n<figure class=\"wp-block-image size-large\"><img loading=\"lazy\" decoding=\"async\" width=\"1024\" height=\"819\" src=\"https:\/\/www.campinglefonti.com\/wp-content\/uploads\/\/composizione-foto-dintorni2-1024x819.jpg\" alt=\"\" class=\"wp-image-670\" srcset=\"https:\/\/www.campinglefonti.com\/wp-content\/uploads\/composizione-foto-dintorni2-1024x819.jpg 1024w, https:\/\/www.campinglefonti.com\/wp-content\/uploads\/composizione-foto-dintorni2-300x240.jpg 300w, https:\/\/www.campinglefonti.com\/wp-content\/uploads\/composizione-foto-dintorni2-768x614.jpg 768w, https:\/\/www.campinglefonti.com\/wp-content\/uploads\/composizione-foto-dintorni2-1536x1229.jpg 1536w, https:\/\/www.campinglefonti.com\/wp-content\/uploads\/composizione-foto-dintorni2-20x16.jpg 20w, https:\/\/www.campinglefonti.com\/wp-content\/uploads\/composizione-foto-dintorni2.jpg 1600w\" sizes=\"auto, (max-width: 1024px) 100vw, 1024px\" \/><\/figure>\n<\/div>\n<\/div>\n\n\n\n<div class=\"wp-block-group is-style-light-green-bg home-number-section\"><div class=\"wp-block-group__inner-container is-layout-flow wp-block-group-is-layout-flow\">\n<div class=\"wp-block-columns is-layout-flex wp-container-core-columns-is-layout-9d6595d7 wp-block-columns-is-layout-flex\">\n<div class=\"wp-block-column is-layout-flow wp-block-column-is-layout-flow\"><div class=\"wp-block-image\">\n<figure class=\"aligncenter size-large is-resized\"><img decoding=\"async\" src=\"https:\/\/www.campinglefonti.com\/wp-content\/uploads\/ico-terme-2.svg\" alt=\"\" class=\"wp-image-469\" style=\"width:55px;height:55px\"\/><\/figure><\/div>\n\n\n<p class=\"has-text-align-center\">500 m. dalle Terme<\/p>\n<\/div>\n\n\n\n<div class=\"wp-block-column is-layout-flow wp-block-column-is-layout-flow\"><div class=\"wp-block-image\">\n<figure class=\"aligncenter size-large is-resized\"><img decoding=\"async\" src=\"https:\/\/www.campinglefonti.com\/wp-content\/uploads\/ico-parco-2.svg\" alt=\"\" class=\"wp-image-470\" style=\"width:55px;height:55px\"\/><\/figure><\/div>\n\n\n<p class=\"has-text-align-center\">600 m. dal Parco avventura di Cerwood<\/p>\n<\/div>\n\n\n\n<div class=\"wp-block-column is-layout-flow wp-block-column-is-layout-flow\"><div class=\"wp-block-image\">\n<figure class=\"aligncenter size-large is-resized\"><img decoding=\"async\" src=\"https:\/\/www.campinglefonti.com\/wp-content\/uploads\/ico-osservatorio-2.svg\" alt=\"\" class=\"wp-image-471\" style=\"width:56px;height:55px\"\/><\/figure><\/div>\n\n\n<p class=\"has-text-align-center\">600 m. dall&#8217; Osservatorio Astronomico<\/p>\n<\/div>\n\n\n\n<div class=\"wp-block-column is-layout-flow wp-block-column-is-layout-flow\"><div class=\"wp-block-image\">\n<figure class=\"aligncenter size-large is-resized\"><img decoding=\"async\" src=\"https:\/\/www.campinglefonti.com\/wp-content\/uploads\/ico-campo-2.svg\" alt=\"\" class=\"wp-image-473\" style=\"width:56px;height:55px\"\/><\/figure><\/div>\n\n\n<p class=\"has-text-align-center\">1 km. dai campi di calcio e tennis<\/p>\n<\/div>\n<\/div>\n<\/div><\/div>\n\n\n\n<div class=\"wp-block-columns margin-bottom--m is-layout-flex wp-container-core-columns-is-layout-9d6595d7 wp-block-columns-is-layout-flex\">\n<div class=\"wp-block-column is-layout-flow wp-block-column-is-layout-flow\">\n<figure class=\"wp-block-image size-large\"><img loading=\"lazy\" decoding=\"async\" width=\"1024\" height=\"768\" src=\"https:\/\/www.campinglefonti.com\/wp-content\/uploads\/\/P7040184-1024x768.jpg\" alt=\"\" class=\"wp-image-464\" srcset=\"https:\/\/www.campinglefonti.com\/wp-content\/uploads\/P7040184-1024x768.jpg 1024w, https:\/\/www.campinglefonti.com\/wp-content\/uploads\/P7040184-300x225.jpg 300w, https:\/\/www.campinglefonti.com\/wp-content\/uploads\/P7040184-768x576.jpg 768w, https:\/\/www.campinglefonti.com\/wp-content\/uploads\/P7040184-1536x1152.jpg 1536w, https:\/\/www.campinglefonti.com\/wp-content\/uploads\/P7040184-2048x1536.jpg 2048w, https:\/\/www.campinglefonti.com\/wp-content\/uploads\/P7040184-702x526.jpg 702w, https:\/\/www.campinglefonti.com\/wp-content\/uploads\/P7040184-20x15.jpg 20w\" sizes=\"auto, (max-width: 1024px) 100vw, 1024px\" \/><\/figure>\n<\/div>\n\n\n\n<div class=\"wp-block-column is-layout-flow wp-block-column-is-layout-flow\">\n<figure class=\"wp-block-image size-large\"><img loading=\"lazy\" decoding=\"async\" width=\"1024\" height=\"768\" src=\"https:\/\/www.campinglefonti.com\/wp-content\/uploads\/\/P7020086-1024x768.jpg\" alt=\"\" class=\"wp-image-466\" srcset=\"https:\/\/www.campinglefonti.com\/wp-content\/uploads\/P7020086-1024x768.jpg 1024w, https:\/\/www.campinglefonti.com\/wp-content\/uploads\/P7020086-300x225.jpg 300w, https:\/\/www.campinglefonti.com\/wp-content\/uploads\/P7020086-768x576.jpg 768w, https:\/\/www.campinglefonti.com\/wp-content\/uploads\/P7020086-1536x1152.jpg 1536w, https:\/\/www.campinglefonti.com\/wp-content\/uploads\/P7020086-2048x1536.jpg 2048w, https:\/\/www.campinglefonti.com\/wp-content\/uploads\/P7020086-702x526.jpg 702w, https:\/\/www.campinglefonti.com\/wp-content\/uploads\/P7020086-20x15.jpg 20w\" sizes=\"auto, (max-width: 1024px) 100vw, 1024px\" \/><\/figure>\n<\/div>\n<\/div>\n\n\n\n<div class=\"wp-block-group is-style-light-green-bg\"><div class=\"wp-block-group__inner-container is-layout-flow wp-block-group-is-layout-flow\">\n<p class=\"has-text-align-center\" style=\"font-size:33px\">Wir haben auch Bungalows zur Miete<br>f\u00fcr Kurzaufenthalte<\/p>\n\n\n\n<p class=\"has-text-align-center\" style=\"font-size:33px\"><\/p>\n\n\n\n<div class=\"wp-block-buttons is-horizontal is-content-justification-center is-layout-flex wp-container-core-buttons-is-layout-499968f5 wp-block-buttons-is-layout-flex\">\n<div class=\"wp-block-button\"><a class=\"wp-block-button__link wp-element-button\" href=\"https:\/\/www.campinglefonti.com\/contatti-camping-le-fonti-cervarezza-terme-di-ventasso\/\">Ich m\u00f6chte merh Info haben<\/a><\/div>\n<\/div>\n<\/div><\/div>\n","protected":false},"excerpt":{"rendered":"<p>Ein Gebiet, das viele M\u00f6glichkeiten f\u00fcr Spa\u00df und Erholung bietet In der Umgebung von Cervarezza Terme gibt es verschiedene Aktivit\u00e4ten, um einen unterhaltsamen Aufenthalt im Kontakt mit der Natur zu genie\u00dfen. Vom Cerwood-Abenteuerpark \u00fcber die Therme bis zum astronomischen Observatorium. Therme Die Therme liegt 500 m vom Campingplatz entfernt und ist auch zu Fu\u00df erreichbar. [&hellip;]<\/p>\n","protected":false},"author":6,"featured_media":0,"parent":4506,"menu_order":1,"comment_status":"closed","ping_status":"closed","template":"","meta":{"_acf_changed":false,"inline_featured_image":false,"_genesis_hide_title":false,"_genesis_hide_breadcrumbs":false,"_genesis_hide_singular_image":false,"_genesis_hide_footer_widgets":false,"_genesis_custom_body_class":"","_genesis_custom_post_class":"","_genesis_layout":"","footnotes":"","_links_to":"","_links_to_target":""},"class_list":{"0":"post-5037","1":"page","2":"type-page","3":"status-publish","5":"entry"},"acf":[],"yoast_head":"<!-- This site is optimized with the Yoast SEO plugin v27.2 - https:\/\/yoast.com\/product\/yoast-seo-wordpress\/ -->\n<title>Spa\u00df | Aktivit\u00e4t - Camping Le Fonti<\/title>\n<meta name=\"robots\" content=\"index, follow, max-snippet:-1, max-image-preview:large, max-video-preview:-1\" \/>\n<link rel=\"canonical\" href=\"https:\/\/www.campinglefonti.com\/de\/in-der-umgebung\/spass-aktivitaet\/\" \/>\n<meta property=\"og:locale\" content=\"de_DE\" \/>\n<meta property=\"og:type\" content=\"article\" \/>\n<meta property=\"og:title\" content=\"Spa\u00df | Aktivit\u00e4t - Camping Le Fonti\" \/>\n<meta property=\"og:description\" content=\"Ein Gebiet, das viele M\u00f6glichkeiten f\u00fcr Spa\u00df und Erholung bietet In der Umgebung von Cervarezza Terme gibt es verschiedene Aktivit\u00e4ten, um einen unterhaltsamen Aufenthalt im Kontakt mit der Natur zu genie\u00dfen. Vom Cerwood-Abenteuerpark \u00fcber die Therme bis zum astronomischen Observatorium. Therme Die Therme liegt 500 m vom Campingplatz entfernt und ist auch zu Fu\u00df erreichbar. [&hellip;]\" \/>\n<meta property=\"og:url\" content=\"https:\/\/www.campinglefonti.com\/de\/in-der-umgebung\/spass-aktivitaet\/\" \/>\n<meta property=\"og:site_name\" content=\"Camping Le Fonti\" \/>\n<meta property=\"og:image\" content=\"https:\/\/www.campinglefonti.com\/wp-content\/uploads\/parcoavventuracerwood-scaled.jpg\" \/>\n\t<meta property=\"og:image:width\" content=\"2560\" \/>\n\t<meta property=\"og:image:height\" content=\"1703\" \/>\n\t<meta property=\"og:image:type\" content=\"image\/jpeg\" \/>\n<meta name=\"twitter:card\" content=\"summary_large_image\" \/>\n<meta name=\"twitter:label1\" content=\"Gesch\u00e4tzte Lesezeit\" \/>\n\t<meta name=\"twitter:data1\" content=\"4\u00a0Minuten\" \/>\n<script type=\"application\/ld+json\" class=\"yoast-schema-graph\">{\"@context\":\"https:\/\/schema.org\",\"@graph\":[{\"@type\":\"WebPage\",\"@id\":\"https:\/\/www.campinglefonti.com\/de\/in-der-umgebung\/spass-aktivitaet\/\",\"url\":\"https:\/\/www.campinglefonti.com\/de\/in-der-umgebung\/spass-aktivitaet\/\",\"name\":\"Spa\u00df | Aktivit\u00e4t - Camping Le Fonti\",\"isPartOf\":{\"@id\":\"https:\/\/www.campinglefonti.com\/de\/#website\"},\"primaryImageOfPage\":{\"@id\":\"https:\/\/www.campinglefonti.com\/de\/in-der-umgebung\/spass-aktivitaet\/#primaryimage\"},\"image\":{\"@id\":\"https:\/\/www.campinglefonti.com\/de\/in-der-umgebung\/spass-aktivitaet\/#primaryimage\"},\"thumbnailUrl\":\"https:\/\/www.campinglefonti.com\/wp-content\/uploads\/parcoavventuracerwood-1024x681.jpg\",\"datePublished\":\"2025-02-28T09:40:25+00:00\",\"breadcrumb\":{\"@id\":\"https:\/\/www.campinglefonti.com\/de\/in-der-umgebung\/spass-aktivitaet\/#breadcrumb\"},\"inLanguage\":\"de\",\"potentialAction\":[{\"@type\":\"ReadAction\",\"target\":[\"https:\/\/www.campinglefonti.com\/de\/in-der-umgebung\/spass-aktivitaet\/\"]}]},{\"@type\":\"ImageObject\",\"inLanguage\":\"de\",\"@id\":\"https:\/\/www.campinglefonti.com\/de\/in-der-umgebung\/spass-aktivitaet\/#primaryimage\",\"url\":\"https:\/\/www.campinglefonti.com\/wp-content\/uploads\/parcoavventuracerwood-1024x681.jpg\",\"contentUrl\":\"https:\/\/www.campinglefonti.com\/wp-content\/uploads\/parcoavventuracerwood-1024x681.jpg\"},{\"@type\":\"BreadcrumbList\",\"@id\":\"https:\/\/www.campinglefonti.com\/de\/in-der-umgebung\/spass-aktivitaet\/#breadcrumb\",\"itemListElement\":[{\"@type\":\"ListItem\",\"position\":1,\"name\":\"Home\",\"item\":\"https:\/\/www.campinglefonti.com\/de\/\"},{\"@type\":\"ListItem\",\"position\":2,\"name\":\"In der Umgebung\",\"item\":\"https:\/\/www.campinglefonti.com\/de\/in-der-umgebung\/\"},{\"@type\":\"ListItem\",\"position\":3,\"name\":\"Spa\u00df | Aktivit\u00e4t\"}]},{\"@type\":\"WebSite\",\"@id\":\"https:\/\/www.campinglefonti.com\/de\/#website\",\"url\":\"https:\/\/www.campinglefonti.com\/de\/\",\"name\":\"Camping Le Fonti\",\"description\":\"Campeggio con bungalow e piazzole nell&#039;Appennino Reggiano\",\"publisher\":{\"@id\":\"https:\/\/www.campinglefonti.com\/de\/#organization\"},\"potentialAction\":[{\"@type\":\"SearchAction\",\"target\":{\"@type\":\"EntryPoint\",\"urlTemplate\":\"https:\/\/www.campinglefonti.com\/de\/?s={search_term_string}\"},\"query-input\":{\"@type\":\"PropertyValueSpecification\",\"valueRequired\":true,\"valueName\":\"search_term_string\"}}],\"inLanguage\":\"de\"},{\"@type\":\"Organization\",\"@id\":\"https:\/\/www.campinglefonti.com\/de\/#organization\",\"name\":\"Camping Le Fonti\",\"url\":\"https:\/\/www.campinglefonti.com\/de\/\",\"logo\":{\"@type\":\"ImageObject\",\"inLanguage\":\"de\",\"@id\":\"https:\/\/www.campinglefonti.com\/de\/#\/schema\/logo\/image\/\",\"url\":\"https:\/\/www.campinglefonti.com\/wp-content\/uploads\/logo-camping-le-fonti.svg\",\"contentUrl\":\"https:\/\/www.campinglefonti.com\/wp-content\/uploads\/logo-camping-le-fonti.svg\",\"width\":75,\"height\":71,\"caption\":\"Camping Le Fonti\"},\"image\":{\"@id\":\"https:\/\/www.campinglefonti.com\/de\/#\/schema\/logo\/image\/\"}}]}<\/script>\n<!-- \/ Yoast SEO plugin. -->","yoast_head_json":{"title":"Spa\u00df | Aktivit\u00e4t - Camping Le Fonti","robots":{"index":"index","follow":"follow","max-snippet":"max-snippet:-1","max-image-preview":"max-image-preview:large","max-video-preview":"max-video-preview:-1"},"canonical":"https:\/\/www.campinglefonti.com\/de\/in-der-umgebung\/spass-aktivitaet\/","og_locale":"de_DE","og_type":"article","og_title":"Spa\u00df | Aktivit\u00e4t - Camping Le Fonti","og_description":"Ein Gebiet, das viele M\u00f6glichkeiten f\u00fcr Spa\u00df und Erholung bietet In der Umgebung von Cervarezza Terme gibt es verschiedene Aktivit\u00e4ten, um einen unterhaltsamen Aufenthalt im Kontakt mit der Natur zu genie\u00dfen. Vom Cerwood-Abenteuerpark \u00fcber die Therme bis zum astronomischen Observatorium. Therme Die Therme liegt 500 m vom Campingplatz entfernt und ist auch zu Fu\u00df erreichbar. [&hellip;]","og_url":"https:\/\/www.campinglefonti.com\/de\/in-der-umgebung\/spass-aktivitaet\/","og_site_name":"Camping Le Fonti","og_image":[{"width":2560,"height":1703,"url":"https:\/\/www.campinglefonti.com\/wp-content\/uploads\/parcoavventuracerwood-scaled.jpg","type":"image\/jpeg"}],"twitter_card":"summary_large_image","twitter_misc":{"Gesch\u00e4tzte Lesezeit":"4\u00a0Minuten"},"schema":{"@context":"https:\/\/schema.org","@graph":[{"@type":"WebPage","@id":"https:\/\/www.campinglefonti.com\/de\/in-der-umgebung\/spass-aktivitaet\/","url":"https:\/\/www.campinglefonti.com\/de\/in-der-umgebung\/spass-aktivitaet\/","name":"Spa\u00df | Aktivit\u00e4t - Camping Le Fonti","isPartOf":{"@id":"https:\/\/www.campinglefonti.com\/de\/#website"},"primaryImageOfPage":{"@id":"https:\/\/www.campinglefonti.com\/de\/in-der-umgebung\/spass-aktivitaet\/#primaryimage"},"image":{"@id":"https:\/\/www.campinglefonti.com\/de\/in-der-umgebung\/spass-aktivitaet\/#primaryimage"},"thumbnailUrl":"https:\/\/www.campinglefonti.com\/wp-content\/uploads\/parcoavventuracerwood-1024x681.jpg","datePublished":"2025-02-28T09:40:25+00:00","breadcrumb":{"@id":"https:\/\/www.campinglefonti.com\/de\/in-der-umgebung\/spass-aktivitaet\/#breadcrumb"},"inLanguage":"de","potentialAction":[{"@type":"ReadAction","target":["https:\/\/www.campinglefonti.com\/de\/in-der-umgebung\/spass-aktivitaet\/"]}]},{"@type":"ImageObject","inLanguage":"de","@id":"https:\/\/www.campinglefonti.com\/de\/in-der-umgebung\/spass-aktivitaet\/#primaryimage","url":"https:\/\/www.campinglefonti.com\/wp-content\/uploads\/parcoavventuracerwood-1024x681.jpg","contentUrl":"https:\/\/www.campinglefonti.com\/wp-content\/uploads\/parcoavventuracerwood-1024x681.jpg"},{"@type":"BreadcrumbList","@id":"https:\/\/www.campinglefonti.com\/de\/in-der-umgebung\/spass-aktivitaet\/#breadcrumb","itemListElement":[{"@type":"ListItem","position":1,"name":"Home","item":"https:\/\/www.campinglefonti.com\/de\/"},{"@type":"ListItem","position":2,"name":"In der Umgebung","item":"https:\/\/www.campinglefonti.com\/de\/in-der-umgebung\/"},{"@type":"ListItem","position":3,"name":"Spa\u00df | Aktivit\u00e4t"}]},{"@type":"WebSite","@id":"https:\/\/www.campinglefonti.com\/de\/#website","url":"https:\/\/www.campinglefonti.com\/de\/","name":"Camping Le Fonti","description":"Campeggio con bungalow e piazzole nell&#039;Appennino Reggiano","publisher":{"@id":"https:\/\/www.campinglefonti.com\/de\/#organization"},"potentialAction":[{"@type":"SearchAction","target":{"@type":"EntryPoint","urlTemplate":"https:\/\/www.campinglefonti.com\/de\/?s={search_term_string}"},"query-input":{"@type":"PropertyValueSpecification","valueRequired":true,"valueName":"search_term_string"}}],"inLanguage":"de"},{"@type":"Organization","@id":"https:\/\/www.campinglefonti.com\/de\/#organization","name":"Camping Le Fonti","url":"https:\/\/www.campinglefonti.com\/de\/","logo":{"@type":"ImageObject","inLanguage":"de","@id":"https:\/\/www.campinglefonti.com\/de\/#\/schema\/logo\/image\/","url":"https:\/\/www.campinglefonti.com\/wp-content\/uploads\/logo-camping-le-fonti.svg","contentUrl":"https:\/\/www.campinglefonti.com\/wp-content\/uploads\/logo-camping-le-fonti.svg","width":75,"height":71,"caption":"Camping Le Fonti"},"image":{"@id":"https:\/\/www.campinglefonti.com\/de\/#\/schema\/logo\/image\/"}}]}},"_links":{"self":[{"href":"https:\/\/www.campinglefonti.com\/de\/wp-json\/wp\/v2\/pages\/5037","targetHints":{"allow":["GET"]}}],"collection":[{"href":"https:\/\/www.campinglefonti.com\/de\/wp-json\/wp\/v2\/pages"}],"about":[{"href":"https:\/\/www.campinglefonti.com\/de\/wp-json\/wp\/v2\/types\/page"}],"author":[{"embeddable":true,"href":"https:\/\/www.campinglefonti.com\/de\/wp-json\/wp\/v2\/users\/6"}],"replies":[{"embeddable":true,"href":"https:\/\/www.campinglefonti.com\/de\/wp-json\/wp\/v2\/comments?post=5037"}],"version-history":[{"count":4,"href":"https:\/\/www.campinglefonti.com\/de\/wp-json\/wp\/v2\/pages\/5037\/revisions"}],"predecessor-version":[{"id":5057,"href":"https:\/\/www.campinglefonti.com\/de\/wp-json\/wp\/v2\/pages\/5037\/revisions\/5057"}],"up":[{"embeddable":true,"href":"https:\/\/www.campinglefonti.com\/de\/wp-json\/wp\/v2\/pages\/4506"}],"wp:attachment":[{"href":"https:\/\/www.campinglefonti.com\/de\/wp-json\/wp\/v2\/media?parent=5037"}],"curies":[{"name":"wp","href":"https:\/\/api.w.org\/{rel}","templated":true}]}}