{"id":5469,"date":"2025-03-12T19:45:08","date_gmt":"2025-03-12T18:45:08","guid":{"rendered":"https:\/\/www.campinglefonti.com\/?page_id=5469"},"modified":"2025-03-13T09:48:34","modified_gmt":"2025-03-13T08:48:34","slug":"parcelas-para-tiendas-de-campana","status":"publish","type":"page","link":"https:\/\/www.campinglefonti.com\/es\/parcelas-para-tiendas-de-campana\/","title":{"rendered":"PARCELAS PARA TIENDAS DE CAMPA\u00d1A"},"content":{"rendered":"\n<figure class=\"wp-block-image alignfull size-large grid-section-main-image\"><img loading=\"lazy\" decoding=\"async\" width=\"1024\" height=\"683\" src=\"https:\/\/www.campinglefonti.com\/wp-content\/uploads\/piazzole-cover-family-1024x683.jpg\" alt=\"\" class=\"wp-image-235\" srcset=\"https:\/\/www.campinglefonti.com\/wp-content\/uploads\/piazzole-cover-family-1024x683.jpg 1024w, https:\/\/www.campinglefonti.com\/wp-content\/uploads\/piazzole-cover-family-300x200.jpg 300w, https:\/\/www.campinglefonti.com\/wp-content\/uploads\/piazzole-cover-family-768x512.jpg 768w, https:\/\/www.campinglefonti.com\/wp-content\/uploads\/piazzole-cover-family-1536x1024.jpg 1536w, https:\/\/www.campinglefonti.com\/wp-content\/uploads\/piazzole-cover-family-2048x1365.jpg 2048w\" sizes=\"auto, (max-width: 1024px) 100vw, 1024px\" \/><\/figure>\n\n\n\n<div class=\"wp-block-columns grid-section-columns grid-section-columns-green margin-bottom--m is-layout-flex wp-container-core-columns-is-layout-9d6595d7 wp-block-columns-is-layout-flex\">\n<div class=\"wp-block-column is-layout-flow wp-block-column-is-layout-flow\">\n<figure class=\"wp-block-image size-large\"><img loading=\"lazy\" decoding=\"async\" width=\"768\" height=\"1024\" src=\"https:\/\/www.campinglefonti.com\/wp-content\/uploads\/P7020111-768x1024.jpg\" alt=\"\" class=\"wp-image-238\" srcset=\"https:\/\/www.campinglefonti.com\/wp-content\/uploads\/P7020111-768x1024.jpg 768w, https:\/\/www.campinglefonti.com\/wp-content\/uploads\/P7020111-225x300.jpg 225w, https:\/\/www.campinglefonti.com\/wp-content\/uploads\/P7020111-1152x1536.jpg 1152w, https:\/\/www.campinglefonti.com\/wp-content\/uploads\/P7020111-1536x2048.jpg 1536w, https:\/\/www.campinglefonti.com\/wp-content\/uploads\/P7020111-scaled.jpg 1920w\" sizes=\"auto, (max-width: 768px) 100vw, 768px\" \/><\/figure>\n<\/div>\n\n\n\n<div class=\"wp-block-column is-layout-flow wp-block-column-is-layout-flow\">\n<h1 class=\"wp-block-heading\">\u00bfEres una persona aventurera y te encanta estar en contacto directo con la naturaleza?<\/h1>\n\n\n\n<p>Para ti, contamos con parcelas de camping equipadas con \u00e1reas comunes, que incluyen mesas y barbacoas.<\/p>\n<\/div>\n<\/div>\n\n\n\n<div class=\"wp-block-columns image-on-left margin-bottom--m is-layout-flex wp-container-core-columns-is-layout-9d6595d7 wp-block-columns-is-layout-flex\">\n<div class=\"wp-block-column is-layout-flow wp-block-column-is-layout-flow\">\n<figure class=\"wp-block-image size-large\"><img loading=\"lazy\" decoding=\"async\" width=\"1024\" height=\"684\" src=\"https:\/\/www.campinglefonti.com\/wp-content\/uploads\/\/IMG_2607-1024x684.jpg\" alt=\"\" class=\"wp-image-239\" srcset=\"https:\/\/www.campinglefonti.com\/wp-content\/uploads\/IMG_2607-1024x684.jpg 1024w, https:\/\/www.campinglefonti.com\/wp-content\/uploads\/IMG_2607-300x200.jpg 300w, https:\/\/www.campinglefonti.com\/wp-content\/uploads\/IMG_2607-768x513.jpg 768w, https:\/\/www.campinglefonti.com\/wp-content\/uploads\/IMG_2607-1536x1025.jpg 1536w, https:\/\/www.campinglefonti.com\/wp-content\/uploads\/IMG_2607-2048x1367.jpg 2048w, https:\/\/www.campinglefonti.com\/wp-content\/uploads\/IMG_2607-20x13.jpg 20w, https:\/\/www.campinglefonti.com\/wp-content\/uploads\/IMG_2607.jpg 1920w\" sizes=\"auto, (max-width: 1024px) 100vw, 1024px\" \/><\/figure>\n<\/div>\n\n\n\n<div class=\"wp-block-column is-layout-flow wp-block-column-is-layout-flow\">\n<h2 class=\"wp-block-heading\">Elige entre dos tipos de parcelas de camping:<\/h2>\n\n\n\n<ul class=\"wp-block-list\">\n<li>Parcelas <strong>sombreadas <\/strong>por una rica vegetaci\u00f3n con vistas panor\u00e1micas. Estas parcelas solo son accesibles a trav\u00e9s de escaleras.<\/li>\n\n\n\n<li>Parcelas ubicadas en prados soleados, cerca de la entrada y de todas las comodidades del camping.<\/li>\n<\/ul>\n\n\n\n<div class=\"wp-block-buttons is-layout-flex wp-block-buttons-is-layout-flex\">\n<div class=\"wp-block-button\"><a class=\"wp-block-button__link wp-element-button\" href=\"https:\/\/www.campinglefonti.com\/es\/mapa\/\">ELIGE TU PARCELA DE CAMPING<\/a><\/div>\n<\/div>\n<\/div>\n<\/div>\n\n\n\n<div class=\"wp-block-columns margin-bottom--m is-layout-flex wp-container-core-columns-is-layout-9d6595d7 wp-block-columns-is-layout-flex\">\n<div class=\"wp-block-column is-layout-flow wp-block-column-is-layout-flow\">\n<figure class=\"wp-block-image size-large\"><img loading=\"lazy\" decoding=\"async\" width=\"1024\" height=\"768\" src=\"https:\/\/www.campinglefonti.com\/wp-content\/uploads\/\/P7080479-1024x768.jpg\" alt=\"\" class=\"wp-image-2663\" srcset=\"https:\/\/www.campinglefonti.com\/wp-content\/uploads\/P7080479-1024x768.jpg 1024w, https:\/\/www.campinglefonti.com\/wp-content\/uploads\/P7080479-300x225.jpg 300w, https:\/\/www.campinglefonti.com\/wp-content\/uploads\/P7080479-768x576.jpg 768w, https:\/\/www.campinglefonti.com\/wp-content\/uploads\/P7080479-1536x1152.jpg 1536w, https:\/\/www.campinglefonti.com\/wp-content\/uploads\/P7080479-2048x1536.jpg 2048w, https:\/\/www.campinglefonti.com\/wp-content\/uploads\/P7080479-702x526.jpg 702w\" sizes=\"auto, (max-width: 1024px) 100vw, 1024px\" \/><\/figure>\n<\/div>\n\n\n\n<div class=\"wp-block-column is-layout-flow wp-block-column-is-layout-flow\">\n<figure class=\"wp-block-image size-large\"><img loading=\"lazy\" decoding=\"async\" width=\"1024\" height=\"768\" src=\"https:\/\/www.campinglefonti.com\/wp-content\/uploads\/\/P7020112-1024x768.jpg\" alt=\"\" class=\"wp-image-241\" srcset=\"https:\/\/www.campinglefonti.com\/wp-content\/uploads\/P7020112-1024x768.jpg 1024w, https:\/\/www.campinglefonti.com\/wp-content\/uploads\/P7020112-300x225.jpg 300w, https:\/\/www.campinglefonti.com\/wp-content\/uploads\/P7020112-768x576.jpg 768w, https:\/\/www.campinglefonti.com\/wp-content\/uploads\/P7020112-1536x1152.jpg 1536w, https:\/\/www.campinglefonti.com\/wp-content\/uploads\/P7020112-2048x1536.jpg 2048w, https:\/\/www.campinglefonti.com\/wp-content\/uploads\/P7020112-702x526.jpg 702w, https:\/\/www.campinglefonti.com\/wp-content\/uploads\/P7020112-20x15.jpg 20w, https:\/\/www.campinglefonti.com\/wp-content\/uploads\/P7020112.jpg 1920w\" sizes=\"auto, (max-width: 1024px) 100vw, 1024px\" \/><\/figure>\n<\/div>\n<\/div>\n\n\n\n<div class=\"wp-block-columns image-on-right blue-bg margin-bottom--m is-layout-flex wp-container-core-columns-is-layout-9d6595d7 wp-block-columns-is-layout-flex\">\n<div class=\"wp-block-column is-layout-flow wp-block-column-is-layout-flow\">\n<h2 class=\"wp-block-heading\">Espacio y comodidad para unas vacaciones inolvidables.<\/h2>\n\n\n\n<p>Nuestras parcelas tienen una superficie de 20\/25 metros cuadrados, cuentan con c\u00e9sped bien cuidado, una vista espectacular al valle con la majestuosa piedra de Bismantova en primer plano y el valle del r\u00edo Secchia como tel\u00f3n de fondo.<\/p>\n\n\n\n<p>En las cercan\u00edas de las parcelas, encontrar\u00e1s zonas equipadas con mesas y barbacoas.<\/p>\n\n\n\n<p>Los estacionamientos para ambas parcelas est\u00e1n muy cerca.<\/p>\n\n\n\n<p>Es posible utilizar la energ\u00eda el\u00e9ctrica, que est\u00e1 incluida en la tarifa, pero se necesita un cable de corriente largo con enchufe conforme a la norma CEE.<\/p>\n<\/div>\n\n\n\n<div class=\"wp-block-column is-layout-flow wp-block-column-is-layout-flow\">\n<figure class=\"wp-block-image size-large\"><img loading=\"lazy\" decoding=\"async\" width=\"851\" height=\"1024\" src=\"https:\/\/www.campinglefonti.com\/wp-content\/uploads\/P6220589-851x1024.jpg\" alt=\"\" class=\"wp-image-246\" srcset=\"https:\/\/www.campinglefonti.com\/wp-content\/uploads\/P6220589-851x1024.jpg 851w, https:\/\/www.campinglefonti.com\/wp-content\/uploads\/P6220589-249x300.jpg 249w, https:\/\/www.campinglefonti.com\/wp-content\/uploads\/P6220589-768x924.jpg 768w, https:\/\/www.campinglefonti.com\/wp-content\/uploads\/P6220589-1276x1536.jpg 1276w, https:\/\/www.campinglefonti.com\/wp-content\/uploads\/P6220589-1702x2048.jpg 1702w\" sizes=\"auto, (max-width: 851px) 100vw, 851px\" \/><\/figure>\n\n\n\n<p><\/p>\n<\/div>\n<\/div>\n\n\n\n<div class=\"wp-block-columns margin-bottom--m is-layout-flex wp-container-core-columns-is-layout-9d6595d7 wp-block-columns-is-layout-flex\">\n<div class=\"wp-block-column is-layout-flow wp-block-column-is-layout-flow\">\n<figure class=\"wp-block-image size-large\"><img loading=\"lazy\" decoding=\"async\" width=\"1024\" height=\"768\" src=\"https:\/\/www.campinglefonti.com\/wp-content\/uploads\/\/tende-1024x768.jpg\" alt=\"\" class=\"wp-image-4663\" srcset=\"https:\/\/www.campinglefonti.com\/wp-content\/uploads\/tende-1024x768.jpg 1024w, https:\/\/www.campinglefonti.com\/wp-content\/uploads\/tende-300x225.jpg 300w, https:\/\/www.campinglefonti.com\/wp-content\/uploads\/tende-768x576.jpg 768w, https:\/\/www.campinglefonti.com\/wp-content\/uploads\/tende-1536x1152.jpg 1536w, https:\/\/www.campinglefonti.com\/wp-content\/uploads\/tende-702x526.jpg 702w, https:\/\/www.campinglefonti.com\/wp-content\/uploads\/tende.jpg 2048w\" sizes=\"auto, (max-width: 1024px) 100vw, 1024px\" \/><\/figure>\n\n\n\n<figure class=\"wp-block-image size-large\"><img loading=\"lazy\" decoding=\"async\" width=\"768\" height=\"1024\" src=\"https:\/\/www.campinglefonti.com\/wp-content\/uploads\/\/PA140287-768x1024.jpg\" alt=\"\" class=\"wp-image-2862\" srcset=\"https:\/\/www.campinglefonti.com\/wp-content\/uploads\/PA140287-768x1024.jpg 768w, https:\/\/www.campinglefonti.com\/wp-content\/uploads\/PA140287-225x300.jpg 225w, https:\/\/www.campinglefonti.com\/wp-content\/uploads\/PA140287-1152x1536.jpg 1152w, https:\/\/www.campinglefonti.com\/wp-content\/uploads\/PA140287-1536x2048.jpg 1536w, https:\/\/www.campinglefonti.com\/wp-content\/uploads\/PA140287-scaled.jpg 1920w\" sizes=\"auto, (max-width: 768px) 100vw, 768px\" \/><\/figure>\n<\/div>\n\n\n\n<div class=\"wp-block-column is-layout-flow wp-block-column-is-layout-flow\">\n<figure class=\"wp-block-image size-large\"><img loading=\"lazy\" decoding=\"async\" width=\"1024\" height=\"768\" src=\"https:\/\/www.campinglefonti.com\/wp-content\/uploads\/\/tende2-1024x768.jpg\" alt=\"\" class=\"wp-image-4668\" srcset=\"https:\/\/www.campinglefonti.com\/wp-content\/uploads\/tende2-1024x768.jpg 1024w, https:\/\/www.campinglefonti.com\/wp-content\/uploads\/tende2-300x225.jpg 300w, https:\/\/www.campinglefonti.com\/wp-content\/uploads\/tende2-768x576.jpg 768w, https:\/\/www.campinglefonti.com\/wp-content\/uploads\/tende2-1536x1152.jpg 1536w, https:\/\/www.campinglefonti.com\/wp-content\/uploads\/tende2-702x526.jpg 702w, https:\/\/www.campinglefonti.com\/wp-content\/uploads\/tende2.jpg 2048w\" sizes=\"auto, (max-width: 1024px) 100vw, 1024px\" \/><\/figure>\n\n\n\n<figure class=\"wp-block-image size-large\"><img decoding=\"async\" src=\"https:\/\/www.campinglefonti.com\/wp-content\/uploads\/P8080407-768x1024.jpg\" alt=\"\" class=\"wp-image-256\"\/><\/figure>\n<\/div>\n<\/div>\n\n\n\n<div class=\"wp-block-group is-style-light-green-bg\"><div class=\"wp-block-group__inner-container is-layout-flow wp-block-group-is-layout-flow\">\n<p class=\"has-text-align-center\" style=\"font-size:33px\">\u00bfNo has encontrado la informaci\u00f3n que buscabas?<\/p>\n\n\n\n<div class=\"wp-block-buttons is-horizontal is-content-justification-center is-layout-flex wp-container-core-buttons-is-layout-499968f5 wp-block-buttons-is-layout-flex\">\n<div class=\"wp-block-button\"><a class=\"wp-block-button__link wp-element-button\" href=\"https:\/\/www.campinglefonti.com\/es\/contactos\/\">CONT\u00c1CTANOS<\/a><\/div>\n<\/div>\n<\/div><\/div>\n","protected":false},"excerpt":{"rendered":"<p>\u00bfEres una persona aventurera y te encanta estar en contacto directo con la naturaleza? Para ti, contamos con parcelas de camping equipadas con \u00e1reas comunes, que incluyen mesas y barbacoas. Elige entre dos tipos de parcelas de camping: Espacio y comodidad para unas vacaciones inolvidables. Nuestras parcelas tienen una superficie de 20\/25 metros cuadrados, cuentan [&hellip;]<\/p>\n","protected":false},"author":6,"featured_media":0,"parent":0,"menu_order":0,"comment_status":"closed","ping_status":"closed","template":"","meta":{"_acf_changed":false,"inline_featured_image":false,"_genesis_hide_title":true,"_genesis_hide_breadcrumbs":false,"_genesis_hide_singular_image":false,"_genesis_hide_footer_widgets":false,"_genesis_custom_body_class":"","_genesis_custom_post_class":"","_genesis_layout":"","footnotes":"","_links_to":"","_links_to_target":""},"class_list":{"0":"post-5469","1":"page","2":"type-page","3":"status-publish","5":"entry"},"acf":[],"yoast_head":"<!-- This site is optimized with the Yoast SEO plugin v27.2 - https:\/\/yoast.com\/product\/yoast-seo-wordpress\/ -->\n<title>PARCELAS PARA TIENDAS DE CAMPA\u00d1A - Camping Le Fonti<\/title>\n<meta name=\"robots\" content=\"index, follow, max-snippet:-1, max-image-preview:large, max-video-preview:-1\" \/>\n<link rel=\"canonical\" href=\"https:\/\/www.campinglefonti.com\/es\/parcelas-para-tiendas-de-campana\/\" \/>\n<meta property=\"og:locale\" content=\"es_ES\" \/>\n<meta property=\"og:type\" content=\"article\" \/>\n<meta property=\"og:title\" content=\"PARCELAS PARA TIENDAS DE CAMPA\u00d1A - Camping Le Fonti\" \/>\n<meta property=\"og:description\" content=\"\u00bfEres una persona aventurera y te encanta estar en contacto directo con la naturaleza? Para ti, contamos con parcelas de camping equipadas con \u00e1reas comunes, que incluyen mesas y barbacoas. Elige entre dos tipos de parcelas de camping: Espacio y comodidad para unas vacaciones inolvidables. Nuestras parcelas tienen una superficie de 20\/25 metros cuadrados, cuentan [&hellip;]\" \/>\n<meta property=\"og:url\" content=\"https:\/\/www.campinglefonti.com\/es\/parcelas-para-tiendas-de-campana\/\" \/>\n<meta property=\"og:site_name\" content=\"Camping Le Fonti\" \/>\n<meta property=\"article:modified_time\" content=\"2025-03-13T08:48:34+00:00\" \/>\n<meta property=\"og:image\" content=\"https:\/\/www.campinglefonti.com\/wp-content\/uploads\/piazzole-cover-family-scaled.jpg\" \/>\n\t<meta property=\"og:image:width\" content=\"2560\" \/>\n\t<meta property=\"og:image:height\" content=\"1707\" \/>\n\t<meta property=\"og:image:type\" content=\"image\/jpeg\" \/>\n<meta name=\"twitter:card\" content=\"summary_large_image\" \/>\n<meta name=\"twitter:label1\" content=\"Tiempo de lectura\" \/>\n\t<meta name=\"twitter:data1\" content=\"3 minutos\" \/>\n<script type=\"application\/ld+json\" class=\"yoast-schema-graph\">{\"@context\":\"https:\/\/schema.org\",\"@graph\":[{\"@type\":\"WebPage\",\"@id\":\"https:\/\/www.campinglefonti.com\/es\/parcelas-para-tiendas-de-campana\/\",\"url\":\"https:\/\/www.campinglefonti.com\/es\/parcelas-para-tiendas-de-campana\/\",\"name\":\"PARCELAS PARA TIENDAS DE CAMPA\u00d1A - Camping Le Fonti\",\"isPartOf\":{\"@id\":\"https:\/\/www.campinglefonti.com\/es\/#website\"},\"primaryImageOfPage\":{\"@id\":\"https:\/\/www.campinglefonti.com\/es\/parcelas-para-tiendas-de-campana\/#primaryimage\"},\"image\":{\"@id\":\"https:\/\/www.campinglefonti.com\/es\/parcelas-para-tiendas-de-campana\/#primaryimage\"},\"thumbnailUrl\":\"https:\/\/www.campinglefonti.com\/wp-content\/uploads\/piazzole-cover-family-1024x683.jpg\",\"datePublished\":\"2025-03-12T18:45:08+00:00\",\"dateModified\":\"2025-03-13T08:48:34+00:00\",\"breadcrumb\":{\"@id\":\"https:\/\/www.campinglefonti.com\/es\/parcelas-para-tiendas-de-campana\/#breadcrumb\"},\"inLanguage\":\"es\",\"potentialAction\":[{\"@type\":\"ReadAction\",\"target\":[\"https:\/\/www.campinglefonti.com\/es\/parcelas-para-tiendas-de-campana\/\"]}]},{\"@type\":\"ImageObject\",\"inLanguage\":\"es\",\"@id\":\"https:\/\/www.campinglefonti.com\/es\/parcelas-para-tiendas-de-campana\/#primaryimage\",\"url\":\"https:\/\/www.campinglefonti.com\/wp-content\/uploads\/piazzole-cover-family-1024x683.jpg\",\"contentUrl\":\"https:\/\/www.campinglefonti.com\/wp-content\/uploads\/piazzole-cover-family-1024x683.jpg\"},{\"@type\":\"BreadcrumbList\",\"@id\":\"https:\/\/www.campinglefonti.com\/es\/parcelas-para-tiendas-de-campana\/#breadcrumb\",\"itemListElement\":[{\"@type\":\"ListItem\",\"position\":1,\"name\":\"Home\",\"item\":\"https:\/\/www.campinglefonti.com\/es\/\"},{\"@type\":\"ListItem\",\"position\":2,\"name\":\"PARCELAS PARA TIENDAS DE CAMPA\u00d1A\"}]},{\"@type\":\"WebSite\",\"@id\":\"https:\/\/www.campinglefonti.com\/es\/#website\",\"url\":\"https:\/\/www.campinglefonti.com\/es\/\",\"name\":\"Camping Le Fonti\",\"description\":\"Campeggio con bungalow e piazzole nell&#039;Appennino Reggiano\",\"publisher\":{\"@id\":\"https:\/\/www.campinglefonti.com\/es\/#organization\"},\"potentialAction\":[{\"@type\":\"SearchAction\",\"target\":{\"@type\":\"EntryPoint\",\"urlTemplate\":\"https:\/\/www.campinglefonti.com\/es\/?s={search_term_string}\"},\"query-input\":{\"@type\":\"PropertyValueSpecification\",\"valueRequired\":true,\"valueName\":\"search_term_string\"}}],\"inLanguage\":\"es\"},{\"@type\":\"Organization\",\"@id\":\"https:\/\/www.campinglefonti.com\/es\/#organization\",\"name\":\"Camping Le Fonti\",\"url\":\"https:\/\/www.campinglefonti.com\/es\/\",\"logo\":{\"@type\":\"ImageObject\",\"inLanguage\":\"es\",\"@id\":\"https:\/\/www.campinglefonti.com\/es\/#\/schema\/logo\/image\/\",\"url\":\"https:\/\/www.campinglefonti.com\/wp-content\/uploads\/logo-camping-le-fonti.svg\",\"contentUrl\":\"https:\/\/www.campinglefonti.com\/wp-content\/uploads\/logo-camping-le-fonti.svg\",\"width\":75,\"height\":71,\"caption\":\"Camping Le Fonti\"},\"image\":{\"@id\":\"https:\/\/www.campinglefonti.com\/es\/#\/schema\/logo\/image\/\"}}]}<\/script>\n<!-- \/ Yoast SEO plugin. -->","yoast_head_json":{"title":"PARCELAS PARA TIENDAS DE CAMPA\u00d1A - Camping Le Fonti","robots":{"index":"index","follow":"follow","max-snippet":"max-snippet:-1","max-image-preview":"max-image-preview:large","max-video-preview":"max-video-preview:-1"},"canonical":"https:\/\/www.campinglefonti.com\/es\/parcelas-para-tiendas-de-campana\/","og_locale":"es_ES","og_type":"article","og_title":"PARCELAS PARA TIENDAS DE CAMPA\u00d1A - Camping Le Fonti","og_description":"\u00bfEres una persona aventurera y te encanta estar en contacto directo con la naturaleza? Para ti, contamos con parcelas de camping equipadas con \u00e1reas comunes, que incluyen mesas y barbacoas. Elige entre dos tipos de parcelas de camping: Espacio y comodidad para unas vacaciones inolvidables. Nuestras parcelas tienen una superficie de 20\/25 metros cuadrados, cuentan [&hellip;]","og_url":"https:\/\/www.campinglefonti.com\/es\/parcelas-para-tiendas-de-campana\/","og_site_name":"Camping Le Fonti","article_modified_time":"2025-03-13T08:48:34+00:00","og_image":[{"width":2560,"height":1707,"url":"https:\/\/www.campinglefonti.com\/wp-content\/uploads\/piazzole-cover-family-scaled.jpg","type":"image\/jpeg"}],"twitter_card":"summary_large_image","twitter_misc":{"Tiempo de lectura":"3 minutos"},"schema":{"@context":"https:\/\/schema.org","@graph":[{"@type":"WebPage","@id":"https:\/\/www.campinglefonti.com\/es\/parcelas-para-tiendas-de-campana\/","url":"https:\/\/www.campinglefonti.com\/es\/parcelas-para-tiendas-de-campana\/","name":"PARCELAS PARA TIENDAS DE CAMPA\u00d1A - Camping Le Fonti","isPartOf":{"@id":"https:\/\/www.campinglefonti.com\/es\/#website"},"primaryImageOfPage":{"@id":"https:\/\/www.campinglefonti.com\/es\/parcelas-para-tiendas-de-campana\/#primaryimage"},"image":{"@id":"https:\/\/www.campinglefonti.com\/es\/parcelas-para-tiendas-de-campana\/#primaryimage"},"thumbnailUrl":"https:\/\/www.campinglefonti.com\/wp-content\/uploads\/piazzole-cover-family-1024x683.jpg","datePublished":"2025-03-12T18:45:08+00:00","dateModified":"2025-03-13T08:48:34+00:00","breadcrumb":{"@id":"https:\/\/www.campinglefonti.com\/es\/parcelas-para-tiendas-de-campana\/#breadcrumb"},"inLanguage":"es","potentialAction":[{"@type":"ReadAction","target":["https:\/\/www.campinglefonti.com\/es\/parcelas-para-tiendas-de-campana\/"]}]},{"@type":"ImageObject","inLanguage":"es","@id":"https:\/\/www.campinglefonti.com\/es\/parcelas-para-tiendas-de-campana\/#primaryimage","url":"https:\/\/www.campinglefonti.com\/wp-content\/uploads\/piazzole-cover-family-1024x683.jpg","contentUrl":"https:\/\/www.campinglefonti.com\/wp-content\/uploads\/piazzole-cover-family-1024x683.jpg"},{"@type":"BreadcrumbList","@id":"https:\/\/www.campinglefonti.com\/es\/parcelas-para-tiendas-de-campana\/#breadcrumb","itemListElement":[{"@type":"ListItem","position":1,"name":"Home","item":"https:\/\/www.campinglefonti.com\/es\/"},{"@type":"ListItem","position":2,"name":"PARCELAS PARA TIENDAS DE CAMPA\u00d1A"}]},{"@type":"WebSite","@id":"https:\/\/www.campinglefonti.com\/es\/#website","url":"https:\/\/www.campinglefonti.com\/es\/","name":"Camping Le Fonti","description":"Campeggio con bungalow e piazzole nell&#039;Appennino Reggiano","publisher":{"@id":"https:\/\/www.campinglefonti.com\/es\/#organization"},"potentialAction":[{"@type":"SearchAction","target":{"@type":"EntryPoint","urlTemplate":"https:\/\/www.campinglefonti.com\/es\/?s={search_term_string}"},"query-input":{"@type":"PropertyValueSpecification","valueRequired":true,"valueName":"search_term_string"}}],"inLanguage":"es"},{"@type":"Organization","@id":"https:\/\/www.campinglefonti.com\/es\/#organization","name":"Camping Le Fonti","url":"https:\/\/www.campinglefonti.com\/es\/","logo":{"@type":"ImageObject","inLanguage":"es","@id":"https:\/\/www.campinglefonti.com\/es\/#\/schema\/logo\/image\/","url":"https:\/\/www.campinglefonti.com\/wp-content\/uploads\/logo-camping-le-fonti.svg","contentUrl":"https:\/\/www.campinglefonti.com\/wp-content\/uploads\/logo-camping-le-fonti.svg","width":75,"height":71,"caption":"Camping Le Fonti"},"image":{"@id":"https:\/\/www.campinglefonti.com\/es\/#\/schema\/logo\/image\/"}}]}},"_links":{"self":[{"href":"https:\/\/www.campinglefonti.com\/es\/wp-json\/wp\/v2\/pages\/5469","targetHints":{"allow":["GET"]}}],"collection":[{"href":"https:\/\/www.campinglefonti.com\/es\/wp-json\/wp\/v2\/pages"}],"about":[{"href":"https:\/\/www.campinglefonti.com\/es\/wp-json\/wp\/v2\/types\/page"}],"author":[{"embeddable":true,"href":"https:\/\/www.campinglefonti.com\/es\/wp-json\/wp\/v2\/users\/6"}],"replies":[{"embeddable":true,"href":"https:\/\/www.campinglefonti.com\/es\/wp-json\/wp\/v2\/comments?post=5469"}],"version-history":[{"count":12,"href":"https:\/\/www.campinglefonti.com\/es\/wp-json\/wp\/v2\/pages\/5469\/revisions"}],"predecessor-version":[{"id":5675,"href":"https:\/\/www.campinglefonti.com\/es\/wp-json\/wp\/v2\/pages\/5469\/revisions\/5675"}],"wp:attachment":[{"href":"https:\/\/www.campinglefonti.com\/es\/wp-json\/wp\/v2\/media?parent=5469"}],"curies":[{"name":"wp","href":"https:\/\/api.w.org\/{rel}","templated":true}]}}