{"id":5503,"date":"2025-03-12T19:45:08","date_gmt":"2025-03-12T18:45:08","guid":{"rendered":"https:\/\/www.campinglefonti.com\/?page_id=5503"},"modified":"2025-03-13T09:56:19","modified_gmt":"2025-03-13T08:56:19","slug":"wellness","status":"publish","type":"page","link":"https:\/\/www.campinglefonti.com\/es\/wellness\/","title":{"rendered":"Wellness"},"content":{"rendered":"\n<figure class=\"wp-block-image alignfull size-full grid-section-main-image\"><img loading=\"lazy\" decoding=\"async\" width=\"1024\" height=\"682\" src=\"https:\/\/www.campinglefonti.com\/wp-content\/uploads\/Piscina-2.jpg\" alt=\"\" class=\"wp-image-4587\" srcset=\"https:\/\/www.campinglefonti.com\/wp-content\/uploads\/Piscina-2.jpg 1024w, https:\/\/www.campinglefonti.com\/wp-content\/uploads\/Piscina-2-300x200.jpg 300w, https:\/\/www.campinglefonti.com\/wp-content\/uploads\/Piscina-2-768x512.jpg 768w\" sizes=\"auto, (max-width: 1024px) 100vw, 1024px\" \/><\/figure>\n\n\n\n<div class=\"wp-block-columns alignwide grid-section-columns grid-section-columns-green margin-bottom--m is-layout-flex wp-container-core-columns-is-layout-9d6595d7 wp-block-columns-is-layout-flex\">\n<div class=\"wp-block-column is-vertically-aligned-center is-layout-flow wp-block-column-is-layout-flow\">\n<figure class=\"wp-block-image size-large is-resized\"><img decoding=\"async\" src=\"https:\/\/www.campinglefonti.com\/wp-content\/uploads\/Piscina-3-1024x576.jpg\" alt=\"\" class=\"wp-image-4592\" style=\"width:491px;height:auto\"\/><\/figure>\n<\/div>\n\n\n\n<div class=\"wp-block-column is-layout-flow wp-block-column-is-layout-flow\">\n<h1 class=\"wp-block-heading\">\u00bfHas estado ocupado con tantas actividades al aire libre y ahora quieres darte unas horas de relajaci\u00f3n?<\/h1>\n\n\n\n<p>\u00a1Ac\u00e9rcate a nuestra zona wellness!<br>Todos los servicios se ofrecen bajo reserva para garantizar tu privacidad.<\/p>\n\n\n\n<p>Puedes hacer tu reserva directamente en el n\u00famero <img loading=\"lazy\" decoding=\"async\" width=\"30\" height=\"29\" class=\"wp-image-654\" style=\"width: 30px;\" src=\"https:\/\/www.campinglefonti.com\/wp-content\/uploads\/WhatsApp-icon-1.png\" alt=\"\" srcset=\"https:\/\/www.campinglefonti.com\/wp-content\/uploads\/WhatsApp-icon-1.png 189w, https:\/\/www.campinglefonti.com\/wp-content\/uploads\/WhatsApp-icon-1-150x150.png 150w, https:\/\/www.campinglefonti.com\/wp-content\/uploads\/WhatsApp-icon-1-75x75.png 75w, https:\/\/www.campinglefonti.com\/wp-content\/uploads\/WhatsApp-icon-1-20x20.png 20w\" sizes=\"auto, (max-width: 30px) 100vw, 30px\" \/> 333 642 5450 (solo mensajes).<\/p>\n\n\n\n<p>Para no perderte nada, visita nuestras p\u00e1ginas de Facebook e <a href=\"https:\/\/www.facebook.com\/Grottabenessere#\">Grotta del Benessere<\/a> e Instagram <a href=\"https:\/\/www.instagram.com\/grottadelbenessere\/?hl=it\">grottadelbenessere<\/a>.<\/p>\n\n\n\n<p>Descubre todas las maneras en las que puedes cuidarte:<\/p>\n<\/div>\n<\/div>\n\n\n\n<div class=\"wp-block-columns image-on-left margin-bottom--m is-layout-flex wp-container-core-columns-is-layout-9d6595d7 wp-block-columns-is-layout-flex\">\n<div class=\"wp-block-column is-layout-flow wp-block-column-is-layout-flow\">\n<figure class=\"wp-block-image alignfull size-large\"><img loading=\"lazy\" decoding=\"async\" width=\"1024\" height=\"768\" src=\"https:\/\/www.campinglefonti.com\/wp-content\/uploads\/\/PA3005221-1024x768.jpg\" alt=\"centro benessere\" class=\"wp-image-290\" srcset=\"https:\/\/www.campinglefonti.com\/wp-content\/uploads\/PA3005221-1024x768.jpg 1024w, https:\/\/www.campinglefonti.com\/wp-content\/uploads\/PA3005221-300x225.jpg 300w, https:\/\/www.campinglefonti.com\/wp-content\/uploads\/PA3005221-768x576.jpg 768w, https:\/\/www.campinglefonti.com\/wp-content\/uploads\/PA3005221-1536x1152.jpg 1536w, https:\/\/www.campinglefonti.com\/wp-content\/uploads\/PA3005221-2048x1536.jpg 2048w, https:\/\/www.campinglefonti.com\/wp-content\/uploads\/PA3005221-702x526.jpg 702w, https:\/\/www.campinglefonti.com\/wp-content\/uploads\/PA3005221-20x15.jpg 20w, https:\/\/www.campinglefonti.com\/wp-content\/uploads\/PA3005221.jpg 1920w\" sizes=\"auto, (max-width: 1024px) 100vw, 1024px\" \/><\/figure>\n<\/div>\n\n\n\n<div class=\"wp-block-column is-layout-flow wp-block-column-is-layout-flow\">\n<h2 class=\"wp-block-heading\"><strong>Zona de relax<\/strong><\/h2>\n\n\n\n<p>Disfruta de infusiones con un aroma envolvente en esta acogedora estancia mientras contemplas las llamas de la chimenea situada en el centro de la sala.<\/p>\n\n\n\n<h2 class=\"wp-block-heading\"><strong>Ducha Sensorial<\/strong><\/h2>\n\n\n\n<p>Una cascada de agua que transforma el estr\u00e9s y la ansiedad en energ\u00eda positiva y vitalidad. Combina alternancia de temperaturas, sonidos y colores, ofreciendo un recorrido multisensorial que incluye cromoterapia y aromaterapia.<\/p>\n\n\n\n<h2 class=\"wp-block-heading\"><strong>Tina de hidromasaje<\/strong><\/h2>\n\n\n\n<p>Reg\u00e1late momentos \u00fanicos para regenerar cuerpo y mente gracias a los relajantes chorros de agua burbujeante.<\/p>\n<\/div>\n<\/div>\n\n\n\n<div class=\"wp-block-columns image-on-right blue-bg margin-bottom--m is-layout-flex wp-container-core-columns-is-layout-9d6595d7 wp-block-columns-is-layout-flex\">\n<div class=\"wp-block-column is-layout-flow wp-block-column-is-layout-flow\">\n<h2 class=\"wp-block-heading\"><strong>Sala de sal<\/strong><\/h2>\n\n\n\n<p>Hemos recreado para ti los beneficios del aire marino, con un alto nivel de concentraci\u00f3n salina. Las paredes y el suelo est\u00e1n compuestos de sal, que tambi\u00e9n se difunde mediante una torre de gradaci\u00f3n para facilitar su absorci\u00f3n. La sala de sal se mantiene a una temperatura constante de entre 18 -24\u00b0, con humedad controlada.<\/p>\n\n\n\n<h2 class=\"wp-block-heading\"><strong>Ba\u00f1o turco<\/strong><\/h2>\n\n\n\n<p>Facilita la eliminaci\u00f3n de toxinas como sodio, alcohol, nicotina, colesterol, metales y otras sustancias perjudiciales para nuestra salud. Mejora la circulaci\u00f3n sangu\u00ednea y estimula la actividad del sistema inmunol\u00f3gico y linf\u00e1tico. Es un tratamiento eficaz para problemas como el acn\u00e9, la dermatitis, los dolores reum\u00e1ticos y las inflamaciones de las v\u00edas respiratorias.                                     Adem\u00e1s, acelera el metabolismo, favoreciendo la p\u00e9rdida de peso, y ayuda a tratar resfriados al descongestionar las mucosas y promover la expulsi\u00f3n del exceso de moco.<\/p>\n\n\n\n<h2 class=\"wp-block-heading\"><strong>Piscina climatizada cubierta<\/strong><\/h2>\n\n\n\n<p>Un verdadero rinc\u00f3n de bienestar a tu disposici\u00f3n durante todo el a\u00f1o. El agua de la piscina te envuelve con su temperatura constante de 29 grados.<\/p>\n\n\n\n<p>\u00bfApostamos a que no querr\u00e1s salir?<\/p>\n\n\n\n<ul class=\"wp-block-list\">\n<li>De 9:00 a 12:30 y de 15:00 a 19:00.<\/li>\n\n\n\n<li>Si olvidaste tu gorro, \u00a0te lo proporcionamos<\/li>\n\n\n\n<li>Se organizan clases de aquagym durante los meses de verano y en invierno cursos de nataci\u00f3n<\/li>\n\n\n\n<li>\u00bfQuieres conocer nuestros precios?<\/li>\n<\/ul>\n<\/div>\n\n\n\n<div class=\"wp-block-column is-layout-flow wp-block-column-is-layout-flow\">\n<figure class=\"wp-block-image alignfull size-full\"><img loading=\"lazy\" decoding=\"async\" width=\"1920\" height=\"2560\" src=\"https:\/\/www.campinglefonti.com\/wp-content\/uploads\/PA3005511-scaled.jpg\" alt=\"stanza del sale\" class=\"wp-image-287\" srcset=\"https:\/\/www.campinglefonti.com\/wp-content\/uploads\/PA3005511-scaled.jpg 1920w, https:\/\/www.campinglefonti.com\/wp-content\/uploads\/PA3005511-225x300.jpg 225w, https:\/\/www.campinglefonti.com\/wp-content\/uploads\/PA3005511-768x1024.jpg 768w, https:\/\/www.campinglefonti.com\/wp-content\/uploads\/PA3005511-1152x1536.jpg 1152w, https:\/\/www.campinglefonti.com\/wp-content\/uploads\/PA3005511-1536x2048.jpg 1536w\" sizes=\"auto, (max-width: 1920px) 100vw, 1920px\" \/><\/figure>\n<\/div>\n<\/div>\n\n\n\n<figure class=\"wp-block-gallery has-nested-images columns-default is-cropped wp-block-gallery-1 is-layout-flex wp-block-gallery-is-layout-flex\">\n<figure class=\"wp-block-image size-full\"><img loading=\"lazy\" decoding=\"async\" width=\"960\" height=\"540\" data-id=\"4604\" src=\"https:\/\/www.campinglefonti.com\/wp-content\/uploads\/Idro.jpg\" alt=\"\" class=\"wp-image-4604\" srcset=\"https:\/\/www.campinglefonti.com\/wp-content\/uploads\/Idro.jpg 960w, https:\/\/www.campinglefonti.com\/wp-content\/uploads\/Idro-300x169.jpg 300w, https:\/\/www.campinglefonti.com\/wp-content\/uploads\/Idro-768x432.jpg 768w\" sizes=\"auto, (max-width: 960px) 100vw, 960px\" \/><\/figure>\n\n\n\n<figure class=\"wp-block-image size-full\"><img loading=\"lazy\" decoding=\"async\" width=\"1024\" height=\"682\" data-id=\"4587\" src=\"https:\/\/www.campinglefonti.com\/wp-content\/uploads\/Piscina-2.jpg\" alt=\"\" class=\"wp-image-4587\" srcset=\"https:\/\/www.campinglefonti.com\/wp-content\/uploads\/Piscina-2.jpg 1024w, https:\/\/www.campinglefonti.com\/wp-content\/uploads\/Piscina-2-300x200.jpg 300w, https:\/\/www.campinglefonti.com\/wp-content\/uploads\/Piscina-2-768x512.jpg 768w\" sizes=\"auto, (max-width: 1024px) 100vw, 1024px\" \/><\/figure>\n\n\n\n<figure class=\"wp-block-image size-full\"><img decoding=\"async\" data-id=\"4614\" src=\"https:\/\/www.campinglefonti.com\/wp-content\/uploads\/Acquagym-1.jpg\" alt=\"\" class=\"wp-image-4614\"\/><\/figure>\n<\/figure>\n\n\n\n<div class=\"wp-block-group is-style-light-green-bg\"><div class=\"wp-block-group__inner-container is-layout-flow wp-block-group-is-layout-flow\">\n<p class=\"has-text-align-center\" style=\"font-size:33px\">\u00bfTe gustar\u00eda disfrutar de un fin de semana diferente?<br>Contamos con bungalows disponibles en alquiler, tambi\u00e9n para estancias cortas.<\/p>\n\n\n\n<div class=\"wp-block-buttons is-horizontal is-content-justification-center is-layout-flex wp-container-core-buttons-is-layout-499968f5 wp-block-buttons-is-layout-flex\">\n<div class=\"wp-block-button\"><a class=\"wp-block-button__link wp-element-button\" href=\"https:\/\/www.campinglefonti.com\/es\/contactos\/\">QUISIERA M\u00c1S INFORMACI\u00d3N<\/a><\/div>\n<\/div>\n<\/div><\/div>\n","protected":false},"excerpt":{"rendered":"<p>\u00bfHas estado ocupado con tantas actividades al aire libre y ahora quieres darte unas horas de relajaci\u00f3n? \u00a1Ac\u00e9rcate a nuestra zona wellness!Todos los servicios se ofrecen bajo reserva para garantizar tu privacidad. Puedes hacer tu reserva directamente en el n\u00famero 333 642 5450 (solo mensajes). Para no perderte nada, visita nuestras p\u00e1ginas de Facebook e [&hellip;]<\/p>\n","protected":false},"author":6,"featured_media":0,"parent":0,"menu_order":3,"comment_status":"closed","ping_status":"closed","template":"","meta":{"_acf_changed":false,"inline_featured_image":false,"_genesis_hide_title":true,"_genesis_hide_breadcrumbs":false,"_genesis_hide_singular_image":false,"_genesis_hide_footer_widgets":false,"_genesis_custom_body_class":"","_genesis_custom_post_class":"","_genesis_layout":"","footnotes":"","_links_to":"","_links_to_target":""},"class_list":{"0":"post-5503","1":"page","2":"type-page","3":"status-publish","5":"entry"},"acf":[],"yoast_head":"<!-- This site is optimized with the Yoast SEO plugin v27.2 - https:\/\/yoast.com\/product\/yoast-seo-wordpress\/ -->\n<title>Wellness - Camping Le Fonti<\/title>\n<meta name=\"robots\" content=\"index, follow, max-snippet:-1, max-image-preview:large, max-video-preview:-1\" \/>\n<link rel=\"canonical\" href=\"https:\/\/www.campinglefonti.com\/es\/wellness\/\" \/>\n<meta property=\"og:locale\" content=\"es_ES\" \/>\n<meta property=\"og:type\" content=\"article\" \/>\n<meta property=\"og:title\" content=\"Wellness - Camping Le Fonti\" \/>\n<meta property=\"og:description\" content=\"\u00bfHas estado ocupado con tantas actividades al aire libre y ahora quieres darte unas horas de relajaci\u00f3n? \u00a1Ac\u00e9rcate a nuestra zona wellness!Todos los servicios se ofrecen bajo reserva para garantizar tu privacidad. Puedes hacer tu reserva directamente en el n\u00famero 333 642 5450 (solo mensajes). Para no perderte nada, visita nuestras p\u00e1ginas de Facebook e [&hellip;]\" \/>\n<meta property=\"og:url\" content=\"https:\/\/www.campinglefonti.com\/es\/wellness\/\" \/>\n<meta property=\"og:site_name\" content=\"Camping Le Fonti\" \/>\n<meta property=\"article:modified_time\" content=\"2025-03-13T08:56:19+00:00\" \/>\n<meta property=\"og:image\" content=\"https:\/\/www.campinglefonti.com\/wp-content\/uploads\/Piscina-2.jpg\" \/>\n\t<meta property=\"og:image:width\" content=\"1024\" \/>\n\t<meta property=\"og:image:height\" content=\"682\" \/>\n\t<meta property=\"og:image:type\" content=\"image\/jpeg\" \/>\n<meta name=\"twitter:card\" content=\"summary_large_image\" \/>\n<meta name=\"twitter:label1\" content=\"Tiempo de lectura\" \/>\n\t<meta name=\"twitter:data1\" content=\"4 minutos\" \/>\n<script type=\"application\/ld+json\" class=\"yoast-schema-graph\">{\"@context\":\"https:\/\/schema.org\",\"@graph\":[{\"@type\":\"WebPage\",\"@id\":\"https:\/\/www.campinglefonti.com\/es\/wellness\/\",\"url\":\"https:\/\/www.campinglefonti.com\/es\/wellness\/\",\"name\":\"Wellness - Camping Le Fonti\",\"isPartOf\":{\"@id\":\"https:\/\/www.campinglefonti.com\/es\/#website\"},\"primaryImageOfPage\":{\"@id\":\"https:\/\/www.campinglefonti.com\/es\/wellness\/#primaryimage\"},\"image\":{\"@id\":\"https:\/\/www.campinglefonti.com\/es\/wellness\/#primaryimage\"},\"thumbnailUrl\":\"https:\/\/www.campinglefonti.com\/wp-content\/uploads\/Piscina-2.jpg\",\"datePublished\":\"2025-03-12T18:45:08+00:00\",\"dateModified\":\"2025-03-13T08:56:19+00:00\",\"breadcrumb\":{\"@id\":\"https:\/\/www.campinglefonti.com\/es\/wellness\/#breadcrumb\"},\"inLanguage\":\"es\",\"potentialAction\":[{\"@type\":\"ReadAction\",\"target\":[\"https:\/\/www.campinglefonti.com\/es\/wellness\/\"]}]},{\"@type\":\"ImageObject\",\"inLanguage\":\"es\",\"@id\":\"https:\/\/www.campinglefonti.com\/es\/wellness\/#primaryimage\",\"url\":\"https:\/\/www.campinglefonti.com\/wp-content\/uploads\/Piscina-2.jpg\",\"contentUrl\":\"https:\/\/www.campinglefonti.com\/wp-content\/uploads\/Piscina-2.jpg\"},{\"@type\":\"BreadcrumbList\",\"@id\":\"https:\/\/www.campinglefonti.com\/es\/wellness\/#breadcrumb\",\"itemListElement\":[{\"@type\":\"ListItem\",\"position\":1,\"name\":\"Home\",\"item\":\"https:\/\/www.campinglefonti.com\/es\/\"},{\"@type\":\"ListItem\",\"position\":2,\"name\":\"Wellness\"}]},{\"@type\":\"WebSite\",\"@id\":\"https:\/\/www.campinglefonti.com\/es\/#website\",\"url\":\"https:\/\/www.campinglefonti.com\/es\/\",\"name\":\"Camping Le Fonti\",\"description\":\"Campeggio con bungalow e piazzole nell&#039;Appennino Reggiano\",\"publisher\":{\"@id\":\"https:\/\/www.campinglefonti.com\/es\/#organization\"},\"potentialAction\":[{\"@type\":\"SearchAction\",\"target\":{\"@type\":\"EntryPoint\",\"urlTemplate\":\"https:\/\/www.campinglefonti.com\/es\/?s={search_term_string}\"},\"query-input\":{\"@type\":\"PropertyValueSpecification\",\"valueRequired\":true,\"valueName\":\"search_term_string\"}}],\"inLanguage\":\"es\"},{\"@type\":\"Organization\",\"@id\":\"https:\/\/www.campinglefonti.com\/es\/#organization\",\"name\":\"Camping Le Fonti\",\"url\":\"https:\/\/www.campinglefonti.com\/es\/\",\"logo\":{\"@type\":\"ImageObject\",\"inLanguage\":\"es\",\"@id\":\"https:\/\/www.campinglefonti.com\/es\/#\/schema\/logo\/image\/\",\"url\":\"https:\/\/www.campinglefonti.com\/wp-content\/uploads\/logo-camping-le-fonti.svg\",\"contentUrl\":\"https:\/\/www.campinglefonti.com\/wp-content\/uploads\/logo-camping-le-fonti.svg\",\"width\":75,\"height\":71,\"caption\":\"Camping Le Fonti\"},\"image\":{\"@id\":\"https:\/\/www.campinglefonti.com\/es\/#\/schema\/logo\/image\/\"}}]}<\/script>\n<!-- \/ Yoast SEO plugin. -->","yoast_head_json":{"title":"Wellness - Camping Le Fonti","robots":{"index":"index","follow":"follow","max-snippet":"max-snippet:-1","max-image-preview":"max-image-preview:large","max-video-preview":"max-video-preview:-1"},"canonical":"https:\/\/www.campinglefonti.com\/es\/wellness\/","og_locale":"es_ES","og_type":"article","og_title":"Wellness - Camping Le Fonti","og_description":"\u00bfHas estado ocupado con tantas actividades al aire libre y ahora quieres darte unas horas de relajaci\u00f3n? \u00a1Ac\u00e9rcate a nuestra zona wellness!Todos los servicios se ofrecen bajo reserva para garantizar tu privacidad. Puedes hacer tu reserva directamente en el n\u00famero 333 642 5450 (solo mensajes). Para no perderte nada, visita nuestras p\u00e1ginas de Facebook e [&hellip;]","og_url":"https:\/\/www.campinglefonti.com\/es\/wellness\/","og_site_name":"Camping Le Fonti","article_modified_time":"2025-03-13T08:56:19+00:00","og_image":[{"width":1024,"height":682,"url":"https:\/\/www.campinglefonti.com\/wp-content\/uploads\/Piscina-2.jpg","type":"image\/jpeg"}],"twitter_card":"summary_large_image","twitter_misc":{"Tiempo de lectura":"4 minutos"},"schema":{"@context":"https:\/\/schema.org","@graph":[{"@type":"WebPage","@id":"https:\/\/www.campinglefonti.com\/es\/wellness\/","url":"https:\/\/www.campinglefonti.com\/es\/wellness\/","name":"Wellness - Camping Le Fonti","isPartOf":{"@id":"https:\/\/www.campinglefonti.com\/es\/#website"},"primaryImageOfPage":{"@id":"https:\/\/www.campinglefonti.com\/es\/wellness\/#primaryimage"},"image":{"@id":"https:\/\/www.campinglefonti.com\/es\/wellness\/#primaryimage"},"thumbnailUrl":"https:\/\/www.campinglefonti.com\/wp-content\/uploads\/Piscina-2.jpg","datePublished":"2025-03-12T18:45:08+00:00","dateModified":"2025-03-13T08:56:19+00:00","breadcrumb":{"@id":"https:\/\/www.campinglefonti.com\/es\/wellness\/#breadcrumb"},"inLanguage":"es","potentialAction":[{"@type":"ReadAction","target":["https:\/\/www.campinglefonti.com\/es\/wellness\/"]}]},{"@type":"ImageObject","inLanguage":"es","@id":"https:\/\/www.campinglefonti.com\/es\/wellness\/#primaryimage","url":"https:\/\/www.campinglefonti.com\/wp-content\/uploads\/Piscina-2.jpg","contentUrl":"https:\/\/www.campinglefonti.com\/wp-content\/uploads\/Piscina-2.jpg"},{"@type":"BreadcrumbList","@id":"https:\/\/www.campinglefonti.com\/es\/wellness\/#breadcrumb","itemListElement":[{"@type":"ListItem","position":1,"name":"Home","item":"https:\/\/www.campinglefonti.com\/es\/"},{"@type":"ListItem","position":2,"name":"Wellness"}]},{"@type":"WebSite","@id":"https:\/\/www.campinglefonti.com\/es\/#website","url":"https:\/\/www.campinglefonti.com\/es\/","name":"Camping Le Fonti","description":"Campeggio con bungalow e piazzole nell&#039;Appennino Reggiano","publisher":{"@id":"https:\/\/www.campinglefonti.com\/es\/#organization"},"potentialAction":[{"@type":"SearchAction","target":{"@type":"EntryPoint","urlTemplate":"https:\/\/www.campinglefonti.com\/es\/?s={search_term_string}"},"query-input":{"@type":"PropertyValueSpecification","valueRequired":true,"valueName":"search_term_string"}}],"inLanguage":"es"},{"@type":"Organization","@id":"https:\/\/www.campinglefonti.com\/es\/#organization","name":"Camping Le Fonti","url":"https:\/\/www.campinglefonti.com\/es\/","logo":{"@type":"ImageObject","inLanguage":"es","@id":"https:\/\/www.campinglefonti.com\/es\/#\/schema\/logo\/image\/","url":"https:\/\/www.campinglefonti.com\/wp-content\/uploads\/logo-camping-le-fonti.svg","contentUrl":"https:\/\/www.campinglefonti.com\/wp-content\/uploads\/logo-camping-le-fonti.svg","width":75,"height":71,"caption":"Camping Le Fonti"},"image":{"@id":"https:\/\/www.campinglefonti.com\/es\/#\/schema\/logo\/image\/"}}]}},"_links":{"self":[{"href":"https:\/\/www.campinglefonti.com\/es\/wp-json\/wp\/v2\/pages\/5503","targetHints":{"allow":["GET"]}}],"collection":[{"href":"https:\/\/www.campinglefonti.com\/es\/wp-json\/wp\/v2\/pages"}],"about":[{"href":"https:\/\/www.campinglefonti.com\/es\/wp-json\/wp\/v2\/types\/page"}],"author":[{"embeddable":true,"href":"https:\/\/www.campinglefonti.com\/es\/wp-json\/wp\/v2\/users\/6"}],"replies":[{"embeddable":true,"href":"https:\/\/www.campinglefonti.com\/es\/wp-json\/wp\/v2\/comments?post=5503"}],"version-history":[{"count":12,"href":"https:\/\/www.campinglefonti.com\/es\/wp-json\/wp\/v2\/pages\/5503\/revisions"}],"predecessor-version":[{"id":5695,"href":"https:\/\/www.campinglefonti.com\/es\/wp-json\/wp\/v2\/pages\/5503\/revisions\/5695"}],"wp:attachment":[{"href":"https:\/\/www.campinglefonti.com\/es\/wp-json\/wp\/v2\/media?parent=5503"}],"curies":[{"name":"wp","href":"https:\/\/api.w.org\/{rel}","templated":true}]}}