{"id":5534,"date":"2025-03-12T19:45:07","date_gmt":"2025-03-12T18:45:07","guid":{"rendered":"https:\/\/www.campinglefonti.com\/?page_id=5534"},"modified":"2025-03-13T09:45:08","modified_gmt":"2025-03-13T08:45:08","slug":"como-reservar","status":"publish","type":"page","link":"https:\/\/www.campinglefonti.com\/es\/como-reservar\/","title":{"rendered":"C\u00f3mo reservar"},"content":{"rendered":"\n<figure class=\"wp-block-image alignfull size-large grid-section-main-image\"><img loading=\"lazy\" decoding=\"async\" width=\"1024\" height=\"768\" src=\"https:\/\/www.campinglefonti.com\/wp-content\/uploads\/\/P8140722-1024x768.jpg\" alt=\"\" class=\"wp-image-2657\" srcset=\"https:\/\/www.campinglefonti.com\/wp-content\/uploads\/P8140722-1024x768.jpg 1024w, https:\/\/www.campinglefonti.com\/wp-content\/uploads\/P8140722-300x225.jpg 300w, https:\/\/www.campinglefonti.com\/wp-content\/uploads\/P8140722-768x576.jpg 768w, https:\/\/www.campinglefonti.com\/wp-content\/uploads\/P8140722-1536x1152.jpg 1536w, https:\/\/www.campinglefonti.com\/wp-content\/uploads\/P8140722-2048x1536.jpg 2048w, https:\/\/www.campinglefonti.com\/wp-content\/uploads\/P8140722-702x526.jpg 702w\" sizes=\"auto, (max-width: 1024px) 100vw, 1024px\" \/><\/figure>\n\n\n\n<div class=\"wp-block-columns grid-section-columns grid-section-columns-green margin-bottom--m is-layout-flex wp-container-core-columns-is-layout-9d6595d7 wp-block-columns-is-layout-flex\">\n<div class=\"wp-block-column is-layout-flow wp-block-column-is-layout-flow\">\n<figure class=\"wp-block-image size-large\"><img loading=\"lazy\" decoding=\"async\" width=\"768\" height=\"1024\" src=\"https:\/\/www.campinglefonti.com\/wp-content\/uploads\/P3040058-768x1024.jpg\" alt=\"\" class=\"wp-image-564\" srcset=\"https:\/\/www.campinglefonti.com\/wp-content\/uploads\/P3040058-768x1024.jpg 768w, https:\/\/www.campinglefonti.com\/wp-content\/uploads\/P3040058-225x300.jpg 225w, https:\/\/www.campinglefonti.com\/wp-content\/uploads\/P3040058-1152x1536.jpg 1152w, https:\/\/www.campinglefonti.com\/wp-content\/uploads\/P3040058-1536x2048.jpg 1536w, https:\/\/www.campinglefonti.com\/wp-content\/uploads\/P3040058-scaled.jpg 1920w\" sizes=\"auto, (max-width: 768px) 100vw, 768px\" \/><\/figure>\n<\/div>\n\n\n\n<div class=\"wp-block-column is-layout-flow wp-block-column-is-layout-flow\">\n<h1 class=\"wp-block-heading\">Informaci\u00f3n de reserva para parcelas de Camping y bungalows.<\/h1>\n\n\n\n<p>Puedes realizar tu reserva de la manera que prefieras:<\/p>\n\n\n\n<div class=\"wp-block-buttons is-layout-flex wp-block-buttons-is-layout-flex\">\n<div class=\"wp-block-button\"><a class=\"wp-block-button__link wp-element-button\" href=\"tel:+390522890126\">LL\u00c1MANOS AL 0522 890126<\/a><\/div>\n<\/div>\n\n\n\n<div class=\"wp-block-buttons is-layout-flex wp-block-buttons-is-layout-flex\">\n<div class=\"wp-block-button\"><a class=\"wp-block-button__link wp-element-button\" href=\"mailto:info@campinglefonti.com\">ESCR\u00cdBENOS A info@campinglefonti.com<\/a><\/div>\n<\/div>\n\n\n\n<div class=\"wp-block-buttons is-layout-flex wp-block-buttons-is-layout-flex\">\n<div class=\"wp-block-button\"><a class=\"wp-block-button__link wp-element-button\" href=\"https:\/\/wa.me\/3802478558\">ENV\u00cdA UN MENSAJE POR WHATSAPP<\/a><\/div>\n<\/div>\n<\/div>\n<\/div>\n\n\n\n<div class=\"wp-block-columns is-layout-flex wp-container-core-columns-is-layout-9d6595d7 wp-block-columns-is-layout-flex\">\n<div class=\"wp-block-column is-layout-flow wp-block-column-is-layout-flow\">\n<h2 class=\"wp-block-heading\">Parcelas de Camping<\/h2>\n\n\n\n<h3 class=\"wp-block-heading\">Confirmaci\u00f3n de Reserva<\/h3>\n\n\n\n<p><strong> Dep\u00f3sito del 50%<\/strong> del importe total mediante giro postal a: Jolly Camping srl \u2013 Via Santa Lucia, 1 42032 \u2013 Cervarezza Terme (Reggio nell\u2019Emilia).<br>Indicar nombre, fecha de llegada y fecha de salida prevista.<\/p>\n\n\n\n<div class=\"wp-block-group\"><div class=\"wp-block-group__inner-container is-layout-flow wp-block-group-is-layout-flow\">\n<p><strong>Dep\u00f3sito del 50%<\/strong> del importe total mediante Transferencia Bancaria:<\/p>\n\n\n\n<p>IBAN: IT26W0303266280010000352465<br>Banco: Credito Emiliano<br>Cuenta a nombre de: Jolly Camping srl<\/p>\n<\/div><\/div>\n\n\n\n<h3 class=\"wp-block-heading\">Per\u00edodo<\/h3>\n\n\n\n<p>En Agosto aceptamos reservas para estancias de al menos 7 d\u00edas (para per\u00edodos m\u00e1s cortos s\u00f3lo de \u00faltima hora)<\/p>\n\n\n\n<h3 class=\"wp-block-heading\">Tarifas<\/h3>\n\n\n\n<p>Las tarifas diarias se aplican desde el d\u00eda de llegada (ya sea por la ma\u00f1ana, tarde o noche) hasta las 13:00 horas del d\u00eda siguiente. Si la salida se prolonga, se cobrar\u00e1 un d\u00eda adicional de estancia (solo en temporada alta).<\/p>\n\n\n\n<h3 class=\"wp-block-heading\">Parcela de Camping<\/h3>\n\n\n\n<p>El precio de la parcela incluye caravana o tienda, un coche, servicio el\u00e9ctrico y uso de la piscina.                                               Caravana vac\u00eda: Si la tienda o caravana queda moment\u00e1neamente vac\u00eda durante la temporada alta, se aplicar\u00e1 la tarifa diaria correspondiente a la estancia de una persona adulta m\u00e1s la parcela.<\/p>\n\n\n\n<h3 class=\"wp-block-heading\">Visitantes<\/h3>\n\n\n\n<p>Los visitantes diarios pueden permanecer gratuitamente con amigos o familiares hasta un m\u00e1ximo de una hora en temporada alta. Despu\u00e9s de este tiempo, se aplicar\u00e1 la tarifa diaria y deber\u00e1n abandonar el camping antes de las 23:00 horas.<\/p>\n\n\n\n<h3 class=\"wp-block-heading\"><strong>Disponibilidad<\/strong><\/h3>\n\n\n\n<p>La parcela de camping estar\u00e1 disponible por un m\u00e1ximo de 2 d\u00edas a partir de la fecha establecida como inicio de la estancia.<\/p>\n\n\n\n<h3 class=\"wp-block-heading\"><strong>Renuncia<\/strong><\/h3>\n\n\n\n<p>Si la cancelaci\u00f3n se realiza 10 d\u00edas antes del per\u00edodo reservado, se tendr\u00e1 derecho al reembolso del 50% de la cantidad abonada. Aquellos que no cumplan con esta norma no recibir\u00e1n ning\u00fan reembolso.<\/p>\n<\/div>\n\n\n\n<div class=\"wp-block-column is-layout-flow wp-block-column-is-layout-flow\">\n<h2 class=\"wp-block-heading\">Bungalows<\/h2>\n\n\n\n<h3 class=\"wp-block-heading\">Confirmaci\u00f3n de Reserva<\/h3>\n\n\n\n<p><strong> Dep\u00f3sito del 50%<\/strong> del importe total mediante giro postal a: Jolly Camping srl \u2013 Via Santa Lucia, 1 42032 \u2013 Cervarezza Terme (Reggio nell\u2019Emilia).<br>Indicar nombre, fecha de llegada y fecha de salida prevista.<\/p>\n\n\n\n<p><strong>Dep\u00f3sito del 50%<\/strong> del importe total mediante Transferencia Bancaria:<br>IBAN: IT26W0303266280010000352465<br>Banco: Credito Emiliano<br>Cuenta a nombre de: Jolly Camping srl<\/p>\n\n\n\n<h3 class=\"wp-block-heading\">Per\u00edodo<\/h3>\n\n\n\n<p>En Agosto aceptamos reservas para estancias de al menos 7 d\u00edas (para per\u00edodos m\u00e1s cortos s\u00f3lo de \u00faltima hora)<\/p>\n\n\n\n<h3 class=\"wp-block-heading\">Tarifas<\/h3>\n\n\n\n<p>Las tarifas diarias se aplican desde el d\u00eda de llegada (ma\u00f1ana, tarde, noche) hasta las 10:00 horas del d\u00eda siguiente; la eventual prolongaci\u00f3n de la salida implicar\u00e1 el cobro de un d\u00eda adicional de estancia (solo en temporada alta).<\/p>\n\n\n\n<h3 class=\"wp-block-heading\">Saldo<\/h3>\n\n\n\n<p>Se abona al momento de la entrega del bungalow.<\/p>\n\n\n\n<h3 class=\"wp-block-heading\"><strong>Limpieza<\/strong><\/h3>\n\n\n\n<p>El hu\u00e9sped es responsable de la limpieza y el orden del alojamiento durante la estancia y al momento de la partida. <\/p>\n\n\n\n<p>En caso contrario, se aplicar\u00e1 un recargo de 50,00 euros.<\/p>\n\n\n\n<h3 class=\"wp-block-heading\"><strong>Disponibilidad<\/strong><\/h3>\n\n\n\n<p>El bungalow estar\u00e1 disponible por un m\u00e1ximo de 2 d\u00edas a partir de la fecha establecida como inicio de la estancia.<\/p>\n\n\n\n<h3 class=\"wp-block-heading\"><strong>Renuncia<\/strong><\/h3>\n\n\n\n<p>Si se notifica la cancelaci\u00f3n 10 d\u00edas antes del per\u00edodo reservado, se podr\u00e1 recibir un reembolso del 50% de la cantidad abonada. Los que no cumplan con esta norma no tendr\u00e1n derecho a ning\u00fan reembolso.<\/p>\n\n\n\n<h3 class=\"wp-block-heading\"><strong>Llegada<\/strong><\/h3>\n\n\n\n<p>Est\u00e1 prevista entre las 15:00 y las 19:00 horas.<\/p>\n\n\n\n<h3 class=\"wp-block-heading\">Salida<\/h3>\n\n\n\n<p>Est\u00e1 prevista antes de las 10:00 horas.<\/p>\n<\/div>\n<\/div>\n\n\n\n<div class=\"wp-block-group is-style-light-green-bg\"><div class=\"wp-block-group__inner-container is-layout-flow wp-block-group-is-layout-flow\">\n<p class=\"has-text-align-center\" style=\"font-size:33px\">\u00bfTe gustar\u00eda disfrutar de un fin de semana diferente?<br>Contamos con bungalows disponibles en alquiler, tambi\u00e9n para estancias cortas.<\/p>\n\n\n\n<div class=\"wp-block-buttons is-horizontal is-content-justification-center is-layout-flex wp-container-core-buttons-is-layout-499968f5 wp-block-buttons-is-layout-flex\">\n<div class=\"wp-block-button\"><a class=\"wp-block-button__link wp-element-button\" href=\"https:\/\/www.campinglefonti.com\/es\/contactos\/\">QUISIERA M\u00c1S INFORMACI\u00d3N<\/a><\/div>\n<\/div>\n<\/div><\/div>\n","protected":false},"excerpt":{"rendered":"<p>Informaci\u00f3n de reserva para parcelas de Camping y bungalows. Puedes realizar tu reserva de la manera que prefieras: Parcelas de Camping Confirmaci\u00f3n de Reserva Dep\u00f3sito del 50% del importe total mediante giro postal a: Jolly Camping srl \u2013 Via Santa Lucia, 1 42032 \u2013 Cervarezza Terme (Reggio nell\u2019Emilia).Indicar nombre, fecha de llegada y fecha de [&hellip;]<\/p>\n","protected":false},"author":6,"featured_media":0,"parent":0,"menu_order":0,"comment_status":"closed","ping_status":"closed","template":"","meta":{"_acf_changed":false,"inline_featured_image":false,"_genesis_hide_title":true,"_genesis_hide_breadcrumbs":false,"_genesis_hide_singular_image":false,"_genesis_hide_footer_widgets":false,"_genesis_custom_body_class":"","_genesis_custom_post_class":"","_genesis_layout":"","footnotes":"","_links_to":"","_links_to_target":""},"class_list":{"0":"post-5534","1":"page","2":"type-page","3":"status-publish","5":"entry"},"acf":[],"yoast_head":"<!-- This site is optimized with the Yoast SEO plugin v27.2 - https:\/\/yoast.com\/product\/yoast-seo-wordpress\/ -->\n<title>C\u00f3mo reservar - Camping Le Fonti<\/title>\n<meta name=\"robots\" content=\"index, follow, max-snippet:-1, max-image-preview:large, max-video-preview:-1\" \/>\n<link rel=\"canonical\" href=\"https:\/\/www.campinglefonti.com\/es\/como-reservar\/\" \/>\n<meta property=\"og:locale\" content=\"es_ES\" \/>\n<meta property=\"og:type\" content=\"article\" \/>\n<meta property=\"og:title\" content=\"C\u00f3mo reservar - Camping Le Fonti\" \/>\n<meta property=\"og:description\" content=\"Informaci\u00f3n de reserva para parcelas de Camping y bungalows. Puedes realizar tu reserva de la manera que prefieras: Parcelas de Camping Confirmaci\u00f3n de Reserva Dep\u00f3sito del 50% del importe total mediante giro postal a: Jolly Camping srl \u2013 Via Santa Lucia, 1 42032 \u2013 Cervarezza Terme (Reggio nell\u2019Emilia).Indicar nombre, fecha de llegada y fecha de [&hellip;]\" \/>\n<meta property=\"og:url\" content=\"https:\/\/www.campinglefonti.com\/es\/como-reservar\/\" \/>\n<meta property=\"og:site_name\" content=\"Camping Le Fonti\" \/>\n<meta property=\"article:modified_time\" content=\"2025-03-13T08:45:08+00:00\" \/>\n<meta property=\"og:image\" content=\"https:\/\/www.campinglefonti.com\/wp-content\/uploads\/P8140722-scaled.jpg\" \/>\n\t<meta property=\"og:image:width\" content=\"2560\" \/>\n\t<meta property=\"og:image:height\" content=\"1920\" \/>\n\t<meta property=\"og:image:type\" content=\"image\/jpeg\" \/>\n<meta name=\"twitter:card\" content=\"summary_large_image\" \/>\n<meta name=\"twitter:label1\" content=\"Tiempo de lectura\" \/>\n\t<meta name=\"twitter:data1\" content=\"4 minutos\" \/>\n<script type=\"application\/ld+json\" class=\"yoast-schema-graph\">{\"@context\":\"https:\/\/schema.org\",\"@graph\":[{\"@type\":\"WebPage\",\"@id\":\"https:\/\/www.campinglefonti.com\/es\/como-reservar\/\",\"url\":\"https:\/\/www.campinglefonti.com\/es\/como-reservar\/\",\"name\":\"C\u00f3mo reservar - Camping Le Fonti\",\"isPartOf\":{\"@id\":\"https:\/\/www.campinglefonti.com\/es\/#website\"},\"primaryImageOfPage\":{\"@id\":\"https:\/\/www.campinglefonti.com\/es\/como-reservar\/#primaryimage\"},\"image\":{\"@id\":\"https:\/\/www.campinglefonti.com\/es\/como-reservar\/#primaryimage\"},\"thumbnailUrl\":\"https:\/\/www.campinglefonti.com\/wp-content\/uploads\/\/P8140722-1024x768.jpg\",\"datePublished\":\"2025-03-12T18:45:07+00:00\",\"dateModified\":\"2025-03-13T08:45:08+00:00\",\"breadcrumb\":{\"@id\":\"https:\/\/www.campinglefonti.com\/es\/como-reservar\/#breadcrumb\"},\"inLanguage\":\"es\",\"potentialAction\":[{\"@type\":\"ReadAction\",\"target\":[\"https:\/\/www.campinglefonti.com\/es\/como-reservar\/\"]}]},{\"@type\":\"ImageObject\",\"inLanguage\":\"es\",\"@id\":\"https:\/\/www.campinglefonti.com\/es\/como-reservar\/#primaryimage\",\"url\":\"https:\/\/www.campinglefonti.com\/wp-content\/uploads\/\/P8140722-1024x768.jpg\",\"contentUrl\":\"https:\/\/www.campinglefonti.com\/wp-content\/uploads\/\/P8140722-1024x768.jpg\"},{\"@type\":\"BreadcrumbList\",\"@id\":\"https:\/\/www.campinglefonti.com\/es\/como-reservar\/#breadcrumb\",\"itemListElement\":[{\"@type\":\"ListItem\",\"position\":1,\"name\":\"Home\",\"item\":\"https:\/\/www.campinglefonti.com\/es\/\"},{\"@type\":\"ListItem\",\"position\":2,\"name\":\"C\u00f3mo reservar\"}]},{\"@type\":\"WebSite\",\"@id\":\"https:\/\/www.campinglefonti.com\/es\/#website\",\"url\":\"https:\/\/www.campinglefonti.com\/es\/\",\"name\":\"Camping Le Fonti\",\"description\":\"Campeggio con bungalow e piazzole nell&#039;Appennino Reggiano\",\"publisher\":{\"@id\":\"https:\/\/www.campinglefonti.com\/es\/#organization\"},\"potentialAction\":[{\"@type\":\"SearchAction\",\"target\":{\"@type\":\"EntryPoint\",\"urlTemplate\":\"https:\/\/www.campinglefonti.com\/es\/?s={search_term_string}\"},\"query-input\":{\"@type\":\"PropertyValueSpecification\",\"valueRequired\":true,\"valueName\":\"search_term_string\"}}],\"inLanguage\":\"es\"},{\"@type\":\"Organization\",\"@id\":\"https:\/\/www.campinglefonti.com\/es\/#organization\",\"name\":\"Camping Le Fonti\",\"url\":\"https:\/\/www.campinglefonti.com\/es\/\",\"logo\":{\"@type\":\"ImageObject\",\"inLanguage\":\"es\",\"@id\":\"https:\/\/www.campinglefonti.com\/es\/#\/schema\/logo\/image\/\",\"url\":\"https:\/\/www.campinglefonti.com\/wp-content\/uploads\/logo-camping-le-fonti.svg\",\"contentUrl\":\"https:\/\/www.campinglefonti.com\/wp-content\/uploads\/logo-camping-le-fonti.svg\",\"width\":75,\"height\":71,\"caption\":\"Camping Le Fonti\"},\"image\":{\"@id\":\"https:\/\/www.campinglefonti.com\/es\/#\/schema\/logo\/image\/\"}}]}<\/script>\n<!-- \/ Yoast SEO plugin. -->","yoast_head_json":{"title":"C\u00f3mo reservar - Camping Le Fonti","robots":{"index":"index","follow":"follow","max-snippet":"max-snippet:-1","max-image-preview":"max-image-preview:large","max-video-preview":"max-video-preview:-1"},"canonical":"https:\/\/www.campinglefonti.com\/es\/como-reservar\/","og_locale":"es_ES","og_type":"article","og_title":"C\u00f3mo reservar - Camping Le Fonti","og_description":"Informaci\u00f3n de reserva para parcelas de Camping y bungalows. Puedes realizar tu reserva de la manera que prefieras: Parcelas de Camping Confirmaci\u00f3n de Reserva Dep\u00f3sito del 50% del importe total mediante giro postal a: Jolly Camping srl \u2013 Via Santa Lucia, 1 42032 \u2013 Cervarezza Terme (Reggio nell\u2019Emilia).Indicar nombre, fecha de llegada y fecha de [&hellip;]","og_url":"https:\/\/www.campinglefonti.com\/es\/como-reservar\/","og_site_name":"Camping Le Fonti","article_modified_time":"2025-03-13T08:45:08+00:00","og_image":[{"width":2560,"height":1920,"url":"https:\/\/www.campinglefonti.com\/wp-content\/uploads\/P8140722-scaled.jpg","type":"image\/jpeg"}],"twitter_card":"summary_large_image","twitter_misc":{"Tiempo de lectura":"4 minutos"},"schema":{"@context":"https:\/\/schema.org","@graph":[{"@type":"WebPage","@id":"https:\/\/www.campinglefonti.com\/es\/como-reservar\/","url":"https:\/\/www.campinglefonti.com\/es\/como-reservar\/","name":"C\u00f3mo reservar - Camping Le Fonti","isPartOf":{"@id":"https:\/\/www.campinglefonti.com\/es\/#website"},"primaryImageOfPage":{"@id":"https:\/\/www.campinglefonti.com\/es\/como-reservar\/#primaryimage"},"image":{"@id":"https:\/\/www.campinglefonti.com\/es\/como-reservar\/#primaryimage"},"thumbnailUrl":"https:\/\/www.campinglefonti.com\/wp-content\/uploads\/\/P8140722-1024x768.jpg","datePublished":"2025-03-12T18:45:07+00:00","dateModified":"2025-03-13T08:45:08+00:00","breadcrumb":{"@id":"https:\/\/www.campinglefonti.com\/es\/como-reservar\/#breadcrumb"},"inLanguage":"es","potentialAction":[{"@type":"ReadAction","target":["https:\/\/www.campinglefonti.com\/es\/como-reservar\/"]}]},{"@type":"ImageObject","inLanguage":"es","@id":"https:\/\/www.campinglefonti.com\/es\/como-reservar\/#primaryimage","url":"https:\/\/www.campinglefonti.com\/wp-content\/uploads\/\/P8140722-1024x768.jpg","contentUrl":"https:\/\/www.campinglefonti.com\/wp-content\/uploads\/\/P8140722-1024x768.jpg"},{"@type":"BreadcrumbList","@id":"https:\/\/www.campinglefonti.com\/es\/como-reservar\/#breadcrumb","itemListElement":[{"@type":"ListItem","position":1,"name":"Home","item":"https:\/\/www.campinglefonti.com\/es\/"},{"@type":"ListItem","position":2,"name":"C\u00f3mo reservar"}]},{"@type":"WebSite","@id":"https:\/\/www.campinglefonti.com\/es\/#website","url":"https:\/\/www.campinglefonti.com\/es\/","name":"Camping Le Fonti","description":"Campeggio con bungalow e piazzole nell&#039;Appennino Reggiano","publisher":{"@id":"https:\/\/www.campinglefonti.com\/es\/#organization"},"potentialAction":[{"@type":"SearchAction","target":{"@type":"EntryPoint","urlTemplate":"https:\/\/www.campinglefonti.com\/es\/?s={search_term_string}"},"query-input":{"@type":"PropertyValueSpecification","valueRequired":true,"valueName":"search_term_string"}}],"inLanguage":"es"},{"@type":"Organization","@id":"https:\/\/www.campinglefonti.com\/es\/#organization","name":"Camping Le Fonti","url":"https:\/\/www.campinglefonti.com\/es\/","logo":{"@type":"ImageObject","inLanguage":"es","@id":"https:\/\/www.campinglefonti.com\/es\/#\/schema\/logo\/image\/","url":"https:\/\/www.campinglefonti.com\/wp-content\/uploads\/logo-camping-le-fonti.svg","contentUrl":"https:\/\/www.campinglefonti.com\/wp-content\/uploads\/logo-camping-le-fonti.svg","width":75,"height":71,"caption":"Camping Le Fonti"},"image":{"@id":"https:\/\/www.campinglefonti.com\/es\/#\/schema\/logo\/image\/"}}]}},"_links":{"self":[{"href":"https:\/\/www.campinglefonti.com\/es\/wp-json\/wp\/v2\/pages\/5534","targetHints":{"allow":["GET"]}}],"collection":[{"href":"https:\/\/www.campinglefonti.com\/es\/wp-json\/wp\/v2\/pages"}],"about":[{"href":"https:\/\/www.campinglefonti.com\/es\/wp-json\/wp\/v2\/types\/page"}],"author":[{"embeddable":true,"href":"https:\/\/www.campinglefonti.com\/es\/wp-json\/wp\/v2\/users\/6"}],"replies":[{"embeddable":true,"href":"https:\/\/www.campinglefonti.com\/es\/wp-json\/wp\/v2\/comments?post=5534"}],"version-history":[{"count":11,"href":"https:\/\/www.campinglefonti.com\/es\/wp-json\/wp\/v2\/pages\/5534\/revisions"}],"predecessor-version":[{"id":5668,"href":"https:\/\/www.campinglefonti.com\/es\/wp-json\/wp\/v2\/pages\/5534\/revisions\/5668"}],"wp:attachment":[{"href":"https:\/\/www.campinglefonti.com\/es\/wp-json\/wp\/v2\/media?parent=5534"}],"curies":[{"name":"wp","href":"https:\/\/api.w.org\/{rel}","templated":true}]}}