{"id":5543,"date":"2025-03-12T19:45:08","date_gmt":"2025-03-12T18:45:08","guid":{"rendered":"https:\/\/www.campinglefonti.com\/?page_id=5543"},"modified":"2025-03-13T09:49:00","modified_gmt":"2025-03-13T08:49:00","slug":"precios-y-promociones-2025","status":"publish","type":"page","link":"https:\/\/www.campinglefonti.com\/es\/precios-y-promociones-2025\/","title":{"rendered":"Precios y Promociones 2025"},"content":{"rendered":"\n<figure class=\"wp-block-image alignfull size-full grid-section-main-image\"><img loading=\"lazy\" decoding=\"async\" width=\"1350\" height=\"1080\" src=\"https:\/\/www.campinglefonti.com\/wp-content\/uploads\/sfondo2.jpg\" alt=\"\" class=\"wp-image-4756\" srcset=\"https:\/\/www.campinglefonti.com\/wp-content\/uploads\/sfondo2.jpg 1350w, https:\/\/www.campinglefonti.com\/wp-content\/uploads\/sfondo2-300x240.jpg 300w, https:\/\/www.campinglefonti.com\/wp-content\/uploads\/sfondo2-1024x819.jpg 1024w, https:\/\/www.campinglefonti.com\/wp-content\/uploads\/sfondo2-768x614.jpg 768w\" sizes=\"auto, (max-width: 1350px) 100vw, 1350px\" \/><\/figure>\n\n\n\n<div style=\"height:46px\" aria-hidden=\"true\" class=\"wp-block-spacer\"><\/div>\n\n\n\n<div class=\"wp-block-columns is-layout-flex wp-container-core-columns-is-layout-9d6595d7 wp-block-columns-is-layout-flex\">\n<div class=\"wp-block-column is-layout-flow wp-block-column-is-layout-flow\">\n<h1 class=\"wp-block-heading\">Precios Parcela de Camping 2025<\/h1>\n\n\n\n<figure class=\"wp-block-table is-style-stripes\"><table class=\"has-fixed-layout\"><thead><tr><th><\/th><th class=\"has-text-align-right\" data-align=\"right\">    Temporada Baja<br>(03\/01-30\/06<a>|<\/a>23\/08-23\/12, excluidos d\u00edas festivos o puentes festivos\u00a0\u00a0\u00a0\u00a0\u00a0\u00a0\u00a0<\/th><th class=\"has-text-align-right\" data-align=\"right\">Temporada Alta<br>  (01\/07-22\/08|24\/12-02\/01, incluidos d\u00edas festivos)\u00a0<\/th><\/tr><\/thead><tbody><tr><td>Parcela de Camping<\/td><td class=\"has-text-align-right\" data-align=\"right\">11,00 \u20ac<\/td><td class=\"has-text-align-right\" data-align=\"right\">15,00 \u20ac<\/td><\/tr><tr><td>Adulto<\/td><td class=\"has-text-align-right\" data-align=\"right\">8,00 \u20ac<\/td><td class=\"has-text-align-right\" data-align=\"right\">10,00 \u20ac<\/td><\/tr><tr><td>Ni\u00f1o<\/td><td class=\"has-text-align-right\" data-align=\"right\">7,00 \u20ac<\/td><td class=\"has-text-align-right\" data-align=\"right\">8,00 \u20ac<\/td><\/tr><tr><td>Coche<\/td><td class=\"has-text-align-right\" data-align=\"right\">5,50 \u20ac<\/td><td class=\"has-text-align-right\" data-align=\"right\">6,50 \u20ac<\/td><\/tr><tr><td>Motocicleta<\/td><td class=\"has-text-align-right\" data-align=\"right\">5,00 \u20ac<\/td><td class=\"has-text-align-right\" data-align=\"right\">6,00 \u20ac<\/td><\/tr><tr><td>Perro<\/td><td class=\"has-text-align-right\" data-align=\"right\">3,50 \u20ac<\/td><td class=\"has-text-align-right\" data-align=\"right\">4,50 \u20ac<\/td><\/tr><tr><td>Parcela para tienda de Campa\u00f1a<\/td><td class=\"has-text-align-right\" data-align=\"right\">7,00 \u20ac<\/td><td class=\"has-text-align-right\" data-align=\"right\">9,00 \u20ac<\/td><\/tr><\/tbody><\/table><figcaption class=\"wp-element-caption\">Los servicios, duchas de agua caliente, electricidad, uso de piscina cubierta y climatizada, animaci\u00f3n (cuando est\u00e9 disponible) est\u00e1n incluidos.<\/figcaption><\/figure>\n<\/div>\n<\/div>\n\n\n\n<div class=\"wp-block-columns is-layout-flex wp-container-core-columns-is-layout-9d6595d7 wp-block-columns-is-layout-flex\">\n<div class=\"wp-block-column is-layout-flow wp-block-column-is-layout-flow\">\n<h2 class=\"wp-block-heading\">Promociones Parcela de Camping 2025<\/h2>\n\n\n\n<figure class=\"wp-block-table is-style-stripes\"><table class=\"has-fixed-layout\"><thead><tr><th><\/th><th class=\"has-text-align-right\" data-align=\"right\">Precio<\/th><th class=\"has-text-align-right\" data-align=\"right\">Personas<\/th><\/tr><\/thead><tbody><tr><td>Una noche en temporada baja<\/td><td class=\"has-text-align-right\" data-align=\"right\">29,00 \u20ac<\/td><td class=\"has-text-align-right\" data-align=\"right\">3 personas<\/td><\/tr><tr><td>Una noche en julio<\/td><td class=\"has-text-align-right\" data-align=\"right\">32,00 \u20ac<\/td><td class=\"has-text-align-right\" data-align=\"right\">3 personas<\/td><\/tr><tr><td>Dos noches en temporada baja<\/td><td class=\"has-text-align-right\" data-align=\"right\">55,00 \u20ac<\/td><td class=\"has-text-align-right\" data-align=\"right\">3 personas<\/td><\/tr><tr><td>Dos noches en julio<\/td><td class=\"has-text-align-right\" data-align=\"right\">65,00 \u20ac<\/td><td class=\"has-text-align-right\" data-align=\"right\">3 personas<\/td><\/tr><tr><td>Una semana en temporada baja<\/td><td class=\"has-text-align-right\" data-align=\"right\">140,00 \u20ac<\/td><td class=\"has-text-align-right\" data-align=\"right\">3 personas<\/td><\/tr><tr><td>Una semana en julio<\/td><td class=\"has-text-align-right\" data-align=\"right\">170,00 \u20ac<\/td><td class=\"has-text-align-right\" data-align=\"right\">3 personas<\/td><\/tr><tr><td>Un mes (sin contar julio y agosto)<\/td><td class=\"has-text-align-right\" data-align=\"right\">370,00 \u20ac<\/td><td class=\"has-text-align-right\" data-align=\"right\">4 personas<\/td><\/tr><tr><td>Todo el mes de julio<\/td><td class=\"has-text-align-right\" data-align=\"right\">580,00 \u20ac<\/td><td class=\"has-text-align-right\" data-align=\"right\">4 personas<\/td><\/tr><tr><td>Todo el mes de agosto<\/td><td class=\"has-text-align-right\" data-align=\"right\">895,00 \u20ac<\/td><td class=\"has-text-align-right\" data-align=\"right\">4 personas<\/td><\/tr><tr><td>Meses de julio y agosto<\/td><td class=\"has-text-align-right\" data-align=\"right\">1210,00 \u20ac<\/td><td class=\"has-text-align-right\" data-align=\"right\">4 personas<\/td><\/tr><tr><td>10 meses (sin contar julio y agosto)<\/td><td class=\"has-text-align-right\" data-align=\"right\">1.995,00 \u20ac<\/td><td class=\"has-text-align-right\" data-align=\"right\">4 personas<\/td><\/tr><tr><td>3 meses: mayo, junio y julio<\/td><td class=\"has-text-align-right\" data-align=\"right\">895,00 \u20ac<\/td><td class=\"has-text-align-right\" data-align=\"right\">4 personas<\/td><\/tr><tr><td>3 meses: junio, julio y agosto<br>o bien<br>3 meses: julio, agosto y septiembre<\/td><td class=\"has-text-align-right\" data-align=\"right\">&nbsp;1.365,00 \u20ac<\/td><td class=\"has-text-align-right\" data-align=\"right\">4 personas<\/td><\/tr><tr><td>5 meses: de mayo a septiembre<\/td><td class=\"has-text-align-right\" data-align=\"right\">&nbsp;2.100,00 \u20ac<\/td><td class=\"has-text-align-right\" data-align=\"right\">4 personas<\/td><\/tr><tr><td>Contrato anual<\/td><td class=\"has-text-align-right\" data-align=\"right\">&nbsp;2.800,00 \u20ac<\/td><td class=\"has-text-align-right\" data-align=\"right\">4 personas<\/td><\/tr><\/tbody><\/table><figcaption class=\"wp-element-caption\">Est\u00e1n incluidos los servicios, duchas calientes, electricidad, uso de la piscina cubierta y climatizada, animaci\u00f3n (cuando est\u00e9 disponible).<\/figcaption><\/figure>\n<\/div>\n<\/div>\n\n\n\n<div class=\"wp-block-columns is-layout-flex wp-container-core-columns-is-layout-9d6595d7 wp-block-columns-is-layout-flex\">\n<div class=\"wp-block-column is-layout-flow wp-block-column-is-layout-flow\">\n<h2 class=\"wp-block-heading\">Precios Bungalow 2025<\/h2>\n\n\n\n<p>Los precios var\u00edan seg\u00fan el tipo de Bungalow: <strong>Tama\u00f1o S<\/strong> para 3 personas, <strong>M<\/strong> para 4 personas, <strong>L y XL<\/strong> para 4\/6 personas.<\/p>\n\n\n\n<p>Los precios se refieren a 3 personas para la categor\u00eda <strong>S<\/strong> y a 4 personas para las categor\u00edas <strong>M, L, XL<\/strong>. En caso de una quinta o sexta persona en los bungalows tipo <strong>L y XL<\/strong>, se aplicar\u00e1n los precios de parcela para adulto y ni\u00f1o.<\/p>\n\n\n\n<figure class=\"wp-block-table is-style-stripes\"><table class=\"has-fixed-layout\"><thead><tr><th><\/th><th class=\"has-text-align-right\" data-align=\"right\"><strong> S<\/strong><\/th><th class=\"has-text-align-right\" data-align=\"right\"><strong> M<\/strong><\/th><th class=\"has-text-align-right\" data-align=\"right\"><strong> L<\/strong><\/th><th class=\"has-text-align-right\" data-align=\"right\"><strong> XL<\/strong><\/th><\/tr><\/thead><tbody><tr><td>Diario Temporada Baja, 03\/01 \u2013 30\/06 | 23\/08 \u2013 23\/12, excepto puentes y festividades<\/td><td class=\"has-text-align-right\" data-align=\"right\">\u20ac 78,00<\/td><td class=\"has-text-align-right\" data-align=\"right\">\u20ac 86,00<\/td><td class=\"has-text-align-right\" data-align=\"right\">\u20ac 93,00<\/td><td class=\"has-text-align-right\" data-align=\"right\">\u20ac 104,00<\/td><\/tr><tr><td>Diario Temporada Alta 01\/07 \u2013 25\/08 | 24\/12 \u2013 02\/01, incluidos puentes y festividades<\/td><td class=\"has-text-align-right\" data-align=\"right\">\u20ac 88,00<\/td><td class=\"has-text-align-right\" data-align=\"right\">\u20ac 95,00<\/td><td class=\"has-text-align-right\" data-align=\"right\">\u20ac 102,00<\/td><td class=\"has-text-align-right\" data-align=\"right\">\u20ac 112,00<\/td><\/tr><tr><td>Fin de semana<br>(2 noches, solo temporada baja)<\/td><td class=\"has-text-align-right\" data-align=\"right\">\u20ac 145,00<\/td><td class=\"has-text-align-right\" data-align=\"right\">\u20ac. 160,00<\/td><td class=\"has-text-align-right\" data-align=\"right\">\u20ac 180,00<\/td><td class=\"has-text-align-right\" data-align=\"right\">\u20ac 196,00<\/td><\/tr><tr><td>Semanal (6 noches, solo temporada baja)<\/td><td class=\"has-text-align-right\" data-align=\"right\">\u20ac 400,00<\/td><td class=\"has-text-align-right\" data-align=\"right\">\u20ac 430,00<\/td><td class=\"has-text-align-right\" data-align=\"right\">\u20ac 470,00<\/td><td class=\"has-text-align-right\" data-align=\"right\">\u20ac 500,00<\/td><\/tr><tr><td>Mensual (ene-feb-mar-abr-may-oct-nov))<\/td><td class=\"has-text-align-right\" data-align=\"right\">\u20ac 650,00<\/td><td class=\"has-text-align-right\" data-align=\"right\">\u20ac 760,00<\/td><td class=\"has-text-align-right\" data-align=\"right\">\u20ac 860,00<\/td><td class=\"has-text-align-right\" data-align=\"right\">\u20ac 970,00<\/td><\/tr><tr><td>Mensual (jun-sep-dic)<\/td><td class=\"has-text-align-right\" data-align=\"right\">\u20ac 760,00<\/td><td class=\"has-text-align-right\" data-align=\"right\">\u20ac 860,00<\/td><td class=\"has-text-align-right\" data-align=\"right\">\u20ac 970,00<\/td><td class=\"has-text-align-right\" data-align=\"right\">\u20ac 1.080,00<\/td><\/tr><tr><td>Agosto o Julio<\/td><td class=\"has-text-align-right\" data-align=\"right\">\u20ac 1.760,00<\/td><td class=\"has-text-align-right\" data-align=\"right\">\u20ac 1980,00<\/td><td class=\"has-text-align-right\" data-align=\"right\">\u20ac 2.090,00<\/td><td class=\"has-text-align-right\" data-align=\"right\">\u20ac 2.640,00<\/td><\/tr><tr><td>Anual<\/td><td class=\"has-text-align-right\" data-align=\"right\">\u20ac 3.850,00<\/td><td class=\"has-text-align-right\" data-align=\"right\">\u20ac 4.300,00<\/td><td class=\"has-text-align-right\" data-align=\"right\">\u20ac 4.765,00<\/td><td class=\"has-text-align-right\" data-align=\"right\">\u20ac 5.360.00<\/td><\/tr><tr><td>Costo Adicional<strong> <\/strong>Limpieza para animales<\/td><td class=\"has-text-align-right\" data-align=\"right\">\u20ac 5.00<\/td><td class=\"has-text-align-right\" data-align=\"right\">\u20ac 5.00<\/td><td class=\"has-text-align-right\" data-align=\"right\">\u20ac 5.00<\/td><td class=\"has-text-align-right\" data-align=\"right\"><meta charset=\"utf-8\">\u20ac 5.00<\/td><\/tr><\/tbody><\/table><figcaption class=\"wp-element-caption\">Los precios incluyen: 1 veh\u00edculo, consumo en el bungalow, uso de piscina cubierta y climatizada, y animaci\u00f3n (cuando est\u00e9 disponible). El bungalow est\u00e1 equipado con: cubre colch\u00f3n, edred\u00f3n, funda para el edred\u00f3n, fundas de almohada, vajilla y utensilios de cocina. No incluye: toallas, mantel, pa\u00f1os de cocina ni secador de pelo.<\/figcaption><\/figure>\n<\/div>\n<\/div>\n\n\n\n<p><\/p>\n","protected":false},"excerpt":{"rendered":"<p>Precios Parcela de Camping 2025 Temporada Baja(03\/01-30\/06|23\/08-23\/12, excluidos d\u00edas festivos o puentes festivos\u00a0\u00a0\u00a0\u00a0\u00a0\u00a0\u00a0 Temporada Alta (01\/07-22\/08|24\/12-02\/01, incluidos d\u00edas festivos)\u00a0 Parcela de Camping 11,00 \u20ac 15,00 \u20ac Adulto 8,00 \u20ac 10,00 \u20ac Ni\u00f1o 7,00 \u20ac 8,00 \u20ac Coche 5,50 \u20ac 6,50 \u20ac Motocicleta 5,00 \u20ac 6,00 \u20ac Perro 3,50 \u20ac 4,50 \u20ac Parcela para tienda de [&hellip;]<\/p>\n","protected":false},"author":6,"featured_media":0,"parent":0,"menu_order":0,"comment_status":"closed","ping_status":"closed","template":"","meta":{"_acf_changed":false,"inline_featured_image":false,"_genesis_hide_title":true,"_genesis_hide_breadcrumbs":false,"_genesis_hide_singular_image":false,"_genesis_hide_footer_widgets":false,"_genesis_custom_body_class":"","_genesis_custom_post_class":"","_genesis_layout":"","footnotes":"","_links_to":"","_links_to_target":""},"class_list":{"0":"post-5543","1":"page","2":"type-page","3":"status-publish","5":"entry"},"acf":[],"yoast_head":"<!-- This site is optimized with the Yoast SEO plugin v27.2 - https:\/\/yoast.com\/product\/yoast-seo-wordpress\/ -->\n<title>Precios y Promociones 2025 - Camping Le Fonti<\/title>\n<meta name=\"robots\" content=\"index, follow, max-snippet:-1, max-image-preview:large, max-video-preview:-1\" \/>\n<link rel=\"canonical\" href=\"https:\/\/www.campinglefonti.com\/es\/precios-y-promociones-2025\/\" \/>\n<meta property=\"og:locale\" content=\"es_ES\" \/>\n<meta property=\"og:type\" content=\"article\" \/>\n<meta property=\"og:title\" content=\"Precios y Promociones 2025 - Camping Le Fonti\" \/>\n<meta property=\"og:description\" content=\"Precios Parcela de Camping 2025 Temporada Baja(03\/01-30\/06|23\/08-23\/12, excluidos d\u00edas festivos o puentes festivos\u00a0\u00a0\u00a0\u00a0\u00a0\u00a0\u00a0 Temporada Alta (01\/07-22\/08|24\/12-02\/01, incluidos d\u00edas festivos)\u00a0 Parcela de Camping 11,00 \u20ac 15,00 \u20ac Adulto 8,00 \u20ac 10,00 \u20ac Ni\u00f1o 7,00 \u20ac 8,00 \u20ac Coche 5,50 \u20ac 6,50 \u20ac Motocicleta 5,00 \u20ac 6,00 \u20ac Perro 3,50 \u20ac 4,50 \u20ac Parcela para tienda de [&hellip;]\" \/>\n<meta property=\"og:url\" content=\"https:\/\/www.campinglefonti.com\/es\/precios-y-promociones-2025\/\" \/>\n<meta property=\"og:site_name\" content=\"Camping Le Fonti\" \/>\n<meta property=\"article:modified_time\" content=\"2025-03-13T08:49:00+00:00\" \/>\n<meta property=\"og:image\" content=\"https:\/\/www.campinglefonti.com\/wp-content\/uploads\/sfondo2.jpg\" \/>\n\t<meta property=\"og:image:width\" content=\"1350\" \/>\n\t<meta property=\"og:image:height\" content=\"1080\" \/>\n\t<meta property=\"og:image:type\" content=\"image\/jpeg\" \/>\n<meta name=\"twitter:card\" content=\"summary_large_image\" \/>\n<meta name=\"twitter:label1\" content=\"Tiempo de lectura\" \/>\n\t<meta name=\"twitter:data1\" content=\"3 minutos\" \/>\n<script type=\"application\/ld+json\" class=\"yoast-schema-graph\">{\"@context\":\"https:\/\/schema.org\",\"@graph\":[{\"@type\":\"WebPage\",\"@id\":\"https:\/\/www.campinglefonti.com\/es\/precios-y-promociones-2025\/\",\"url\":\"https:\/\/www.campinglefonti.com\/es\/precios-y-promociones-2025\/\",\"name\":\"Precios y Promociones 2025 - Camping Le Fonti\",\"isPartOf\":{\"@id\":\"https:\/\/www.campinglefonti.com\/es\/#website\"},\"primaryImageOfPage\":{\"@id\":\"https:\/\/www.campinglefonti.com\/es\/precios-y-promociones-2025\/#primaryimage\"},\"image\":{\"@id\":\"https:\/\/www.campinglefonti.com\/es\/precios-y-promociones-2025\/#primaryimage\"},\"thumbnailUrl\":\"https:\/\/www.campinglefonti.com\/wp-content\/uploads\/sfondo2.jpg\",\"datePublished\":\"2025-03-12T18:45:08+00:00\",\"dateModified\":\"2025-03-13T08:49:00+00:00\",\"breadcrumb\":{\"@id\":\"https:\/\/www.campinglefonti.com\/es\/precios-y-promociones-2025\/#breadcrumb\"},\"inLanguage\":\"es\",\"potentialAction\":[{\"@type\":\"ReadAction\",\"target\":[\"https:\/\/www.campinglefonti.com\/es\/precios-y-promociones-2025\/\"]}]},{\"@type\":\"ImageObject\",\"inLanguage\":\"es\",\"@id\":\"https:\/\/www.campinglefonti.com\/es\/precios-y-promociones-2025\/#primaryimage\",\"url\":\"https:\/\/www.campinglefonti.com\/wp-content\/uploads\/sfondo2.jpg\",\"contentUrl\":\"https:\/\/www.campinglefonti.com\/wp-content\/uploads\/sfondo2.jpg\"},{\"@type\":\"BreadcrumbList\",\"@id\":\"https:\/\/www.campinglefonti.com\/es\/precios-y-promociones-2025\/#breadcrumb\",\"itemListElement\":[{\"@type\":\"ListItem\",\"position\":1,\"name\":\"Home\",\"item\":\"https:\/\/www.campinglefonti.com\/es\/\"},{\"@type\":\"ListItem\",\"position\":2,\"name\":\"Precios y Promociones 2025\"}]},{\"@type\":\"WebSite\",\"@id\":\"https:\/\/www.campinglefonti.com\/es\/#website\",\"url\":\"https:\/\/www.campinglefonti.com\/es\/\",\"name\":\"Camping Le Fonti\",\"description\":\"Campeggio con bungalow e piazzole nell&#039;Appennino Reggiano\",\"publisher\":{\"@id\":\"https:\/\/www.campinglefonti.com\/es\/#organization\"},\"potentialAction\":[{\"@type\":\"SearchAction\",\"target\":{\"@type\":\"EntryPoint\",\"urlTemplate\":\"https:\/\/www.campinglefonti.com\/es\/?s={search_term_string}\"},\"query-input\":{\"@type\":\"PropertyValueSpecification\",\"valueRequired\":true,\"valueName\":\"search_term_string\"}}],\"inLanguage\":\"es\"},{\"@type\":\"Organization\",\"@id\":\"https:\/\/www.campinglefonti.com\/es\/#organization\",\"name\":\"Camping Le Fonti\",\"url\":\"https:\/\/www.campinglefonti.com\/es\/\",\"logo\":{\"@type\":\"ImageObject\",\"inLanguage\":\"es\",\"@id\":\"https:\/\/www.campinglefonti.com\/es\/#\/schema\/logo\/image\/\",\"url\":\"https:\/\/www.campinglefonti.com\/wp-content\/uploads\/logo-camping-le-fonti.svg\",\"contentUrl\":\"https:\/\/www.campinglefonti.com\/wp-content\/uploads\/logo-camping-le-fonti.svg\",\"width\":75,\"height\":71,\"caption\":\"Camping Le Fonti\"},\"image\":{\"@id\":\"https:\/\/www.campinglefonti.com\/es\/#\/schema\/logo\/image\/\"}}]}<\/script>\n<!-- \/ Yoast SEO plugin. -->","yoast_head_json":{"title":"Precios y Promociones 2025 - Camping Le Fonti","robots":{"index":"index","follow":"follow","max-snippet":"max-snippet:-1","max-image-preview":"max-image-preview:large","max-video-preview":"max-video-preview:-1"},"canonical":"https:\/\/www.campinglefonti.com\/es\/precios-y-promociones-2025\/","og_locale":"es_ES","og_type":"article","og_title":"Precios y Promociones 2025 - Camping Le Fonti","og_description":"Precios Parcela de Camping 2025 Temporada Baja(03\/01-30\/06|23\/08-23\/12, excluidos d\u00edas festivos o puentes festivos\u00a0\u00a0\u00a0\u00a0\u00a0\u00a0\u00a0 Temporada Alta (01\/07-22\/08|24\/12-02\/01, incluidos d\u00edas festivos)\u00a0 Parcela de Camping 11,00 \u20ac 15,00 \u20ac Adulto 8,00 \u20ac 10,00 \u20ac Ni\u00f1o 7,00 \u20ac 8,00 \u20ac Coche 5,50 \u20ac 6,50 \u20ac Motocicleta 5,00 \u20ac 6,00 \u20ac Perro 3,50 \u20ac 4,50 \u20ac Parcela para tienda de [&hellip;]","og_url":"https:\/\/www.campinglefonti.com\/es\/precios-y-promociones-2025\/","og_site_name":"Camping Le Fonti","article_modified_time":"2025-03-13T08:49:00+00:00","og_image":[{"width":1350,"height":1080,"url":"https:\/\/www.campinglefonti.com\/wp-content\/uploads\/sfondo2.jpg","type":"image\/jpeg"}],"twitter_card":"summary_large_image","twitter_misc":{"Tiempo de lectura":"3 minutos"},"schema":{"@context":"https:\/\/schema.org","@graph":[{"@type":"WebPage","@id":"https:\/\/www.campinglefonti.com\/es\/precios-y-promociones-2025\/","url":"https:\/\/www.campinglefonti.com\/es\/precios-y-promociones-2025\/","name":"Precios y Promociones 2025 - Camping Le Fonti","isPartOf":{"@id":"https:\/\/www.campinglefonti.com\/es\/#website"},"primaryImageOfPage":{"@id":"https:\/\/www.campinglefonti.com\/es\/precios-y-promociones-2025\/#primaryimage"},"image":{"@id":"https:\/\/www.campinglefonti.com\/es\/precios-y-promociones-2025\/#primaryimage"},"thumbnailUrl":"https:\/\/www.campinglefonti.com\/wp-content\/uploads\/sfondo2.jpg","datePublished":"2025-03-12T18:45:08+00:00","dateModified":"2025-03-13T08:49:00+00:00","breadcrumb":{"@id":"https:\/\/www.campinglefonti.com\/es\/precios-y-promociones-2025\/#breadcrumb"},"inLanguage":"es","potentialAction":[{"@type":"ReadAction","target":["https:\/\/www.campinglefonti.com\/es\/precios-y-promociones-2025\/"]}]},{"@type":"ImageObject","inLanguage":"es","@id":"https:\/\/www.campinglefonti.com\/es\/precios-y-promociones-2025\/#primaryimage","url":"https:\/\/www.campinglefonti.com\/wp-content\/uploads\/sfondo2.jpg","contentUrl":"https:\/\/www.campinglefonti.com\/wp-content\/uploads\/sfondo2.jpg"},{"@type":"BreadcrumbList","@id":"https:\/\/www.campinglefonti.com\/es\/precios-y-promociones-2025\/#breadcrumb","itemListElement":[{"@type":"ListItem","position":1,"name":"Home","item":"https:\/\/www.campinglefonti.com\/es\/"},{"@type":"ListItem","position":2,"name":"Precios y Promociones 2025"}]},{"@type":"WebSite","@id":"https:\/\/www.campinglefonti.com\/es\/#website","url":"https:\/\/www.campinglefonti.com\/es\/","name":"Camping Le Fonti","description":"Campeggio con bungalow e piazzole nell&#039;Appennino Reggiano","publisher":{"@id":"https:\/\/www.campinglefonti.com\/es\/#organization"},"potentialAction":[{"@type":"SearchAction","target":{"@type":"EntryPoint","urlTemplate":"https:\/\/www.campinglefonti.com\/es\/?s={search_term_string}"},"query-input":{"@type":"PropertyValueSpecification","valueRequired":true,"valueName":"search_term_string"}}],"inLanguage":"es"},{"@type":"Organization","@id":"https:\/\/www.campinglefonti.com\/es\/#organization","name":"Camping Le Fonti","url":"https:\/\/www.campinglefonti.com\/es\/","logo":{"@type":"ImageObject","inLanguage":"es","@id":"https:\/\/www.campinglefonti.com\/es\/#\/schema\/logo\/image\/","url":"https:\/\/www.campinglefonti.com\/wp-content\/uploads\/logo-camping-le-fonti.svg","contentUrl":"https:\/\/www.campinglefonti.com\/wp-content\/uploads\/logo-camping-le-fonti.svg","width":75,"height":71,"caption":"Camping Le Fonti"},"image":{"@id":"https:\/\/www.campinglefonti.com\/es\/#\/schema\/logo\/image\/"}}]}},"_links":{"self":[{"href":"https:\/\/www.campinglefonti.com\/es\/wp-json\/wp\/v2\/pages\/5543","targetHints":{"allow":["GET"]}}],"collection":[{"href":"https:\/\/www.campinglefonti.com\/es\/wp-json\/wp\/v2\/pages"}],"about":[{"href":"https:\/\/www.campinglefonti.com\/es\/wp-json\/wp\/v2\/types\/page"}],"author":[{"embeddable":true,"href":"https:\/\/www.campinglefonti.com\/es\/wp-json\/wp\/v2\/users\/6"}],"replies":[{"embeddable":true,"href":"https:\/\/www.campinglefonti.com\/es\/wp-json\/wp\/v2\/comments?post=5543"}],"version-history":[{"count":3,"href":"https:\/\/www.campinglefonti.com\/es\/wp-json\/wp\/v2\/pages\/5543\/revisions"}],"predecessor-version":[{"id":5676,"href":"https:\/\/www.campinglefonti.com\/es\/wp-json\/wp\/v2\/pages\/5543\/revisions\/5676"}],"wp:attachment":[{"href":"https:\/\/www.campinglefonti.com\/es\/wp-json\/wp\/v2\/media?parent=5543"}],"curies":[{"name":"wp","href":"https:\/\/api.w.org\/{rel}","templated":true}]}}