{"id":5554,"date":"2025-03-12T19:45:08","date_gmt":"2025-03-12T18:45:08","guid":{"rendered":"https:\/\/www.campinglefonti.com\/?page_id=5554"},"modified":"2025-03-13T09:58:29","modified_gmt":"2025-03-13T08:58:29","slug":"servicios","status":"publish","type":"page","link":"https:\/\/www.campinglefonti.com\/es\/servicios\/","title":{"rendered":"Servicios"},"content":{"rendered":"\n<figure class=\"wp-block-image alignfull size-large grid-section-main-image\"><img loading=\"lazy\" decoding=\"async\" width=\"1024\" height=\"768\" src=\"https:\/\/www.campinglefonti.com\/wp-content\/uploads\/\/bar2-1024x768.jpg\" alt=\"\" class=\"wp-image-5430\" srcset=\"https:\/\/www.campinglefonti.com\/wp-content\/uploads\/bar2-1024x768.jpg 1024w, https:\/\/www.campinglefonti.com\/wp-content\/uploads\/bar2-300x225.jpg 300w, https:\/\/www.campinglefonti.com\/wp-content\/uploads\/bar2-768x576.jpg 768w, https:\/\/www.campinglefonti.com\/wp-content\/uploads\/bar2-1536x1152.jpg 1536w, https:\/\/www.campinglefonti.com\/wp-content\/uploads\/bar2-702x526.jpg 702w, https:\/\/www.campinglefonti.com\/wp-content\/uploads\/bar2.jpg 2000w\" sizes=\"auto, (max-width: 1024px) 100vw, 1024px\" \/><\/figure>\n\n\n\n<div class=\"wp-block-columns grid-section-columns grid-section-columns-green margin-bottom--m is-layout-flex wp-container-core-columns-is-layout-9d6595d7 wp-block-columns-is-layout-flex\">\n<div class=\"wp-block-column is-layout-flow wp-block-column-is-layout-flow\">\n<figure class=\"wp-block-image size-large\"><img loading=\"lazy\" decoding=\"async\" width=\"780\" height=\"1024\" src=\"https:\/\/www.campinglefonti.com\/wp-content\/uploads\/aperitivoservizicamping-780x1024.jpg\" alt=\"\" class=\"wp-image-349\" srcset=\"https:\/\/www.campinglefonti.com\/wp-content\/uploads\/aperitivoservizicamping-780x1024.jpg 780w, https:\/\/www.campinglefonti.com\/wp-content\/uploads\/aperitivoservizicamping-228x300.jpg 228w, https:\/\/www.campinglefonti.com\/wp-content\/uploads\/aperitivoservizicamping-768x1009.jpg 768w, https:\/\/www.campinglefonti.com\/wp-content\/uploads\/aperitivoservizicamping-1169x1536.jpg 1169w, https:\/\/www.campinglefonti.com\/wp-content\/uploads\/aperitivoservizicamping-1559x2048.jpg 1559w, https:\/\/www.campinglefonti.com\/wp-content\/uploads\/aperitivoservizicamping-scaled.jpg 1949w\" sizes=\"auto, (max-width: 780px) 100vw, 780px\" \/><\/figure>\n<\/div>\n\n\n\n<div class=\"wp-block-column is-layout-flow wp-block-column-is-layout-flow\">\n<h1 class=\"wp-block-heading\">\u00a1Siempre en buena compa\u00f1\u00eda!<\/h1>\n\n\n\n<p>Disfruta de desayunos con brioches reci\u00e9n horneados, deliciosos aperitivos antes del almuerzo y la cena, as\u00ed como un caf\u00e9 r\u00e1pido durante el d\u00eda.<\/p>\n\n\n\n<p>En invierno, te esperan deliciosos chocolates calientes y t\u00e9s para endulzar tus d\u00edas.<\/p>\n\n\n\n<p>En verano, la terraza panor\u00e1mica se convierte en el lugar perfecto para disfrutar de un aperitivo con amigos.<\/p>\n<\/div>\n<\/div>\n\n\n\n<div class=\"wp-block-group is-style-light-green-bg margin-bottom--zero home-number-section\"><div class=\"wp-block-group__inner-container is-layout-flow wp-block-group-is-layout-flow\">\n<h2 class=\"wp-block-heading has-text-align-center margin-bottom--m\">Todos los servicios del Camping Le Fonti:<\/h2>\n\n\n\n<div class=\"wp-block-columns is-layout-flex wp-container-core-columns-is-layout-9d6595d7 wp-block-columns-is-layout-flex\">\n<div class=\"wp-block-column is-layout-flow wp-block-column-is-layout-flow\"><div class=\"wp-block-image\">\n<figure class=\"aligncenter size-large\"><img loading=\"lazy\" decoding=\"async\" width=\"43\" height=\"43\" src=\"https:\/\/www.campinglefonti.com\/wp-content\/uploads\/\/cutlery-icon.svg\" alt=\"\" class=\"wp-image-87\"\/><\/figure><\/div>\n\n\n<p class=\"has-text-align-center\">Restaurante<\/p>\n<\/div>\n\n\n\n<div class=\"wp-block-column is-layout-flow wp-block-column-is-layout-flow\"><div class=\"wp-block-image\">\n<figure class=\"aligncenter size-large\"><img loading=\"lazy\" decoding=\"async\" width=\"44\" height=\"44\" src=\"https:\/\/www.campinglefonti.com\/wp-content\/uploads\/\/pizza-icon.svg\" alt=\"\" class=\"wp-image-88\"\/><\/figure><\/div>\n\n\n<p class=\"has-text-align-center\">Pizzer\u00eda<\/p>\n<\/div>\n\n\n\n<div class=\"wp-block-column is-layout-flow wp-block-column-is-layout-flow\"><div class=\"wp-block-image\">\n<figure class=\"aligncenter size-large\"><img loading=\"lazy\" decoding=\"async\" width=\"39\" height=\"44\" src=\"https:\/\/www.campinglefonti.com\/wp-content\/uploads\/\/coffee-icon.svg\" alt=\"\" class=\"wp-image-89\"\/><\/figure><\/div>\n\n\n<p class=\"has-text-align-center\">Bar<\/p>\n<\/div>\n\n\n\n<div class=\"wp-block-column is-layout-flow wp-block-column-is-layout-flow\"><div class=\"wp-block-image\">\n<figure class=\"aligncenter size-large\"><img loading=\"lazy\" decoding=\"async\" width=\"43\" height=\"43\" src=\"https:\/\/www.campinglefonti.com\/wp-content\/uploads\/\/shop-icon.svg\" alt=\"\" class=\"wp-image-90\"\/><\/figure><\/div>\n\n\n<p class=\"has-text-align-center\">Minimercado<\/p>\n<\/div>\n<\/div>\n<\/div><\/div>\n\n\n\n<div style=\"height:42px\" aria-hidden=\"true\" class=\"wp-block-spacer\"><\/div>\n\n\n\n<div class=\"wp-block-columns image-on-left margin-bottom--m is-layout-flex wp-container-core-columns-is-layout-9d6595d7 wp-block-columns-is-layout-flex\">\n<div class=\"wp-block-column is-layout-flow wp-block-column-is-layout-flow\">\n<figure class=\"wp-block-image size-large\"><img loading=\"lazy\" decoding=\"async\" width=\"1024\" height=\"768\" src=\"https:\/\/www.campinglefonti.com\/wp-content\/uploads\/\/pizzacamping-1024x768.jpg\" alt=\"\" class=\"wp-image-356\" srcset=\"https:\/\/www.campinglefonti.com\/wp-content\/uploads\/pizzacamping-1024x768.jpg 1024w, https:\/\/www.campinglefonti.com\/wp-content\/uploads\/pizzacamping-300x225.jpg 300w, https:\/\/www.campinglefonti.com\/wp-content\/uploads\/pizzacamping-768x576.jpg 768w, https:\/\/www.campinglefonti.com\/wp-content\/uploads\/pizzacamping-1536x1152.jpg 1536w, https:\/\/www.campinglefonti.com\/wp-content\/uploads\/pizzacamping-2048x1536.jpg 2048w, https:\/\/www.campinglefonti.com\/wp-content\/uploads\/pizzacamping-702x526.jpg 702w, https:\/\/www.campinglefonti.com\/wp-content\/uploads\/pizzacamping-20x15.jpg 20w\" sizes=\"auto, (max-width: 1024px) 100vw, 1024px\" \/><\/figure>\n<\/div>\n\n\n\n<div class=\"wp-block-column is-layout-flow wp-block-column-is-layout-flow\">\n<h2 class=\"wp-block-heading\">Desde el minimercado hasta el restaurante-pizzer\u00eda, para que no te falte de nada<\/h2>\n\n\n\n<p><strong>Minimercado<\/strong><\/p>\n\n\n\n<p>\u00bfOlvidaste algo?<\/p>\n\n\n\n<p>Visita nuestro mini mercado, bien surtido con alimentos, art\u00edculos de higiene personal y accesorios para el tiempo libre.<\/p>\n\n\n\n<p>\u00a0\u00a1Cada ma\u00f1ana encontrar\u00e1s pan fresco reci\u00e9n horneado!<\/p>\n\n\n\n<p><strong>Restaurante \u2013 Pizzer\u00eda<\/strong><\/p>\n\n\n\n<p>Disfruta de los platos t\u00edpicos de los Apeninos Tosco-Emilianos, una amplia variedad de pizzas y deliciosos platos de pescado.<\/p>\n\n\n\n<p>\u00bfPrefieres comer c\u00f3modamente en tu bungalow?                                                    \u00a1Tambi\u00e9n ofrecemos servicio para llevar!<\/p>\n<\/div>\n<\/div>\n\n\n\n<figure class=\"wp-block-gallery has-nested-images columns-default is-cropped wp-block-gallery-1 is-layout-flex wp-block-gallery-is-layout-flex\">\n<figure class=\"wp-block-image size-large\"><img loading=\"lazy\" decoding=\"async\" width=\"1024\" height=\"768\" data-id=\"5258\" src=\"https:\/\/www.campinglefonti.com\/wp-content\/uploads\/\/IMG-20250228-WA0012-1024x768.jpg\" alt=\"\" class=\"wp-image-5258\" srcset=\"https:\/\/www.campinglefonti.com\/wp-content\/uploads\/IMG-20250228-WA0012-1024x768.jpg 1024w, https:\/\/www.campinglefonti.com\/wp-content\/uploads\/IMG-20250228-WA0012-300x225.jpg 300w, https:\/\/www.campinglefonti.com\/wp-content\/uploads\/IMG-20250228-WA0012-768x576.jpg 768w, https:\/\/www.campinglefonti.com\/wp-content\/uploads\/IMG-20250228-WA0012-702x526.jpg 702w, https:\/\/www.campinglefonti.com\/wp-content\/uploads\/IMG-20250228-WA0012.jpg 1333w\" sizes=\"auto, (max-width: 1024px) 100vw, 1024px\" \/><\/figure>\n\n\n\n<figure class=\"wp-block-image size-large\"><img loading=\"lazy\" decoding=\"async\" width=\"768\" height=\"1024\" data-id=\"4763\" src=\"https:\/\/www.campinglefonti.com\/wp-content\/uploads\/bar-1.jpg\" alt=\"\" class=\"wp-image-4763\" srcset=\"https:\/\/www.campinglefonti.com\/wp-content\/uploads\/bar-1.jpg 768w, https:\/\/www.campinglefonti.com\/wp-content\/uploads\/bar-1-225x300.jpg 225w\" sizes=\"auto, (max-width: 768px) 100vw, 768px\" \/><\/figure>\n\n\n\n<figure class=\"wp-block-image size-large\"><img loading=\"lazy\" decoding=\"async\" width=\"1024\" height=\"581\" data-id=\"4768\" src=\"https:\/\/www.campinglefonti.com\/wp-content\/uploads\/\/ristorante-1024x581.jpg\" alt=\"\" class=\"wp-image-4768\" srcset=\"https:\/\/www.campinglefonti.com\/wp-content\/uploads\/ristorante-1024x581.jpg 1024w, https:\/\/www.campinglefonti.com\/wp-content\/uploads\/ristorante-300x170.jpg 300w, https:\/\/www.campinglefonti.com\/wp-content\/uploads\/ristorante-768x436.jpg 768w, https:\/\/www.campinglefonti.com\/wp-content\/uploads\/ristorante.jpg 1440w\" sizes=\"auto, (max-width: 1024px) 100vw, 1024px\" \/><\/figure>\n\n\n\n<figure class=\"wp-block-image size-large\"><img loading=\"lazy\" decoding=\"async\" width=\"1024\" height=\"681\" data-id=\"2110\" src=\"https:\/\/www.campinglefonti.com\/wp-content\/uploads\/\/terrazza-bar-1-1024x681.jpg\" alt=\"\" class=\"wp-image-2110\" srcset=\"https:\/\/www.campinglefonti.com\/wp-content\/uploads\/terrazza-bar-1-1024x681.jpg 1024w, https:\/\/www.campinglefonti.com\/wp-content\/uploads\/terrazza-bar-1-300x200.jpg 300w, https:\/\/www.campinglefonti.com\/wp-content\/uploads\/terrazza-bar-1-768x511.jpg 768w, https:\/\/www.campinglefonti.com\/wp-content\/uploads\/terrazza-bar-1-1536x1022.jpg 1536w, https:\/\/www.campinglefonti.com\/wp-content\/uploads\/terrazza-bar-1-20x13.jpg 20w, https:\/\/www.campinglefonti.com\/wp-content\/uploads\/terrazza-bar-1.jpg 1920w\" sizes=\"auto, (max-width: 1024px) 100vw, 1024px\" \/><\/figure>\n\n\n\n<figure class=\"wp-block-image size-large\"><img loading=\"lazy\" decoding=\"async\" width=\"1024\" height=\"768\" data-id=\"5430\" src=\"https:\/\/www.campinglefonti.com\/wp-content\/uploads\/\/bar2-1024x768.jpg\" alt=\"\" class=\"wp-image-5430\" srcset=\"https:\/\/www.campinglefonti.com\/wp-content\/uploads\/bar2-1024x768.jpg 1024w, https:\/\/www.campinglefonti.com\/wp-content\/uploads\/bar2-300x225.jpg 300w, https:\/\/www.campinglefonti.com\/wp-content\/uploads\/bar2-768x576.jpg 768w, https:\/\/www.campinglefonti.com\/wp-content\/uploads\/bar2-1536x1152.jpg 1536w, https:\/\/www.campinglefonti.com\/wp-content\/uploads\/bar2-702x526.jpg 702w, https:\/\/www.campinglefonti.com\/wp-content\/uploads\/bar2.jpg 2000w\" sizes=\"auto, (max-width: 1024px) 100vw, 1024px\" \/><\/figure>\n\n\n\n<figure class=\"wp-block-image size-large\"><img loading=\"lazy\" decoding=\"async\" width=\"768\" height=\"1024\" data-id=\"2111\" src=\"https:\/\/www.campinglefonti.com\/wp-content\/uploads\/\/20130616_120812-768x1024.jpg\" alt=\"\" class=\"wp-image-2111\" srcset=\"https:\/\/www.campinglefonti.com\/wp-content\/uploads\/20130616_120812-768x1024.jpg 768w, https:\/\/www.campinglefonti.com\/wp-content\/uploads\/20130616_120812-225x300.jpg 225w, https:\/\/www.campinglefonti.com\/wp-content\/uploads\/20130616_120812-1152x1536.jpg 1152w, https:\/\/www.campinglefonti.com\/wp-content\/uploads\/20130616_120812-1536x2048.jpg 1536w, https:\/\/www.campinglefonti.com\/wp-content\/uploads\/20130616_120812.jpg 1920w\" sizes=\"auto, (max-width: 768px) 100vw, 768px\" \/><\/figure>\n<\/figure>\n\n\n\n<div class=\"wp-block-group is-style-light-green-bg\"><div class=\"wp-block-group__inner-container is-layout-flow wp-block-group-is-layout-flow\">\n<p class=\"has-text-align-center\" style=\"font-size:33px\">\u00bfTe gustar\u00eda disfrutar de un fin de semana diferente?<br>Contamos con bungalows disponibles en alquiler, tambi\u00e9n para estancias cortas.<\/p>\n\n\n\n<div class=\"wp-block-buttons is-horizontal is-content-justification-center is-layout-flex wp-container-core-buttons-is-layout-499968f5 wp-block-buttons-is-layout-flex\">\n<div class=\"wp-block-button\"><a class=\"wp-block-button__link wp-element-button\" href=\"https:\/\/www.campinglefonti.com\/es\/contactos\/\">QUISIERA M\u00c1S INFORMACI\u00d3N<\/a><\/div>\n<\/div>\n<\/div><\/div>\n","protected":false},"excerpt":{"rendered":"<p>\u00a1Siempre en buena compa\u00f1\u00eda! Disfruta de desayunos con brioches reci\u00e9n horneados, deliciosos aperitivos antes del almuerzo y la cena, as\u00ed como un caf\u00e9 r\u00e1pido durante el d\u00eda. En invierno, te esperan deliciosos chocolates calientes y t\u00e9s para endulzar tus d\u00edas. En verano, la terraza panor\u00e1mica se convierte en el lugar perfecto para disfrutar de un [&hellip;]<\/p>\n","protected":false},"author":6,"featured_media":0,"parent":0,"menu_order":6,"comment_status":"closed","ping_status":"closed","template":"","meta":{"_acf_changed":false,"inline_featured_image":false,"_genesis_hide_title":true,"_genesis_hide_breadcrumbs":false,"_genesis_hide_singular_image":false,"_genesis_hide_footer_widgets":false,"_genesis_custom_body_class":"","_genesis_custom_post_class":"","_genesis_layout":"","footnotes":"","_links_to":"","_links_to_target":""},"class_list":{"0":"post-5554","1":"page","2":"type-page","3":"status-publish","5":"entry"},"acf":[],"yoast_head":"<!-- This site is optimized with the Yoast SEO plugin v27.2 - https:\/\/yoast.com\/product\/yoast-seo-wordpress\/ -->\n<title>Servicios - Camping Le Fonti<\/title>\n<meta name=\"robots\" content=\"index, follow, max-snippet:-1, max-image-preview:large, max-video-preview:-1\" \/>\n<link rel=\"canonical\" href=\"https:\/\/www.campinglefonti.com\/es\/servicios\/\" \/>\n<meta property=\"og:locale\" content=\"es_ES\" \/>\n<meta property=\"og:type\" content=\"article\" \/>\n<meta property=\"og:title\" content=\"Servicios - Camping Le Fonti\" \/>\n<meta property=\"og:description\" content=\"\u00a1Siempre en buena compa\u00f1\u00eda! Disfruta de desayunos con brioches reci\u00e9n horneados, deliciosos aperitivos antes del almuerzo y la cena, as\u00ed como un caf\u00e9 r\u00e1pido durante el d\u00eda. En invierno, te esperan deliciosos chocolates calientes y t\u00e9s para endulzar tus d\u00edas. En verano, la terraza panor\u00e1mica se convierte en el lugar perfecto para disfrutar de un [&hellip;]\" \/>\n<meta property=\"og:url\" content=\"https:\/\/www.campinglefonti.com\/es\/servicios\/\" \/>\n<meta property=\"og:site_name\" content=\"Camping Le Fonti\" \/>\n<meta property=\"article:modified_time\" content=\"2025-03-13T08:58:29+00:00\" \/>\n<meta property=\"og:image\" content=\"https:\/\/www.campinglefonti.com\/wp-content\/uploads\/bar2.jpg\" \/>\n\t<meta property=\"og:image:width\" content=\"2000\" \/>\n\t<meta property=\"og:image:height\" content=\"1500\" \/>\n\t<meta property=\"og:image:type\" content=\"image\/jpeg\" \/>\n<meta name=\"twitter:card\" content=\"summary_large_image\" \/>\n<meta name=\"twitter:label1\" content=\"Tiempo de lectura\" \/>\n\t<meta name=\"twitter:data1\" content=\"4 minutos\" \/>\n<script type=\"application\/ld+json\" class=\"yoast-schema-graph\">{\"@context\":\"https:\/\/schema.org\",\"@graph\":[{\"@type\":\"WebPage\",\"@id\":\"https:\/\/www.campinglefonti.com\/es\/servicios\/\",\"url\":\"https:\/\/www.campinglefonti.com\/es\/servicios\/\",\"name\":\"Servicios - Camping Le Fonti\",\"isPartOf\":{\"@id\":\"https:\/\/www.campinglefonti.com\/es\/#website\"},\"primaryImageOfPage\":{\"@id\":\"https:\/\/www.campinglefonti.com\/es\/servicios\/#primaryimage\"},\"image\":{\"@id\":\"https:\/\/www.campinglefonti.com\/es\/servicios\/#primaryimage\"},\"thumbnailUrl\":\"https:\/\/www.campinglefonti.com\/wp-content\/uploads\/\/bar2-1024x768.jpg\",\"datePublished\":\"2025-03-12T18:45:08+00:00\",\"dateModified\":\"2025-03-13T08:58:29+00:00\",\"breadcrumb\":{\"@id\":\"https:\/\/www.campinglefonti.com\/es\/servicios\/#breadcrumb\"},\"inLanguage\":\"es\",\"potentialAction\":[{\"@type\":\"ReadAction\",\"target\":[\"https:\/\/www.campinglefonti.com\/es\/servicios\/\"]}]},{\"@type\":\"ImageObject\",\"inLanguage\":\"es\",\"@id\":\"https:\/\/www.campinglefonti.com\/es\/servicios\/#primaryimage\",\"url\":\"https:\/\/www.campinglefonti.com\/wp-content\/uploads\/\/bar2-1024x768.jpg\",\"contentUrl\":\"https:\/\/www.campinglefonti.com\/wp-content\/uploads\/\/bar2-1024x768.jpg\"},{\"@type\":\"BreadcrumbList\",\"@id\":\"https:\/\/www.campinglefonti.com\/es\/servicios\/#breadcrumb\",\"itemListElement\":[{\"@type\":\"ListItem\",\"position\":1,\"name\":\"Home\",\"item\":\"https:\/\/www.campinglefonti.com\/es\/\"},{\"@type\":\"ListItem\",\"position\":2,\"name\":\"Servicios\"}]},{\"@type\":\"WebSite\",\"@id\":\"https:\/\/www.campinglefonti.com\/es\/#website\",\"url\":\"https:\/\/www.campinglefonti.com\/es\/\",\"name\":\"Camping Le Fonti\",\"description\":\"Campeggio con bungalow e piazzole nell&#039;Appennino Reggiano\",\"publisher\":{\"@id\":\"https:\/\/www.campinglefonti.com\/es\/#organization\"},\"potentialAction\":[{\"@type\":\"SearchAction\",\"target\":{\"@type\":\"EntryPoint\",\"urlTemplate\":\"https:\/\/www.campinglefonti.com\/es\/?s={search_term_string}\"},\"query-input\":{\"@type\":\"PropertyValueSpecification\",\"valueRequired\":true,\"valueName\":\"search_term_string\"}}],\"inLanguage\":\"es\"},{\"@type\":\"Organization\",\"@id\":\"https:\/\/www.campinglefonti.com\/es\/#organization\",\"name\":\"Camping Le Fonti\",\"url\":\"https:\/\/www.campinglefonti.com\/es\/\",\"logo\":{\"@type\":\"ImageObject\",\"inLanguage\":\"es\",\"@id\":\"https:\/\/www.campinglefonti.com\/es\/#\/schema\/logo\/image\/\",\"url\":\"https:\/\/www.campinglefonti.com\/wp-content\/uploads\/logo-camping-le-fonti.svg\",\"contentUrl\":\"https:\/\/www.campinglefonti.com\/wp-content\/uploads\/logo-camping-le-fonti.svg\",\"width\":75,\"height\":71,\"caption\":\"Camping Le Fonti\"},\"image\":{\"@id\":\"https:\/\/www.campinglefonti.com\/es\/#\/schema\/logo\/image\/\"}}]}<\/script>\n<!-- \/ Yoast SEO plugin. -->","yoast_head_json":{"title":"Servicios - Camping Le Fonti","robots":{"index":"index","follow":"follow","max-snippet":"max-snippet:-1","max-image-preview":"max-image-preview:large","max-video-preview":"max-video-preview:-1"},"canonical":"https:\/\/www.campinglefonti.com\/es\/servicios\/","og_locale":"es_ES","og_type":"article","og_title":"Servicios - Camping Le Fonti","og_description":"\u00a1Siempre en buena compa\u00f1\u00eda! Disfruta de desayunos con brioches reci\u00e9n horneados, deliciosos aperitivos antes del almuerzo y la cena, as\u00ed como un caf\u00e9 r\u00e1pido durante el d\u00eda. En invierno, te esperan deliciosos chocolates calientes y t\u00e9s para endulzar tus d\u00edas. En verano, la terraza panor\u00e1mica se convierte en el lugar perfecto para disfrutar de un [&hellip;]","og_url":"https:\/\/www.campinglefonti.com\/es\/servicios\/","og_site_name":"Camping Le Fonti","article_modified_time":"2025-03-13T08:58:29+00:00","og_image":[{"width":2000,"height":1500,"url":"https:\/\/www.campinglefonti.com\/wp-content\/uploads\/bar2.jpg","type":"image\/jpeg"}],"twitter_card":"summary_large_image","twitter_misc":{"Tiempo de lectura":"4 minutos"},"schema":{"@context":"https:\/\/schema.org","@graph":[{"@type":"WebPage","@id":"https:\/\/www.campinglefonti.com\/es\/servicios\/","url":"https:\/\/www.campinglefonti.com\/es\/servicios\/","name":"Servicios - Camping Le Fonti","isPartOf":{"@id":"https:\/\/www.campinglefonti.com\/es\/#website"},"primaryImageOfPage":{"@id":"https:\/\/www.campinglefonti.com\/es\/servicios\/#primaryimage"},"image":{"@id":"https:\/\/www.campinglefonti.com\/es\/servicios\/#primaryimage"},"thumbnailUrl":"https:\/\/www.campinglefonti.com\/wp-content\/uploads\/\/bar2-1024x768.jpg","datePublished":"2025-03-12T18:45:08+00:00","dateModified":"2025-03-13T08:58:29+00:00","breadcrumb":{"@id":"https:\/\/www.campinglefonti.com\/es\/servicios\/#breadcrumb"},"inLanguage":"es","potentialAction":[{"@type":"ReadAction","target":["https:\/\/www.campinglefonti.com\/es\/servicios\/"]}]},{"@type":"ImageObject","inLanguage":"es","@id":"https:\/\/www.campinglefonti.com\/es\/servicios\/#primaryimage","url":"https:\/\/www.campinglefonti.com\/wp-content\/uploads\/\/bar2-1024x768.jpg","contentUrl":"https:\/\/www.campinglefonti.com\/wp-content\/uploads\/\/bar2-1024x768.jpg"},{"@type":"BreadcrumbList","@id":"https:\/\/www.campinglefonti.com\/es\/servicios\/#breadcrumb","itemListElement":[{"@type":"ListItem","position":1,"name":"Home","item":"https:\/\/www.campinglefonti.com\/es\/"},{"@type":"ListItem","position":2,"name":"Servicios"}]},{"@type":"WebSite","@id":"https:\/\/www.campinglefonti.com\/es\/#website","url":"https:\/\/www.campinglefonti.com\/es\/","name":"Camping Le Fonti","description":"Campeggio con bungalow e piazzole nell&#039;Appennino Reggiano","publisher":{"@id":"https:\/\/www.campinglefonti.com\/es\/#organization"},"potentialAction":[{"@type":"SearchAction","target":{"@type":"EntryPoint","urlTemplate":"https:\/\/www.campinglefonti.com\/es\/?s={search_term_string}"},"query-input":{"@type":"PropertyValueSpecification","valueRequired":true,"valueName":"search_term_string"}}],"inLanguage":"es"},{"@type":"Organization","@id":"https:\/\/www.campinglefonti.com\/es\/#organization","name":"Camping Le Fonti","url":"https:\/\/www.campinglefonti.com\/es\/","logo":{"@type":"ImageObject","inLanguage":"es","@id":"https:\/\/www.campinglefonti.com\/es\/#\/schema\/logo\/image\/","url":"https:\/\/www.campinglefonti.com\/wp-content\/uploads\/logo-camping-le-fonti.svg","contentUrl":"https:\/\/www.campinglefonti.com\/wp-content\/uploads\/logo-camping-le-fonti.svg","width":75,"height":71,"caption":"Camping Le Fonti"},"image":{"@id":"https:\/\/www.campinglefonti.com\/es\/#\/schema\/logo\/image\/"}}]}},"_links":{"self":[{"href":"https:\/\/www.campinglefonti.com\/es\/wp-json\/wp\/v2\/pages\/5554","targetHints":{"allow":["GET"]}}],"collection":[{"href":"https:\/\/www.campinglefonti.com\/es\/wp-json\/wp\/v2\/pages"}],"about":[{"href":"https:\/\/www.campinglefonti.com\/es\/wp-json\/wp\/v2\/types\/page"}],"author":[{"embeddable":true,"href":"https:\/\/www.campinglefonti.com\/es\/wp-json\/wp\/v2\/users\/6"}],"replies":[{"embeddable":true,"href":"https:\/\/www.campinglefonti.com\/es\/wp-json\/wp\/v2\/comments?post=5554"}],"version-history":[{"count":12,"href":"https:\/\/www.campinglefonti.com\/es\/wp-json\/wp\/v2\/pages\/5554\/revisions"}],"predecessor-version":[{"id":5702,"href":"https:\/\/www.campinglefonti.com\/es\/wp-json\/wp\/v2\/pages\/5554\/revisions\/5702"}],"wp:attachment":[{"href":"https:\/\/www.campinglefonti.com\/es\/wp-json\/wp\/v2\/media?parent=5554"}],"curies":[{"name":"wp","href":"https:\/\/api.w.org\/{rel}","templated":true}]}}