{"id":5560,"date":"2025-03-12T19:45:08","date_gmt":"2025-03-12T18:45:08","guid":{"rendered":"https:\/\/www.campinglefonti.com\/?page_id=5560"},"modified":"2025-03-13T09:59:22","modified_gmt":"2025-03-13T08:59:22","slug":"contactos","status":"publish","type":"page","link":"https:\/\/www.campinglefonti.com\/es\/contactos\/","title":{"rendered":"Contactos"},"content":{"rendered":"\n<figure class=\"wp-block-image alignfull size-large grid-section-main-image\"><img loading=\"lazy\" decoding=\"async\" width=\"1024\" height=\"768\" src=\"https:\/\/www.campinglefonti.com\/wp-content\/uploads\/\/P6300004-1024x768.jpg\" alt=\"\" class=\"wp-image-2654\" srcset=\"https:\/\/www.campinglefonti.com\/wp-content\/uploads\/P6300004-1024x768.jpg 1024w, https:\/\/www.campinglefonti.com\/wp-content\/uploads\/P6300004-300x225.jpg 300w, https:\/\/www.campinglefonti.com\/wp-content\/uploads\/P6300004-768x576.jpg 768w, https:\/\/www.campinglefonti.com\/wp-content\/uploads\/P6300004-1536x1152.jpg 1536w, https:\/\/www.campinglefonti.com\/wp-content\/uploads\/P6300004-2048x1536.jpg 2048w, https:\/\/www.campinglefonti.com\/wp-content\/uploads\/P6300004-702x526.jpg 702w\" sizes=\"auto, (max-width: 1024px) 100vw, 1024px\" \/><\/figure>\n\n\n\n<div class=\"wp-block-columns grid-section-columns grid-section-columns-green margin-bottom--m is-layout-flex wp-container-core-columns-is-layout-9d6595d7 wp-block-columns-is-layout-flex\">\n<div class=\"wp-block-column is-layout-flow wp-block-column-is-layout-flow\">\n<figure class=\"wp-block-image size-large\"><img decoding=\"async\" src=\"https:\/\/www.campinglefonti.com\/wp-content\/uploads\/P6300024-768x1024.jpg\" alt=\"\" class=\"wp-image-263\"\/><\/figure>\n<\/div>\n\n\n\n<div class=\"wp-block-column is-layout-flow wp-block-column-is-layout-flow\">\n<h1 class=\"wp-block-heading\">Si no has encontrado la informaci\u00f3n que buscabas, nuestro personal est\u00e1 completamente a tu disposici\u00f3n.<\/h1>\n<\/div>\n<\/div>\n\n\n\n<div class=\"wp-block-columns is-layout-flex wp-container-core-columns-is-layout-9d6595d7 wp-block-columns-is-layout-flex\">\n<div class=\"wp-block-column is-layout-flow wp-block-column-is-layout-flow\">\n<h2 class=\"wp-block-heading\">Rellena el formulario o cont\u00e1ctanos telef\u00f3nicamente:<\/h2>\n\n\n\n<h3 class=\"wp-block-heading\">+39 0522 89 01 26<br>+39 380 24 78 558<\/h3>\n\n\n\n<p>JOLLY CAMPING srl<br>Via S. Lucia N. 1<br>42032 Cervarezza Terme di Ventasso<br>Reggio Emilia <\/p>\n\n\n\n<p>Camping Le Fonti se encuentra en el coraz\u00f3n de los Apeninos Reggianos.<\/p>\n<\/div>\n\n\n\n<div class=\"wp-block-column is-layout-flow wp-block-column-is-layout-flow\">\n<div class=\"wpcf7 no-js\" id=\"wpcf7-f394-o1\" lang=\"it-IT\" dir=\"ltr\" data-wpcf7-id=\"394\">\n<div class=\"screen-reader-response\"><p role=\"status\" aria-live=\"polite\" aria-atomic=\"true\"><\/p> <ul><\/ul><\/div>\n<form action=\"\/es\/wp-json\/wp\/v2\/pages\/5560#wpcf7-f394-o1\" method=\"post\" class=\"wpcf7-form init\" aria-label=\"Modulo di contatto\" novalidate=\"novalidate\" data-status=\"init\">\n<fieldset class=\"hidden-fields-container\"><input type=\"hidden\" name=\"_wpcf7\" value=\"394\" \/><input type=\"hidden\" name=\"_wpcf7_version\" value=\"6.1.5\" \/><input type=\"hidden\" name=\"_wpcf7_locale\" value=\"it_IT\" \/><input type=\"hidden\" name=\"_wpcf7_unit_tag\" value=\"wpcf7-f394-o1\" \/><input type=\"hidden\" name=\"_wpcf7_container_post\" value=\"0\" \/><input type=\"hidden\" name=\"_wpcf7_posted_data_hash\" value=\"\" \/>\n<\/fieldset>\n<p><label> Nome e Cognome<br \/>\n<span class=\"wpcf7-form-control-wrap\" data-name=\"your-name\"><input size=\"40\" maxlength=\"400\" class=\"wpcf7-form-control wpcf7-text wpcf7-validates-as-required\" aria-required=\"true\" aria-invalid=\"false\" value=\"\" type=\"text\" name=\"your-name\" \/><\/span> <\/label>\n<\/p>\n<p><label> Email<br \/>\n<span class=\"wpcf7-form-control-wrap\" data-name=\"your-email\"><input size=\"40\" maxlength=\"400\" class=\"wpcf7-form-control wpcf7-email wpcf7-validates-as-required wpcf7-text wpcf7-validates-as-email\" aria-required=\"true\" aria-invalid=\"false\" value=\"\" type=\"email\" name=\"your-email\" \/><\/span> <\/label>\n<\/p>\n<p><label> Messaggio<br \/>\n<span class=\"wpcf7-form-control-wrap\" data-name=\"your-message\"><textarea cols=\"40\" rows=\"10\" maxlength=\"2000\" class=\"wpcf7-form-control wpcf7-textarea\" aria-invalid=\"false\" name=\"your-message\"><\/textarea><\/span> <\/label>\n<\/p>\n<p>Privacy *<br \/>\n<span class=\"wpcf7-form-control-wrap\" data-name=\"privacy\"><span class=\"wpcf7-form-control wpcf7-acceptance\"><span class=\"wpcf7-list-item\"><input type=\"checkbox\" name=\"privacy\" value=\"1\" aria-invalid=\"false\" \/><\/span><\/span><\/span><small>Dichiaro di aver letto e accettato la <a href=\"\/privacy-policy\/\" target=\"_blank\">Privacy Policy<\/a> di questo sito e acconsento al trattamento dei dati personali ai sensi dell\u2019art. 13 del Regolamento (UE) 2016\/679<\/small>\n<\/p>\n<p><span class=\"wpcf7-form-control-wrap\" data-name=\"hcap-cf7\">\t\t<input\n\t\t\t\ttype=\"hidden\"\n\t\t\t\tclass=\"hcaptcha-widget-id\"\n\t\t\t\tname=\"hcaptcha-widget-id\"\n\t\t\t\tvalue=\"eyJzb3VyY2UiOlsiY29udGFjdC1mb3JtLTdcL3dwLWNvbnRhY3QtZm9ybS03LnBocCJdLCJmb3JtX2lkIjozOTR9-c77a7568348a128ca5d3caada7543c83\">\n\t\t\t\t<span id=\"hcap_cf7-69da742ce62938.80385708\" class=\"wpcf7-form-control h-captcha \"\n\t\t\tdata-sitekey=\"f20ae294-1222-4270-9806-acf4de983af2\"\n\t\t\tdata-theme=\"light\"\n\t\t\tdata-size=\"normal\"\n\t\t\tdata-auto=\"false\"\n\t\t\tdata-ajax=\"false\"\n\t\t\tdata-force=\"false\">\n\t\t<\/span>\n\t\t<input type=\"hidden\" id=\"_wpnonce\" name=\"_wpnonce\" value=\"acedd16187\" \/><input type=\"hidden\" name=\"_wp_http_referer\" value=\"\/es\/wp-json\/wp\/v2\/pages\/5560\" \/><\/span><input class=\"wpcf7-form-control wpcf7-submit has-spinner\" type=\"submit\" value=\"Invia richiesta\" \/>\n<\/p><div class=\"wpcf7-response-output\" aria-hidden=\"true\"><\/div>\n<\/form>\n<\/div>\n\n<\/div>\n<\/div>\n\n\n\n<div style=\"height:43px\" aria-hidden=\"true\" class=\"wp-block-spacer\"><\/div>\n\n\n\n<iframe src=\"https:\/\/www.google.com\/maps\/embed?pb=!1m18!1m12!1m3!1d2850.9087860800764!2d10.323168215966762!3d44.39399411222907!2m3!1f0!2f0!3f0!3m2!1i1024!2i768!4f13.1!3m3!1m2!1s0x12d5463c2994cea1%3A0xfbff43b735ebdf8c!2sCamping%20Le%20Fonti!5e0!3m2!1sit!2sit!4v1626078384207!5m2!1sit!2sit\" width=\"100%\" height=\"400\" style=\"border:0;\" allowfullscreen=\"\" loading=\"lazy\"><\/iframe>\n","protected":false},"excerpt":{"rendered":"<p>Si no has encontrado la informaci\u00f3n que buscabas, nuestro personal est\u00e1 completamente a tu disposici\u00f3n. Rellena el formulario o cont\u00e1ctanos telef\u00f3nicamente: +39 0522 89 01 26+39 380 24 78 558 JOLLY CAMPING srlVia S. Lucia N. 142032 Cervarezza Terme di VentassoReggio Emilia Camping Le Fonti se encuentra en el coraz\u00f3n de los Apeninos Reggianos.<\/p>\n","protected":false},"author":6,"featured_media":0,"parent":0,"menu_order":8,"comment_status":"closed","ping_status":"closed","template":"","meta":{"_acf_changed":false,"inline_featured_image":false,"_genesis_hide_title":true,"_genesis_hide_breadcrumbs":false,"_genesis_hide_singular_image":false,"_genesis_hide_footer_widgets":false,"_genesis_custom_body_class":"","_genesis_custom_post_class":"","_genesis_layout":"","footnotes":"","_links_to":"","_links_to_target":""},"class_list":{"0":"post-5560","1":"page","2":"type-page","3":"status-publish","5":"entry"},"acf":[],"yoast_head":"<!-- This site is optimized with the Yoast SEO plugin v27.2 - https:\/\/yoast.com\/product\/yoast-seo-wordpress\/ -->\n<title>Contactos - Camping Le Fonti<\/title>\n<meta name=\"robots\" content=\"index, follow, max-snippet:-1, max-image-preview:large, max-video-preview:-1\" \/>\n<link rel=\"canonical\" href=\"https:\/\/www.campinglefonti.com\/es\/contactos\/\" \/>\n<meta property=\"og:locale\" content=\"es_ES\" \/>\n<meta property=\"og:type\" content=\"article\" \/>\n<meta property=\"og:title\" content=\"Contactos - Camping Le Fonti\" \/>\n<meta property=\"og:description\" content=\"Si no has encontrado la informaci\u00f3n que buscabas, nuestro personal est\u00e1 completamente a tu disposici\u00f3n. Rellena el formulario o cont\u00e1ctanos telef\u00f3nicamente: +39 0522 89 01 26+39 380 24 78 558 JOLLY CAMPING srlVia S. Lucia N. 142032 Cervarezza Terme di VentassoReggio Emilia Camping Le Fonti se encuentra en el coraz\u00f3n de los Apeninos Reggianos.\" \/>\n<meta property=\"og:url\" content=\"https:\/\/www.campinglefonti.com\/es\/contactos\/\" \/>\n<meta property=\"og:site_name\" content=\"Camping Le Fonti\" \/>\n<meta property=\"article:modified_time\" content=\"2025-03-13T08:59:22+00:00\" \/>\n<meta property=\"og:image\" content=\"https:\/\/www.campinglefonti.com\/wp-content\/uploads\/P6300004-scaled.jpg\" \/>\n\t<meta property=\"og:image:width\" content=\"2560\" \/>\n\t<meta property=\"og:image:height\" content=\"1920\" \/>\n\t<meta property=\"og:image:type\" content=\"image\/jpeg\" \/>\n<meta name=\"twitter:card\" content=\"summary_large_image\" \/>\n<meta name=\"twitter:label1\" content=\"Tiempo de lectura\" \/>\n\t<meta name=\"twitter:data1\" content=\"1 minuto\" \/>\n<script type=\"application\/ld+json\" class=\"yoast-schema-graph\">{\"@context\":\"https:\/\/schema.org\",\"@graph\":[{\"@type\":\"WebPage\",\"@id\":\"https:\/\/www.campinglefonti.com\/es\/contactos\/\",\"url\":\"https:\/\/www.campinglefonti.com\/es\/contactos\/\",\"name\":\"Contactos - Camping Le Fonti\",\"isPartOf\":{\"@id\":\"https:\/\/www.campinglefonti.com\/es\/#website\"},\"primaryImageOfPage\":{\"@id\":\"https:\/\/www.campinglefonti.com\/es\/contactos\/#primaryimage\"},\"image\":{\"@id\":\"https:\/\/www.campinglefonti.com\/es\/contactos\/#primaryimage\"},\"thumbnailUrl\":\"https:\/\/www.campinglefonti.com\/wp-content\/uploads\/\/P6300004-1024x768.jpg\",\"datePublished\":\"2025-03-12T18:45:08+00:00\",\"dateModified\":\"2025-03-13T08:59:22+00:00\",\"breadcrumb\":{\"@id\":\"https:\/\/www.campinglefonti.com\/es\/contactos\/#breadcrumb\"},\"inLanguage\":\"es\",\"potentialAction\":[{\"@type\":\"ReadAction\",\"target\":[\"https:\/\/www.campinglefonti.com\/es\/contactos\/\"]}]},{\"@type\":\"ImageObject\",\"inLanguage\":\"es\",\"@id\":\"https:\/\/www.campinglefonti.com\/es\/contactos\/#primaryimage\",\"url\":\"https:\/\/www.campinglefonti.com\/wp-content\/uploads\/\/P6300004-1024x768.jpg\",\"contentUrl\":\"https:\/\/www.campinglefonti.com\/wp-content\/uploads\/\/P6300004-1024x768.jpg\"},{\"@type\":\"BreadcrumbList\",\"@id\":\"https:\/\/www.campinglefonti.com\/es\/contactos\/#breadcrumb\",\"itemListElement\":[{\"@type\":\"ListItem\",\"position\":1,\"name\":\"Home\",\"item\":\"https:\/\/www.campinglefonti.com\/es\/\"},{\"@type\":\"ListItem\",\"position\":2,\"name\":\"Contactos\"}]},{\"@type\":\"WebSite\",\"@id\":\"https:\/\/www.campinglefonti.com\/es\/#website\",\"url\":\"https:\/\/www.campinglefonti.com\/es\/\",\"name\":\"Camping Le Fonti\",\"description\":\"Campeggio con bungalow e piazzole nell&#039;Appennino Reggiano\",\"publisher\":{\"@id\":\"https:\/\/www.campinglefonti.com\/es\/#organization\"},\"potentialAction\":[{\"@type\":\"SearchAction\",\"target\":{\"@type\":\"EntryPoint\",\"urlTemplate\":\"https:\/\/www.campinglefonti.com\/es\/?s={search_term_string}\"},\"query-input\":{\"@type\":\"PropertyValueSpecification\",\"valueRequired\":true,\"valueName\":\"search_term_string\"}}],\"inLanguage\":\"es\"},{\"@type\":\"Organization\",\"@id\":\"https:\/\/www.campinglefonti.com\/es\/#organization\",\"name\":\"Camping Le Fonti\",\"url\":\"https:\/\/www.campinglefonti.com\/es\/\",\"logo\":{\"@type\":\"ImageObject\",\"inLanguage\":\"es\",\"@id\":\"https:\/\/www.campinglefonti.com\/es\/#\/schema\/logo\/image\/\",\"url\":\"https:\/\/www.campinglefonti.com\/wp-content\/uploads\/logo-camping-le-fonti.svg\",\"contentUrl\":\"https:\/\/www.campinglefonti.com\/wp-content\/uploads\/logo-camping-le-fonti.svg\",\"width\":75,\"height\":71,\"caption\":\"Camping Le Fonti\"},\"image\":{\"@id\":\"https:\/\/www.campinglefonti.com\/es\/#\/schema\/logo\/image\/\"}}]}<\/script>\n<!-- \/ Yoast SEO plugin. -->","yoast_head_json":{"title":"Contactos - Camping Le Fonti","robots":{"index":"index","follow":"follow","max-snippet":"max-snippet:-1","max-image-preview":"max-image-preview:large","max-video-preview":"max-video-preview:-1"},"canonical":"https:\/\/www.campinglefonti.com\/es\/contactos\/","og_locale":"es_ES","og_type":"article","og_title":"Contactos - Camping Le Fonti","og_description":"Si no has encontrado la informaci\u00f3n que buscabas, nuestro personal est\u00e1 completamente a tu disposici\u00f3n. Rellena el formulario o cont\u00e1ctanos telef\u00f3nicamente: +39 0522 89 01 26+39 380 24 78 558 JOLLY CAMPING srlVia S. Lucia N. 142032 Cervarezza Terme di VentassoReggio Emilia Camping Le Fonti se encuentra en el coraz\u00f3n de los Apeninos Reggianos.","og_url":"https:\/\/www.campinglefonti.com\/es\/contactos\/","og_site_name":"Camping Le Fonti","article_modified_time":"2025-03-13T08:59:22+00:00","og_image":[{"width":2560,"height":1920,"url":"https:\/\/www.campinglefonti.com\/wp-content\/uploads\/P6300004-scaled.jpg","type":"image\/jpeg"}],"twitter_card":"summary_large_image","twitter_misc":{"Tiempo de lectura":"1 minuto"},"schema":{"@context":"https:\/\/schema.org","@graph":[{"@type":"WebPage","@id":"https:\/\/www.campinglefonti.com\/es\/contactos\/","url":"https:\/\/www.campinglefonti.com\/es\/contactos\/","name":"Contactos - Camping Le Fonti","isPartOf":{"@id":"https:\/\/www.campinglefonti.com\/es\/#website"},"primaryImageOfPage":{"@id":"https:\/\/www.campinglefonti.com\/es\/contactos\/#primaryimage"},"image":{"@id":"https:\/\/www.campinglefonti.com\/es\/contactos\/#primaryimage"},"thumbnailUrl":"https:\/\/www.campinglefonti.com\/wp-content\/uploads\/\/P6300004-1024x768.jpg","datePublished":"2025-03-12T18:45:08+00:00","dateModified":"2025-03-13T08:59:22+00:00","breadcrumb":{"@id":"https:\/\/www.campinglefonti.com\/es\/contactos\/#breadcrumb"},"inLanguage":"es","potentialAction":[{"@type":"ReadAction","target":["https:\/\/www.campinglefonti.com\/es\/contactos\/"]}]},{"@type":"ImageObject","inLanguage":"es","@id":"https:\/\/www.campinglefonti.com\/es\/contactos\/#primaryimage","url":"https:\/\/www.campinglefonti.com\/wp-content\/uploads\/\/P6300004-1024x768.jpg","contentUrl":"https:\/\/www.campinglefonti.com\/wp-content\/uploads\/\/P6300004-1024x768.jpg"},{"@type":"BreadcrumbList","@id":"https:\/\/www.campinglefonti.com\/es\/contactos\/#breadcrumb","itemListElement":[{"@type":"ListItem","position":1,"name":"Home","item":"https:\/\/www.campinglefonti.com\/es\/"},{"@type":"ListItem","position":2,"name":"Contactos"}]},{"@type":"WebSite","@id":"https:\/\/www.campinglefonti.com\/es\/#website","url":"https:\/\/www.campinglefonti.com\/es\/","name":"Camping Le Fonti","description":"Campeggio con bungalow e piazzole nell&#039;Appennino Reggiano","publisher":{"@id":"https:\/\/www.campinglefonti.com\/es\/#organization"},"potentialAction":[{"@type":"SearchAction","target":{"@type":"EntryPoint","urlTemplate":"https:\/\/www.campinglefonti.com\/es\/?s={search_term_string}"},"query-input":{"@type":"PropertyValueSpecification","valueRequired":true,"valueName":"search_term_string"}}],"inLanguage":"es"},{"@type":"Organization","@id":"https:\/\/www.campinglefonti.com\/es\/#organization","name":"Camping Le Fonti","url":"https:\/\/www.campinglefonti.com\/es\/","logo":{"@type":"ImageObject","inLanguage":"es","@id":"https:\/\/www.campinglefonti.com\/es\/#\/schema\/logo\/image\/","url":"https:\/\/www.campinglefonti.com\/wp-content\/uploads\/logo-camping-le-fonti.svg","contentUrl":"https:\/\/www.campinglefonti.com\/wp-content\/uploads\/logo-camping-le-fonti.svg","width":75,"height":71,"caption":"Camping Le Fonti"},"image":{"@id":"https:\/\/www.campinglefonti.com\/es\/#\/schema\/logo\/image\/"}}]}},"_links":{"self":[{"href":"https:\/\/www.campinglefonti.com\/es\/wp-json\/wp\/v2\/pages\/5560","targetHints":{"allow":["GET"]}}],"collection":[{"href":"https:\/\/www.campinglefonti.com\/es\/wp-json\/wp\/v2\/pages"}],"about":[{"href":"https:\/\/www.campinglefonti.com\/es\/wp-json\/wp\/v2\/types\/page"}],"author":[{"embeddable":true,"href":"https:\/\/www.campinglefonti.com\/es\/wp-json\/wp\/v2\/users\/6"}],"replies":[{"embeddable":true,"href":"https:\/\/www.campinglefonti.com\/es\/wp-json\/wp\/v2\/comments?post=5560"}],"version-history":[{"count":3,"href":"https:\/\/www.campinglefonti.com\/es\/wp-json\/wp\/v2\/pages\/5560\/revisions"}],"predecessor-version":[{"id":5703,"href":"https:\/\/www.campinglefonti.com\/es\/wp-json\/wp\/v2\/pages\/5560\/revisions\/5703"}],"wp:attachment":[{"href":"https:\/\/www.campinglefonti.com\/es\/wp-json\/wp\/v2\/media?parent=5560"}],"curies":[{"name":"wp","href":"https:\/\/api.w.org\/{rel}","templated":true}]}}