{"id":5566,"date":"2025-03-12T19:45:08","date_gmt":"2025-03-12T18:45:08","guid":{"rendered":"https:\/\/www.campinglefonti.com\/?page_id=5566"},"modified":"2025-03-13T10:11:44","modified_gmt":"2025-03-13T09:11:44","slug":"diversion-actividades","status":"publish","type":"page","link":"https:\/\/www.campinglefonti.com\/es\/diversion-actividades\/","title":{"rendered":"Diversi\u00f3n | Actividades"},"content":{"rendered":"\n<figure class=\"wp-block-image alignfull size-large grid-section-main-image\"><img loading=\"lazy\" decoding=\"async\" width=\"1024\" height=\"681\" src=\"https:\/\/www.campinglefonti.com\/wp-content\/uploads\/parcoavventuracerwood-1024x681.jpg\" alt=\"\" class=\"wp-image-434\" srcset=\"https:\/\/www.campinglefonti.com\/wp-content\/uploads\/parcoavventuracerwood-1024x681.jpg 1024w, https:\/\/www.campinglefonti.com\/wp-content\/uploads\/parcoavventuracerwood-300x200.jpg 300w, https:\/\/www.campinglefonti.com\/wp-content\/uploads\/parcoavventuracerwood-768x511.jpg 768w, https:\/\/www.campinglefonti.com\/wp-content\/uploads\/parcoavventuracerwood-1536x1022.jpg 1536w, https:\/\/www.campinglefonti.com\/wp-content\/uploads\/parcoavventuracerwood-2048x1363.jpg 2048w\" sizes=\"auto, (max-width: 1024px) 100vw, 1024px\" \/><\/figure>\n\n\n\n<div class=\"wp-block-columns grid-section-columns grid-section-columns-green margin-bottom--m is-layout-flex wp-container-core-columns-is-layout-9d6595d7 wp-block-columns-is-layout-flex\">\n<div class=\"wp-block-column is-layout-flow wp-block-column-is-layout-flow\">\n<figure class=\"wp-block-image size-large\"><img decoding=\"async\" src=\"https:\/\/www.campinglefonti.com\/wp-content\/uploads\/P6300007-768x1024.jpg\" alt=\"Panorama Appennino Reggiano\" class=\"wp-image-255\"\/><\/figure>\n<\/div>\n\n\n\n<div class=\"wp-block-column is-layout-flow wp-block-column-is-layout-flow\">\n<h1 class=\"wp-block-heading\">Un territorio que ofrece numerosas oportunidades de entretenimiento y ocio.<\/h1>\n\n\n\n<figure class=\"wp-block-embed is-type-video is-provider-youtube wp-block-embed-youtube wp-embed-aspect-16-9 wp-has-aspect-ratio\"><div class=\"wp-block-embed__wrapper\">\n<iframe loading=\"lazy\" title=\"Immagina un luogo.. Appennino reggiano\" width=\"500\" height=\"281\" src=\"https:\/\/www.youtube-nocookie.com\/embed\/ixNl4k_kjHo?feature=oembed\" frameborder=\"0\" allow=\"accelerometer; autoplay; clipboard-write; encrypted-media; gyroscope; picture-in-picture; web-share\" referrerpolicy=\"strict-origin-when-cross-origin\" allowfullscreen><\/iframe>\n<\/div><\/figure>\n\n\n\n<p>En los alrededores de Cervarezza Terme, encontrar\u00e1s una variedad de actividades para disfrutar de una estancia agradable y en contacto con la naturaleza. Desde el parque de aventuras Cerwood hasta las termas y el observatorio astron\u00f3mico, \u00a1hay opciones para todos los gustos!<\/p>\n<\/div>\n<\/div>\n\n\n\n<div class=\"wp-block-columns image-on-left margin-bottom--m is-layout-flex wp-container-core-columns-is-layout-9d6595d7 wp-block-columns-is-layout-flex\">\n<div class=\"wp-block-column is-layout-flow wp-block-column-is-layout-flow\">\n<figure class=\"wp-block-image size-large\"><img loading=\"lazy\" decoding=\"async\" width=\"1024\" height=\"819\" src=\"https:\/\/www.campinglefonti.com\/wp-content\/uploads\/\/attivitaneidintorni-1024x819.jpg\" alt=\"\" class=\"wp-image-666\" srcset=\"https:\/\/www.campinglefonti.com\/wp-content\/uploads\/attivitaneidintorni-1024x819.jpg 1024w, https:\/\/www.campinglefonti.com\/wp-content\/uploads\/attivitaneidintorni-300x240.jpg 300w, https:\/\/www.campinglefonti.com\/wp-content\/uploads\/attivitaneidintorni-768x614.jpg 768w, https:\/\/www.campinglefonti.com\/wp-content\/uploads\/attivitaneidintorni-1536x1229.jpg 1536w, https:\/\/www.campinglefonti.com\/wp-content\/uploads\/attivitaneidintorni-20x16.jpg 20w, https:\/\/www.campinglefonti.com\/wp-content\/uploads\/attivitaneidintorni.jpg 1600w\" sizes=\"auto, (max-width: 1024px) 100vw, 1024px\" \/><\/figure>\n<\/div>\n\n\n\n<div class=\"wp-block-column is-layout-flow wp-block-column-is-layout-flow\">\n<h2 class=\"wp-block-heading\"><strong>Termas<\/strong><\/h2>\n\n\n\n<p>El centro termal se encuentra a 500 metros del camping y tambi\u00e9n se puede acceder a pie. Para m\u00e1s informaci\u00f3n, visita la p\u00e1gina de <a href=\"http:\/\/cervarezzaterme.blogspot.it\/\" target=\"_blank\" rel=\"noreferrer noopener\">Cervarezzaterme<\/a>.<\/p>\n\n\n\n<h2 class=\"wp-block-heading\"><strong>Parque de aventuras Cerwood<\/strong><\/h2>\n\n\n\n<p>El parque de aventuras garantiza diversi\u00f3n para todas las edades y est\u00e1 a solo 600 metros del camping.                         <a href=\"https:\/\/www.cerwood.it\/\">Consulta su sitio web<\/a> para descubrir todas las actividades disponibles.<\/p>\n\n\n\n<h2 class=\"wp-block-heading\"><strong>Observatorio astron\u00f3mico<\/strong><\/h2>\n\n\n\n<p>El observatorio se encuentra en la colina junto al camping. Organiza visitas guiadas y eventos para observar fen\u00f3menos celestiales. <a href=\"https:\/\/www.appenninoreggiano.it\/it\/scheda\/osservatorio-astronomico-di-cervarezza-terme\">Puedes encontrar toda la informaci\u00f3n aqu\u00ed.<\/a><\/p>\n<\/div>\n<\/div>\n\n\n\n<div class=\"wp-block-columns margin-bottom--m is-layout-flex wp-container-core-columns-is-layout-9d6595d7 wp-block-columns-is-layout-flex\">\n<div class=\"wp-block-column is-layout-flow wp-block-column-is-layout-flow\"><div class=\"wp-block-image\">\n<figure class=\"aligncenter size-full\"><img loading=\"lazy\" decoding=\"async\" width=\"1024\" height=\"684\" src=\"https:\/\/www.campinglefonti.com\/wp-content\/uploads\/CERWOOD2.jpg\" alt=\"\" class=\"wp-image-5134\" srcset=\"https:\/\/www.campinglefonti.com\/wp-content\/uploads\/CERWOOD2.jpg 1024w, https:\/\/www.campinglefonti.com\/wp-content\/uploads\/CERWOOD2-300x200.jpg 300w, https:\/\/www.campinglefonti.com\/wp-content\/uploads\/CERWOOD2-768x513.jpg 768w\" sizes=\"auto, (max-width: 1024px) 100vw, 1024px\" \/><\/figure><\/div><\/div>\n\n\n\n<div class=\"wp-block-column is-layout-flow wp-block-column-is-layout-flow\">\n<figure class=\"wp-block-image size-large\"><img loading=\"lazy\" decoding=\"async\" width=\"1024\" height=\"683\" src=\"https:\/\/www.campinglefonti.com\/wp-content\/uploads\/\/OSSERVATORIO-1024x683.jpg\" alt=\"\" class=\"wp-image-5129\" srcset=\"https:\/\/www.campinglefonti.com\/wp-content\/uploads\/OSSERVATORIO-1024x683.jpg 1024w, https:\/\/www.campinglefonti.com\/wp-content\/uploads\/OSSERVATORIO-300x200.jpg 300w, https:\/\/www.campinglefonti.com\/wp-content\/uploads\/OSSERVATORIO-768x512.jpg 768w, https:\/\/www.campinglefonti.com\/wp-content\/uploads\/OSSERVATORIO-1536x1024.jpg 1536w, https:\/\/www.campinglefonti.com\/wp-content\/uploads\/OSSERVATORIO.jpg 1920w\" sizes=\"auto, (max-width: 1024px) 100vw, 1024px\" \/><\/figure>\n\n\n\n<figure class=\"wp-block-image size-full\"><img loading=\"lazy\" decoding=\"async\" width=\"800\" height=\"600\" src=\"https:\/\/www.campinglefonti.com\/wp-content\/uploads\/TERME.jpg\" alt=\"\" class=\"wp-image-5144\" srcset=\"https:\/\/www.campinglefonti.com\/wp-content\/uploads\/TERME.jpg 800w, https:\/\/www.campinglefonti.com\/wp-content\/uploads\/TERME-300x225.jpg 300w, https:\/\/www.campinglefonti.com\/wp-content\/uploads\/TERME-768x576.jpg 768w, https:\/\/www.campinglefonti.com\/wp-content\/uploads\/TERME-702x526.jpg 702w\" sizes=\"auto, (max-width: 800px) 100vw, 800px\" \/><\/figure>\n<\/div>\n<\/div>\n\n\n\n<div class=\"wp-block-columns image-on-right margin-bottom--m is-layout-flex wp-container-core-columns-is-layout-9d6595d7 wp-block-columns-is-layout-flex\">\n<div class=\"wp-block-column is-layout-flow wp-block-column-is-layout-flow\">\n<h2 class=\"wp-block-heading\"><strong>Los Jardines del Agua<\/strong><\/h2>\n\n\n\n<p>Un centro pisc\u00edcola que ofrece diversos servicios: cr\u00eda de truchas, estanque y escuela de pesca, parque infantil, piscina, sol\u00e1rium, sendero natural y zona de picnic. Se encuentra a aproximadamente 10 km del camping. Para m\u00e1s informaci\u00f3n, visita la p\u00e1gina de <a href=\"https:\/\/www.igiardinidellacqua.com\/\">Los Jardines del Agua<\/a>.<\/p>\n\n\n\n<h2 class=\"wp-block-heading\"><strong>Campo de tenis y campo de f\u00fatbol<\/strong><\/h2>\n\n\n\n<p>\u00a0A 1 km del camping encontrar\u00e1s el campo de tenis y el campo de f\u00fatbol.<\/p>\n<\/div>\n\n\n\n<div class=\"wp-block-column is-layout-flow wp-block-column-is-layout-flow\">\n<figure class=\"wp-block-image alignwide size-large\"><img loading=\"lazy\" decoding=\"async\" width=\"1024\" height=\"771\" src=\"https:\/\/www.campinglefonti.com\/wp-content\/uploads\/\/GIARDINIACQUA2-1024x771.jpg\" alt=\"\" class=\"wp-image-5139\" srcset=\"https:\/\/www.campinglefonti.com\/wp-content\/uploads\/GIARDINIACQUA2-1024x771.jpg 1024w, https:\/\/www.campinglefonti.com\/wp-content\/uploads\/GIARDINIACQUA2-300x226.jpg 300w, https:\/\/www.campinglefonti.com\/wp-content\/uploads\/GIARDINIACQUA2-768x579.jpg 768w, https:\/\/www.campinglefonti.com\/wp-content\/uploads\/GIARDINIACQUA2-1536x1157.jpg 1536w, https:\/\/www.campinglefonti.com\/wp-content\/uploads\/GIARDINIACQUA2.jpg 1593w\" sizes=\"auto, (max-width: 1024px) 100vw, 1024px\" \/><\/figure>\n<\/div>\n<\/div>\n\n\n<div class=\"wp-block-image\">\n<figure class=\"aligncenter size-large is-resized\"><img loading=\"lazy\" decoding=\"async\" width=\"768\" height=\"1024\" src=\"https:\/\/www.campinglefonti.com\/wp-content\/uploads\/\/GIARDINIACQUA-768x1024.jpg\" alt=\"\" class=\"wp-image-5149\" style=\"width:543px;height:auto\" srcset=\"https:\/\/www.campinglefonti.com\/wp-content\/uploads\/GIARDINIACQUA-768x1024.jpg 768w, https:\/\/www.campinglefonti.com\/wp-content\/uploads\/GIARDINIACQUA-225x300.jpg 225w, https:\/\/www.campinglefonti.com\/wp-content\/uploads\/GIARDINIACQUA.jpg 945w\" sizes=\"auto, (max-width: 768px) 100vw, 768px\" \/><\/figure><\/div>\n\n\n<div class=\"wp-block-columns is-layout-flex wp-container-core-columns-is-layout-9d6595d7 wp-block-columns-is-layout-flex\">\n<div class=\"wp-block-column is-layout-flow wp-block-column-is-layout-flow\">\n<p><\/p>\n\n\n\n<h2 class=\"wp-block-heading alignwide\"><strong>Museo del Corcho \u2013 Oficina de Turismo<\/strong><\/h2>\n\n\n\n<p>Ubicado en el centro de Cervarezza Terme, este museo te invita a descubrir la historia y el proceso de fabricaci\u00f3n del corcho. Junto a \u00e9l, se encuentra la oficina de informaci\u00f3n tur\u00edstica.<a href=\"https:\/\/www.appenninoreggiano.it\/it\/scheda\/museo-del-sughero-di-cervarezza\"> Haz clic aqu\u00ed para m\u00e1s detalles.<\/a><\/p>\n\n\n\n<p><\/p>\n\n\n\n<h2 class=\"wp-block-heading alignwide\"><strong>Vascello del Monsignore \u2013 Antica Acetaia<\/strong><\/h2>\n\n\n\n<p>En esta acetaia, podr\u00e1s degustar y comprar vinagre, adem\u00e1s de participar en visitas guiadas. Para m\u00e1s informaci\u00f3n y horarios, consulta el <a href=\"https:\/\/www.ilvascellodelmonsignore.com\/\">sitio oficial.<\/a><\/p>\n\n\n\n<p><\/p>\n<\/div>\n\n\n\n<div class=\"wp-block-column is-vertically-aligned-center is-layout-flow wp-block-column-is-layout-flow\">\n<figure class=\"wp-block-image alignfull size-large\"><img loading=\"lazy\" decoding=\"async\" width=\"800\" height=\"600\" src=\"https:\/\/www.campinglefonti.com\/wp-content\/uploads\/museo-del-sughero.jpeg\" alt=\"\" class=\"wp-image-4982\" srcset=\"https:\/\/www.campinglefonti.com\/wp-content\/uploads\/museo-del-sughero.jpeg 800w, https:\/\/www.campinglefonti.com\/wp-content\/uploads\/museo-del-sughero-300x225.jpeg 300w, https:\/\/www.campinglefonti.com\/wp-content\/uploads\/museo-del-sughero-768x576.jpeg 768w, https:\/\/www.campinglefonti.com\/wp-content\/uploads\/museo-del-sughero-702x526.jpeg 702w\" sizes=\"auto, (max-width: 800px) 100vw, 800px\" \/><\/figure>\n\n\n\n<figure class=\"wp-block-image alignfull size-large\"><img loading=\"lazy\" decoding=\"async\" width=\"800\" height=\"600\" src=\"https:\/\/www.campinglefonti.com\/wp-content\/uploads\/antica-acetaia.jpeg\" alt=\"\" class=\"wp-image-4988\" srcset=\"https:\/\/www.campinglefonti.com\/wp-content\/uploads\/antica-acetaia.jpeg 800w, https:\/\/www.campinglefonti.com\/wp-content\/uploads\/antica-acetaia-300x225.jpeg 300w, https:\/\/www.campinglefonti.com\/wp-content\/uploads\/antica-acetaia-768x576.jpeg 768w, https:\/\/www.campinglefonti.com\/wp-content\/uploads\/antica-acetaia-702x526.jpeg 702w\" sizes=\"auto, (max-width: 800px) 100vw, 800px\" \/><\/figure>\n<\/div>\n<\/div>\n","protected":false},"excerpt":{"rendered":"<p>Un territorio que ofrece numerosas oportunidades de entretenimiento y ocio. En los alrededores de Cervarezza Terme, encontrar\u00e1s una variedad de actividades para disfrutar de una estancia agradable y en contacto con la naturaleza. Desde el parque de aventuras Cerwood hasta las termas y el observatorio astron\u00f3mico, \u00a1hay opciones para todos los gustos! Termas El centro [&hellip;]<\/p>\n","protected":false},"author":6,"featured_media":0,"parent":0,"menu_order":1,"comment_status":"closed","ping_status":"closed","template":"","meta":{"_acf_changed":false,"inline_featured_image":false,"_genesis_hide_title":true,"_genesis_hide_breadcrumbs":false,"_genesis_hide_singular_image":false,"_genesis_hide_footer_widgets":false,"_genesis_custom_body_class":"","_genesis_custom_post_class":"","_genesis_layout":"","footnotes":"","_links_to":"","_links_to_target":""},"class_list":{"0":"post-5566","1":"page","2":"type-page","3":"status-publish","5":"entry"},"acf":[],"yoast_head":"<!-- This site is optimized with the Yoast SEO plugin v27.2 - https:\/\/yoast.com\/product\/yoast-seo-wordpress\/ -->\n<title>Diversi\u00f3n | Actividades - Camping Le Fonti<\/title>\n<meta name=\"robots\" content=\"index, follow, max-snippet:-1, max-image-preview:large, max-video-preview:-1\" \/>\n<link rel=\"canonical\" href=\"https:\/\/www.campinglefonti.com\/es\/diversion-actividades\/\" \/>\n<meta property=\"og:locale\" content=\"es_ES\" \/>\n<meta property=\"og:type\" content=\"article\" \/>\n<meta property=\"og:title\" content=\"Diversi\u00f3n | Actividades - Camping Le Fonti\" \/>\n<meta property=\"og:description\" content=\"Un territorio que ofrece numerosas oportunidades de entretenimiento y ocio. En los alrededores de Cervarezza Terme, encontrar\u00e1s una variedad de actividades para disfrutar de una estancia agradable y en contacto con la naturaleza. Desde el parque de aventuras Cerwood hasta las termas y el observatorio astron\u00f3mico, \u00a1hay opciones para todos los gustos! Termas El centro [&hellip;]\" \/>\n<meta property=\"og:url\" content=\"https:\/\/www.campinglefonti.com\/es\/diversion-actividades\/\" \/>\n<meta property=\"og:site_name\" content=\"Camping Le Fonti\" \/>\n<meta property=\"article:modified_time\" content=\"2025-03-13T09:11:44+00:00\" \/>\n<meta property=\"og:image\" content=\"https:\/\/www.campinglefonti.com\/wp-content\/uploads\/parcoavventuracerwood-scaled.jpg\" \/>\n\t<meta property=\"og:image:width\" content=\"2560\" \/>\n\t<meta property=\"og:image:height\" content=\"1703\" \/>\n\t<meta property=\"og:image:type\" content=\"image\/jpeg\" \/>\n<meta name=\"twitter:card\" content=\"summary_large_image\" \/>\n<meta name=\"twitter:label1\" content=\"Tiempo de lectura\" \/>\n\t<meta name=\"twitter:data1\" content=\"4 minutos\" \/>\n<script type=\"application\/ld+json\" class=\"yoast-schema-graph\">{\"@context\":\"https:\/\/schema.org\",\"@graph\":[{\"@type\":\"WebPage\",\"@id\":\"https:\/\/www.campinglefonti.com\/es\/diversion-actividades\/\",\"url\":\"https:\/\/www.campinglefonti.com\/es\/diversion-actividades\/\",\"name\":\"Diversi\u00f3n | Actividades - Camping Le Fonti\",\"isPartOf\":{\"@id\":\"https:\/\/www.campinglefonti.com\/es\/#website\"},\"primaryImageOfPage\":{\"@id\":\"https:\/\/www.campinglefonti.com\/es\/diversion-actividades\/#primaryimage\"},\"image\":{\"@id\":\"https:\/\/www.campinglefonti.com\/es\/diversion-actividades\/#primaryimage\"},\"thumbnailUrl\":\"https:\/\/www.campinglefonti.com\/wp-content\/uploads\/parcoavventuracerwood-1024x681.jpg\",\"datePublished\":\"2025-03-12T18:45:08+00:00\",\"dateModified\":\"2025-03-13T09:11:44+00:00\",\"breadcrumb\":{\"@id\":\"https:\/\/www.campinglefonti.com\/es\/diversion-actividades\/#breadcrumb\"},\"inLanguage\":\"es\",\"potentialAction\":[{\"@type\":\"ReadAction\",\"target\":[\"https:\/\/www.campinglefonti.com\/es\/diversion-actividades\/\"]}]},{\"@type\":\"ImageObject\",\"inLanguage\":\"es\",\"@id\":\"https:\/\/www.campinglefonti.com\/es\/diversion-actividades\/#primaryimage\",\"url\":\"https:\/\/www.campinglefonti.com\/wp-content\/uploads\/parcoavventuracerwood-1024x681.jpg\",\"contentUrl\":\"https:\/\/www.campinglefonti.com\/wp-content\/uploads\/parcoavventuracerwood-1024x681.jpg\"},{\"@type\":\"BreadcrumbList\",\"@id\":\"https:\/\/www.campinglefonti.com\/es\/diversion-actividades\/#breadcrumb\",\"itemListElement\":[{\"@type\":\"ListItem\",\"position\":1,\"name\":\"Home\",\"item\":\"https:\/\/www.campinglefonti.com\/es\/\"},{\"@type\":\"ListItem\",\"position\":2,\"name\":\"Diversi\u00f3n | Actividades\"}]},{\"@type\":\"WebSite\",\"@id\":\"https:\/\/www.campinglefonti.com\/es\/#website\",\"url\":\"https:\/\/www.campinglefonti.com\/es\/\",\"name\":\"Camping Le Fonti\",\"description\":\"Campeggio con bungalow e piazzole nell&#039;Appennino Reggiano\",\"publisher\":{\"@id\":\"https:\/\/www.campinglefonti.com\/es\/#organization\"},\"potentialAction\":[{\"@type\":\"SearchAction\",\"target\":{\"@type\":\"EntryPoint\",\"urlTemplate\":\"https:\/\/www.campinglefonti.com\/es\/?s={search_term_string}\"},\"query-input\":{\"@type\":\"PropertyValueSpecification\",\"valueRequired\":true,\"valueName\":\"search_term_string\"}}],\"inLanguage\":\"es\"},{\"@type\":\"Organization\",\"@id\":\"https:\/\/www.campinglefonti.com\/es\/#organization\",\"name\":\"Camping Le Fonti\",\"url\":\"https:\/\/www.campinglefonti.com\/es\/\",\"logo\":{\"@type\":\"ImageObject\",\"inLanguage\":\"es\",\"@id\":\"https:\/\/www.campinglefonti.com\/es\/#\/schema\/logo\/image\/\",\"url\":\"https:\/\/www.campinglefonti.com\/wp-content\/uploads\/logo-camping-le-fonti.svg\",\"contentUrl\":\"https:\/\/www.campinglefonti.com\/wp-content\/uploads\/logo-camping-le-fonti.svg\",\"width\":75,\"height\":71,\"caption\":\"Camping Le Fonti\"},\"image\":{\"@id\":\"https:\/\/www.campinglefonti.com\/es\/#\/schema\/logo\/image\/\"}}]}<\/script>\n<!-- \/ Yoast SEO plugin. -->","yoast_head_json":{"title":"Diversi\u00f3n | Actividades - Camping Le Fonti","robots":{"index":"index","follow":"follow","max-snippet":"max-snippet:-1","max-image-preview":"max-image-preview:large","max-video-preview":"max-video-preview:-1"},"canonical":"https:\/\/www.campinglefonti.com\/es\/diversion-actividades\/","og_locale":"es_ES","og_type":"article","og_title":"Diversi\u00f3n | Actividades - Camping Le Fonti","og_description":"Un territorio que ofrece numerosas oportunidades de entretenimiento y ocio. En los alrededores de Cervarezza Terme, encontrar\u00e1s una variedad de actividades para disfrutar de una estancia agradable y en contacto con la naturaleza. Desde el parque de aventuras Cerwood hasta las termas y el observatorio astron\u00f3mico, \u00a1hay opciones para todos los gustos! Termas El centro [&hellip;]","og_url":"https:\/\/www.campinglefonti.com\/es\/diversion-actividades\/","og_site_name":"Camping Le Fonti","article_modified_time":"2025-03-13T09:11:44+00:00","og_image":[{"width":2560,"height":1703,"url":"https:\/\/www.campinglefonti.com\/wp-content\/uploads\/parcoavventuracerwood-scaled.jpg","type":"image\/jpeg"}],"twitter_card":"summary_large_image","twitter_misc":{"Tiempo de lectura":"4 minutos"},"schema":{"@context":"https:\/\/schema.org","@graph":[{"@type":"WebPage","@id":"https:\/\/www.campinglefonti.com\/es\/diversion-actividades\/","url":"https:\/\/www.campinglefonti.com\/es\/diversion-actividades\/","name":"Diversi\u00f3n | Actividades - Camping Le Fonti","isPartOf":{"@id":"https:\/\/www.campinglefonti.com\/es\/#website"},"primaryImageOfPage":{"@id":"https:\/\/www.campinglefonti.com\/es\/diversion-actividades\/#primaryimage"},"image":{"@id":"https:\/\/www.campinglefonti.com\/es\/diversion-actividades\/#primaryimage"},"thumbnailUrl":"https:\/\/www.campinglefonti.com\/wp-content\/uploads\/parcoavventuracerwood-1024x681.jpg","datePublished":"2025-03-12T18:45:08+00:00","dateModified":"2025-03-13T09:11:44+00:00","breadcrumb":{"@id":"https:\/\/www.campinglefonti.com\/es\/diversion-actividades\/#breadcrumb"},"inLanguage":"es","potentialAction":[{"@type":"ReadAction","target":["https:\/\/www.campinglefonti.com\/es\/diversion-actividades\/"]}]},{"@type":"ImageObject","inLanguage":"es","@id":"https:\/\/www.campinglefonti.com\/es\/diversion-actividades\/#primaryimage","url":"https:\/\/www.campinglefonti.com\/wp-content\/uploads\/parcoavventuracerwood-1024x681.jpg","contentUrl":"https:\/\/www.campinglefonti.com\/wp-content\/uploads\/parcoavventuracerwood-1024x681.jpg"},{"@type":"BreadcrumbList","@id":"https:\/\/www.campinglefonti.com\/es\/diversion-actividades\/#breadcrumb","itemListElement":[{"@type":"ListItem","position":1,"name":"Home","item":"https:\/\/www.campinglefonti.com\/es\/"},{"@type":"ListItem","position":2,"name":"Diversi\u00f3n | Actividades"}]},{"@type":"WebSite","@id":"https:\/\/www.campinglefonti.com\/es\/#website","url":"https:\/\/www.campinglefonti.com\/es\/","name":"Camping Le Fonti","description":"Campeggio con bungalow e piazzole nell&#039;Appennino Reggiano","publisher":{"@id":"https:\/\/www.campinglefonti.com\/es\/#organization"},"potentialAction":[{"@type":"SearchAction","target":{"@type":"EntryPoint","urlTemplate":"https:\/\/www.campinglefonti.com\/es\/?s={search_term_string}"},"query-input":{"@type":"PropertyValueSpecification","valueRequired":true,"valueName":"search_term_string"}}],"inLanguage":"es"},{"@type":"Organization","@id":"https:\/\/www.campinglefonti.com\/es\/#organization","name":"Camping Le Fonti","url":"https:\/\/www.campinglefonti.com\/es\/","logo":{"@type":"ImageObject","inLanguage":"es","@id":"https:\/\/www.campinglefonti.com\/es\/#\/schema\/logo\/image\/","url":"https:\/\/www.campinglefonti.com\/wp-content\/uploads\/logo-camping-le-fonti.svg","contentUrl":"https:\/\/www.campinglefonti.com\/wp-content\/uploads\/logo-camping-le-fonti.svg","width":75,"height":71,"caption":"Camping Le Fonti"},"image":{"@id":"https:\/\/www.campinglefonti.com\/es\/#\/schema\/logo\/image\/"}}]}},"_links":{"self":[{"href":"https:\/\/www.campinglefonti.com\/es\/wp-json\/wp\/v2\/pages\/5566","targetHints":{"allow":["GET"]}}],"collection":[{"href":"https:\/\/www.campinglefonti.com\/es\/wp-json\/wp\/v2\/pages"}],"about":[{"href":"https:\/\/www.campinglefonti.com\/es\/wp-json\/wp\/v2\/types\/page"}],"author":[{"embeddable":true,"href":"https:\/\/www.campinglefonti.com\/es\/wp-json\/wp\/v2\/users\/6"}],"replies":[{"embeddable":true,"href":"https:\/\/www.campinglefonti.com\/es\/wp-json\/wp\/v2\/comments?post=5566"}],"version-history":[{"count":12,"href":"https:\/\/www.campinglefonti.com\/es\/wp-json\/wp\/v2\/pages\/5566\/revisions"}],"predecessor-version":[{"id":5708,"href":"https:\/\/www.campinglefonti.com\/es\/wp-json\/wp\/v2\/pages\/5566\/revisions\/5708"}],"wp:attachment":[{"href":"https:\/\/www.campinglefonti.com\/es\/wp-json\/wp\/v2\/media?parent=5566"}],"curies":[{"name":"wp","href":"https:\/\/api.w.org\/{rel}","templated":true}]}}