{"id":3988,"date":"2025-02-25T12:26:43","date_gmt":"2025-02-25T11:26:43","guid":{"rendered":"https:\/\/www.campinglefonti.com\/?page_id=3988"},"modified":"2025-02-25T12:26:43","modified_gmt":"2025-02-25T11:26:43","slug":"emplacements-pour-tentes","status":"publish","type":"page","link":"https:\/\/www.campinglefonti.com\/fr\/emplacements-pour-tentes\/","title":{"rendered":"Emplacements pour tentes"},"content":{"rendered":"\n<figure class=\"wp-block-image alignfull size-large grid-section-main-image\"><img loading=\"lazy\" decoding=\"async\" width=\"1024\" height=\"683\" src=\"https:\/\/www.campinglefonti.com\/wp-content\/uploads\/piazzole-cover-family-1024x683.jpg\" alt=\"\" class=\"wp-image-235\" srcset=\"https:\/\/www.campinglefonti.com\/wp-content\/uploads\/piazzole-cover-family-1024x683.jpg 1024w, https:\/\/www.campinglefonti.com\/wp-content\/uploads\/piazzole-cover-family-300x200.jpg 300w, https:\/\/www.campinglefonti.com\/wp-content\/uploads\/piazzole-cover-family-768x512.jpg 768w, https:\/\/www.campinglefonti.com\/wp-content\/uploads\/piazzole-cover-family-1536x1024.jpg 1536w, https:\/\/www.campinglefonti.com\/wp-content\/uploads\/piazzole-cover-family-2048x1365.jpg 2048w\" sizes=\"auto, (max-width: 1024px) 100vw, 1024px\" \/><\/figure>\n\n\n\n<div class=\"wp-block-columns grid-section-columns grid-section-columns-green margin-bottom--m is-layout-flex wp-container-core-columns-is-layout-9d6595d7 wp-block-columns-is-layout-flex\">\n<div class=\"wp-block-column is-layout-flow wp-block-column-is-layout-flow\">\n<figure class=\"wp-block-image size-large\"><img loading=\"lazy\" decoding=\"async\" width=\"768\" height=\"1024\" src=\"https:\/\/www.campinglefonti.com\/wp-content\/uploads\/P7020111-768x1024.jpg\" alt=\"\" class=\"wp-image-238\" srcset=\"https:\/\/www.campinglefonti.com\/wp-content\/uploads\/P7020111-768x1024.jpg 768w, https:\/\/www.campinglefonti.com\/wp-content\/uploads\/P7020111-225x300.jpg 225w, https:\/\/www.campinglefonti.com\/wp-content\/uploads\/P7020111-1152x1536.jpg 1152w, https:\/\/www.campinglefonti.com\/wp-content\/uploads\/P7020111-1536x2048.jpg 1536w, https:\/\/www.campinglefonti.com\/wp-content\/uploads\/P7020111-scaled.jpg 1920w\" sizes=\"auto, (max-width: 768px) 100vw, 768px\" \/><\/figure>\n<\/div>\n\n\n\n<div class=\"wp-block-column is-layout-flow wp-block-column-is-layout-flow\"><div class=\"yoast-breadcrumbs\"><span><span><a href=\"https:\/\/www.campinglefonti.com\/fr\/\">Home<\/a><\/span> | <span class=\"breadcrumb_last\" aria-current=\"page\">Emplacements pour tentes<\/span><\/span><\/div>\n\n\n<h1 class=\"wp-block-heading\"><strong>Est-ce que vous \u00eates aventureux et aimez rester en contact directe avec la nature?<\/strong><\/h1>\n\n\n\n<p>L\u2019endroit parfait por vous ce sont nos emplacements \u00e9quip\u00e9es des esapces communs avec tables et barbecues.<\/p>\n<\/div>\n<\/div>\n\n\n\n<div class=\"wp-block-columns image-on-left margin-bottom--m is-layout-flex wp-container-core-columns-is-layout-9d6595d7 wp-block-columns-is-layout-flex\">\n<div class=\"wp-block-column is-layout-flow wp-block-column-is-layout-flow\">\n<figure class=\"wp-block-image size-large\"><img loading=\"lazy\" decoding=\"async\" width=\"1024\" height=\"684\" src=\"https:\/\/www.campinglefonti.com\/wp-content\/uploads\/\/IMG_2607-1024x684.jpg\" alt=\"\" class=\"wp-image-239\" srcset=\"https:\/\/www.campinglefonti.com\/wp-content\/uploads\/IMG_2607-1024x684.jpg 1024w, https:\/\/www.campinglefonti.com\/wp-content\/uploads\/IMG_2607-300x200.jpg 300w, https:\/\/www.campinglefonti.com\/wp-content\/uploads\/IMG_2607-768x513.jpg 768w, https:\/\/www.campinglefonti.com\/wp-content\/uploads\/IMG_2607-1536x1025.jpg 1536w, https:\/\/www.campinglefonti.com\/wp-content\/uploads\/IMG_2607-2048x1367.jpg 2048w, https:\/\/www.campinglefonti.com\/wp-content\/uploads\/IMG_2607-20x13.jpg 20w, https:\/\/www.campinglefonti.com\/wp-content\/uploads\/IMG_2607.jpg 1920w\" sizes=\"auto, (max-width: 1024px) 100vw, 1024px\" \/><\/figure>\n<\/div>\n\n\n\n<div class=\"wp-block-column is-layout-flow wp-block-column-is-layout-flow\">\n<h2 class=\"wp-block-heading\"><strong>Choisissez entre deux types d\u2019emplacement:<\/strong><\/h2>\n\n\n\n<ul class=\"wp-block-list\">\n<li>Emplacements <strong>ombrag\u00e9s<\/strong> par une v\u00e9g\u00e9tation riche avec une vue panoramique. Ces emplacements sont accesibles seulement par un escalier.<\/li>\n\n\n\n<li>Emplacements en <strong>prairies<\/strong> <strong>ensoleill\u00e9es<\/strong>, pr\u00e8s de l\u2019entr\u00e9e et des services du Camping.<\/li>\n<\/ul>\n\n\n\n<div class=\"wp-block-buttons is-layout-flex wp-block-buttons-is-layout-flex\">\n<div class=\"wp-block-button\"><a class=\"wp-block-button__link wp-element-button\" href=\"https:\/\/www.campinglefonti.com\/fr\/__trashed\/plan-du-camping\/\">CHOISISSEZ VOTRE EMPLACEMENT<\/a><\/div>\n<\/div>\n<\/div>\n<\/div>\n\n\n\n<div class=\"wp-block-columns margin-bottom--m is-layout-flex wp-container-core-columns-is-layout-9d6595d7 wp-block-columns-is-layout-flex\">\n<div class=\"wp-block-column is-layout-flow wp-block-column-is-layout-flow\">\n<figure class=\"wp-block-image size-large\"><img loading=\"lazy\" decoding=\"async\" width=\"1024\" height=\"768\" src=\"https:\/\/www.campinglefonti.com\/wp-content\/uploads\/\/P7080479-1024x768.jpg\" alt=\"\" class=\"wp-image-2663\" srcset=\"https:\/\/www.campinglefonti.com\/wp-content\/uploads\/P7080479-1024x768.jpg 1024w, https:\/\/www.campinglefonti.com\/wp-content\/uploads\/P7080479-300x225.jpg 300w, https:\/\/www.campinglefonti.com\/wp-content\/uploads\/P7080479-768x576.jpg 768w, https:\/\/www.campinglefonti.com\/wp-content\/uploads\/P7080479-1536x1152.jpg 1536w, https:\/\/www.campinglefonti.com\/wp-content\/uploads\/P7080479-2048x1536.jpg 2048w, https:\/\/www.campinglefonti.com\/wp-content\/uploads\/P7080479-702x526.jpg 702w\" sizes=\"auto, (max-width: 1024px) 100vw, 1024px\" \/><\/figure>\n<\/div>\n\n\n\n<div class=\"wp-block-column is-layout-flow wp-block-column-is-layout-flow\">\n<figure class=\"wp-block-image size-large\"><img loading=\"lazy\" decoding=\"async\" width=\"1024\" height=\"768\" src=\"https:\/\/www.campinglefonti.com\/wp-content\/uploads\/\/P7020112-1024x768.jpg\" alt=\"\" class=\"wp-image-241\" srcset=\"https:\/\/www.campinglefonti.com\/wp-content\/uploads\/P7020112-1024x768.jpg 1024w, https:\/\/www.campinglefonti.com\/wp-content\/uploads\/P7020112-300x225.jpg 300w, https:\/\/www.campinglefonti.com\/wp-content\/uploads\/P7020112-768x576.jpg 768w, https:\/\/www.campinglefonti.com\/wp-content\/uploads\/P7020112-1536x1152.jpg 1536w, https:\/\/www.campinglefonti.com\/wp-content\/uploads\/P7020112-2048x1536.jpg 2048w, https:\/\/www.campinglefonti.com\/wp-content\/uploads\/P7020112-702x526.jpg 702w, https:\/\/www.campinglefonti.com\/wp-content\/uploads\/P7020112-20x15.jpg 20w, https:\/\/www.campinglefonti.com\/wp-content\/uploads\/P7020112.jpg 1920w\" sizes=\"auto, (max-width: 1024px) 100vw, 1024px\" \/><\/figure>\n<\/div>\n<\/div>\n\n\n\n<div class=\"wp-block-columns image-on-right blue-bg margin-bottom--m is-layout-flex wp-container-core-columns-is-layout-9d6595d7 wp-block-columns-is-layout-flex\">\n<div class=\"wp-block-column is-layout-flow wp-block-column-is-layout-flow\">\n<h2 class=\"wp-block-heading\"><strong>La&nbsp;place et le confort&nbsp;ne manquent pas.<\/strong><\/h2>\n\n\n\n<p>Nous avons des emplacements de 20 \/ 25 m\u00e8tres carr\u00e9s, avec un gazon et une vue panoramique sur la vall\u00e9e du fleuve Secchia et sur la magnifique Pierre de Bismantova.<\/p>\n\n\n\n<p>\u00c0 proximit\u00e9 imm\u00e9diate des emplacements il y a des&nbsp;aires de barbecue avec des tables.<\/p>\n\n\n\n<p>Le parkings sont proches des emplacements.<\/p>\n\n\n\n<p>Vous pouvez aussi utiliser l\u2019\u00e9lectricit\u00e9, inclus dans la tariffe, mais vous devez avoir un cordon d&#8217;alimentation assez long et une fiche conforme \u00e0 la norme CEE.<\/p>\n<\/div>\n\n\n\n<div class=\"wp-block-column is-layout-flow wp-block-column-is-layout-flow\">\n<figure class=\"wp-block-image size-large\"><img loading=\"lazy\" decoding=\"async\" width=\"851\" height=\"1024\" src=\"https:\/\/www.campinglefonti.com\/wp-content\/uploads\/P6220589-851x1024.jpg\" alt=\"\" class=\"wp-image-246\" srcset=\"https:\/\/www.campinglefonti.com\/wp-content\/uploads\/P6220589-851x1024.jpg 851w, https:\/\/www.campinglefonti.com\/wp-content\/uploads\/P6220589-249x300.jpg 249w, https:\/\/www.campinglefonti.com\/wp-content\/uploads\/P6220589-768x924.jpg 768w, https:\/\/www.campinglefonti.com\/wp-content\/uploads\/P6220589-1276x1536.jpg 1276w, https:\/\/www.campinglefonti.com\/wp-content\/uploads\/P6220589-1702x2048.jpg 1702w\" sizes=\"auto, (max-width: 851px) 100vw, 851px\" \/><\/figure>\n\n\n\n<p><\/p>\n<\/div>\n<\/div>\n\n\n\n<div class=\"wp-block-columns margin-bottom--m is-layout-flex wp-container-core-columns-is-layout-9d6595d7 wp-block-columns-is-layout-flex\">\n<div class=\"wp-block-column is-layout-flow wp-block-column-is-layout-flow\">\n<figure class=\"wp-block-image size-large\"><img loading=\"lazy\" decoding=\"async\" width=\"1024\" height=\"768\" src=\"https:\/\/www.campinglefonti.com\/wp-content\/uploads\/\/P2100367-1024x768.jpg\" alt=\"\" class=\"wp-image-252\" srcset=\"https:\/\/www.campinglefonti.com\/wp-content\/uploads\/P2100367-1024x768.jpg 1024w, https:\/\/www.campinglefonti.com\/wp-content\/uploads\/P2100367-300x225.jpg 300w, https:\/\/www.campinglefonti.com\/wp-content\/uploads\/P2100367-768x576.jpg 768w, https:\/\/www.campinglefonti.com\/wp-content\/uploads\/P2100367-1536x1152.jpg 1536w, https:\/\/www.campinglefonti.com\/wp-content\/uploads\/P2100367-2048x1536.jpg 2048w, https:\/\/www.campinglefonti.com\/wp-content\/uploads\/P2100367-702x526.jpg 702w, https:\/\/www.campinglefonti.com\/wp-content\/uploads\/P2100367-20x15.jpg 20w, https:\/\/www.campinglefonti.com\/wp-content\/uploads\/P2100367.jpg 1920w\" sizes=\"auto, (max-width: 1024px) 100vw, 1024px\" \/><\/figure>\n\n\n\n<figure class=\"wp-block-image size-large\"><img loading=\"lazy\" decoding=\"async\" width=\"768\" height=\"1024\" src=\"https:\/\/www.campinglefonti.com\/wp-content\/uploads\/\/PA140287-768x1024.jpg\" alt=\"\" class=\"wp-image-2862\" srcset=\"https:\/\/www.campinglefonti.com\/wp-content\/uploads\/PA140287-768x1024.jpg 768w, https:\/\/www.campinglefonti.com\/wp-content\/uploads\/PA140287-225x300.jpg 225w, https:\/\/www.campinglefonti.com\/wp-content\/uploads\/PA140287-1152x1536.jpg 1152w, https:\/\/www.campinglefonti.com\/wp-content\/uploads\/PA140287-1536x2048.jpg 1536w, https:\/\/www.campinglefonti.com\/wp-content\/uploads\/PA140287-scaled.jpg 1920w\" sizes=\"auto, (max-width: 768px) 100vw, 768px\" \/><\/figure>\n<\/div>\n\n\n\n<div class=\"wp-block-column is-layout-flow wp-block-column-is-layout-flow\">\n<figure class=\"wp-block-image size-large\"><img loading=\"lazy\" decoding=\"async\" width=\"1024\" height=\"768\" src=\"https:\/\/www.campinglefonti.com\/wp-content\/uploads\/P7020090-1024x768.jpg\" alt=\"\" class=\"wp-image-253\" srcset=\"https:\/\/www.campinglefonti.com\/wp-content\/uploads\/P7020090-1024x768.jpg 1024w, https:\/\/www.campinglefonti.com\/wp-content\/uploads\/P7020090-300x225.jpg 300w, https:\/\/www.campinglefonti.com\/wp-content\/uploads\/P7020090-768x576.jpg 768w, https:\/\/www.campinglefonti.com\/wp-content\/uploads\/P7020090-1536x1152.jpg 1536w, https:\/\/www.campinglefonti.com\/wp-content\/uploads\/P7020090-2048x1536.jpg 2048w, https:\/\/www.campinglefonti.com\/wp-content\/uploads\/P7020090-702x526.jpg 702w\" sizes=\"auto, (max-width: 1024px) 100vw, 1024px\" \/><\/figure>\n\n\n\n<figure class=\"wp-block-image size-large\"><img decoding=\"async\" src=\"https:\/\/www.campinglefonti.com\/wp-content\/uploads\/P8080407-768x1024.jpg\" alt=\"\" class=\"wp-image-256\"\/><\/figure>\n<\/div>\n<\/div>\n\n\n\n<div class=\"wp-block-group is-style-light-green-bg\"><div class=\"wp-block-group__inner-container is-layout-flow wp-block-group-is-layout-flow\">\n<p class=\"has-text-align-center\" style=\"font-size:33px\">Est-ce que vous n&#8217;avez pas trouv\u00e9 les informations que vous cherchez?<\/p>\n\n\n\n<div class=\"wp-block-buttons is-horizontal is-content-justification-center is-layout-flex wp-container-core-buttons-is-layout-499968f5 wp-block-buttons-is-layout-flex\">\n<div class=\"wp-block-button\"><a class=\"wp-block-button__link wp-element-button\" href=\"https:\/\/www.campinglefonti.com\/fr\/contact\/\">Contactez nous<\/a><\/div>\n<\/div>\n<\/div><\/div>\n\n\n\n<p><\/p>\n","protected":false},"excerpt":{"rendered":"<p>Est-ce que vous \u00eates aventureux et aimez rester en contact directe avec la nature? L\u2019endroit parfait por vous ce sont nos emplacements \u00e9quip\u00e9es des esapces communs avec tables et barbecues. Choisissez entre deux types d\u2019emplacement: La&nbsp;place et le confort&nbsp;ne manquent pas. Nous avons des emplacements de 20 \/ 25 m\u00e8tres carr\u00e9s, avec un gazon et [&hellip;]<\/p>\n","protected":false},"author":6,"featured_media":0,"parent":0,"menu_order":0,"comment_status":"closed","ping_status":"closed","template":"","meta":{"_acf_changed":false,"inline_featured_image":false,"_genesis_hide_title":false,"_genesis_hide_breadcrumbs":false,"_genesis_hide_singular_image":false,"_genesis_hide_footer_widgets":false,"_genesis_custom_body_class":"","_genesis_custom_post_class":"","_genesis_layout":"","footnotes":"","_links_to":"","_links_to_target":""},"class_list":{"0":"post-3988","1":"page","2":"type-page","3":"status-publish","5":"entry"},"acf":[],"yoast_head":"<!-- This site is optimized with the Yoast SEO plugin v27.2 - https:\/\/yoast.com\/product\/yoast-seo-wordpress\/ -->\n<title>Emplacements pour tentes - Camping Le Fonti<\/title>\n<meta name=\"robots\" content=\"index, follow, max-snippet:-1, max-image-preview:large, max-video-preview:-1\" \/>\n<link rel=\"canonical\" href=\"https:\/\/www.campinglefonti.com\/fr\/emplacements-pour-tentes\/\" \/>\n<meta property=\"og:locale\" content=\"fr_FR\" \/>\n<meta property=\"og:type\" content=\"article\" \/>\n<meta property=\"og:title\" content=\"Emplacements pour tentes - Camping Le Fonti\" \/>\n<meta property=\"og:description\" content=\"Est-ce que vous \u00eates aventureux et aimez rester en contact directe avec la nature? L\u2019endroit parfait por vous ce sont nos emplacements \u00e9quip\u00e9es des esapces communs avec tables et barbecues. Choisissez entre deux types d\u2019emplacement: La&nbsp;place et le confort&nbsp;ne manquent pas. Nous avons des emplacements de 20 \/ 25 m\u00e8tres carr\u00e9s, avec un gazon et [&hellip;]\" \/>\n<meta property=\"og:url\" content=\"https:\/\/www.campinglefonti.com\/fr\/emplacements-pour-tentes\/\" \/>\n<meta property=\"og:site_name\" content=\"Camping Le Fonti\" \/>\n<meta property=\"og:image\" content=\"https:\/\/www.campinglefonti.com\/wp-content\/uploads\/piazzole-cover-family-scaled.jpg\" \/>\n\t<meta property=\"og:image:width\" content=\"2560\" \/>\n\t<meta property=\"og:image:height\" content=\"1707\" \/>\n\t<meta property=\"og:image:type\" content=\"image\/jpeg\" \/>\n<meta name=\"twitter:card\" content=\"summary_large_image\" \/>\n<script type=\"application\/ld+json\" class=\"yoast-schema-graph\">{\"@context\":\"https:\/\/schema.org\",\"@graph\":[{\"@type\":\"WebPage\",\"@id\":\"https:\/\/www.campinglefonti.com\/fr\/emplacements-pour-tentes\/\",\"url\":\"https:\/\/www.campinglefonti.com\/fr\/emplacements-pour-tentes\/\",\"name\":\"Emplacements pour tentes - Camping Le Fonti\",\"isPartOf\":{\"@id\":\"https:\/\/www.campinglefonti.com\/fr\/#website\"},\"primaryImageOfPage\":{\"@id\":\"https:\/\/www.campinglefonti.com\/fr\/emplacements-pour-tentes\/#primaryimage\"},\"image\":{\"@id\":\"https:\/\/www.campinglefonti.com\/fr\/emplacements-pour-tentes\/#primaryimage\"},\"thumbnailUrl\":\"https:\/\/www.campinglefonti.com\/wp-content\/uploads\/piazzole-cover-family-1024x683.jpg\",\"datePublished\":\"2025-02-25T11:26:43+00:00\",\"breadcrumb\":{\"@id\":\"https:\/\/www.campinglefonti.com\/fr\/emplacements-pour-tentes\/#breadcrumb\"},\"inLanguage\":\"fr-FR\",\"potentialAction\":[{\"@type\":\"ReadAction\",\"target\":[\"https:\/\/www.campinglefonti.com\/fr\/emplacements-pour-tentes\/\"]}]},{\"@type\":\"ImageObject\",\"inLanguage\":\"fr-FR\",\"@id\":\"https:\/\/www.campinglefonti.com\/fr\/emplacements-pour-tentes\/#primaryimage\",\"url\":\"https:\/\/www.campinglefonti.com\/wp-content\/uploads\/piazzole-cover-family-1024x683.jpg\",\"contentUrl\":\"https:\/\/www.campinglefonti.com\/wp-content\/uploads\/piazzole-cover-family-1024x683.jpg\"},{\"@type\":\"BreadcrumbList\",\"@id\":\"https:\/\/www.campinglefonti.com\/fr\/emplacements-pour-tentes\/#breadcrumb\",\"itemListElement\":[{\"@type\":\"ListItem\",\"position\":1,\"name\":\"Home\",\"item\":\"https:\/\/www.campinglefonti.com\/fr\/\"},{\"@type\":\"ListItem\",\"position\":2,\"name\":\"Emplacements pour tentes\"}]},{\"@type\":\"WebSite\",\"@id\":\"https:\/\/www.campinglefonti.com\/fr\/#website\",\"url\":\"https:\/\/www.campinglefonti.com\/fr\/\",\"name\":\"Camping Le Fonti\",\"description\":\"Campeggio con bungalow e piazzole nell&#039;Appennino Reggiano\",\"publisher\":{\"@id\":\"https:\/\/www.campinglefonti.com\/fr\/#organization\"},\"potentialAction\":[{\"@type\":\"SearchAction\",\"target\":{\"@type\":\"EntryPoint\",\"urlTemplate\":\"https:\/\/www.campinglefonti.com\/fr\/?s={search_term_string}\"},\"query-input\":{\"@type\":\"PropertyValueSpecification\",\"valueRequired\":true,\"valueName\":\"search_term_string\"}}],\"inLanguage\":\"fr-FR\"},{\"@type\":\"Organization\",\"@id\":\"https:\/\/www.campinglefonti.com\/fr\/#organization\",\"name\":\"Camping Le Fonti\",\"url\":\"https:\/\/www.campinglefonti.com\/fr\/\",\"logo\":{\"@type\":\"ImageObject\",\"inLanguage\":\"fr-FR\",\"@id\":\"https:\/\/www.campinglefonti.com\/fr\/#\/schema\/logo\/image\/\",\"url\":\"https:\/\/www.campinglefonti.com\/wp-content\/uploads\/logo-camping-le-fonti.svg\",\"contentUrl\":\"https:\/\/www.campinglefonti.com\/wp-content\/uploads\/logo-camping-le-fonti.svg\",\"width\":75,\"height\":71,\"caption\":\"Camping Le Fonti\"},\"image\":{\"@id\":\"https:\/\/www.campinglefonti.com\/fr\/#\/schema\/logo\/image\/\"}}]}<\/script>\n<!-- \/ Yoast SEO plugin. -->","yoast_head_json":{"title":"Emplacements pour tentes - Camping Le Fonti","robots":{"index":"index","follow":"follow","max-snippet":"max-snippet:-1","max-image-preview":"max-image-preview:large","max-video-preview":"max-video-preview:-1"},"canonical":"https:\/\/www.campinglefonti.com\/fr\/emplacements-pour-tentes\/","og_locale":"fr_FR","og_type":"article","og_title":"Emplacements pour tentes - Camping Le Fonti","og_description":"Est-ce que vous \u00eates aventureux et aimez rester en contact directe avec la nature? L\u2019endroit parfait por vous ce sont nos emplacements \u00e9quip\u00e9es des esapces communs avec tables et barbecues. Choisissez entre deux types d\u2019emplacement: La&nbsp;place et le confort&nbsp;ne manquent pas. Nous avons des emplacements de 20 \/ 25 m\u00e8tres carr\u00e9s, avec un gazon et [&hellip;]","og_url":"https:\/\/www.campinglefonti.com\/fr\/emplacements-pour-tentes\/","og_site_name":"Camping Le Fonti","og_image":[{"width":2560,"height":1707,"url":"https:\/\/www.campinglefonti.com\/wp-content\/uploads\/piazzole-cover-family-scaled.jpg","type":"image\/jpeg"}],"twitter_card":"summary_large_image","schema":{"@context":"https:\/\/schema.org","@graph":[{"@type":"WebPage","@id":"https:\/\/www.campinglefonti.com\/fr\/emplacements-pour-tentes\/","url":"https:\/\/www.campinglefonti.com\/fr\/emplacements-pour-tentes\/","name":"Emplacements pour tentes - Camping Le Fonti","isPartOf":{"@id":"https:\/\/www.campinglefonti.com\/fr\/#website"},"primaryImageOfPage":{"@id":"https:\/\/www.campinglefonti.com\/fr\/emplacements-pour-tentes\/#primaryimage"},"image":{"@id":"https:\/\/www.campinglefonti.com\/fr\/emplacements-pour-tentes\/#primaryimage"},"thumbnailUrl":"https:\/\/www.campinglefonti.com\/wp-content\/uploads\/piazzole-cover-family-1024x683.jpg","datePublished":"2025-02-25T11:26:43+00:00","breadcrumb":{"@id":"https:\/\/www.campinglefonti.com\/fr\/emplacements-pour-tentes\/#breadcrumb"},"inLanguage":"fr-FR","potentialAction":[{"@type":"ReadAction","target":["https:\/\/www.campinglefonti.com\/fr\/emplacements-pour-tentes\/"]}]},{"@type":"ImageObject","inLanguage":"fr-FR","@id":"https:\/\/www.campinglefonti.com\/fr\/emplacements-pour-tentes\/#primaryimage","url":"https:\/\/www.campinglefonti.com\/wp-content\/uploads\/piazzole-cover-family-1024x683.jpg","contentUrl":"https:\/\/www.campinglefonti.com\/wp-content\/uploads\/piazzole-cover-family-1024x683.jpg"},{"@type":"BreadcrumbList","@id":"https:\/\/www.campinglefonti.com\/fr\/emplacements-pour-tentes\/#breadcrumb","itemListElement":[{"@type":"ListItem","position":1,"name":"Home","item":"https:\/\/www.campinglefonti.com\/fr\/"},{"@type":"ListItem","position":2,"name":"Emplacements pour tentes"}]},{"@type":"WebSite","@id":"https:\/\/www.campinglefonti.com\/fr\/#website","url":"https:\/\/www.campinglefonti.com\/fr\/","name":"Camping Le Fonti","description":"Campeggio con bungalow e piazzole nell&#039;Appennino Reggiano","publisher":{"@id":"https:\/\/www.campinglefonti.com\/fr\/#organization"},"potentialAction":[{"@type":"SearchAction","target":{"@type":"EntryPoint","urlTemplate":"https:\/\/www.campinglefonti.com\/fr\/?s={search_term_string}"},"query-input":{"@type":"PropertyValueSpecification","valueRequired":true,"valueName":"search_term_string"}}],"inLanguage":"fr-FR"},{"@type":"Organization","@id":"https:\/\/www.campinglefonti.com\/fr\/#organization","name":"Camping Le Fonti","url":"https:\/\/www.campinglefonti.com\/fr\/","logo":{"@type":"ImageObject","inLanguage":"fr-FR","@id":"https:\/\/www.campinglefonti.com\/fr\/#\/schema\/logo\/image\/","url":"https:\/\/www.campinglefonti.com\/wp-content\/uploads\/logo-camping-le-fonti.svg","contentUrl":"https:\/\/www.campinglefonti.com\/wp-content\/uploads\/logo-camping-le-fonti.svg","width":75,"height":71,"caption":"Camping Le Fonti"},"image":{"@id":"https:\/\/www.campinglefonti.com\/fr\/#\/schema\/logo\/image\/"}}]}},"_links":{"self":[{"href":"https:\/\/www.campinglefonti.com\/fr\/wp-json\/wp\/v2\/pages\/3988","targetHints":{"allow":["GET"]}}],"collection":[{"href":"https:\/\/www.campinglefonti.com\/fr\/wp-json\/wp\/v2\/pages"}],"about":[{"href":"https:\/\/www.campinglefonti.com\/fr\/wp-json\/wp\/v2\/types\/page"}],"author":[{"embeddable":true,"href":"https:\/\/www.campinglefonti.com\/fr\/wp-json\/wp\/v2\/users\/6"}],"replies":[{"embeddable":true,"href":"https:\/\/www.campinglefonti.com\/fr\/wp-json\/wp\/v2\/comments?post=3988"}],"version-history":[{"count":4,"href":"https:\/\/www.campinglefonti.com\/fr\/wp-json\/wp\/v2\/pages\/3988\/revisions"}],"predecessor-version":[{"id":4305,"href":"https:\/\/www.campinglefonti.com\/fr\/wp-json\/wp\/v2\/pages\/3988\/revisions\/4305"}],"wp:attachment":[{"href":"https:\/\/www.campinglefonti.com\/fr\/wp-json\/wp\/v2\/media?parent=3988"}],"curies":[{"name":"wp","href":"https:\/\/api.w.org\/{rel}","templated":true}]}}