{"id":4008,"date":"2025-02-25T12:27:06","date_gmt":"2025-02-25T11:27:06","guid":{"rendered":"https:\/\/www.campinglefonti.com\/?page_id=4008"},"modified":"2025-02-25T12:27:07","modified_gmt":"2025-02-25T11:27:07","slug":"emplacements-pour-camping-car-et-caravane","status":"publish","type":"page","link":"https:\/\/www.campinglefonti.com\/fr\/emplacements-pour-camping-car-et-caravane\/","title":{"rendered":"Emplacements pour camping-car et caravane"},"content":{"rendered":"\n<figure class=\"wp-block-image alignfull size-large grid-section-main-image\"><img loading=\"lazy\" decoding=\"async\" width=\"1024\" height=\"768\" src=\"https:\/\/www.campinglefonti.com\/wp-content\/uploads\/\/P7080477-1024x768.jpg\" alt=\"\" class=\"wp-image-2627\" srcset=\"https:\/\/www.campinglefonti.com\/wp-content\/uploads\/P7080477-1024x768.jpg 1024w, https:\/\/www.campinglefonti.com\/wp-content\/uploads\/P7080477-300x225.jpg 300w, https:\/\/www.campinglefonti.com\/wp-content\/uploads\/P7080477-768x576.jpg 768w, https:\/\/www.campinglefonti.com\/wp-content\/uploads\/P7080477-1536x1152.jpg 1536w, https:\/\/www.campinglefonti.com\/wp-content\/uploads\/P7080477-2048x1536.jpg 2048w, https:\/\/www.campinglefonti.com\/wp-content\/uploads\/P7080477-702x526.jpg 702w\" sizes=\"auto, (max-width: 1024px) 100vw, 1024px\" \/><\/figure>\n\n\n\n<div class=\"wp-block-columns grid-section-columns grid-section-columns-green margin-bottom--m is-layout-flex wp-container-core-columns-is-layout-9d6595d7 wp-block-columns-is-layout-flex\">\n<div class=\"wp-block-column is-layout-flow wp-block-column-is-layout-flow\">\n<figure class=\"wp-block-image size-large\"><img loading=\"lazy\" decoding=\"async\" width=\"683\" height=\"1024\" src=\"https:\/\/www.campinglefonti.com\/wp-content\/uploads\/camper-viaggio-683x1024.jpg\" alt=\"\" class=\"wp-image-278\" srcset=\"https:\/\/www.campinglefonti.com\/wp-content\/uploads\/camper-viaggio-683x1024.jpg 683w, https:\/\/www.campinglefonti.com\/wp-content\/uploads\/camper-viaggio-200x300.jpg 200w, https:\/\/www.campinglefonti.com\/wp-content\/uploads\/camper-viaggio-768x1152.jpg 768w, https:\/\/www.campinglefonti.com\/wp-content\/uploads\/camper-viaggio-1024x1536.jpg 1024w, https:\/\/www.campinglefonti.com\/wp-content\/uploads\/camper-viaggio-1365x2048.jpg 1365w, https:\/\/www.campinglefonti.com\/wp-content\/uploads\/camper-viaggio-scaled.jpg 1707w\" sizes=\"auto, (max-width: 683px) 100vw, 683px\" \/><\/figure>\n<\/div>\n\n\n\n<div class=\"wp-block-column is-layout-flow wp-block-column-is-layout-flow\"><div class=\"yoast-breadcrumbs\"><span><span><a href=\"https:\/\/www.campinglefonti.com\/fr\/\">Home<\/a><\/span> | <span class=\"breadcrumb_last\" aria-current=\"page\">Emplacements pour camping-car et caravane<\/span><\/span><\/div>\n\n\n<h1 class=\"wp-block-heading\"><strong>Est-ce que vous \u00eates aventureux et aimez rester en contact directe avec la nature?<\/strong><\/h1>\n\n\n\n<p>L\u2019endroit parfait por vous ce sont nos emplacements pour camping-car et caravane \u00e9quip\u00e9es des esapces communs avec tables et barbecues.<\/p>\n<\/div>\n<\/div>\n\n\n\n<div class=\"wp-block-columns image-on-left margin-bottom--m is-layout-flex wp-container-core-columns-is-layout-9d6595d7 wp-block-columns-is-layout-flex\">\n<div class=\"wp-block-column is-layout-flow wp-block-column-is-layout-flow\">\n<figure class=\"wp-block-image size-large\"><img loading=\"lazy\" decoding=\"async\" width=\"1024\" height=\"768\" src=\"https:\/\/www.campinglefonti.com\/wp-content\/uploads\/\/20200530_175314-1024x768.jpg\" alt=\"\" class=\"wp-image-271\" srcset=\"https:\/\/www.campinglefonti.com\/wp-content\/uploads\/20200530_175314-1024x768.jpg 1024w, https:\/\/www.campinglefonti.com\/wp-content\/uploads\/20200530_175314-300x225.jpg 300w, https:\/\/www.campinglefonti.com\/wp-content\/uploads\/20200530_175314-768x576.jpg 768w, https:\/\/www.campinglefonti.com\/wp-content\/uploads\/20200530_175314-1536x1152.jpg 1536w, https:\/\/www.campinglefonti.com\/wp-content\/uploads\/20200530_175314-2048x1536.jpg 2048w, https:\/\/www.campinglefonti.com\/wp-content\/uploads\/20200530_175314-702x526.jpg 702w, https:\/\/www.campinglefonti.com\/wp-content\/uploads\/20200530_175314-20x15.jpg 20w, https:\/\/www.campinglefonti.com\/wp-content\/uploads\/20200530_175314.jpg 1920w\" sizes=\"auto, (max-width: 1024px) 100vw, 1024px\" \/><\/figure>\n<\/div>\n\n\n\n<div class=\"wp-block-column is-layout-flow wp-block-column-is-layout-flow\">\n<h2 class=\"wp-block-heading\"><strong>Emplacements spacieux et panoramiques.<\/strong><\/h2>\n\n\n\n<p>Nos emplacements pour camping-car et caravane ont une superficie \u00e0 partir de 60 jusqu\u2019\u00e0 75 m\u00e8tres carr\u00e9s et ils sont r\u00e9parties dans diff\u00e9rentes zones du Camping.<\/p>\n\n\n\n<p>Il y a une zone pittoresque et panoramique que vous permet d\u2019admirer la beaut\u00e9 de notre Apennin.<\/p>\n\n\n\n<p>Tous les emplacements sont \u00e9quip\u00e9es d\u2019\u00e9lectricit\u00e9.<\/p>\n\n\n\n<p><\/p>\n\n\n\n<div class=\"wp-block-buttons is-layout-flex wp-block-buttons-is-layout-flex\">\n<div class=\"wp-block-button\"><a class=\"wp-block-button__link wp-element-button\" href=\"https:\/\/www.campinglefonti.com\/fr\/__trashed\/plan-du-camping\/\">CHOISISSEZ VOTRE EMPLACEMENT<\/a><\/div>\n<\/div>\n<\/div>\n<\/div>\n\n\n\n<div class=\"wp-block-columns image-on-right blue-bg margin-bottom--m is-layout-flex wp-container-core-columns-is-layout-9d6595d7 wp-block-columns-is-layout-flex\">\n<div class=\"wp-block-column is-layout-flow wp-block-column-is-layout-flow\">\n<h2 class=\"wp-block-heading\"><strong>Cherchez-vous un s\u00e9jour de courte dur\u00e9e?<\/strong><\/h2>\n\n\n\n<p>Nous vous recommendons de t\u00e9l\u00e9phoner \u00e0 l\u2019avance pour demander la disponibilit\u00e9.<\/p>\n\n\n\n<p>Nous acceptions aussi s\u00e9jours brefs.<\/p>\n\n\n\n<p>Notre Camping accueille des&nbsp;rassemblements pendant certaines p\u00e9riodes de l&#8217;ann\u00e9e et nous offrons des promotions pour les groupes avec au moins 15 unit\u00e9s.<\/p>\n\n\n\n<p>Le fond des emplacements est en terre battue; le Camping est en pente et en terrasse<\/p>\n<\/div>\n\n\n\n<div class=\"wp-block-column is-layout-flow wp-block-column-is-layout-flow\">\n<figure class=\"wp-block-image size-full\"><img loading=\"lazy\" decoding=\"async\" width=\"1024\" height=\"768\" src=\"https:\/\/www.campinglefonti.com\/wp-content\/uploads\/DSC_1913-1-1024x768-1.jpg\" alt=\"\" class=\"wp-image-4009\" srcset=\"https:\/\/www.campinglefonti.com\/wp-content\/uploads\/DSC_1913-1-1024x768-1.jpg 1024w, https:\/\/www.campinglefonti.com\/wp-content\/uploads\/DSC_1913-1-1024x768-1-300x225.jpg 300w, https:\/\/www.campinglefonti.com\/wp-content\/uploads\/DSC_1913-1-1024x768-1-768x576.jpg 768w, https:\/\/www.campinglefonti.com\/wp-content\/uploads\/DSC_1913-1-1024x768-1-702x526.jpg 702w\" sizes=\"auto, (max-width: 1024px) 100vw, 1024px\" \/><\/figure>\n<\/div>\n<\/div>\n\n\n\n<div class=\"wp-block-columns margin-bottom--m is-layout-flex wp-container-core-columns-is-layout-9d6595d7 wp-block-columns-is-layout-flex\">\n<div class=\"wp-block-column is-layout-flow wp-block-column-is-layout-flow\">\n<figure class=\"wp-block-image size-large\"><img loading=\"lazy\" decoding=\"async\" width=\"1024\" height=\"768\" src=\"https:\/\/www.campinglefonti.com\/wp-content\/uploads\/\/IMG_20180609_093615-1024x768.jpg\" alt=\"\" class=\"wp-image-273\" srcset=\"https:\/\/www.campinglefonti.com\/wp-content\/uploads\/IMG_20180609_093615-1024x768.jpg 1024w, https:\/\/www.campinglefonti.com\/wp-content\/uploads\/IMG_20180609_093615-300x225.jpg 300w, https:\/\/www.campinglefonti.com\/wp-content\/uploads\/IMG_20180609_093615-768x576.jpg 768w, https:\/\/www.campinglefonti.com\/wp-content\/uploads\/IMG_20180609_093615-1536x1152.jpg 1536w, https:\/\/www.campinglefonti.com\/wp-content\/uploads\/IMG_20180609_093615-2048x1536.jpg 2048w, https:\/\/www.campinglefonti.com\/wp-content\/uploads\/IMG_20180609_093615-702x526.jpg 702w, https:\/\/www.campinglefonti.com\/wp-content\/uploads\/IMG_20180609_093615-20x15.jpg 20w, https:\/\/www.campinglefonti.com\/wp-content\/uploads\/IMG_20180609_093615.jpg 1920w\" sizes=\"auto, (max-width: 1024px) 100vw, 1024px\" \/><\/figure>\n<\/div>\n\n\n\n<div class=\"wp-block-column is-layout-flow wp-block-column-is-layout-flow\">\n<figure class=\"wp-block-image size-full\"><img loading=\"lazy\" decoding=\"async\" width=\"1024\" height=\"768\" src=\"https:\/\/www.campinglefonti.com\/wp-content\/uploads\/IMG_20180609_093332-1024x768-1.jpg\" alt=\"\" class=\"wp-image-4014\" srcset=\"https:\/\/www.campinglefonti.com\/wp-content\/uploads\/IMG_20180609_093332-1024x768-1.jpg 1024w, https:\/\/www.campinglefonti.com\/wp-content\/uploads\/IMG_20180609_093332-1024x768-1-300x225.jpg 300w, https:\/\/www.campinglefonti.com\/wp-content\/uploads\/IMG_20180609_093332-1024x768-1-768x576.jpg 768w, https:\/\/www.campinglefonti.com\/wp-content\/uploads\/IMG_20180609_093332-1024x768-1-702x526.jpg 702w\" sizes=\"auto, (max-width: 1024px) 100vw, 1024px\" \/><\/figure>\n<\/div>\n<\/div>\n\n\n\n<div class=\"wp-block-group is-style-light-green-bg\"><div class=\"wp-block-group__inner-container is-layout-flow wp-block-group-is-layout-flow\">\n<p class=\"has-text-align-center\" style=\"font-size:33px\">Est-ce que vous n&#8217;avez pas trouv\u00e9 les informations que vous cherchez?<\/p>\n\n\n\n<div class=\"wp-block-buttons is-horizontal is-content-justification-center is-layout-flex wp-container-core-buttons-is-layout-499968f5 wp-block-buttons-is-layout-flex\">\n<div class=\"wp-block-button\"><a class=\"wp-block-button__link wp-element-button\" href=\"https:\/\/www.campinglefonti.com\/fr\/contact\/\">Contactez nous<\/a><\/div>\n<\/div>\n<\/div><\/div>\n\n\n\n<p><\/p>\n","protected":false},"excerpt":{"rendered":"<p>Est-ce que vous \u00eates aventureux et aimez rester en contact directe avec la nature? L\u2019endroit parfait por vous ce sont nos emplacements pour camping-car et caravane \u00e9quip\u00e9es des esapces communs avec tables et barbecues. Emplacements spacieux et panoramiques. Nos emplacements pour camping-car et caravane ont une superficie \u00e0 partir de 60 jusqu\u2019\u00e0 75 m\u00e8tres carr\u00e9s [&hellip;]<\/p>\n","protected":false},"author":6,"featured_media":0,"parent":0,"menu_order":2,"comment_status":"closed","ping_status":"closed","template":"","meta":{"_acf_changed":false,"inline_featured_image":false,"_genesis_hide_title":false,"_genesis_hide_breadcrumbs":false,"_genesis_hide_singular_image":false,"_genesis_hide_footer_widgets":false,"_genesis_custom_body_class":"","_genesis_custom_post_class":"","_genesis_layout":"","footnotes":"","_links_to":"","_links_to_target":""},"class_list":{"0":"post-4008","1":"page","2":"type-page","3":"status-publish","5":"entry"},"acf":[],"yoast_head":"<!-- This site is optimized with the Yoast SEO plugin v27.2 - https:\/\/yoast.com\/product\/yoast-seo-wordpress\/ -->\n<title>Emplacements pour camping-car et caravane - Camping Le Fonti<\/title>\n<meta name=\"robots\" content=\"index, follow, max-snippet:-1, max-image-preview:large, max-video-preview:-1\" \/>\n<link rel=\"canonical\" href=\"https:\/\/www.campinglefonti.com\/fr\/emplacements-pour-camping-car-et-caravane\/\" \/>\n<meta property=\"og:locale\" content=\"fr_FR\" \/>\n<meta property=\"og:type\" content=\"article\" \/>\n<meta property=\"og:title\" content=\"Emplacements pour camping-car et caravane - Camping Le Fonti\" \/>\n<meta property=\"og:description\" content=\"Est-ce que vous \u00eates aventureux et aimez rester en contact directe avec la nature? L\u2019endroit parfait por vous ce sont nos emplacements pour camping-car et caravane \u00e9quip\u00e9es des esapces communs avec tables et barbecues. Emplacements spacieux et panoramiques. Nos emplacements pour camping-car et caravane ont une superficie \u00e0 partir de 60 jusqu\u2019\u00e0 75 m\u00e8tres carr\u00e9s [&hellip;]\" \/>\n<meta property=\"og:url\" content=\"https:\/\/www.campinglefonti.com\/fr\/emplacements-pour-camping-car-et-caravane\/\" \/>\n<meta property=\"og:site_name\" content=\"Camping Le Fonti\" \/>\n<meta property=\"article:modified_time\" content=\"2025-02-25T11:27:07+00:00\" \/>\n<meta property=\"og:image\" content=\"https:\/\/www.campinglefonti.com\/wp-content\/uploads\/P7080477-scaled.jpg\" \/>\n\t<meta property=\"og:image:width\" content=\"2560\" \/>\n\t<meta property=\"og:image:height\" content=\"1920\" \/>\n\t<meta property=\"og:image:type\" content=\"image\/jpeg\" \/>\n<meta name=\"twitter:card\" content=\"summary_large_image\" \/>\n<meta name=\"twitter:label1\" content=\"Dur\u00e9e de lecture estim\u00e9e\" \/>\n\t<meta name=\"twitter:data1\" content=\"3 minutes\" \/>\n<script type=\"application\/ld+json\" class=\"yoast-schema-graph\">{\"@context\":\"https:\/\/schema.org\",\"@graph\":[{\"@type\":\"WebPage\",\"@id\":\"https:\/\/www.campinglefonti.com\/fr\/emplacements-pour-camping-car-et-caravane\/\",\"url\":\"https:\/\/www.campinglefonti.com\/fr\/emplacements-pour-camping-car-et-caravane\/\",\"name\":\"Emplacements pour camping-car et caravane - Camping Le Fonti\",\"isPartOf\":{\"@id\":\"https:\/\/www.campinglefonti.com\/fr\/#website\"},\"primaryImageOfPage\":{\"@id\":\"https:\/\/www.campinglefonti.com\/fr\/emplacements-pour-camping-car-et-caravane\/#primaryimage\"},\"image\":{\"@id\":\"https:\/\/www.campinglefonti.com\/fr\/emplacements-pour-camping-car-et-caravane\/#primaryimage\"},\"thumbnailUrl\":\"https:\/\/www.campinglefonti.com\/wp-content\/uploads\/\/P7080477-1024x768.jpg\",\"datePublished\":\"2025-02-25T11:27:06+00:00\",\"dateModified\":\"2025-02-25T11:27:07+00:00\",\"breadcrumb\":{\"@id\":\"https:\/\/www.campinglefonti.com\/fr\/emplacements-pour-camping-car-et-caravane\/#breadcrumb\"},\"inLanguage\":\"fr-FR\",\"potentialAction\":[{\"@type\":\"ReadAction\",\"target\":[\"https:\/\/www.campinglefonti.com\/fr\/emplacements-pour-camping-car-et-caravane\/\"]}]},{\"@type\":\"ImageObject\",\"inLanguage\":\"fr-FR\",\"@id\":\"https:\/\/www.campinglefonti.com\/fr\/emplacements-pour-camping-car-et-caravane\/#primaryimage\",\"url\":\"https:\/\/www.campinglefonti.com\/wp-content\/uploads\/\/P7080477-1024x768.jpg\",\"contentUrl\":\"https:\/\/www.campinglefonti.com\/wp-content\/uploads\/\/P7080477-1024x768.jpg\"},{\"@type\":\"BreadcrumbList\",\"@id\":\"https:\/\/www.campinglefonti.com\/fr\/emplacements-pour-camping-car-et-caravane\/#breadcrumb\",\"itemListElement\":[{\"@type\":\"ListItem\",\"position\":1,\"name\":\"Home\",\"item\":\"https:\/\/www.campinglefonti.com\/fr\/\"},{\"@type\":\"ListItem\",\"position\":2,\"name\":\"Emplacements pour camping-car et caravane\"}]},{\"@type\":\"WebSite\",\"@id\":\"https:\/\/www.campinglefonti.com\/fr\/#website\",\"url\":\"https:\/\/www.campinglefonti.com\/fr\/\",\"name\":\"Camping Le Fonti\",\"description\":\"Campeggio con bungalow e piazzole nell&#039;Appennino Reggiano\",\"publisher\":{\"@id\":\"https:\/\/www.campinglefonti.com\/fr\/#organization\"},\"potentialAction\":[{\"@type\":\"SearchAction\",\"target\":{\"@type\":\"EntryPoint\",\"urlTemplate\":\"https:\/\/www.campinglefonti.com\/fr\/?s={search_term_string}\"},\"query-input\":{\"@type\":\"PropertyValueSpecification\",\"valueRequired\":true,\"valueName\":\"search_term_string\"}}],\"inLanguage\":\"fr-FR\"},{\"@type\":\"Organization\",\"@id\":\"https:\/\/www.campinglefonti.com\/fr\/#organization\",\"name\":\"Camping Le Fonti\",\"url\":\"https:\/\/www.campinglefonti.com\/fr\/\",\"logo\":{\"@type\":\"ImageObject\",\"inLanguage\":\"fr-FR\",\"@id\":\"https:\/\/www.campinglefonti.com\/fr\/#\/schema\/logo\/image\/\",\"url\":\"https:\/\/www.campinglefonti.com\/wp-content\/uploads\/logo-camping-le-fonti.svg\",\"contentUrl\":\"https:\/\/www.campinglefonti.com\/wp-content\/uploads\/logo-camping-le-fonti.svg\",\"width\":75,\"height\":71,\"caption\":\"Camping Le Fonti\"},\"image\":{\"@id\":\"https:\/\/www.campinglefonti.com\/fr\/#\/schema\/logo\/image\/\"}}]}<\/script>\n<!-- \/ Yoast SEO plugin. -->","yoast_head_json":{"title":"Emplacements pour camping-car et caravane - Camping Le Fonti","robots":{"index":"index","follow":"follow","max-snippet":"max-snippet:-1","max-image-preview":"max-image-preview:large","max-video-preview":"max-video-preview:-1"},"canonical":"https:\/\/www.campinglefonti.com\/fr\/emplacements-pour-camping-car-et-caravane\/","og_locale":"fr_FR","og_type":"article","og_title":"Emplacements pour camping-car et caravane - Camping Le Fonti","og_description":"Est-ce que vous \u00eates aventureux et aimez rester en contact directe avec la nature? L\u2019endroit parfait por vous ce sont nos emplacements pour camping-car et caravane \u00e9quip\u00e9es des esapces communs avec tables et barbecues. Emplacements spacieux et panoramiques. Nos emplacements pour camping-car et caravane ont une superficie \u00e0 partir de 60 jusqu\u2019\u00e0 75 m\u00e8tres carr\u00e9s [&hellip;]","og_url":"https:\/\/www.campinglefonti.com\/fr\/emplacements-pour-camping-car-et-caravane\/","og_site_name":"Camping Le Fonti","article_modified_time":"2025-02-25T11:27:07+00:00","og_image":[{"width":2560,"height":1920,"url":"https:\/\/www.campinglefonti.com\/wp-content\/uploads\/P7080477-scaled.jpg","type":"image\/jpeg"}],"twitter_card":"summary_large_image","twitter_misc":{"Dur\u00e9e de lecture estim\u00e9e":"3 minutes"},"schema":{"@context":"https:\/\/schema.org","@graph":[{"@type":"WebPage","@id":"https:\/\/www.campinglefonti.com\/fr\/emplacements-pour-camping-car-et-caravane\/","url":"https:\/\/www.campinglefonti.com\/fr\/emplacements-pour-camping-car-et-caravane\/","name":"Emplacements pour camping-car et caravane - Camping Le Fonti","isPartOf":{"@id":"https:\/\/www.campinglefonti.com\/fr\/#website"},"primaryImageOfPage":{"@id":"https:\/\/www.campinglefonti.com\/fr\/emplacements-pour-camping-car-et-caravane\/#primaryimage"},"image":{"@id":"https:\/\/www.campinglefonti.com\/fr\/emplacements-pour-camping-car-et-caravane\/#primaryimage"},"thumbnailUrl":"https:\/\/www.campinglefonti.com\/wp-content\/uploads\/\/P7080477-1024x768.jpg","datePublished":"2025-02-25T11:27:06+00:00","dateModified":"2025-02-25T11:27:07+00:00","breadcrumb":{"@id":"https:\/\/www.campinglefonti.com\/fr\/emplacements-pour-camping-car-et-caravane\/#breadcrumb"},"inLanguage":"fr-FR","potentialAction":[{"@type":"ReadAction","target":["https:\/\/www.campinglefonti.com\/fr\/emplacements-pour-camping-car-et-caravane\/"]}]},{"@type":"ImageObject","inLanguage":"fr-FR","@id":"https:\/\/www.campinglefonti.com\/fr\/emplacements-pour-camping-car-et-caravane\/#primaryimage","url":"https:\/\/www.campinglefonti.com\/wp-content\/uploads\/\/P7080477-1024x768.jpg","contentUrl":"https:\/\/www.campinglefonti.com\/wp-content\/uploads\/\/P7080477-1024x768.jpg"},{"@type":"BreadcrumbList","@id":"https:\/\/www.campinglefonti.com\/fr\/emplacements-pour-camping-car-et-caravane\/#breadcrumb","itemListElement":[{"@type":"ListItem","position":1,"name":"Home","item":"https:\/\/www.campinglefonti.com\/fr\/"},{"@type":"ListItem","position":2,"name":"Emplacements pour camping-car et caravane"}]},{"@type":"WebSite","@id":"https:\/\/www.campinglefonti.com\/fr\/#website","url":"https:\/\/www.campinglefonti.com\/fr\/","name":"Camping Le Fonti","description":"Campeggio con bungalow e piazzole nell&#039;Appennino Reggiano","publisher":{"@id":"https:\/\/www.campinglefonti.com\/fr\/#organization"},"potentialAction":[{"@type":"SearchAction","target":{"@type":"EntryPoint","urlTemplate":"https:\/\/www.campinglefonti.com\/fr\/?s={search_term_string}"},"query-input":{"@type":"PropertyValueSpecification","valueRequired":true,"valueName":"search_term_string"}}],"inLanguage":"fr-FR"},{"@type":"Organization","@id":"https:\/\/www.campinglefonti.com\/fr\/#organization","name":"Camping Le Fonti","url":"https:\/\/www.campinglefonti.com\/fr\/","logo":{"@type":"ImageObject","inLanguage":"fr-FR","@id":"https:\/\/www.campinglefonti.com\/fr\/#\/schema\/logo\/image\/","url":"https:\/\/www.campinglefonti.com\/wp-content\/uploads\/logo-camping-le-fonti.svg","contentUrl":"https:\/\/www.campinglefonti.com\/wp-content\/uploads\/logo-camping-le-fonti.svg","width":75,"height":71,"caption":"Camping Le Fonti"},"image":{"@id":"https:\/\/www.campinglefonti.com\/fr\/#\/schema\/logo\/image\/"}}]}},"_links":{"self":[{"href":"https:\/\/www.campinglefonti.com\/fr\/wp-json\/wp\/v2\/pages\/4008","targetHints":{"allow":["GET"]}}],"collection":[{"href":"https:\/\/www.campinglefonti.com\/fr\/wp-json\/wp\/v2\/pages"}],"about":[{"href":"https:\/\/www.campinglefonti.com\/fr\/wp-json\/wp\/v2\/types\/page"}],"author":[{"embeddable":true,"href":"https:\/\/www.campinglefonti.com\/fr\/wp-json\/wp\/v2\/users\/6"}],"replies":[{"embeddable":true,"href":"https:\/\/www.campinglefonti.com\/fr\/wp-json\/wp\/v2\/comments?post=4008"}],"version-history":[{"count":5,"href":"https:\/\/www.campinglefonti.com\/fr\/wp-json\/wp\/v2\/pages\/4008\/revisions"}],"predecessor-version":[{"id":4308,"href":"https:\/\/www.campinglefonti.com\/fr\/wp-json\/wp\/v2\/pages\/4008\/revisions\/4308"}],"wp:attachment":[{"href":"https:\/\/www.campinglefonti.com\/fr\/wp-json\/wp\/v2\/media?parent=4008"}],"curies":[{"name":"wp","href":"https:\/\/api.w.org\/{rel}","templated":true}]}}