{"id":4031,"date":"2025-02-25T12:26:26","date_gmt":"2025-02-25T11:26:26","guid":{"rendered":"https:\/\/www.campinglefonti.com\/?page_id=4031"},"modified":"2025-02-25T12:26:27","modified_gmt":"2025-02-25T11:26:27","slug":"plan-du-camping","status":"publish","type":"page","link":"https:\/\/www.campinglefonti.com\/fr\/plan-du-camping\/","title":{"rendered":"Plan du Camping"},"content":{"rendered":"<div class=\"yoast-breadcrumbs\"><span><span><a href=\"https:\/\/www.campinglefonti.com\/fr\/\">Home<\/a><\/span> | <span class=\"breadcrumb_last\" aria-current=\"page\">Plan du Camping<\/span><\/span><\/div>\n\n\n<div class=\"wp-block-group is-style-light-green-bg margin-bottom--m home-number-section\"><div class=\"wp-block-group__inner-container is-layout-flow wp-block-group-is-layout-flow\">\n<div class=\"wp-block-columns is-layout-flex wp-container-core-columns-is-layout-9d6595d7 wp-block-columns-is-layout-flex\">\n<div class=\"wp-block-column is-layout-flow wp-block-column-is-layout-flow\"><div class=\"wp-block-image\">\n<figure class=\"aligncenter size-large\"><img loading=\"lazy\" decoding=\"async\" width=\"50\" height=\"44\" src=\"https:\/\/www.campinglefonti.com\/wp-content\/uploads\/\/parco-icon.svg\" alt=\"\" class=\"wp-image-75\"\/><\/figure><\/div>\n\n\n<p class=\"has-text-align-center\">100.000<\/p>\n\n\n\n<p class=\"has-text-align-center\">m\u00e8tres carr\u00e9s<\/p>\n<\/div>\n\n\n\n<div class=\"wp-block-column is-layout-flow wp-block-column-is-layout-flow\"><div class=\"wp-block-image\">\n<figure class=\"aligncenter size-large\"><img loading=\"lazy\" decoding=\"async\" width=\"50\" height=\"44\" src=\"https:\/\/www.campinglefonti.com\/wp-content\/uploads\/\/camping-icon.svg\" alt=\"\" class=\"wp-image-76\"\/><\/figure><\/div>\n\n\n<p class=\"has-text-align-center\">210<\/p>\n\n\n\n<p class=\"has-text-align-center\">emplacemets<\/p>\n<\/div>\n\n\n\n<div class=\"wp-block-column is-layout-flow wp-block-column-is-layout-flow\"><div class=\"wp-block-image\">\n<figure class=\"aligncenter size-large\"><img loading=\"lazy\" decoding=\"async\" width=\"64\" height=\"44\" src=\"https:\/\/www.campinglefonti.com\/wp-content\/uploads\/\/bungalow-icon.svg\" alt=\"\" class=\"wp-image-77\"\/><\/figure><\/div>\n\n\n<p class=\"has-text-align-center\">28<\/p>\n\n\n\n<p class=\"has-text-align-center\">chalets<\/p>\n<\/div>\n\n\n\n<div class=\"wp-block-column is-layout-flow wp-block-column-is-layout-flow\"><div class=\"wp-block-image\">\n<figure class=\"aligncenter size-large\"><img loading=\"lazy\" decoding=\"async\" width=\"44\" height=\"44\" src=\"https:\/\/www.campinglefonti.com\/wp-content\/uploads\/\/mountain-icon.svg\" alt=\"\" class=\"wp-image-78\"\/><\/figure><\/div>\n\n\n<p class=\"has-text-align-center\">1000<\/p>\n\n\n\n<p class=\"has-text-align-center\">m\u00e8tres d&#8217;altitude<\/p>\n<\/div>\n\n\n\n<div class=\"wp-block-column is-layout-flow wp-block-column-is-layout-flow\"><div class=\"wp-block-image\">\n<figure class=\"aligncenter size-large\"><img loading=\"lazy\" decoding=\"async\" width=\"54\" height=\"44\" src=\"https:\/\/www.campinglefonti.com\/wp-content\/uploads\/\/terme-icon.svg\" alt=\"\" class=\"wp-image-79\"\/><\/figure><\/div>\n\n\n<p class=\"has-text-align-center\">500<\/p>\n\n\n\n<p class=\"has-text-align-center\">m\u00e8tres des thermes<\/p>\n<\/div>\n<\/div>\n<\/div><\/div>\n\n\n\n<div class=\"wp-block-group camping-map\"><div class=\"wp-block-group__inner-container is-layout-flow wp-block-group-is-layout-flow\"><div class=\"wpv-view-output\" data-toolset-views-view-editor=\"1930c6fb329d7a7bec38cc8ddea16e12\">\n<div class=\"wp-block-toolset-views-view-editor wpv-gutenberg-view-wrapper-2054\">\n\n\n<div id=\"wpv-view-layout-2054\" class=\"js-wpv-view-layout js-wpv-layout-responsive js-wpv-view-layout-2054\" data-viewnumber=\"2054\" data-pagination=\"{&quot;id&quot;:2054,&quot;query&quot;:&quot;normal&quot;,&quot;type&quot;:&quot;disabled&quot;,&quot;effect&quot;:&quot;fade&quot;,&quot;duration&quot;:500,&quot;speed&quot;:5,&quot;pause_on_hover&quot;:&quot;disabled&quot;,&quot;stop_rollover&quot;:&quot;false&quot;,&quot;cache_pages&quot;:&quot;enabled&quot;,&quot;preload_images&quot;:&quot;enabled&quot;,&quot;preload_pages&quot;:&quot;enabled&quot;,&quot;preload_reach&quot;:1,&quot;spinner&quot;:&quot;builtin&quot;,&quot;spinner_image&quot;:&quot;https:\/\/www.campinglefonti.com\/wp-content\/plugins\/wp-views\/embedded\/res\/img\/ajax-loader.gif&quot;,&quot;callback_next&quot;:&quot;&quot;,&quot;manage_history&quot;:&quot;enabled&quot;,&quot;has_controls_in_form&quot;:&quot;disabled&quot;,&quot;infinite_tolerance&quot;:&quot;0&quot;,&quot;max_pages&quot;:0,&quot;page&quot;:1,&quot;base_permalink&quot;:&quot;\/fr\/wp-json\/wp\/v2\/pages\/4031?wpv_view_count=2054&amp;wpv_paged=WPV_PAGE_NUM&quot;,&quot;loop&quot;:{&quot;type&quot;:&quot;&quot;,&quot;name&quot;:&quot;&quot;,&quot;data&quot;:[],&quot;id&quot;:0}}\" data-permalink=\"\/fr\/wp-json\/wp\/v2\/pages\/4031?wpv_view_count=2054\">\n\n\t\n\t<div id=\"zoom_container\"><\/div>\n    <div id=\"landmarks\" style=\"display:none;\">\t\n\t\n\t\t\n          \n          <div class=\"lhp_miv_hotspot\" data-x=\"822\" data-y=\"950\" data-visible-scale=\"0.5\">\n            <div class=\"lhp_miv_marker pos-BL\">\n              \n              \n              \t<span class=\"label\"><a href=\"https:\/\/www.campinglefonti.com\/fr\/bungalows\/bungalow-small-4\/\">Small 4<\/a><\/span>\n              \n            <\/div>\n          <\/div>\n          \n\t\t\n          \n          <div class=\"lhp_miv_hotspot\" data-x=\"649\" data-y=\"1076\" data-visible-scale=\"0.5\">\n            <div class=\"lhp_miv_marker pos-BL\">\n              \n              \n              \t<span class=\"label\"><a href=\"https:\/\/www.campinglefonti.com\/fr\/bungalows\/bungalow-medium-5\/\">Medium 5<\/a><\/span>\n              \n            <\/div>\n          <\/div>\n          \n\t\t\n          \n          <div class=\"lhp_miv_hotspot\" data-x=\"357\" data-y=\"1245\" data-visible-scale=\"0.5\">\n            <div class=\"lhp_miv_marker pos-BL\">\n              \n              \n              \t<span class=\"label\"><a href=\"https:\/\/www.campinglefonti.com\/fr\/bungalows\/bungalow-large-7\/\">Large 7<\/a><\/span>\n              \n            <\/div>\n          <\/div>\n          \n\t\t\n          \n          <div class=\"lhp_miv_hotspot\" data-x=\"272\" data-y=\"1574\" data-visible-scale=\"0.5\">\n            <div class=\"lhp_miv_marker pos-BL\">\n              \n              \n              \t<span class=\"label\"><a href=\"https:\/\/www.campinglefonti.com\/fr\/bungalows\/bungalow-abbinati-large-23-24-25-26\/\">Large 23-24-25-26<\/a><\/span>\n              \n            <\/div>\n          <\/div>\n          \n\t\t\n          \n          <div class=\"lhp_miv_hotspot\" data-x=\"372\" data-y=\"1453\" data-visible-scale=\"0.5\">\n            <div class=\"lhp_miv_marker pos-BL\">\n              \n              \n              \t<span class=\"label\"><a href=\"https:\/\/www.campinglefonti.com\/fr\/bungalows\/bungalow-large-abbinati-21-22\/\">Large 21-22<\/a><\/span>\n              \n            <\/div>\n          <\/div>\n          \n\t\t\n          \n          <div class=\"lhp_miv_hotspot\" data-x=\"588\" data-y=\"1391\" data-visible-scale=\"0.5\">\n            <div class=\"lhp_miv_marker pos-BL\">\n              \n              \n              \t<span class=\"label\"><a href=\"https:\/\/www.campinglefonti.com\/fr\/bungalows\/bungalow-medium-19\/\">Medium 19<\/a><\/span>\n              \n            <\/div>\n          <\/div>\n          \n\t\t\n          \n          <div class=\"lhp_miv_hotspot\" data-x=\"1188\" data-y=\"915\" data-visible-scale=\"0.5\">\n            <div class=\"lhp_miv_marker pos-BL\">\n              \n              \n              \t<span class=\"label\"><a href=\"https:\/\/www.campinglefonti.com\/fr\/bungalows\/bungalow-large-18\/\">Large18<\/a><\/span>\n              \n            <\/div>\n          <\/div>\n          \n\t\t\n          \n          <div class=\"lhp_miv_hotspot\" data-x=\"936\" data-y=\"1027\" data-visible-scale=\"0.5\">\n            <div class=\"lhp_miv_marker pos-BL\">\n              \n              \n              \t<span class=\"label\"><a href=\"https:\/\/www.campinglefonti.com\/fr\/bungalows\/bungalow-small-6\/\">Small 6<\/a><\/span>\n              \n            <\/div>\n          <\/div>\n          \n\t\t\n          \n          <div class=\"lhp_miv_hotspot\" data-x=\"1350\" data-y=\"1143\" data-visible-scale=\"0.5\">\n            <div class=\"lhp_miv_marker pos-BL\">\n              \n              \n              \t<span class=\"label\"><a href=\"https:\/\/www.campinglefonti.com\/fr\/bungalows\/bungalow-medium-8\/\">Medium 8<\/a><\/span>\n              \n            <\/div>\n          <\/div>\n          \n\t\t\n          \n          <div class=\"lhp_miv_hotspot\" data-x=\"779\" data-y=\"1301\" data-visible-scale=\"0.5\">\n            <div class=\"lhp_miv_marker pos-BL\">\n              \n              \n              \t<span class=\"label\"><a href=\"https:\/\/www.campinglefonti.com\/fr\/bungalows\/bungalow-large-9\/\">Large 9<\/a><\/span>\n              \n            <\/div>\n          <\/div>\n          \n\t\t\n          \n          <div class=\"lhp_miv_hotspot\" data-x=\"347\" data-y=\"1603\" data-visible-scale=\"0.5\">\n            <div class=\"lhp_miv_marker pos-BL\">\n              \n              \n              \t<span class=\"label\"><a href=\"https:\/\/www.campinglefonti.com\/fr\/bungalows\/bungalow-medium-10-11-12-13\/\">Medium 10-11-12-13<\/a><\/span>\n              \n            <\/div>\n          <\/div>\n          \n\t\t\n          \n          <div class=\"lhp_miv_hotspot\" data-x=\"732\" data-y=\"1225\" data-visible-scale=\"0.5\">\n            <div class=\"lhp_miv_marker pos-BL\">\n              \n              \n              \t<span class=\"label\"><a href=\"https:\/\/www.campinglefonti.com\/fr\/bungalows\/bungalow-medium-3\/\">Medium 3<\/a><\/span>\n              \n            <\/div>\n          <\/div>\n          \n\t\t\n          \n          <div class=\"lhp_miv_hotspot\" data-x=\"981\" data-y=\"979\" data-visible-scale=\"0.5\">\n            <div class=\"lhp_miv_marker pos-BL\">\n              \n              \n              \t<span class=\"label\"><a href=\"https:\/\/www.campinglefonti.com\/fr\/bungalows\/bungalow-small-2\/\">Small 2<\/a><\/span>\n              \n            <\/div>\n          <\/div>\n          \n\t\t\n          \n          <div class=\"lhp_miv_hotspot\" data-x=\"1038\" data-y=\"937\" data-visible-scale=\"0.5\">\n            <div class=\"lhp_miv_marker pos-BL\">\n              \n              \n              \t<span class=\"label\"><a href=\"https:\/\/www.campinglefonti.com\/fr\/bungalows\/bungalow-small-1\/\">Small 1<\/a><\/span>\n              \n            <\/div>\n          <\/div>\n          \n\t\t\n\t\n    <\/div>\n\t\n\t\n<\/div><\/div>\n<\/div><\/div><\/div>\n","protected":false},"excerpt":{"rendered":"<p>100.000 m\u00e8tres carr\u00e9s 210 emplacemets 28 chalets 1000 m\u00e8tres d&#8217;altitude 500 m\u00e8tres des thermes<\/p>\n","protected":false},"author":6,"featured_media":0,"parent":0,"menu_order":3,"comment_status":"closed","ping_status":"closed","template":"","meta":{"_acf_changed":false,"inline_featured_image":false,"_genesis_hide_title":false,"_genesis_hide_breadcrumbs":false,"_genesis_hide_singular_image":false,"_genesis_hide_footer_widgets":false,"_genesis_custom_body_class":"","_genesis_custom_post_class":"","_genesis_layout":"","footnotes":"","_links_to":"","_links_to_target":""},"class_list":{"0":"post-4031","1":"page","2":"type-page","3":"status-publish","5":"entry"},"acf":[],"yoast_head":"<!-- This site is optimized with the Yoast SEO plugin v27.2 - https:\/\/yoast.com\/product\/yoast-seo-wordpress\/ -->\n<title>Plan du Camping - Camping Le Fonti<\/title>\n<meta name=\"robots\" content=\"index, follow, max-snippet:-1, max-image-preview:large, max-video-preview:-1\" \/>\n<link rel=\"canonical\" href=\"https:\/\/www.campinglefonti.com\/fr\/plan-du-camping\/\" \/>\n<meta property=\"og:locale\" content=\"fr_FR\" \/>\n<meta property=\"og:type\" content=\"article\" \/>\n<meta property=\"og:title\" content=\"Plan du Camping - Camping Le Fonti\" \/>\n<meta property=\"og:description\" content=\"100.000 m\u00e8tres carr\u00e9s 210 emplacemets 28 chalets 1000 m\u00e8tres d&#8217;altitude 500 m\u00e8tres des thermes\" \/>\n<meta property=\"og:url\" content=\"https:\/\/www.campinglefonti.com\/fr\/plan-du-camping\/\" \/>\n<meta property=\"og:site_name\" content=\"Camping Le Fonti\" \/>\n<meta property=\"article:modified_time\" content=\"2025-02-25T11:26:27+00:00\" \/>\n<meta name=\"twitter:card\" content=\"summary_large_image\" \/>\n<script type=\"application\/ld+json\" class=\"yoast-schema-graph\">{\"@context\":\"https:\/\/schema.org\",\"@graph\":[{\"@type\":\"WebPage\",\"@id\":\"https:\/\/www.campinglefonti.com\/fr\/plan-du-camping\/\",\"url\":\"https:\/\/www.campinglefonti.com\/fr\/plan-du-camping\/\",\"name\":\"Plan du Camping - Camping Le Fonti\",\"isPartOf\":{\"@id\":\"https:\/\/www.campinglefonti.com\/fr\/#website\"},\"primaryImageOfPage\":{\"@id\":\"https:\/\/www.campinglefonti.com\/fr\/plan-du-camping\/#primaryimage\"},\"image\":{\"@id\":\"https:\/\/www.campinglefonti.com\/fr\/plan-du-camping\/#primaryimage\"},\"thumbnailUrl\":\"https:\/\/www.campinglefonti.com\/wp-content\/uploads\/\/parco-icon.svg\",\"datePublished\":\"2025-02-25T11:26:26+00:00\",\"dateModified\":\"2025-02-25T11:26:27+00:00\",\"breadcrumb\":{\"@id\":\"https:\/\/www.campinglefonti.com\/fr\/plan-du-camping\/#breadcrumb\"},\"inLanguage\":\"fr-FR\",\"potentialAction\":[{\"@type\":\"ReadAction\",\"target\":[\"https:\/\/www.campinglefonti.com\/fr\/plan-du-camping\/\"]}]},{\"@type\":\"ImageObject\",\"inLanguage\":\"fr-FR\",\"@id\":\"https:\/\/www.campinglefonti.com\/fr\/plan-du-camping\/#primaryimage\",\"url\":\"https:\/\/www.campinglefonti.com\/wp-content\/uploads\/\/parco-icon.svg\",\"contentUrl\":\"https:\/\/www.campinglefonti.com\/wp-content\/uploads\/\/parco-icon.svg\"},{\"@type\":\"BreadcrumbList\",\"@id\":\"https:\/\/www.campinglefonti.com\/fr\/plan-du-camping\/#breadcrumb\",\"itemListElement\":[{\"@type\":\"ListItem\",\"position\":1,\"name\":\"Home\",\"item\":\"https:\/\/www.campinglefonti.com\/fr\/\"},{\"@type\":\"ListItem\",\"position\":2,\"name\":\"Plan du Camping\"}]},{\"@type\":\"WebSite\",\"@id\":\"https:\/\/www.campinglefonti.com\/fr\/#website\",\"url\":\"https:\/\/www.campinglefonti.com\/fr\/\",\"name\":\"Camping Le Fonti\",\"description\":\"Campeggio con bungalow e piazzole nell&#039;Appennino Reggiano\",\"publisher\":{\"@id\":\"https:\/\/www.campinglefonti.com\/fr\/#organization\"},\"potentialAction\":[{\"@type\":\"SearchAction\",\"target\":{\"@type\":\"EntryPoint\",\"urlTemplate\":\"https:\/\/www.campinglefonti.com\/fr\/?s={search_term_string}\"},\"query-input\":{\"@type\":\"PropertyValueSpecification\",\"valueRequired\":true,\"valueName\":\"search_term_string\"}}],\"inLanguage\":\"fr-FR\"},{\"@type\":\"Organization\",\"@id\":\"https:\/\/www.campinglefonti.com\/fr\/#organization\",\"name\":\"Camping Le Fonti\",\"url\":\"https:\/\/www.campinglefonti.com\/fr\/\",\"logo\":{\"@type\":\"ImageObject\",\"inLanguage\":\"fr-FR\",\"@id\":\"https:\/\/www.campinglefonti.com\/fr\/#\/schema\/logo\/image\/\",\"url\":\"https:\/\/www.campinglefonti.com\/wp-content\/uploads\/logo-camping-le-fonti.svg\",\"contentUrl\":\"https:\/\/www.campinglefonti.com\/wp-content\/uploads\/logo-camping-le-fonti.svg\",\"width\":75,\"height\":71,\"caption\":\"Camping Le Fonti\"},\"image\":{\"@id\":\"https:\/\/www.campinglefonti.com\/fr\/#\/schema\/logo\/image\/\"}}]}<\/script>\n<!-- \/ Yoast SEO plugin. -->","yoast_head_json":{"title":"Plan du Camping - Camping Le Fonti","robots":{"index":"index","follow":"follow","max-snippet":"max-snippet:-1","max-image-preview":"max-image-preview:large","max-video-preview":"max-video-preview:-1"},"canonical":"https:\/\/www.campinglefonti.com\/fr\/plan-du-camping\/","og_locale":"fr_FR","og_type":"article","og_title":"Plan du Camping - Camping Le Fonti","og_description":"100.000 m\u00e8tres carr\u00e9s 210 emplacemets 28 chalets 1000 m\u00e8tres d&#8217;altitude 500 m\u00e8tres des thermes","og_url":"https:\/\/www.campinglefonti.com\/fr\/plan-du-camping\/","og_site_name":"Camping Le Fonti","article_modified_time":"2025-02-25T11:26:27+00:00","twitter_card":"summary_large_image","schema":{"@context":"https:\/\/schema.org","@graph":[{"@type":"WebPage","@id":"https:\/\/www.campinglefonti.com\/fr\/plan-du-camping\/","url":"https:\/\/www.campinglefonti.com\/fr\/plan-du-camping\/","name":"Plan du Camping - Camping Le Fonti","isPartOf":{"@id":"https:\/\/www.campinglefonti.com\/fr\/#website"},"primaryImageOfPage":{"@id":"https:\/\/www.campinglefonti.com\/fr\/plan-du-camping\/#primaryimage"},"image":{"@id":"https:\/\/www.campinglefonti.com\/fr\/plan-du-camping\/#primaryimage"},"thumbnailUrl":"https:\/\/www.campinglefonti.com\/wp-content\/uploads\/\/parco-icon.svg","datePublished":"2025-02-25T11:26:26+00:00","dateModified":"2025-02-25T11:26:27+00:00","breadcrumb":{"@id":"https:\/\/www.campinglefonti.com\/fr\/plan-du-camping\/#breadcrumb"},"inLanguage":"fr-FR","potentialAction":[{"@type":"ReadAction","target":["https:\/\/www.campinglefonti.com\/fr\/plan-du-camping\/"]}]},{"@type":"ImageObject","inLanguage":"fr-FR","@id":"https:\/\/www.campinglefonti.com\/fr\/plan-du-camping\/#primaryimage","url":"https:\/\/www.campinglefonti.com\/wp-content\/uploads\/\/parco-icon.svg","contentUrl":"https:\/\/www.campinglefonti.com\/wp-content\/uploads\/\/parco-icon.svg"},{"@type":"BreadcrumbList","@id":"https:\/\/www.campinglefonti.com\/fr\/plan-du-camping\/#breadcrumb","itemListElement":[{"@type":"ListItem","position":1,"name":"Home","item":"https:\/\/www.campinglefonti.com\/fr\/"},{"@type":"ListItem","position":2,"name":"Plan du Camping"}]},{"@type":"WebSite","@id":"https:\/\/www.campinglefonti.com\/fr\/#website","url":"https:\/\/www.campinglefonti.com\/fr\/","name":"Camping Le Fonti","description":"Campeggio con bungalow e piazzole nell&#039;Appennino Reggiano","publisher":{"@id":"https:\/\/www.campinglefonti.com\/fr\/#organization"},"potentialAction":[{"@type":"SearchAction","target":{"@type":"EntryPoint","urlTemplate":"https:\/\/www.campinglefonti.com\/fr\/?s={search_term_string}"},"query-input":{"@type":"PropertyValueSpecification","valueRequired":true,"valueName":"search_term_string"}}],"inLanguage":"fr-FR"},{"@type":"Organization","@id":"https:\/\/www.campinglefonti.com\/fr\/#organization","name":"Camping Le Fonti","url":"https:\/\/www.campinglefonti.com\/fr\/","logo":{"@type":"ImageObject","inLanguage":"fr-FR","@id":"https:\/\/www.campinglefonti.com\/fr\/#\/schema\/logo\/image\/","url":"https:\/\/www.campinglefonti.com\/wp-content\/uploads\/logo-camping-le-fonti.svg","contentUrl":"https:\/\/www.campinglefonti.com\/wp-content\/uploads\/logo-camping-le-fonti.svg","width":75,"height":71,"caption":"Camping Le Fonti"},"image":{"@id":"https:\/\/www.campinglefonti.com\/fr\/#\/schema\/logo\/image\/"}}]}},"_links":{"self":[{"href":"https:\/\/www.campinglefonti.com\/fr\/wp-json\/wp\/v2\/pages\/4031","targetHints":{"allow":["GET"]}}],"collection":[{"href":"https:\/\/www.campinglefonti.com\/fr\/wp-json\/wp\/v2\/pages"}],"about":[{"href":"https:\/\/www.campinglefonti.com\/fr\/wp-json\/wp\/v2\/types\/page"}],"author":[{"embeddable":true,"href":"https:\/\/www.campinglefonti.com\/fr\/wp-json\/wp\/v2\/users\/6"}],"replies":[{"embeddable":true,"href":"https:\/\/www.campinglefonti.com\/fr\/wp-json\/wp\/v2\/comments?post=4031"}],"version-history":[{"count":4,"href":"https:\/\/www.campinglefonti.com\/fr\/wp-json\/wp\/v2\/pages\/4031\/revisions"}],"predecessor-version":[{"id":4304,"href":"https:\/\/www.campinglefonti.com\/fr\/wp-json\/wp\/v2\/pages\/4031\/revisions\/4304"}],"wp:attachment":[{"href":"https:\/\/www.campinglefonti.com\/fr\/wp-json\/wp\/v2\/media?parent=4031"}],"curies":[{"name":"wp","href":"https:\/\/api.w.org\/{rel}","templated":true}]}}