{"id":4034,"date":"2025-02-25T12:24:30","date_gmt":"2025-02-25T11:24:30","guid":{"rendered":"https:\/\/www.campinglefonti.com\/?page_id=4034"},"modified":"2025-03-02T15:58:42","modified_gmt":"2025-03-02T14:58:42","slug":"wellness","status":"publish","type":"page","link":"https:\/\/www.campinglefonti.com\/fr\/wellness\/","title":{"rendered":"Wellness"},"content":{"rendered":"\n<figure class=\"wp-block-image alignfull size-large grid-section-main-image\"><img loading=\"lazy\" decoding=\"async\" width=\"1024\" height=\"683\" src=\"https:\/\/www.campinglefonti.com\/wp-content\/uploads\/\/Negative0-18-182-1024x683.jpg\" alt=\"\" class=\"wp-image-286\" srcset=\"https:\/\/www.campinglefonti.com\/wp-content\/uploads\/Negative0-18-182-1024x683.jpg 1024w, https:\/\/www.campinglefonti.com\/wp-content\/uploads\/Negative0-18-182-300x200.jpg 300w, https:\/\/www.campinglefonti.com\/wp-content\/uploads\/Negative0-18-182-768x512.jpg 768w, https:\/\/www.campinglefonti.com\/wp-content\/uploads\/Negative0-18-182-1536x1025.jpg 1536w, https:\/\/www.campinglefonti.com\/wp-content\/uploads\/Negative0-18-182-20x13.jpg 20w, https:\/\/www.campinglefonti.com\/wp-content\/uploads\/Negative0-18-182.jpg 2000w\" sizes=\"auto, (max-width: 1024px) 100vw, 1024px\" \/><\/figure>\n\n\n\n<div class=\"wp-block-columns grid-section-columns grid-section-columns-green margin-bottom--m is-layout-flex wp-container-core-columns-is-layout-9d6595d7 wp-block-columns-is-layout-flex\">\n<div class=\"wp-block-column is-layout-flow wp-block-column-is-layout-flow\">\n<figure class=\"wp-block-image size-large\"><img loading=\"lazy\" decoding=\"async\" width=\"1024\" height=\"576\" src=\"https:\/\/www.campinglefonti.com\/wp-content\/uploads\/\/Piscina-1-1024x576.jpg\" alt=\"\" class=\"wp-image-4582\" srcset=\"https:\/\/www.campinglefonti.com\/wp-content\/uploads\/Piscina-1-1024x576.jpg 1024w, https:\/\/www.campinglefonti.com\/wp-content\/uploads\/Piscina-1-300x169.jpg 300w, https:\/\/www.campinglefonti.com\/wp-content\/uploads\/Piscina-1-768x432.jpg 768w, https:\/\/www.campinglefonti.com\/wp-content\/uploads\/Piscina-1-1536x864.jpg 1536w, https:\/\/www.campinglefonti.com\/wp-content\/uploads\/Piscina-1.jpg 2048w\" sizes=\"auto, (max-width: 1024px) 100vw, 1024px\" \/><\/figure>\n<\/div>\n\n\n\n<div class=\"wp-block-column is-layout-flow wp-block-column-is-layout-flow\"><div class=\"yoast-breadcrumbs\"><span><span><a href=\"https:\/\/www.campinglefonti.com\/fr\/\">Home<\/a><\/span> | <span class=\"breadcrumb_last\" aria-current=\"page\">Wellness<\/span><\/span><\/div>\n\n\n<h1 class=\"wp-block-heading\"><strong>Apr\u00e8s une journ\u00e9e en plein air, voulez-vous vous d\u00e9tendre?<\/strong><\/h1>\n\n\n\n<p>Venez dans notre espace wellness. Tous les services sont sur r\u00e9servation pour assurer l\u2019intimit\u00e9.<\/p>\n\n\n\n<p>Vous pouvez r\u00e9server avec un message a\u00f9 num\u00e9ro <img loading=\"lazy\" decoding=\"async\" width=\"30\" height=\"29\" class=\"wp-image-654\" style=\"width: 30px;\" src=\"https:\/\/www.campinglefonti.com\/wp-content\/uploads\/WhatsApp-icon-1.png\" alt=\"\" srcset=\"https:\/\/www.campinglefonti.com\/wp-content\/uploads\/WhatsApp-icon-1.png 189w, https:\/\/www.campinglefonti.com\/wp-content\/uploads\/WhatsApp-icon-1-150x150.png 150w, https:\/\/www.campinglefonti.com\/wp-content\/uploads\/WhatsApp-icon-1-75x75.png 75w, https:\/\/www.campinglefonti.com\/wp-content\/uploads\/WhatsApp-icon-1-20x20.png 20w\" sizes=\"auto, (max-width: 30px) 100vw, 30px\" \/> 333 642 5450.<\/p>\n\n\n\n<p>Pour ne rien manquer, suivez nos pages <a href=\"https:\/\/www.facebook.com\/Grottabenessere\">Facebook<\/a> et <a href=\"https:\/\/www.instagram.com\/grottadelbenessere\/?hl=it\">Instagram<\/a>.<\/p>\n\n\n\n<p>D\u00e9couvrez tous les services du SPA:<\/p>\n<\/div>\n<\/div>\n\n\n\n<div class=\"wp-block-columns image-on-left margin-bottom--m is-layout-flex wp-container-core-columns-is-layout-9d6595d7 wp-block-columns-is-layout-flex\">\n<div class=\"wp-block-column is-layout-flow wp-block-column-is-layout-flow\">\n<figure class=\"wp-block-image size-large\"><img loading=\"lazy\" decoding=\"async\" width=\"1024\" height=\"768\" src=\"https:\/\/www.campinglefonti.com\/wp-content\/uploads\/\/PA3005221-1024x768.jpg\" alt=\"\" class=\"wp-image-290\" srcset=\"https:\/\/www.campinglefonti.com\/wp-content\/uploads\/PA3005221-1024x768.jpg 1024w, https:\/\/www.campinglefonti.com\/wp-content\/uploads\/PA3005221-300x225.jpg 300w, https:\/\/www.campinglefonti.com\/wp-content\/uploads\/PA3005221-768x576.jpg 768w, https:\/\/www.campinglefonti.com\/wp-content\/uploads\/PA3005221-1536x1152.jpg 1536w, https:\/\/www.campinglefonti.com\/wp-content\/uploads\/PA3005221-2048x1536.jpg 2048w, https:\/\/www.campinglefonti.com\/wp-content\/uploads\/PA3005221-702x526.jpg 702w, https:\/\/www.campinglefonti.com\/wp-content\/uploads\/PA3005221-20x15.jpg 20w, https:\/\/www.campinglefonti.com\/wp-content\/uploads\/PA3005221.jpg 1920w\" sizes=\"auto, (max-width: 1024px) 100vw, 1024px\" \/><\/figure>\n<\/div>\n\n\n\n<div class=\"wp-block-column is-layout-flow wp-block-column-is-layout-flow\">\n<h2 class=\"wp-block-heading\"><strong>L\u2019espace<\/strong> <strong>d\u00e9tente<\/strong><\/h2>\n\n\n\n<p>D\u00e9gustez des tisanes \u00e0 l&#8217;ar\u00f4me envo\u00fbtant dans cette salle intime pendant que regardez les&nbsp;flammes&nbsp;dans la&nbsp;chemin\u00e9e.<\/p>\n\n\n\n<h2 class=\"wp-block-heading\"><strong>La douche \u00e9motionelle<\/strong><\/h2>\n\n\n\n<p>Une chute d\u2019eau qui transforme stress et tension en energie positive et vitalit\u00e9, avec un jeu des temp\u00e9ratures, sons et couleurs. Un voyage multisensoriel unique qui unit chromoth\u00e9rapie et aromath\u00e9rapie.<\/p>\n\n\n\n<h2 class=\"wp-block-heading\"><strong>La jacuzzi<\/strong><\/h2>\n\n\n\n<p>Gr\u00e2ce aux jets d\u2019eau bouillonnants vous pouvez vivre des moments pr\u00e9cieux pour r\u00e9g\u00e9n\u00e9rer&nbsp;l&#8217;esprit et le corps.<\/p>\n<\/div>\n<\/div>\n\n\n\n<div class=\"wp-block-columns image-on-right blue-bg margin-bottom--m is-layout-flex wp-container-core-columns-is-layout-9d6595d7 wp-block-columns-is-layout-flex\">\n<div class=\"wp-block-column is-layout-flow wp-block-column-is-layout-flow\">\n<h2 class=\"wp-block-heading\"><strong>La salle du sel<\/strong><\/h2>\n\n\n\n<p>I\u00e7i nous avons recr\u00e9\u00e9 les effets b\u00e9n\u00e9fiques de l\u2019eau de la mer, o\u00f9 la concentration de sel est \u00e9l\u00e9v\u00e9e. Les murs et le sol sont r\u00e9alis\u00e9 avec sel, diffus\u00e9 aussi par une tour de degr\u00e9 qui ne favorise l&#8217;absorption. La temp\u00e9rature est constante \u00e0 18-24\u00b0 et l\u2019humidit\u00e9 est contr\u00f4l\u00e9e.<\/p>\n\n\n\n<h2 class=\"wp-block-heading\"><strong>L\u2019 Hammam<\/strong><\/h2>\n\n\n\n<p>D\u00e9couvrez notre hammam, un espace que facilite l\u2019elimination des toxines, comme le sodium, l\u2019alcool, la nicotine, le cholest\u00e9rol, les m\u00e9taux et tous les substances dangereuses pour la sant\u00e9. L\u2019hammam am\u00e9liore aussi la circolation sanguine et renforce les syst\u00e8mes&nbsp;immunitaire et lymphatique. C\u2019est un rem\u00e8de tr\u00e8s efficace pour l\u2019acn\u00e9, la dermatite, rhumatismes et les inflammations des voies respiratoires. Il am\u00e9liore aussi le m\u00e9tabolisme, en augmentant la velocit\u00e9 et en favorisant l\u2019amincissement. Il peut aussi traiter le rhume, gr\u00e2ce aux ses propri\u00e9t\u00e9s d\u00e9congestionnantes.<\/p>\n\n\n\n<h2 class=\"wp-block-heading\"><strong>La piscine int\u00e9rieure chauff\u00e9e<\/strong><\/h2>\n\n\n\n<p>Un&nbsp;espace de bien-\u00eatre \u00e0 votre disposition tout au long de l&#8217;ann\u00e9e. L\u2019eau de la piscine vous enveloppe avec sa temp\u00e9rature constante \u00e0 29\u00b0.<\/p>\n\n\n\n<p>Nous parions que vous n&#8217;avez plus envie de quitter!<\/p>\n\n\n\n<ul class=\"wp-block-list\">\n<li>De 9.00 \u00e0 12.30 et de 15.00 \u00e0 19.00<\/li>\n\n\n\n<li>Si vous avez oubli\u00e9 le bonnet de bain, on s&#8217;en occupe.<\/li>\n\n\n\n<li>Nous organisons des&nbsp;cours d&#8217;aquagym pendant l\u2019\u00e9t\u00e9.<\/li>\n<\/ul>\n<\/div>\n\n\n\n<div class=\"wp-block-column is-layout-flow wp-block-column-is-layout-flow\">\n<figure class=\"wp-block-image alignfull size-large\"><img loading=\"lazy\" decoding=\"async\" width=\"768\" height=\"1024\" src=\"https:\/\/www.campinglefonti.com\/wp-content\/uploads\/PA3005511-768x1024.jpg\" alt=\"\" class=\"wp-image-4037\" srcset=\"https:\/\/www.campinglefonti.com\/wp-content\/uploads\/PA3005511-768x1024.jpg 768w, https:\/\/www.campinglefonti.com\/wp-content\/uploads\/PA3005511-225x300.jpg 225w, https:\/\/www.campinglefonti.com\/wp-content\/uploads\/PA3005511-1152x1536.jpg 1152w, https:\/\/www.campinglefonti.com\/wp-content\/uploads\/PA3005511-1536x2048.jpg 1536w, https:\/\/www.campinglefonti.com\/wp-content\/uploads\/PA3005511-scaled.jpg 1920w\" sizes=\"auto, (max-width: 768px) 100vw, 768px\" \/><\/figure>\n<\/div>\n<\/div>\n\n\n\n<figure class=\"wp-block-image size-large\"><img loading=\"lazy\" decoding=\"async\" width=\"1024\" height=\"1024\" src=\"https:\/\/www.campinglefonti.com\/wp-content\/uploads\/\/Acquagym-1024x1024.jpg\" alt=\"\" class=\"wp-image-4576\" srcset=\"https:\/\/www.campinglefonti.com\/wp-content\/uploads\/Acquagym-1024x1024.jpg 1024w, https:\/\/www.campinglefonti.com\/wp-content\/uploads\/Acquagym-300x300.jpg 300w, https:\/\/www.campinglefonti.com\/wp-content\/uploads\/Acquagym-150x150.jpg 150w, https:\/\/www.campinglefonti.com\/wp-content\/uploads\/Acquagym-768x768.jpg 768w, https:\/\/www.campinglefonti.com\/wp-content\/uploads\/Acquagym-75x75.jpg 75w, https:\/\/www.campinglefonti.com\/wp-content\/uploads\/Acquagym.jpg 1440w\" sizes=\"auto, (max-width: 1024px) 100vw, 1024px\" \/><\/figure>\n\n\n\n<figure class=\"wp-block-image size-full\"><img loading=\"lazy\" decoding=\"async\" width=\"960\" height=\"540\" src=\"https:\/\/www.campinglefonti.com\/wp-content\/uploads\/Idro.jpg\" alt=\"\" class=\"wp-image-4606\" srcset=\"https:\/\/www.campinglefonti.com\/wp-content\/uploads\/Idro.jpg 960w, https:\/\/www.campinglefonti.com\/wp-content\/uploads\/Idro-300x169.jpg 300w, https:\/\/www.campinglefonti.com\/wp-content\/uploads\/Idro-768x432.jpg 768w\" sizes=\"auto, (max-width: 960px) 100vw, 960px\" \/><\/figure>\n\n\n\n<figure class=\"wp-block-image size-full\"><img loading=\"lazy\" decoding=\"async\" width=\"1024\" height=\"682\" src=\"https:\/\/www.campinglefonti.com\/wp-content\/uploads\/Piscina-2.jpg\" alt=\"\" class=\"wp-image-4589\" srcset=\"https:\/\/www.campinglefonti.com\/wp-content\/uploads\/Piscina-2.jpg 1024w, https:\/\/www.campinglefonti.com\/wp-content\/uploads\/Piscina-2-300x200.jpg 300w, https:\/\/www.campinglefonti.com\/wp-content\/uploads\/Piscina-2-768x512.jpg 768w\" sizes=\"auto, (max-width: 1024px) 100vw, 1024px\" \/><\/figure>\n\n\n\n<div class=\"wp-block-group is-style-light-green-bg\"><div class=\"wp-block-group__inner-container is-layout-flow wp-block-group-is-layout-flow\">\n<p class=\"has-text-align-center\" style=\"font-size:33px\">R\u00eavez-vous un week-end alternatif?<br>Nous avons des chalets aussi pour s\u00e9jours brefs!<\/p>\n\n\n\n<div class=\"wp-block-buttons is-horizontal is-content-justification-center is-layout-flex wp-container-core-buttons-is-layout-499968f5 wp-block-buttons-is-layout-flex\">\n<div class=\"wp-block-button\"><a class=\"wp-block-button__link wp-element-button\" href=\"\/fr\/?page_id=4073\">Plus d&#8217;informations<\/a><\/div>\n<\/div>\n<\/div><\/div>\n","protected":false},"excerpt":{"rendered":"<p>Apr\u00e8s une journ\u00e9e en plein air, voulez-vous vous d\u00e9tendre? Venez dans notre espace wellness. Tous les services sont sur r\u00e9servation pour assurer l\u2019intimit\u00e9. Vous pouvez r\u00e9server avec un message a\u00f9 num\u00e9ro 333 642 5450. Pour ne rien manquer, suivez nos pages Facebook et Instagram. D\u00e9couvrez tous les services du SPA: L\u2019espace d\u00e9tente D\u00e9gustez des tisanes [&hellip;]<\/p>\n","protected":false},"author":6,"featured_media":0,"parent":0,"menu_order":3,"comment_status":"closed","ping_status":"closed","template":"","meta":{"_acf_changed":false,"inline_featured_image":false,"_genesis_hide_title":false,"_genesis_hide_breadcrumbs":false,"_genesis_hide_singular_image":false,"_genesis_hide_footer_widgets":false,"_genesis_custom_body_class":"","_genesis_custom_post_class":"","_genesis_layout":"","footnotes":"","_links_to":"","_links_to_target":""},"class_list":{"0":"post-4034","1":"page","2":"type-page","3":"status-publish","5":"entry"},"acf":[],"yoast_head":"<!-- This site is optimized with the Yoast SEO plugin v27.2 - https:\/\/yoast.com\/product\/yoast-seo-wordpress\/ -->\n<title>Wellness - Camping Le Fonti<\/title>\n<meta name=\"robots\" content=\"index, follow, max-snippet:-1, max-image-preview:large, max-video-preview:-1\" \/>\n<link rel=\"canonical\" href=\"https:\/\/www.campinglefonti.com\/fr\/wellness\/\" \/>\n<meta property=\"og:locale\" content=\"fr_FR\" \/>\n<meta property=\"og:type\" content=\"article\" \/>\n<meta property=\"og:title\" content=\"Wellness - Camping Le Fonti\" \/>\n<meta property=\"og:description\" content=\"Apr\u00e8s une journ\u00e9e en plein air, voulez-vous vous d\u00e9tendre? Venez dans notre espace wellness. Tous les services sont sur r\u00e9servation pour assurer l\u2019intimit\u00e9. Vous pouvez r\u00e9server avec un message a\u00f9 num\u00e9ro 333 642 5450. Pour ne rien manquer, suivez nos pages Facebook et Instagram. D\u00e9couvrez tous les services du SPA: L\u2019espace d\u00e9tente D\u00e9gustez des tisanes [&hellip;]\" \/>\n<meta property=\"og:url\" content=\"https:\/\/www.campinglefonti.com\/fr\/wellness\/\" \/>\n<meta property=\"og:site_name\" content=\"Camping Le Fonti\" \/>\n<meta property=\"article:modified_time\" content=\"2025-03-02T14:58:42+00:00\" \/>\n<meta property=\"og:image\" content=\"https:\/\/www.campinglefonti.com\/wp-content\/uploads\/Negative0-18-182.jpg\" \/>\n\t<meta property=\"og:image:width\" content=\"2000\" \/>\n\t<meta property=\"og:image:height\" content=\"1334\" \/>\n\t<meta property=\"og:image:type\" content=\"image\/jpeg\" \/>\n<meta name=\"twitter:card\" content=\"summary_large_image\" \/>\n<meta name=\"twitter:label1\" content=\"Dur\u00e9e de lecture estim\u00e9e\" \/>\n\t<meta name=\"twitter:data1\" content=\"4 minutes\" \/>\n<script type=\"application\/ld+json\" class=\"yoast-schema-graph\">{\"@context\":\"https:\/\/schema.org\",\"@graph\":[{\"@type\":\"WebPage\",\"@id\":\"https:\/\/www.campinglefonti.com\/fr\/wellness\/\",\"url\":\"https:\/\/www.campinglefonti.com\/fr\/wellness\/\",\"name\":\"Wellness - Camping Le Fonti\",\"isPartOf\":{\"@id\":\"https:\/\/www.campinglefonti.com\/fr\/#website\"},\"primaryImageOfPage\":{\"@id\":\"https:\/\/www.campinglefonti.com\/fr\/wellness\/#primaryimage\"},\"image\":{\"@id\":\"https:\/\/www.campinglefonti.com\/fr\/wellness\/#primaryimage\"},\"thumbnailUrl\":\"https:\/\/www.campinglefonti.com\/wp-content\/uploads\/\/Negative0-18-182-1024x683.jpg\",\"datePublished\":\"2025-02-25T11:24:30+00:00\",\"dateModified\":\"2025-03-02T14:58:42+00:00\",\"breadcrumb\":{\"@id\":\"https:\/\/www.campinglefonti.com\/fr\/wellness\/#breadcrumb\"},\"inLanguage\":\"fr-FR\",\"potentialAction\":[{\"@type\":\"ReadAction\",\"target\":[\"https:\/\/www.campinglefonti.com\/fr\/wellness\/\"]}]},{\"@type\":\"ImageObject\",\"inLanguage\":\"fr-FR\",\"@id\":\"https:\/\/www.campinglefonti.com\/fr\/wellness\/#primaryimage\",\"url\":\"https:\/\/www.campinglefonti.com\/wp-content\/uploads\/\/Negative0-18-182-1024x683.jpg\",\"contentUrl\":\"https:\/\/www.campinglefonti.com\/wp-content\/uploads\/\/Negative0-18-182-1024x683.jpg\"},{\"@type\":\"BreadcrumbList\",\"@id\":\"https:\/\/www.campinglefonti.com\/fr\/wellness\/#breadcrumb\",\"itemListElement\":[{\"@type\":\"ListItem\",\"position\":1,\"name\":\"Home\",\"item\":\"https:\/\/www.campinglefonti.com\/fr\/\"},{\"@type\":\"ListItem\",\"position\":2,\"name\":\"Wellness\"}]},{\"@type\":\"WebSite\",\"@id\":\"https:\/\/www.campinglefonti.com\/fr\/#website\",\"url\":\"https:\/\/www.campinglefonti.com\/fr\/\",\"name\":\"Camping Le Fonti\",\"description\":\"Campeggio con bungalow e piazzole nell&#039;Appennino Reggiano\",\"publisher\":{\"@id\":\"https:\/\/www.campinglefonti.com\/fr\/#organization\"},\"potentialAction\":[{\"@type\":\"SearchAction\",\"target\":{\"@type\":\"EntryPoint\",\"urlTemplate\":\"https:\/\/www.campinglefonti.com\/fr\/?s={search_term_string}\"},\"query-input\":{\"@type\":\"PropertyValueSpecification\",\"valueRequired\":true,\"valueName\":\"search_term_string\"}}],\"inLanguage\":\"fr-FR\"},{\"@type\":\"Organization\",\"@id\":\"https:\/\/www.campinglefonti.com\/fr\/#organization\",\"name\":\"Camping Le Fonti\",\"url\":\"https:\/\/www.campinglefonti.com\/fr\/\",\"logo\":{\"@type\":\"ImageObject\",\"inLanguage\":\"fr-FR\",\"@id\":\"https:\/\/www.campinglefonti.com\/fr\/#\/schema\/logo\/image\/\",\"url\":\"https:\/\/www.campinglefonti.com\/wp-content\/uploads\/logo-camping-le-fonti.svg\",\"contentUrl\":\"https:\/\/www.campinglefonti.com\/wp-content\/uploads\/logo-camping-le-fonti.svg\",\"width\":75,\"height\":71,\"caption\":\"Camping Le Fonti\"},\"image\":{\"@id\":\"https:\/\/www.campinglefonti.com\/fr\/#\/schema\/logo\/image\/\"}}]}<\/script>\n<!-- \/ Yoast SEO plugin. -->","yoast_head_json":{"title":"Wellness - Camping Le Fonti","robots":{"index":"index","follow":"follow","max-snippet":"max-snippet:-1","max-image-preview":"max-image-preview:large","max-video-preview":"max-video-preview:-1"},"canonical":"https:\/\/www.campinglefonti.com\/fr\/wellness\/","og_locale":"fr_FR","og_type":"article","og_title":"Wellness - Camping Le Fonti","og_description":"Apr\u00e8s une journ\u00e9e en plein air, voulez-vous vous d\u00e9tendre? Venez dans notre espace wellness. Tous les services sont sur r\u00e9servation pour assurer l\u2019intimit\u00e9. Vous pouvez r\u00e9server avec un message a\u00f9 num\u00e9ro 333 642 5450. Pour ne rien manquer, suivez nos pages Facebook et Instagram. D\u00e9couvrez tous les services du SPA: L\u2019espace d\u00e9tente D\u00e9gustez des tisanes [&hellip;]","og_url":"https:\/\/www.campinglefonti.com\/fr\/wellness\/","og_site_name":"Camping Le Fonti","article_modified_time":"2025-03-02T14:58:42+00:00","og_image":[{"width":2000,"height":1334,"url":"https:\/\/www.campinglefonti.com\/wp-content\/uploads\/Negative0-18-182.jpg","type":"image\/jpeg"}],"twitter_card":"summary_large_image","twitter_misc":{"Dur\u00e9e de lecture estim\u00e9e":"4 minutes"},"schema":{"@context":"https:\/\/schema.org","@graph":[{"@type":"WebPage","@id":"https:\/\/www.campinglefonti.com\/fr\/wellness\/","url":"https:\/\/www.campinglefonti.com\/fr\/wellness\/","name":"Wellness - Camping Le Fonti","isPartOf":{"@id":"https:\/\/www.campinglefonti.com\/fr\/#website"},"primaryImageOfPage":{"@id":"https:\/\/www.campinglefonti.com\/fr\/wellness\/#primaryimage"},"image":{"@id":"https:\/\/www.campinglefonti.com\/fr\/wellness\/#primaryimage"},"thumbnailUrl":"https:\/\/www.campinglefonti.com\/wp-content\/uploads\/\/Negative0-18-182-1024x683.jpg","datePublished":"2025-02-25T11:24:30+00:00","dateModified":"2025-03-02T14:58:42+00:00","breadcrumb":{"@id":"https:\/\/www.campinglefonti.com\/fr\/wellness\/#breadcrumb"},"inLanguage":"fr-FR","potentialAction":[{"@type":"ReadAction","target":["https:\/\/www.campinglefonti.com\/fr\/wellness\/"]}]},{"@type":"ImageObject","inLanguage":"fr-FR","@id":"https:\/\/www.campinglefonti.com\/fr\/wellness\/#primaryimage","url":"https:\/\/www.campinglefonti.com\/wp-content\/uploads\/\/Negative0-18-182-1024x683.jpg","contentUrl":"https:\/\/www.campinglefonti.com\/wp-content\/uploads\/\/Negative0-18-182-1024x683.jpg"},{"@type":"BreadcrumbList","@id":"https:\/\/www.campinglefonti.com\/fr\/wellness\/#breadcrumb","itemListElement":[{"@type":"ListItem","position":1,"name":"Home","item":"https:\/\/www.campinglefonti.com\/fr\/"},{"@type":"ListItem","position":2,"name":"Wellness"}]},{"@type":"WebSite","@id":"https:\/\/www.campinglefonti.com\/fr\/#website","url":"https:\/\/www.campinglefonti.com\/fr\/","name":"Camping Le Fonti","description":"Campeggio con bungalow e piazzole nell&#039;Appennino Reggiano","publisher":{"@id":"https:\/\/www.campinglefonti.com\/fr\/#organization"},"potentialAction":[{"@type":"SearchAction","target":{"@type":"EntryPoint","urlTemplate":"https:\/\/www.campinglefonti.com\/fr\/?s={search_term_string}"},"query-input":{"@type":"PropertyValueSpecification","valueRequired":true,"valueName":"search_term_string"}}],"inLanguage":"fr-FR"},{"@type":"Organization","@id":"https:\/\/www.campinglefonti.com\/fr\/#organization","name":"Camping Le Fonti","url":"https:\/\/www.campinglefonti.com\/fr\/","logo":{"@type":"ImageObject","inLanguage":"fr-FR","@id":"https:\/\/www.campinglefonti.com\/fr\/#\/schema\/logo\/image\/","url":"https:\/\/www.campinglefonti.com\/wp-content\/uploads\/logo-camping-le-fonti.svg","contentUrl":"https:\/\/www.campinglefonti.com\/wp-content\/uploads\/logo-camping-le-fonti.svg","width":75,"height":71,"caption":"Camping Le Fonti"},"image":{"@id":"https:\/\/www.campinglefonti.com\/fr\/#\/schema\/logo\/image\/"}}]}},"_links":{"self":[{"href":"https:\/\/www.campinglefonti.com\/fr\/wp-json\/wp\/v2\/pages\/4034","targetHints":{"allow":["GET"]}}],"collection":[{"href":"https:\/\/www.campinglefonti.com\/fr\/wp-json\/wp\/v2\/pages"}],"about":[{"href":"https:\/\/www.campinglefonti.com\/fr\/wp-json\/wp\/v2\/types\/page"}],"author":[{"embeddable":true,"href":"https:\/\/www.campinglefonti.com\/fr\/wp-json\/wp\/v2\/users\/6"}],"replies":[{"embeddable":true,"href":"https:\/\/www.campinglefonti.com\/fr\/wp-json\/wp\/v2\/comments?post=4034"}],"version-history":[{"count":11,"href":"https:\/\/www.campinglefonti.com\/fr\/wp-json\/wp\/v2\/pages\/4034\/revisions"}],"predecessor-version":[{"id":5334,"href":"https:\/\/www.campinglefonti.com\/fr\/wp-json\/wp\/v2\/pages\/4034\/revisions\/5334"}],"wp:attachment":[{"href":"https:\/\/www.campinglefonti.com\/fr\/wp-json\/wp\/v2\/media?parent=4034"}],"curies":[{"name":"wp","href":"https:\/\/api.w.org\/{rel}","templated":true}]}}