{"id":4068,"date":"2025-02-25T12:25:11","date_gmt":"2025-02-25T11:25:11","guid":{"rendered":"https:\/\/www.campinglefonti.com\/?page_id=4068"},"modified":"2025-02-27T15:27:13","modified_gmt":"2025-02-27T14:27:13","slug":"tarifs-et-offres-2025","status":"publish","type":"page","link":"https:\/\/www.campinglefonti.com\/fr\/reservations\/tarifs-et-offres-2025\/","title":{"rendered":"Tarifs et offres 2025"},"content":{"rendered":"\n<figure class=\"wp-block-image alignfull size-large grid-section-main-image\"><img loading=\"lazy\" decoding=\"async\" width=\"768\" height=\"1024\" src=\"https:\/\/www.campinglefonti.com\/wp-content\/uploads\/\/P8140845-edited-768x1024.jpg\" alt=\"\" class=\"wp-image-4880\" srcset=\"https:\/\/www.campinglefonti.com\/wp-content\/uploads\/P8140845-edited-768x1024.jpg 768w, https:\/\/www.campinglefonti.com\/wp-content\/uploads\/P8140845-edited-225x300.jpg 225w, https:\/\/www.campinglefonti.com\/wp-content\/uploads\/P8140845-edited-1152x1536.jpg 1152w, https:\/\/www.campinglefonti.com\/wp-content\/uploads\/P8140845-edited.jpg 1280w\" sizes=\"auto, (max-width: 768px) 100vw, 768px\" \/><\/figure>\n\n\n\n<div style=\"height:46px\" aria-hidden=\"true\" class=\"wp-block-spacer\"><\/div>\n\n\n\n<div class=\"wp-block-columns is-layout-flex wp-container-core-columns-is-layout-9d6595d7 wp-block-columns-is-layout-flex\">\n<div class=\"wp-block-column is-layout-flow wp-block-column-is-layout-flow\">\n<h1 class=\"wp-block-heading\">Tarifs emplacements 2025<\/h1>\n<\/div>\n<\/div>\n\n\n\n<div class=\"wp-block-columns is-layout-flex wp-container-core-columns-is-layout-9d6595d7 wp-block-columns-is-layout-flex\">\n<div class=\"wp-block-column is-layout-flow wp-block-column-is-layout-flow\">\n<h2 class=\"wp-block-heading\">Offres emplacements 2025<\/h2>\n\n\n\n<figure class=\"wp-block-table is-style-stripes\"><table class=\"has-fixed-layout\"><thead><tr><th><\/th><th class=\"has-text-align-right\" data-align=\"right\">Co\u00fbt<\/th><th class=\"has-text-align-right\" data-align=\"right\">Personnes<\/th><\/tr><\/thead><tbody><tr><td>une nuit en basse saison<\/td><td class=\"has-text-align-right\" data-align=\"right\">29,00 \u20ac<\/td><td class=\"has-text-align-right\" data-align=\"right\">3 personnes<\/td><\/tr><tr><td>une nuit en Juillet<\/td><td class=\"has-text-align-right\" data-align=\"right\">32,00 \u20ac<\/td><td class=\"has-text-align-right\" data-align=\"right\">3 personnes<\/td><\/tr><tr><td>deux nuits en basse saison<\/td><td class=\"has-text-align-right\" data-align=\"right\">55,00 \u20ac<\/td><td class=\"has-text-align-right\" data-align=\"right\">3 personnes<\/td><\/tr><tr><td>deux nuits en Juillet<\/td><td class=\"has-text-align-right\" data-align=\"right\">65,00 \u20ac<\/td><td class=\"has-text-align-right\" data-align=\"right\">3 personnes<\/td><\/tr><tr><td>une semaine en basse saison<\/td><td class=\"has-text-align-right\" data-align=\"right\">140,00 \u20ac<\/td><td class=\"has-text-align-right\" data-align=\"right\">3 personnes<\/td><\/tr><tr><td>une semaine en Juillet<\/td><td class=\"has-text-align-right\" data-align=\"right\">170,00 \u20ac<\/td><td class=\"has-text-align-right\" data-align=\"right\">3 personnes<\/td><\/tr><tr><td>un mois (non Juillet et Ao\u00fbt)<\/td><td class=\"has-text-align-right\" data-align=\"right\">370,00 \u20ac<\/td><td class=\"has-text-align-right\" data-align=\"right\">4 personnes<\/td><\/tr><tr><td>Mois de Juillet<\/td><td class=\"has-text-align-right\" data-align=\"right\">580,00 \u20ac<\/td><td class=\"has-text-align-right\" data-align=\"right\">4 personnes<\/td><\/tr><tr><td>&nbsp;Mois d&#8217;Ao\u00fbt<\/td><td class=\"has-text-align-right\" data-align=\"right\">895,00 \u20ac<\/td><td class=\"has-text-align-right\" data-align=\"right\">4 personnes<\/td><\/tr><tr><td>Mois Juillet et Ao\u00fbt<\/td><td class=\"has-text-align-right\" data-align=\"right\">1210,00 \u20ac<\/td><td class=\"has-text-align-right\" data-align=\"right\">4 personnes<\/td><\/tr><tr><td>10 Mois (non Juillet et Ao\u00fbt)<\/td><td class=\"has-text-align-right\" data-align=\"right\">1.995,00 \u20ac<\/td><td class=\"has-text-align-right\" data-align=\"right\">4 personnes<\/td><\/tr><tr><td>3 Mois: Mai, Juin, Juillet <\/td><td class=\"has-text-align-right\" data-align=\"right\">895,00 \u20ac<\/td><td class=\"has-text-align-right\" data-align=\"right\">4 personnes<\/td><\/tr><tr><td>3 Mois: Juin, Juillet et Ao\u00fbt  ou  Juillet, Ao\u00fbt et Septembre<\/td><td class=\"has-text-align-right\" data-align=\"right\">&nbsp;1.365,00 \u20ac<\/td><td class=\"has-text-align-right\" data-align=\"right\">4 personnes<\/td><\/tr><tr><td>5 Mois: de Mai \u00e0 Septembre<\/td><td class=\"has-text-align-right\" data-align=\"right\">&nbsp;2.100,00 \u20ac<\/td><td class=\"has-text-align-right\" data-align=\"right\">4 personnes<\/td><\/tr><tr><td>contrat annuel<\/td><td class=\"has-text-align-right\" data-align=\"right\">&nbsp;2.800,00 \u20ac<\/td><td class=\"has-text-align-right\" data-align=\"right\">4 personnes<\/td><\/tr><\/tbody><\/table><figcaption class=\"wp-element-caption\">Comprennent toilettes, douches chaudes, \u00e9lectricit\u00e9, acc\u00e8s \u00e0 la piscine et animation (quand pr\u00e9sent).<\/figcaption><\/figure>\n<\/div>\n<\/div>\n\n\n\n<div class=\"wp-block-columns is-layout-flex wp-container-core-columns-is-layout-9d6595d7 wp-block-columns-is-layout-flex\">\n<div class=\"wp-block-column is-layout-flow wp-block-column-is-layout-flow\">\n<h2 class=\"wp-block-heading\">Tarifs Chalets 2025<\/h2>\n\n\n\n<p>Les prix sont diff\u00e9rents sur la base de types de Chalet: Taille S pour 3 personnes; Taille M pour 4 personnes; Taille L et XL pour 6 personnes.<\/p>\n\n\n\n<p>Les prix sont calcul\u00e9s sur&nbsp;3 personnes pour le type S et 4 personnes pour le type M, L et XL. En cas de cinqui\u00e8me et sixi\u00e8me personne pour le types L et XL, consultez les tarifs des emplacements &#8220;adulte&#8221; et &#8220;enfant&#8221;. <\/p>\n\n\n\n<figure class=\"wp-block-table is-style-stripes\"><table class=\"has-fixed-layout\"><thead><tr><th><\/th><th class=\"has-text-align-right\" data-align=\"right\"><strong> S<\/strong><\/th><th class=\"has-text-align-right\" data-align=\"right\"><strong> M<\/strong><\/th><th class=\"has-text-align-right\" data-align=\"right\"><strong> L<\/strong><\/th><th class=\"has-text-align-right\" data-align=\"right\"><strong> XL<\/strong><\/th><\/tr><\/thead><tbody><tr><td>Journalier <br>Basse Saison <br> 03\/01 &#8211; 30\/06 | 23\/08 &#8211; 23\/12, exclus jours f\u00e9ri\u00e9s<\/td><td class=\"has-text-align-right\" data-align=\"right\">\u20ac 78,00<\/td><td class=\"has-text-align-right\" data-align=\"right\">\u20ac 86,00<\/td><td class=\"has-text-align-right\" data-align=\"right\">\u20ac 93,00<\/td><td class=\"has-text-align-right\" data-align=\"right\">\u20ac 104,00<\/td><\/tr><tr><td>Journalier<br>Haute Saison<br> 01\/07 &#8211; 22\/08 | 24\/12 &#8211; 02\/01<\/td><td class=\"has-text-align-right\" data-align=\"right\">\u20ac 88,00<\/td><td class=\"has-text-align-right\" data-align=\"right\">\u20ac 95,00<\/td><td class=\"has-text-align-right\" data-align=\"right\">\u20ac 102,00<\/td><td class=\"has-text-align-right\" data-align=\"right\">\u20ac 112,00<\/td><\/tr><tr><td>Week-end (2 nuits en basse saison) <\/td><td class=\"has-text-align-right\" data-align=\"right\">\u20ac 145,00<\/td><td class=\"has-text-align-right\" data-align=\"right\">\u20ac. 160,00<\/td><td class=\"has-text-align-right\" data-align=\"right\">\u20ac 180,00<\/td><td class=\"has-text-align-right\" data-align=\"right\">\u20ac 196,00<\/td><\/tr><tr><td>Semaine <br>(6 nuits en basse saison)<\/td><td class=\"has-text-align-right\" data-align=\"right\">\u20ac 400,00<\/td><td class=\"has-text-align-right\" data-align=\"right\">\u20ac 430,00<\/td><td class=\"has-text-align-right\" data-align=\"right\">\u20ac 470,00<\/td><td class=\"has-text-align-right\" data-align=\"right\">\u20ac 500,00<\/td><\/tr><tr><td>Mois<br>(jan &#8211; f\u00e9v &#8211; mars &#8211; avril &#8211; mai &#8211; oct &#8211; nov)<\/td><td class=\"has-text-align-right\" data-align=\"right\">\u20ac 650,00<\/td><td class=\"has-text-align-right\" data-align=\"right\">\u20ac 760,00<\/td><td class=\"has-text-align-right\" data-align=\"right\">\u20ac 860,00<\/td><td class=\"has-text-align-right\" data-align=\"right\">\u20ac 970,00<\/td><\/tr><tr><td>Mois<br>(juin &#8211; sept -d\u00e9c)<\/td><td class=\"has-text-align-right\" data-align=\"right\">\u20ac 760,00<\/td><td class=\"has-text-align-right\" data-align=\"right\">\u20ac 860,00<\/td><td class=\"has-text-align-right\" data-align=\"right\">\u20ac 970,00<\/td><td class=\"has-text-align-right\" data-align=\"right\">\u20ac 1.080,00<\/td><\/tr><tr><td>Mois Juillet ou Ao\u00fbt<\/td><td class=\"has-text-align-right\" data-align=\"right\">\u20ac 1.760,00<\/td><td class=\"has-text-align-right\" data-align=\"right\">\u20ac 1980,00<\/td><td class=\"has-text-align-right\" data-align=\"right\">\u20ac 2.090,00<\/td><td class=\"has-text-align-right\" data-align=\"right\">\u20ac 2.640,00<\/td><\/tr><tr><td>Annuel<\/td><td class=\"has-text-align-right\" data-align=\"right\">\u20ac 3.850,00<\/td><td class=\"has-text-align-right\" data-align=\"right\">\u20ac 4.300,00<\/td><td class=\"has-text-align-right\" data-align=\"right\">\u20ac 4.765,00<\/td><td class=\"has-text-align-right\" data-align=\"right\">\u20ac 5.360.00<\/td><\/tr><tr><td>Co\u00fbt suppl\u00e9mentaire pour le nettoyage des animaux<\/td><td class=\"has-text-align-right\" data-align=\"right\">\u20ac 5.00<\/td><td class=\"has-text-align-right\" data-align=\"right\">\u20ac 5.00<\/td><td class=\"has-text-align-right\" data-align=\"right\">\u20ac 5.00<\/td><td class=\"has-text-align-right\" data-align=\"right\"><meta charset=\"utf-8\">\u20ac 5.00<\/td><\/tr><\/tbody><\/table><figcaption class=\"wp-element-caption\">Comprennent: 1 veiture, consommations du chalet, acc\u00e8s \u00e0 la piscine et animation (quand pr\u00e9sent). Les chalets sont \u00e9quipp\u00e9s de: prot\u00e8ge-matelas, duvet, housse de couette, taies d&#8217;oreillers, vaisselle et ustensiles de cuisine. Il manque: serviettes, nappe, torchons et phon.<\/figcaption><\/figure>\n<\/div>\n<\/div>\n\n\n\n<p><\/p>\n","protected":false},"excerpt":{"rendered":"<p>Tarifs emplacements 2025 Offres emplacements 2025 Co\u00fbt Personnes une nuit en basse saison 29,00 \u20ac 3 personnes une nuit en Juillet 32,00 \u20ac 3 personnes deux nuits en basse saison 55,00 \u20ac 3 personnes deux nuits en Juillet 65,00 \u20ac 3 personnes une semaine en basse saison 140,00 \u20ac 3 personnes une semaine en Juillet [&hellip;]<\/p>\n","protected":false},"author":6,"featured_media":0,"parent":4176,"menu_order":0,"comment_status":"closed","ping_status":"closed","template":"","meta":{"_acf_changed":false,"inline_featured_image":false,"_genesis_hide_title":false,"_genesis_hide_breadcrumbs":false,"_genesis_hide_singular_image":false,"_genesis_hide_footer_widgets":false,"_genesis_custom_body_class":"","_genesis_custom_post_class":"","_genesis_layout":"","footnotes":"","_links_to":"","_links_to_target":""},"class_list":{"0":"post-4068","1":"page","2":"type-page","3":"status-publish","5":"entry"},"acf":[],"yoast_head":"<!-- This site is optimized with the Yoast SEO plugin v27.2 - https:\/\/yoast.com\/product\/yoast-seo-wordpress\/ -->\n<title>Tarifs et offres 2025 - Camping Le Fonti<\/title>\n<meta name=\"robots\" content=\"index, follow, max-snippet:-1, max-image-preview:large, max-video-preview:-1\" \/>\n<link rel=\"canonical\" href=\"https:\/\/www.campinglefonti.com\/fr\/reservations\/tarifs-et-offres-2025\/\" \/>\n<meta property=\"og:locale\" content=\"fr_FR\" \/>\n<meta property=\"og:type\" content=\"article\" \/>\n<meta property=\"og:title\" content=\"Tarifs et offres 2025 - Camping Le Fonti\" \/>\n<meta property=\"og:description\" content=\"Tarifs emplacements 2025 Offres emplacements 2025 Co\u00fbt Personnes une nuit en basse saison 29,00 \u20ac 3 personnes une nuit en Juillet 32,00 \u20ac 3 personnes deux nuits en basse saison 55,00 \u20ac 3 personnes deux nuits en Juillet 65,00 \u20ac 3 personnes une semaine en basse saison 140,00 \u20ac 3 personnes une semaine en Juillet [&hellip;]\" \/>\n<meta property=\"og:url\" content=\"https:\/\/www.campinglefonti.com\/fr\/reservations\/tarifs-et-offres-2025\/\" \/>\n<meta property=\"og:site_name\" content=\"Camping Le Fonti\" \/>\n<meta property=\"article:modified_time\" content=\"2025-02-27T14:27:13+00:00\" \/>\n<meta property=\"og:image\" content=\"https:\/\/www.campinglefonti.com\/wp-content\/uploads\/P8140845-edited.jpg\" \/>\n\t<meta property=\"og:image:width\" content=\"1280\" \/>\n\t<meta property=\"og:image:height\" content=\"1707\" \/>\n\t<meta property=\"og:image:type\" content=\"image\/jpeg\" \/>\n<meta name=\"twitter:card\" content=\"summary_large_image\" \/>\n<meta name=\"twitter:label1\" content=\"Dur\u00e9e de lecture estim\u00e9e\" \/>\n\t<meta name=\"twitter:data1\" content=\"3 minutes\" \/>\n<script type=\"application\/ld+json\" class=\"yoast-schema-graph\">{\"@context\":\"https:\/\/schema.org\",\"@graph\":[{\"@type\":\"WebPage\",\"@id\":\"https:\/\/www.campinglefonti.com\/fr\/reservations\/tarifs-et-offres-2025\/\",\"url\":\"https:\/\/www.campinglefonti.com\/fr\/reservations\/tarifs-et-offres-2025\/\",\"name\":\"Tarifs et offres 2025 - Camping Le Fonti\",\"isPartOf\":{\"@id\":\"https:\/\/www.campinglefonti.com\/fr\/#website\"},\"primaryImageOfPage\":{\"@id\":\"https:\/\/www.campinglefonti.com\/fr\/reservations\/tarifs-et-offres-2025\/#primaryimage\"},\"image\":{\"@id\":\"https:\/\/www.campinglefonti.com\/fr\/reservations\/tarifs-et-offres-2025\/#primaryimage\"},\"thumbnailUrl\":\"https:\/\/www.campinglefonti.com\/wp-content\/uploads\/\/P8140845-edited-768x1024.jpg\",\"datePublished\":\"2025-02-25T11:25:11+00:00\",\"dateModified\":\"2025-02-27T14:27:13+00:00\",\"breadcrumb\":{\"@id\":\"https:\/\/www.campinglefonti.com\/fr\/reservations\/tarifs-et-offres-2025\/#breadcrumb\"},\"inLanguage\":\"fr-FR\",\"potentialAction\":[{\"@type\":\"ReadAction\",\"target\":[\"https:\/\/www.campinglefonti.com\/fr\/reservations\/tarifs-et-offres-2025\/\"]}]},{\"@type\":\"ImageObject\",\"inLanguage\":\"fr-FR\",\"@id\":\"https:\/\/www.campinglefonti.com\/fr\/reservations\/tarifs-et-offres-2025\/#primaryimage\",\"url\":\"https:\/\/www.campinglefonti.com\/wp-content\/uploads\/\/P8140845-edited-768x1024.jpg\",\"contentUrl\":\"https:\/\/www.campinglefonti.com\/wp-content\/uploads\/\/P8140845-edited-768x1024.jpg\"},{\"@type\":\"BreadcrumbList\",\"@id\":\"https:\/\/www.campinglefonti.com\/fr\/reservations\/tarifs-et-offres-2025\/#breadcrumb\",\"itemListElement\":[{\"@type\":\"ListItem\",\"position\":1,\"name\":\"Home\",\"item\":\"https:\/\/www.campinglefonti.com\/fr\/\"},{\"@type\":\"ListItem\",\"position\":2,\"name\":\"R\u00e9servations\",\"item\":\"https:\/\/www.campinglefonti.com\/fr\/reservations\/\"},{\"@type\":\"ListItem\",\"position\":3,\"name\":\"Tarifs et offres 2025\"}]},{\"@type\":\"WebSite\",\"@id\":\"https:\/\/www.campinglefonti.com\/fr\/#website\",\"url\":\"https:\/\/www.campinglefonti.com\/fr\/\",\"name\":\"Camping Le Fonti\",\"description\":\"Campeggio con bungalow e piazzole nell&#039;Appennino Reggiano\",\"publisher\":{\"@id\":\"https:\/\/www.campinglefonti.com\/fr\/#organization\"},\"potentialAction\":[{\"@type\":\"SearchAction\",\"target\":{\"@type\":\"EntryPoint\",\"urlTemplate\":\"https:\/\/www.campinglefonti.com\/fr\/?s={search_term_string}\"},\"query-input\":{\"@type\":\"PropertyValueSpecification\",\"valueRequired\":true,\"valueName\":\"search_term_string\"}}],\"inLanguage\":\"fr-FR\"},{\"@type\":\"Organization\",\"@id\":\"https:\/\/www.campinglefonti.com\/fr\/#organization\",\"name\":\"Camping Le Fonti\",\"url\":\"https:\/\/www.campinglefonti.com\/fr\/\",\"logo\":{\"@type\":\"ImageObject\",\"inLanguage\":\"fr-FR\",\"@id\":\"https:\/\/www.campinglefonti.com\/fr\/#\/schema\/logo\/image\/\",\"url\":\"https:\/\/www.campinglefonti.com\/wp-content\/uploads\/logo-camping-le-fonti.svg\",\"contentUrl\":\"https:\/\/www.campinglefonti.com\/wp-content\/uploads\/logo-camping-le-fonti.svg\",\"width\":75,\"height\":71,\"caption\":\"Camping Le Fonti\"},\"image\":{\"@id\":\"https:\/\/www.campinglefonti.com\/fr\/#\/schema\/logo\/image\/\"}}]}<\/script>\n<!-- \/ Yoast SEO plugin. -->","yoast_head_json":{"title":"Tarifs et offres 2025 - Camping Le Fonti","robots":{"index":"index","follow":"follow","max-snippet":"max-snippet:-1","max-image-preview":"max-image-preview:large","max-video-preview":"max-video-preview:-1"},"canonical":"https:\/\/www.campinglefonti.com\/fr\/reservations\/tarifs-et-offres-2025\/","og_locale":"fr_FR","og_type":"article","og_title":"Tarifs et offres 2025 - Camping Le Fonti","og_description":"Tarifs emplacements 2025 Offres emplacements 2025 Co\u00fbt Personnes une nuit en basse saison 29,00 \u20ac 3 personnes une nuit en Juillet 32,00 \u20ac 3 personnes deux nuits en basse saison 55,00 \u20ac 3 personnes deux nuits en Juillet 65,00 \u20ac 3 personnes une semaine en basse saison 140,00 \u20ac 3 personnes une semaine en Juillet [&hellip;]","og_url":"https:\/\/www.campinglefonti.com\/fr\/reservations\/tarifs-et-offres-2025\/","og_site_name":"Camping Le Fonti","article_modified_time":"2025-02-27T14:27:13+00:00","og_image":[{"width":1280,"height":1707,"url":"https:\/\/www.campinglefonti.com\/wp-content\/uploads\/P8140845-edited.jpg","type":"image\/jpeg"}],"twitter_card":"summary_large_image","twitter_misc":{"Dur\u00e9e de lecture estim\u00e9e":"3 minutes"},"schema":{"@context":"https:\/\/schema.org","@graph":[{"@type":"WebPage","@id":"https:\/\/www.campinglefonti.com\/fr\/reservations\/tarifs-et-offres-2025\/","url":"https:\/\/www.campinglefonti.com\/fr\/reservations\/tarifs-et-offres-2025\/","name":"Tarifs et offres 2025 - Camping Le Fonti","isPartOf":{"@id":"https:\/\/www.campinglefonti.com\/fr\/#website"},"primaryImageOfPage":{"@id":"https:\/\/www.campinglefonti.com\/fr\/reservations\/tarifs-et-offres-2025\/#primaryimage"},"image":{"@id":"https:\/\/www.campinglefonti.com\/fr\/reservations\/tarifs-et-offres-2025\/#primaryimage"},"thumbnailUrl":"https:\/\/www.campinglefonti.com\/wp-content\/uploads\/\/P8140845-edited-768x1024.jpg","datePublished":"2025-02-25T11:25:11+00:00","dateModified":"2025-02-27T14:27:13+00:00","breadcrumb":{"@id":"https:\/\/www.campinglefonti.com\/fr\/reservations\/tarifs-et-offres-2025\/#breadcrumb"},"inLanguage":"fr-FR","potentialAction":[{"@type":"ReadAction","target":["https:\/\/www.campinglefonti.com\/fr\/reservations\/tarifs-et-offres-2025\/"]}]},{"@type":"ImageObject","inLanguage":"fr-FR","@id":"https:\/\/www.campinglefonti.com\/fr\/reservations\/tarifs-et-offres-2025\/#primaryimage","url":"https:\/\/www.campinglefonti.com\/wp-content\/uploads\/\/P8140845-edited-768x1024.jpg","contentUrl":"https:\/\/www.campinglefonti.com\/wp-content\/uploads\/\/P8140845-edited-768x1024.jpg"},{"@type":"BreadcrumbList","@id":"https:\/\/www.campinglefonti.com\/fr\/reservations\/tarifs-et-offres-2025\/#breadcrumb","itemListElement":[{"@type":"ListItem","position":1,"name":"Home","item":"https:\/\/www.campinglefonti.com\/fr\/"},{"@type":"ListItem","position":2,"name":"R\u00e9servations","item":"https:\/\/www.campinglefonti.com\/fr\/reservations\/"},{"@type":"ListItem","position":3,"name":"Tarifs et offres 2025"}]},{"@type":"WebSite","@id":"https:\/\/www.campinglefonti.com\/fr\/#website","url":"https:\/\/www.campinglefonti.com\/fr\/","name":"Camping Le Fonti","description":"Campeggio con bungalow e piazzole nell&#039;Appennino Reggiano","publisher":{"@id":"https:\/\/www.campinglefonti.com\/fr\/#organization"},"potentialAction":[{"@type":"SearchAction","target":{"@type":"EntryPoint","urlTemplate":"https:\/\/www.campinglefonti.com\/fr\/?s={search_term_string}"},"query-input":{"@type":"PropertyValueSpecification","valueRequired":true,"valueName":"search_term_string"}}],"inLanguage":"fr-FR"},{"@type":"Organization","@id":"https:\/\/www.campinglefonti.com\/fr\/#organization","name":"Camping Le Fonti","url":"https:\/\/www.campinglefonti.com\/fr\/","logo":{"@type":"ImageObject","inLanguage":"fr-FR","@id":"https:\/\/www.campinglefonti.com\/fr\/#\/schema\/logo\/image\/","url":"https:\/\/www.campinglefonti.com\/wp-content\/uploads\/logo-camping-le-fonti.svg","contentUrl":"https:\/\/www.campinglefonti.com\/wp-content\/uploads\/logo-camping-le-fonti.svg","width":75,"height":71,"caption":"Camping Le Fonti"},"image":{"@id":"https:\/\/www.campinglefonti.com\/fr\/#\/schema\/logo\/image\/"}}]}},"_links":{"self":[{"href":"https:\/\/www.campinglefonti.com\/fr\/wp-json\/wp\/v2\/pages\/4068","targetHints":{"allow":["GET"]}}],"collection":[{"href":"https:\/\/www.campinglefonti.com\/fr\/wp-json\/wp\/v2\/pages"}],"about":[{"href":"https:\/\/www.campinglefonti.com\/fr\/wp-json\/wp\/v2\/types\/page"}],"author":[{"embeddable":true,"href":"https:\/\/www.campinglefonti.com\/fr\/wp-json\/wp\/v2\/users\/6"}],"replies":[{"embeddable":true,"href":"https:\/\/www.campinglefonti.com\/fr\/wp-json\/wp\/v2\/comments?post=4068"}],"version-history":[{"count":4,"href":"https:\/\/www.campinglefonti.com\/fr\/wp-json\/wp\/v2\/pages\/4068\/revisions"}],"predecessor-version":[{"id":4956,"href":"https:\/\/www.campinglefonti.com\/fr\/wp-json\/wp\/v2\/pages\/4068\/revisions\/4956"}],"up":[{"embeddable":true,"href":"https:\/\/www.campinglefonti.com\/fr\/wp-json\/wp\/v2\/pages\/4176"}],"wp:attachment":[{"href":"https:\/\/www.campinglefonti.com\/fr\/wp-json\/wp\/v2\/media?parent=4068"}],"curies":[{"name":"wp","href":"https:\/\/api.w.org\/{rel}","templated":true}]}}