{"id":4079,"date":"2025-02-25T12:25:20","date_gmt":"2025-02-25T11:25:20","guid":{"rendered":"https:\/\/www.campinglefonti.com\/?page_id=4079"},"modified":"2025-03-09T18:47:46","modified_gmt":"2025-03-09T17:47:46","slug":"nos-services","status":"publish","type":"page","link":"https:\/\/www.campinglefonti.com\/fr\/nos-services\/","title":{"rendered":"Nos Services"},"content":{"rendered":"\n<figure class=\"wp-block-image alignfull size-large grid-section-main-image\"><img loading=\"lazy\" decoding=\"async\" width=\"1024\" height=\"683\" src=\"https:\/\/www.campinglefonti.com\/wp-content\/uploads\/\/colazionecamping-1024x683.jpg\" alt=\"\" class=\"wp-image-345\" srcset=\"https:\/\/www.campinglefonti.com\/wp-content\/uploads\/colazionecamping-1024x683.jpg 1024w, https:\/\/www.campinglefonti.com\/wp-content\/uploads\/colazionecamping-300x200.jpg 300w, https:\/\/www.campinglefonti.com\/wp-content\/uploads\/colazionecamping-768x512.jpg 768w, https:\/\/www.campinglefonti.com\/wp-content\/uploads\/colazionecamping-1536x1024.jpg 1536w, https:\/\/www.campinglefonti.com\/wp-content\/uploads\/colazionecamping-2048x1366.jpg 2048w, https:\/\/www.campinglefonti.com\/wp-content\/uploads\/colazionecamping-20x13.jpg 20w\" sizes=\"auto, (max-width: 1024px) 100vw, 1024px\" \/><\/figure>\n\n\n\n<div class=\"wp-block-columns grid-section-columns grid-section-columns-green margin-bottom--m is-layout-flex wp-container-core-columns-is-layout-9d6595d7 wp-block-columns-is-layout-flex\">\n<div class=\"wp-block-column is-layout-flow wp-block-column-is-layout-flow\">\n<figure class=\"wp-block-image size-large\"><img loading=\"lazy\" decoding=\"async\" width=\"780\" height=\"1024\" src=\"https:\/\/www.campinglefonti.com\/wp-content\/uploads\/aperitivoservizicamping-780x1024.jpg\" alt=\"\" class=\"wp-image-349\" srcset=\"https:\/\/www.campinglefonti.com\/wp-content\/uploads\/aperitivoservizicamping-780x1024.jpg 780w, https:\/\/www.campinglefonti.com\/wp-content\/uploads\/aperitivoservizicamping-228x300.jpg 228w, https:\/\/www.campinglefonti.com\/wp-content\/uploads\/aperitivoservizicamping-768x1009.jpg 768w, https:\/\/www.campinglefonti.com\/wp-content\/uploads\/aperitivoservizicamping-1169x1536.jpg 1169w, https:\/\/www.campinglefonti.com\/wp-content\/uploads\/aperitivoservizicamping-1559x2048.jpg 1559w, https:\/\/www.campinglefonti.com\/wp-content\/uploads\/aperitivoservizicamping-scaled.jpg 1949w\" sizes=\"auto, (max-width: 780px) 100vw, 780px\" \/><\/figure>\n<\/div>\n\n\n\n<div class=\"wp-block-column is-layout-flow wp-block-column-is-layout-flow\"><div class=\"yoast-breadcrumbs\"><span><span><a href=\"https:\/\/www.campinglefonti.com\/fr\/\">Home<\/a><\/span> | <span class=\"breadcrumb_last\" aria-current=\"page\">Nos Services<\/span><\/span><\/div>\n\n\n<h1 class=\"wp-block-heading\"><strong>Vous \u00eates&nbsp;toujours&nbsp;en&nbsp;bonne compagnie!<\/strong><\/h1>\n\n\n\n<p>Profitez de petits d\u00e9jeuners avec d\u00e9licieux croissants, ap\u00e9ritifs savoreux avant les repas, mais aussi un petit caf\u00e9 pendant la journ\u00e9e.<\/p>\n\n\n\n<p>En hiver vous pouvez d\u00e9guster une chocolat ou une tisane afin d&#8217;adoucir&nbsp;votre journ\u00e9e.<\/p>\n\n\n\n<p>En \u00e9t\u00e9, notre terrasse panoramique devient l\u2019endroit parfait pour des ap\u00e9ritifs en compagnie.<\/p>\n<\/div>\n<\/div>\n\n\n\n<div class=\"wp-block-group is-style-light-green-bg margin-bottom--zero home-number-section\"><div class=\"wp-block-group__inner-container is-layout-flow wp-block-group-is-layout-flow\">\n<h2 class=\"wp-block-heading has-text-align-center margin-bottom--m\">Tous les services du Camping Le Fonti:<\/h2>\n\n\n\n<div class=\"wp-block-columns is-layout-flex wp-container-core-columns-is-layout-9d6595d7 wp-block-columns-is-layout-flex\">\n<div class=\"wp-block-column is-layout-flow wp-block-column-is-layout-flow\"><div class=\"wp-block-image\">\n<figure class=\"aligncenter size-large\"><img loading=\"lazy\" decoding=\"async\" width=\"43\" height=\"43\" src=\"https:\/\/www.campinglefonti.com\/wp-content\/uploads\/\/cutlery-icon.svg\" alt=\"\" class=\"wp-image-87\"\/><\/figure><\/div>\n\n\n<p class=\"has-text-align-center\">Restaurant<\/p>\n<\/div>\n\n\n\n<div class=\"wp-block-column is-layout-flow wp-block-column-is-layout-flow\"><div class=\"wp-block-image\">\n<figure class=\"aligncenter size-large\"><img loading=\"lazy\" decoding=\"async\" width=\"44\" height=\"44\" src=\"https:\/\/www.campinglefonti.com\/wp-content\/uploads\/\/pizza-icon.svg\" alt=\"\" class=\"wp-image-88\"\/><\/figure><\/div>\n\n\n<p class=\"has-text-align-center\">Pizzeria<\/p>\n<\/div>\n\n\n\n<div class=\"wp-block-column is-layout-flow wp-block-column-is-layout-flow\"><div class=\"wp-block-image\">\n<figure class=\"aligncenter size-large\"><img loading=\"lazy\" decoding=\"async\" width=\"39\" height=\"44\" src=\"https:\/\/www.campinglefonti.com\/wp-content\/uploads\/\/coffee-icon.svg\" alt=\"\" class=\"wp-image-89\"\/><\/figure><\/div>\n\n\n<p class=\"has-text-align-center\">Bar<\/p>\n<\/div>\n\n\n\n<div class=\"wp-block-column is-layout-flow wp-block-column-is-layout-flow\"><div class=\"wp-block-image\">\n<figure class=\"aligncenter size-large\"><img loading=\"lazy\" decoding=\"async\" width=\"43\" height=\"43\" src=\"https:\/\/www.campinglefonti.com\/wp-content\/uploads\/\/shop-icon.svg\" alt=\"\" class=\"wp-image-90\"\/><\/figure><\/div>\n\n\n<p class=\"has-text-align-center\">\u00c9picerie<\/p>\n<\/div>\n<\/div>\n<\/div><\/div>\n\n\n\n<div style=\"height:42px\" aria-hidden=\"true\" class=\"wp-block-spacer\"><\/div>\n\n\n\n<div class=\"wp-block-columns image-on-left margin-bottom--m is-layout-flex wp-container-core-columns-is-layout-9d6595d7 wp-block-columns-is-layout-flex\">\n<div class=\"wp-block-column is-layout-flow wp-block-column-is-layout-flow\">\n<figure class=\"wp-block-image size-large\"><img loading=\"lazy\" decoding=\"async\" width=\"1024\" height=\"768\" src=\"https:\/\/www.campinglefonti.com\/wp-content\/uploads\/\/pizzacamping-1024x768.jpg\" alt=\"\" class=\"wp-image-356\" srcset=\"https:\/\/www.campinglefonti.com\/wp-content\/uploads\/pizzacamping-1024x768.jpg 1024w, https:\/\/www.campinglefonti.com\/wp-content\/uploads\/pizzacamping-300x225.jpg 300w, https:\/\/www.campinglefonti.com\/wp-content\/uploads\/pizzacamping-768x576.jpg 768w, https:\/\/www.campinglefonti.com\/wp-content\/uploads\/pizzacamping-1536x1152.jpg 1536w, https:\/\/www.campinglefonti.com\/wp-content\/uploads\/pizzacamping-2048x1536.jpg 2048w, https:\/\/www.campinglefonti.com\/wp-content\/uploads\/pizzacamping-702x526.jpg 702w, https:\/\/www.campinglefonti.com\/wp-content\/uploads\/pizzacamping-20x15.jpg 20w\" sizes=\"auto, (max-width: 1024px) 100vw, 1024px\" \/><\/figure>\n<\/div>\n\n\n\n<div class=\"wp-block-column is-layout-flow wp-block-column-is-layout-flow\">\n<h2 class=\"wp-block-heading\"><strong>Nous&nbsp;n&#8217;avons&nbsp;rien manquer, m\u00eame un restaurant et un\u2019\u00e9picerie<\/strong>.<\/h2>\n\n\n\n<p><strong>\u00c9picerie<\/strong><\/p>\n\n\n\n<p>Avez-vous oubli\u00e9 quelque chose?<\/p>\n\n\n\n<p>Faites un saut \u00e0 l\u2019\u00e9picerie, bien garniet avec provisions, articles de toilette et accessoires de loisirs.<\/p>\n\n\n\n<p>Tous les matins vous pouvez trouver le pain fra\u00eechement cuit.<\/p>\n\n\n\n<p><strong>Restaurant &#8211; Pizzeria<\/strong>&nbsp;<\/p>\n\n\n\n<p>Dans notre Restaurant et Pizzeria vous pouvez d\u00e9couvrir&nbsp;les plats typiques de l\u2019Apennin, mais aussi une vari\u00e9t\u00e9 de pizzas et de plats de poisson.<\/p>\n\n\n\n<p>Voulez-vous manger confortablement dans votre Chalet?<\/p>\n\n\n\n<p>Il est&nbsp;disponible&nbsp;le&nbsp;service \u00e0 emporter&nbsp;et de delivery aupr\u00e8s de votre h\u00e9bergement.<\/p>\n<\/div>\n<\/div>\n\n\n\n<figure class=\"wp-block-gallery has-nested-images columns-default is-cropped wp-block-gallery-1 is-layout-flex wp-block-gallery-is-layout-flex\">\n<figure class=\"wp-block-image size-large\"><img loading=\"lazy\" decoding=\"async\" width=\"1024\" height=\"768\" data-id=\"5432\" src=\"https:\/\/www.campinglefonti.com\/wp-content\/uploads\/\/bar2-1024x768.jpg\" alt=\"\" class=\"wp-image-5432\" srcset=\"https:\/\/www.campinglefonti.com\/wp-content\/uploads\/bar2-1024x768.jpg 1024w, https:\/\/www.campinglefonti.com\/wp-content\/uploads\/bar2-300x225.jpg 300w, https:\/\/www.campinglefonti.com\/wp-content\/uploads\/bar2-768x576.jpg 768w, https:\/\/www.campinglefonti.com\/wp-content\/uploads\/bar2-1536x1152.jpg 1536w, https:\/\/www.campinglefonti.com\/wp-content\/uploads\/bar2-702x526.jpg 702w, https:\/\/www.campinglefonti.com\/wp-content\/uploads\/bar2.jpg 2000w\" sizes=\"auto, (max-width: 1024px) 100vw, 1024px\" \/><\/figure>\n\n\n\n<figure class=\"wp-block-image size-large\"><img loading=\"lazy\" decoding=\"async\" width=\"1024\" height=\"768\" data-id=\"5260\" src=\"https:\/\/www.campinglefonti.com\/wp-content\/uploads\/\/IMG-20250228-WA0012-1024x768.jpg\" alt=\"\" class=\"wp-image-5260\" srcset=\"https:\/\/www.campinglefonti.com\/wp-content\/uploads\/IMG-20250228-WA0012-1024x768.jpg 1024w, https:\/\/www.campinglefonti.com\/wp-content\/uploads\/IMG-20250228-WA0012-300x225.jpg 300w, https:\/\/www.campinglefonti.com\/wp-content\/uploads\/IMG-20250228-WA0012-768x576.jpg 768w, https:\/\/www.campinglefonti.com\/wp-content\/uploads\/IMG-20250228-WA0012-702x526.jpg 702w, https:\/\/www.campinglefonti.com\/wp-content\/uploads\/IMG-20250228-WA0012.jpg 1333w\" sizes=\"auto, (max-width: 1024px) 100vw, 1024px\" \/><\/figure>\n<\/figure>\n\n\n\n<div class=\"wp-block-group is-style-light-green-bg\"><div class=\"wp-block-group__inner-container is-layout-flow wp-block-group-is-layout-flow\">\n<p class=\"has-text-align-center\" style=\"font-size:33px\">R\u00eavez-vous un week-end alternatif?<br>Nous avons des chalets aussi pour s\u00e9jours brefs!<\/p>\n\n\n\n<div class=\"wp-block-buttons is-horizontal is-content-justification-center is-layout-flex wp-container-core-buttons-is-layout-499968f5 wp-block-buttons-is-layout-flex\">\n<div class=\"wp-block-button\"><a class=\"wp-block-button__link wp-element-button\" href=\"\/fr\/?page_id=4073\">Plus d&#8217;informations<\/a><\/div>\n<\/div>\n<\/div><\/div>\n","protected":false},"excerpt":{"rendered":"<p>Vous \u00eates&nbsp;toujours&nbsp;en&nbsp;bonne compagnie! Profitez de petits d\u00e9jeuners avec d\u00e9licieux croissants, ap\u00e9ritifs savoreux avant les repas, mais aussi un petit caf\u00e9 pendant la journ\u00e9e. En hiver vous pouvez d\u00e9guster une chocolat ou une tisane afin d&#8217;adoucir&nbsp;votre journ\u00e9e. En \u00e9t\u00e9, notre terrasse panoramique devient l\u2019endroit parfait pour des ap\u00e9ritifs en compagnie. Tous les services du Camping Le [&hellip;]<\/p>\n","protected":false},"author":6,"featured_media":0,"parent":0,"menu_order":6,"comment_status":"closed","ping_status":"closed","template":"","meta":{"_acf_changed":false,"inline_featured_image":false,"_genesis_hide_title":false,"_genesis_hide_breadcrumbs":false,"_genesis_hide_singular_image":false,"_genesis_hide_footer_widgets":false,"_genesis_custom_body_class":"","_genesis_custom_post_class":"","_genesis_layout":"","footnotes":"","_links_to":"","_links_to_target":""},"class_list":{"0":"post-4079","1":"page","2":"type-page","3":"status-publish","5":"entry"},"acf":[],"yoast_head":"<!-- This site is optimized with the Yoast SEO plugin v27.2 - https:\/\/yoast.com\/product\/yoast-seo-wordpress\/ -->\n<title>Nos Services - Camping Le Fonti<\/title>\n<meta name=\"robots\" content=\"index, follow, max-snippet:-1, max-image-preview:large, max-video-preview:-1\" \/>\n<link rel=\"canonical\" href=\"https:\/\/www.campinglefonti.com\/fr\/nos-services\/\" \/>\n<meta property=\"og:locale\" content=\"fr_FR\" \/>\n<meta property=\"og:type\" content=\"article\" \/>\n<meta property=\"og:title\" content=\"Nos Services - Camping Le Fonti\" \/>\n<meta property=\"og:description\" content=\"Vous \u00eates&nbsp;toujours&nbsp;en&nbsp;bonne compagnie! Profitez de petits d\u00e9jeuners avec d\u00e9licieux croissants, ap\u00e9ritifs savoreux avant les repas, mais aussi un petit caf\u00e9 pendant la journ\u00e9e. En hiver vous pouvez d\u00e9guster une chocolat ou une tisane afin d&#8217;adoucir&nbsp;votre journ\u00e9e. En \u00e9t\u00e9, notre terrasse panoramique devient l\u2019endroit parfait pour des ap\u00e9ritifs en compagnie. Tous les services du Camping Le [&hellip;]\" \/>\n<meta property=\"og:url\" content=\"https:\/\/www.campinglefonti.com\/fr\/nos-services\/\" \/>\n<meta property=\"og:site_name\" content=\"Camping Le Fonti\" \/>\n<meta property=\"article:modified_time\" content=\"2025-03-09T17:47:46+00:00\" \/>\n<meta property=\"og:image\" content=\"https:\/\/www.campinglefonti.com\/wp-content\/uploads\/colazionecamping.jpg\" \/>\n\t<meta property=\"og:image:width\" content=\"2500\" \/>\n\t<meta property=\"og:image:height\" content=\"1667\" \/>\n\t<meta property=\"og:image:type\" content=\"image\/jpeg\" \/>\n<meta name=\"twitter:card\" content=\"summary_large_image\" \/>\n<meta name=\"twitter:label1\" content=\"Dur\u00e9e de lecture estim\u00e9e\" \/>\n\t<meta name=\"twitter:data1\" content=\"3 minutes\" \/>\n<script type=\"application\/ld+json\" class=\"yoast-schema-graph\">{\"@context\":\"https:\/\/schema.org\",\"@graph\":[{\"@type\":\"WebPage\",\"@id\":\"https:\/\/www.campinglefonti.com\/fr\/nos-services\/\",\"url\":\"https:\/\/www.campinglefonti.com\/fr\/nos-services\/\",\"name\":\"Nos Services - Camping Le Fonti\",\"isPartOf\":{\"@id\":\"https:\/\/www.campinglefonti.com\/fr\/#website\"},\"primaryImageOfPage\":{\"@id\":\"https:\/\/www.campinglefonti.com\/fr\/nos-services\/#primaryimage\"},\"image\":{\"@id\":\"https:\/\/www.campinglefonti.com\/fr\/nos-services\/#primaryimage\"},\"thumbnailUrl\":\"https:\/\/www.campinglefonti.com\/wp-content\/uploads\/\/colazionecamping-1024x683.jpg\",\"datePublished\":\"2025-02-25T11:25:20+00:00\",\"dateModified\":\"2025-03-09T17:47:46+00:00\",\"breadcrumb\":{\"@id\":\"https:\/\/www.campinglefonti.com\/fr\/nos-services\/#breadcrumb\"},\"inLanguage\":\"fr-FR\",\"potentialAction\":[{\"@type\":\"ReadAction\",\"target\":[\"https:\/\/www.campinglefonti.com\/fr\/nos-services\/\"]}]},{\"@type\":\"ImageObject\",\"inLanguage\":\"fr-FR\",\"@id\":\"https:\/\/www.campinglefonti.com\/fr\/nos-services\/#primaryimage\",\"url\":\"https:\/\/www.campinglefonti.com\/wp-content\/uploads\/\/colazionecamping-1024x683.jpg\",\"contentUrl\":\"https:\/\/www.campinglefonti.com\/wp-content\/uploads\/\/colazionecamping-1024x683.jpg\"},{\"@type\":\"BreadcrumbList\",\"@id\":\"https:\/\/www.campinglefonti.com\/fr\/nos-services\/#breadcrumb\",\"itemListElement\":[{\"@type\":\"ListItem\",\"position\":1,\"name\":\"Home\",\"item\":\"https:\/\/www.campinglefonti.com\/fr\/\"},{\"@type\":\"ListItem\",\"position\":2,\"name\":\"Nos Services\"}]},{\"@type\":\"WebSite\",\"@id\":\"https:\/\/www.campinglefonti.com\/fr\/#website\",\"url\":\"https:\/\/www.campinglefonti.com\/fr\/\",\"name\":\"Camping Le Fonti\",\"description\":\"Campeggio con bungalow e piazzole nell&#039;Appennino Reggiano\",\"publisher\":{\"@id\":\"https:\/\/www.campinglefonti.com\/fr\/#organization\"},\"potentialAction\":[{\"@type\":\"SearchAction\",\"target\":{\"@type\":\"EntryPoint\",\"urlTemplate\":\"https:\/\/www.campinglefonti.com\/fr\/?s={search_term_string}\"},\"query-input\":{\"@type\":\"PropertyValueSpecification\",\"valueRequired\":true,\"valueName\":\"search_term_string\"}}],\"inLanguage\":\"fr-FR\"},{\"@type\":\"Organization\",\"@id\":\"https:\/\/www.campinglefonti.com\/fr\/#organization\",\"name\":\"Camping Le Fonti\",\"url\":\"https:\/\/www.campinglefonti.com\/fr\/\",\"logo\":{\"@type\":\"ImageObject\",\"inLanguage\":\"fr-FR\",\"@id\":\"https:\/\/www.campinglefonti.com\/fr\/#\/schema\/logo\/image\/\",\"url\":\"https:\/\/www.campinglefonti.com\/wp-content\/uploads\/logo-camping-le-fonti.svg\",\"contentUrl\":\"https:\/\/www.campinglefonti.com\/wp-content\/uploads\/logo-camping-le-fonti.svg\",\"width\":75,\"height\":71,\"caption\":\"Camping Le Fonti\"},\"image\":{\"@id\":\"https:\/\/www.campinglefonti.com\/fr\/#\/schema\/logo\/image\/\"}}]}<\/script>\n<!-- \/ Yoast SEO plugin. -->","yoast_head_json":{"title":"Nos Services - Camping Le Fonti","robots":{"index":"index","follow":"follow","max-snippet":"max-snippet:-1","max-image-preview":"max-image-preview:large","max-video-preview":"max-video-preview:-1"},"canonical":"https:\/\/www.campinglefonti.com\/fr\/nos-services\/","og_locale":"fr_FR","og_type":"article","og_title":"Nos Services - Camping Le Fonti","og_description":"Vous \u00eates&nbsp;toujours&nbsp;en&nbsp;bonne compagnie! Profitez de petits d\u00e9jeuners avec d\u00e9licieux croissants, ap\u00e9ritifs savoreux avant les repas, mais aussi un petit caf\u00e9 pendant la journ\u00e9e. En hiver vous pouvez d\u00e9guster une chocolat ou une tisane afin d&#8217;adoucir&nbsp;votre journ\u00e9e. En \u00e9t\u00e9, notre terrasse panoramique devient l\u2019endroit parfait pour des ap\u00e9ritifs en compagnie. Tous les services du Camping Le [&hellip;]","og_url":"https:\/\/www.campinglefonti.com\/fr\/nos-services\/","og_site_name":"Camping Le Fonti","article_modified_time":"2025-03-09T17:47:46+00:00","og_image":[{"width":2500,"height":1667,"url":"https:\/\/www.campinglefonti.com\/wp-content\/uploads\/colazionecamping.jpg","type":"image\/jpeg"}],"twitter_card":"summary_large_image","twitter_misc":{"Dur\u00e9e de lecture estim\u00e9e":"3 minutes"},"schema":{"@context":"https:\/\/schema.org","@graph":[{"@type":"WebPage","@id":"https:\/\/www.campinglefonti.com\/fr\/nos-services\/","url":"https:\/\/www.campinglefonti.com\/fr\/nos-services\/","name":"Nos Services - Camping Le Fonti","isPartOf":{"@id":"https:\/\/www.campinglefonti.com\/fr\/#website"},"primaryImageOfPage":{"@id":"https:\/\/www.campinglefonti.com\/fr\/nos-services\/#primaryimage"},"image":{"@id":"https:\/\/www.campinglefonti.com\/fr\/nos-services\/#primaryimage"},"thumbnailUrl":"https:\/\/www.campinglefonti.com\/wp-content\/uploads\/\/colazionecamping-1024x683.jpg","datePublished":"2025-02-25T11:25:20+00:00","dateModified":"2025-03-09T17:47:46+00:00","breadcrumb":{"@id":"https:\/\/www.campinglefonti.com\/fr\/nos-services\/#breadcrumb"},"inLanguage":"fr-FR","potentialAction":[{"@type":"ReadAction","target":["https:\/\/www.campinglefonti.com\/fr\/nos-services\/"]}]},{"@type":"ImageObject","inLanguage":"fr-FR","@id":"https:\/\/www.campinglefonti.com\/fr\/nos-services\/#primaryimage","url":"https:\/\/www.campinglefonti.com\/wp-content\/uploads\/\/colazionecamping-1024x683.jpg","contentUrl":"https:\/\/www.campinglefonti.com\/wp-content\/uploads\/\/colazionecamping-1024x683.jpg"},{"@type":"BreadcrumbList","@id":"https:\/\/www.campinglefonti.com\/fr\/nos-services\/#breadcrumb","itemListElement":[{"@type":"ListItem","position":1,"name":"Home","item":"https:\/\/www.campinglefonti.com\/fr\/"},{"@type":"ListItem","position":2,"name":"Nos Services"}]},{"@type":"WebSite","@id":"https:\/\/www.campinglefonti.com\/fr\/#website","url":"https:\/\/www.campinglefonti.com\/fr\/","name":"Camping Le Fonti","description":"Campeggio con bungalow e piazzole nell&#039;Appennino Reggiano","publisher":{"@id":"https:\/\/www.campinglefonti.com\/fr\/#organization"},"potentialAction":[{"@type":"SearchAction","target":{"@type":"EntryPoint","urlTemplate":"https:\/\/www.campinglefonti.com\/fr\/?s={search_term_string}"},"query-input":{"@type":"PropertyValueSpecification","valueRequired":true,"valueName":"search_term_string"}}],"inLanguage":"fr-FR"},{"@type":"Organization","@id":"https:\/\/www.campinglefonti.com\/fr\/#organization","name":"Camping Le Fonti","url":"https:\/\/www.campinglefonti.com\/fr\/","logo":{"@type":"ImageObject","inLanguage":"fr-FR","@id":"https:\/\/www.campinglefonti.com\/fr\/#\/schema\/logo\/image\/","url":"https:\/\/www.campinglefonti.com\/wp-content\/uploads\/logo-camping-le-fonti.svg","contentUrl":"https:\/\/www.campinglefonti.com\/wp-content\/uploads\/logo-camping-le-fonti.svg","width":75,"height":71,"caption":"Camping Le Fonti"},"image":{"@id":"https:\/\/www.campinglefonti.com\/fr\/#\/schema\/logo\/image\/"}}]}},"_links":{"self":[{"href":"https:\/\/www.campinglefonti.com\/fr\/wp-json\/wp\/v2\/pages\/4079","targetHints":{"allow":["GET"]}}],"collection":[{"href":"https:\/\/www.campinglefonti.com\/fr\/wp-json\/wp\/v2\/pages"}],"about":[{"href":"https:\/\/www.campinglefonti.com\/fr\/wp-json\/wp\/v2\/types\/page"}],"author":[{"embeddable":true,"href":"https:\/\/www.campinglefonti.com\/fr\/wp-json\/wp\/v2\/users\/6"}],"replies":[{"embeddable":true,"href":"https:\/\/www.campinglefonti.com\/fr\/wp-json\/wp\/v2\/comments?post=4079"}],"version-history":[{"count":6,"href":"https:\/\/www.campinglefonti.com\/fr\/wp-json\/wp\/v2\/pages\/4079\/revisions"}],"predecessor-version":[{"id":5441,"href":"https:\/\/www.campinglefonti.com\/fr\/wp-json\/wp\/v2\/pages\/4079\/revisions\/5441"}],"wp:attachment":[{"href":"https:\/\/www.campinglefonti.com\/fr\/wp-json\/wp\/v2\/media?parent=4079"}],"curies":[{"name":"wp","href":"https:\/\/api.w.org\/{rel}","templated":true}]}}