{"id":4087,"date":"2025-02-25T12:25:56","date_gmt":"2025-02-25T11:25:56","guid":{"rendered":"https:\/\/www.campinglefonti.com\/?page_id=4087"},"modified":"2025-03-02T09:12:30","modified_gmt":"2025-03-02T08:12:30","slug":"loisirs","status":"publish","type":"page","link":"https:\/\/www.campinglefonti.com\/fr\/a-proximite\/loisirs\/","title":{"rendered":"Loisirs"},"content":{"rendered":"\n<figure class=\"wp-block-image alignfull size-large grid-section-main-image\"><img loading=\"lazy\" decoding=\"async\" width=\"1024\" height=\"681\" src=\"https:\/\/www.campinglefonti.com\/wp-content\/uploads\/parcoavventuracerwood-1024x681.jpg\" alt=\"\" class=\"wp-image-434\" srcset=\"https:\/\/www.campinglefonti.com\/wp-content\/uploads\/parcoavventuracerwood-1024x681.jpg 1024w, https:\/\/www.campinglefonti.com\/wp-content\/uploads\/parcoavventuracerwood-300x200.jpg 300w, https:\/\/www.campinglefonti.com\/wp-content\/uploads\/parcoavventuracerwood-768x511.jpg 768w, https:\/\/www.campinglefonti.com\/wp-content\/uploads\/parcoavventuracerwood-1536x1022.jpg 1536w, https:\/\/www.campinglefonti.com\/wp-content\/uploads\/parcoavventuracerwood-2048x1363.jpg 2048w\" sizes=\"auto, (max-width: 1024px) 100vw, 1024px\" \/><\/figure>\n\n\n\n<div class=\"wp-block-columns grid-section-columns grid-section-columns-green margin-bottom--m is-layout-flex wp-container-core-columns-is-layout-9d6595d7 wp-block-columns-is-layout-flex\">\n<div class=\"wp-block-column is-layout-flow wp-block-column-is-layout-flow\">\n<figure class=\"wp-block-image size-large\"><img decoding=\"async\" src=\"https:\/\/www.campinglefonti.com\/wp-content\/uploads\/P6300007-768x1024.jpg\" alt=\"Panorama Appennino Reggiano\" class=\"wp-image-255\"\/><\/figure>\n<\/div>\n\n\n\n<div class=\"wp-block-column is-layout-flow wp-block-column-is-layout-flow\"><div class=\"yoast-breadcrumbs\"><span><span><a href=\"https:\/\/www.campinglefonti.com\/fr\/\">Home<\/a><\/span> | <span><a href=\"https:\/\/www.campinglefonti.com\/fr\/a-proximite\/\">\u00c0 Proximit\u00e9<\/a><\/span> | <span class=\"breadcrumb_last\" aria-current=\"page\">Loisirs<\/span><\/span><\/div>\n\n\n<h1 class=\"wp-block-heading\"><strong>Un territoire qui offre beaucoup de divertissement et de loisirs.<\/strong><\/h1>\n\n\n\n<figure class=\"wp-block-embed is-type-video is-provider-youtube wp-block-embed-youtube wp-embed-aspect-16-9 wp-has-aspect-ratio\"><div class=\"wp-block-embed__wrapper\">\n<iframe loading=\"lazy\" title=\"Immagina un luogo.. Appennino reggiano\" width=\"500\" height=\"281\" src=\"https:\/\/www.youtube-nocookie.com\/embed\/ixNl4k_kjHo?feature=oembed\" frameborder=\"0\" allow=\"accelerometer; autoplay; clipboard-write; encrypted-media; gyroscope; picture-in-picture; web-share\" referrerpolicy=\"strict-origin-when-cross-origin\" allowfullscreen><\/iframe>\n<\/div><\/figure>\n\n\n\n<p>Pr\u00e8s de Cervarezza Terme il y a plusieurs activit\u00e9s pour votre s\u00e9jour amusant en contact avec la nature. Vous pouvez trouver le Parc d\u2019aventure Cerwood, un&nbsp;observatoire astronomique et les thermes.<\/p>\n<\/div>\n<\/div>\n\n\n\n<div class=\"wp-block-columns image-on-left margin-bottom--m is-layout-flex wp-container-core-columns-is-layout-9d6595d7 wp-block-columns-is-layout-flex\">\n<div class=\"wp-block-column is-layout-flow wp-block-column-is-layout-flow\">\n<figure class=\"wp-block-image size-large\"><img loading=\"lazy\" decoding=\"async\" width=\"1024\" height=\"819\" src=\"https:\/\/www.campinglefonti.com\/wp-content\/uploads\/\/attivitaneidintorni-1024x819.jpg\" alt=\"\" class=\"wp-image-666\" srcset=\"https:\/\/www.campinglefonti.com\/wp-content\/uploads\/attivitaneidintorni-1024x819.jpg 1024w, https:\/\/www.campinglefonti.com\/wp-content\/uploads\/attivitaneidintorni-300x240.jpg 300w, https:\/\/www.campinglefonti.com\/wp-content\/uploads\/attivitaneidintorni-768x614.jpg 768w, https:\/\/www.campinglefonti.com\/wp-content\/uploads\/attivitaneidintorni-1536x1229.jpg 1536w, https:\/\/www.campinglefonti.com\/wp-content\/uploads\/attivitaneidintorni-20x16.jpg 20w, https:\/\/www.campinglefonti.com\/wp-content\/uploads\/attivitaneidintorni.jpg 1600w\" sizes=\"auto, (max-width: 1024px) 100vw, 1024px\" \/><\/figure>\n<\/div>\n\n\n\n<div class=\"wp-block-column is-layout-flow wp-block-column-is-layout-flow\">\n<h2 class=\"wp-block-heading\"><em><strong>Les thermes<\/strong><\/em><\/h2>\n\n\n\n<p>La station thermale c\u2019est \u00e0 500 m\u00e8tres du Camping, accessibles \u00e0 pied. Pour avoir plus d\u2019informations vous pouvez visiter le site web: &nbsp;<a href=\"http:\/\/cervarezzaterme.blogspot.it\/\" target=\"_blank\" rel=\"noreferrer noopener\">Cervarezzaterme<\/a>.<\/p>\n\n\n\n<h2 class=\"wp-block-heading\"><em><strong>Le Parc d\u2019aventure Cerwood<\/strong><\/em><\/h2>\n\n\n\n<p>Ce Parc peut divertir les enfants et les adultes et il se trouve seulement \u00e0 600 m\u00e8tres du Camping.<\/p>\n\n\n\n<p>Pour avoir plus d\u2019informations vous pouvez visiter le site web: <a href=\"https:\/\/www.cerwood.it\/\">https:\/\/www.cerwood.it\/<\/a><\/p>\n\n\n\n<h2 class=\"wp-block-heading\"><em><strong>L\u2019 observatoire astronomique<\/strong><\/em><\/h2>\n\n\n\n<p>L\u2019observatoire se trouve sur la butte \u00e0 c\u00f4t\u00e9 du Camping. Il organise des visites guid\u00e9es et manifestations pour observer les ph\u00e9nom\u00e8nes&nbsp;dans le&nbsp;ciel.<\/p>\n\n\n\n<p>Pour avoir plus d\u2019informations vous pouvez visiter le site web: <a href=\"https:\/\/www.appenninoreggiano.it\/it\/scheda\/osservatorio-astronomico-di-cervarezza-terme\">https:\/\/www.appenninoreggiano.it\/it\/scheda\/osservatorio-astronomico-di-cervarezza-terme<\/a><\/p>\n<\/div>\n<\/div>\n\n\n\n<div class=\"wp-block-columns margin-bottom--m is-layout-flex wp-container-core-columns-is-layout-9d6595d7 wp-block-columns-is-layout-flex\">\n<div class=\"wp-block-column is-layout-flow wp-block-column-is-layout-flow\">\n<figure class=\"wp-block-image alignfull size-full\"><img loading=\"lazy\" decoding=\"async\" width=\"1024\" height=\"684\" src=\"https:\/\/www.campinglefonti.com\/wp-content\/uploads\/CERWOOD2.jpg\" alt=\"\" class=\"wp-image-5136\" srcset=\"https:\/\/www.campinglefonti.com\/wp-content\/uploads\/CERWOOD2.jpg 1024w, https:\/\/www.campinglefonti.com\/wp-content\/uploads\/CERWOOD2-300x200.jpg 300w, https:\/\/www.campinglefonti.com\/wp-content\/uploads\/CERWOOD2-768x513.jpg 768w\" sizes=\"auto, (max-width: 1024px) 100vw, 1024px\" \/><\/figure>\n<\/div>\n\n\n\n<div class=\"wp-block-column is-layout-flow wp-block-column-is-layout-flow\">\n<figure class=\"wp-block-image alignfull size-full\"><img loading=\"lazy\" decoding=\"async\" width=\"800\" height=\"600\" src=\"https:\/\/www.campinglefonti.com\/wp-content\/uploads\/TERME.jpg\" alt=\"\" class=\"wp-image-5146\" srcset=\"https:\/\/www.campinglefonti.com\/wp-content\/uploads\/TERME.jpg 800w, https:\/\/www.campinglefonti.com\/wp-content\/uploads\/TERME-300x225.jpg 300w, https:\/\/www.campinglefonti.com\/wp-content\/uploads\/TERME-768x576.jpg 768w, https:\/\/www.campinglefonti.com\/wp-content\/uploads\/TERME-702x526.jpg 702w\" sizes=\"auto, (max-width: 800px) 100vw, 800px\" \/><\/figure>\n<\/div>\n\n\n\n<div class=\"wp-block-column is-layout-flow wp-block-column-is-layout-flow\">\n<figure class=\"wp-block-image alignfull size-large\"><img loading=\"lazy\" decoding=\"async\" width=\"1024\" height=\"683\" src=\"https:\/\/www.campinglefonti.com\/wp-content\/uploads\/\/OSSERVATORIO-1024x683.jpg\" alt=\"\" class=\"wp-image-5131\" srcset=\"https:\/\/www.campinglefonti.com\/wp-content\/uploads\/OSSERVATORIO-1024x683.jpg 1024w, https:\/\/www.campinglefonti.com\/wp-content\/uploads\/OSSERVATORIO-300x200.jpg 300w, https:\/\/www.campinglefonti.com\/wp-content\/uploads\/OSSERVATORIO-768x512.jpg 768w, https:\/\/www.campinglefonti.com\/wp-content\/uploads\/OSSERVATORIO-1536x1024.jpg 1536w, https:\/\/www.campinglefonti.com\/wp-content\/uploads\/OSSERVATORIO.jpg 1920w\" sizes=\"auto, (max-width: 1024px) 100vw, 1024px\" \/><\/figure>\n<\/div>\n<\/div>\n\n\n\n<div class=\"wp-block-columns image-on-right margin-bottom--m is-layout-flex wp-container-core-columns-is-layout-9d6595d7 wp-block-columns-is-layout-flex\">\n<div class=\"wp-block-column is-layout-flow wp-block-column-is-layout-flow\">\n<h2 class=\"wp-block-heading\"><em><strong>Les Jardins de l\u2019Eau<\/strong><\/em><\/h2>\n\n\n\n<p>Un centre de p\u00eache \u00e0 10 kilom\u00e8tres du Camping, avec ces services: \u00e9levage&nbsp;de&nbsp;truites; \u00e9tang \u00e0 poissons et \u00e9cole de p\u00eache; terrain de jeu; piscine; solarium; zone de pique-nique et un sentier naturel.<\/p>\n\n\n\n<p>Pour avoir plus d\u2019informations vous pouvez visiter le site web: (site en maintenance)<\/p>\n\n\n\n<h2 class=\"wp-block-heading\"><em><strong>Court de tennis et terrain de football<\/strong><\/em><\/h2>\n\n\n\n<p>\u00c0 1 kilom\u00e8tre du Camping il y a le court de tennis:&nbsp; <a href=\"https:\/\/www.appenninoreggiano.it\/it\/scheda\/campo-da-tennis-di-cervarezza-terme\">https:\/\/www.appenninoreggiano.it\/it\/scheda\/campo-da-tennis-di-cervarezza-terme<\/a> et le terrain de football : <a href=\"https:\/\/www.appenninoreggiano.it\/it\/scheda\/campo-da-calcio-di-cervarezza-terme\">https:\/\/www.appenninoreggiano.it\/it\/scheda\/campo-da-calcio-di-cervarezza-terme<\/a><\/p>\n<\/div>\n\n\n\n<div class=\"wp-block-column is-layout-flow wp-block-column-is-layout-flow\">\n<figure class=\"wp-block-image alignfull size-large\"><img loading=\"lazy\" decoding=\"async\" width=\"1024\" height=\"771\" src=\"https:\/\/www.campinglefonti.com\/wp-content\/uploads\/\/GIARDINIACQUA2-1024x771.jpg\" alt=\"\" class=\"wp-image-5141\" srcset=\"https:\/\/www.campinglefonti.com\/wp-content\/uploads\/GIARDINIACQUA2-1024x771.jpg 1024w, https:\/\/www.campinglefonti.com\/wp-content\/uploads\/GIARDINIACQUA2-300x226.jpg 300w, https:\/\/www.campinglefonti.com\/wp-content\/uploads\/GIARDINIACQUA2-768x579.jpg 768w, https:\/\/www.campinglefonti.com\/wp-content\/uploads\/GIARDINIACQUA2-1536x1157.jpg 1536w, https:\/\/www.campinglefonti.com\/wp-content\/uploads\/GIARDINIACQUA2.jpg 1593w\" sizes=\"auto, (max-width: 1024px) 100vw, 1024px\" \/><\/figure>\n\n\n\n<figure class=\"wp-block-image alignfull size-large\"><img loading=\"lazy\" decoding=\"async\" width=\"768\" height=\"1024\" src=\"https:\/\/www.campinglefonti.com\/wp-content\/uploads\/\/GIARDINIACQUA-768x1024.jpg\" alt=\"\" class=\"wp-image-5151\" srcset=\"https:\/\/www.campinglefonti.com\/wp-content\/uploads\/GIARDINIACQUA-768x1024.jpg 768w, https:\/\/www.campinglefonti.com\/wp-content\/uploads\/GIARDINIACQUA-225x300.jpg 225w, https:\/\/www.campinglefonti.com\/wp-content\/uploads\/GIARDINIACQUA.jpg 945w\" sizes=\"auto, (max-width: 768px) 100vw, 768px\" \/><\/figure>\n<\/div>\n<\/div>\n\n\n\n<div class=\"wp-block-group is-style-light-green-bg\"><div class=\"wp-block-group__inner-container is-layout-flow wp-block-group-is-layout-flow\">\n<div class=\"wp-block-columns is-layout-flex wp-container-core-columns-is-layout-9d6595d7 wp-block-columns-is-layout-flex\">\n<div class=\"wp-block-column is-layout-flow wp-block-column-is-layout-flow\">\n<h2 class=\"wp-block-heading\"><em><strong>Le mus\u00e9e du li\u00e8ge \u2013 Office du tourisme<\/strong><\/em><\/h2>\n\n\n\n<p>Ce mus\u00e9e dans le centre de Cervarezza Terme vous fait d\u00e9couvrir l\u2019histoire et le travail du li\u00e8ge. \u00c0 c\u00f4t\u00e9 du mus\u00e9e il y a l\u2019office du tourisme. Pour avoir plus d\u2019informations vous pouvez visiter le site web:\u00a0<a href=\"https:\/\/www.appenninoreggiano.it\/it\/scheda\/museo-del-sughero-di-cervarezza\">https:\/\/www.appenninoreggiano.it\/it\/scheda\/museo-del-sughero-di-cervarezza<\/a><\/p>\n\n\n\n<h2 class=\"wp-block-heading\"><em><strong>Le Vaisseau du Monsignor \u2013 Ancienne Vinaigrerie<\/strong><\/em><\/h2>\n\n\n\n<p>Dans cette vinaigrerie vous pouvez non seulement d\u00e9guster et ach\u00e9ter le vinaigre, mais aussi profiter d\u2019un\u00a0tour guid\u00e9. Pour avoir plus d\u2019informations vous pouvez visiter le site web:\u00a0<a href=\"https:\/\/www.ilvascellodelmonsignore.com\/\">https:\/\/www.ilvascellodelmonsignore.com\/<\/a><\/p>\n<\/div>\n\n\n\n<div class=\"wp-block-column is-layout-flow wp-block-column-is-layout-flow\">\n<figure class=\"wp-block-image alignfull size-full\"><img loading=\"lazy\" decoding=\"async\" width=\"800\" height=\"600\" src=\"https:\/\/www.campinglefonti.com\/wp-content\/uploads\/museo-del-sughero.jpeg\" alt=\"\" class=\"wp-image-4984\" srcset=\"https:\/\/www.campinglefonti.com\/wp-content\/uploads\/museo-del-sughero.jpeg 800w, https:\/\/www.campinglefonti.com\/wp-content\/uploads\/museo-del-sughero-300x225.jpeg 300w, https:\/\/www.campinglefonti.com\/wp-content\/uploads\/museo-del-sughero-768x576.jpeg 768w, https:\/\/www.campinglefonti.com\/wp-content\/uploads\/museo-del-sughero-702x526.jpeg 702w\" sizes=\"auto, (max-width: 800px) 100vw, 800px\" \/><\/figure>\n\n\n\n<figure class=\"wp-block-image alignfull size-full\"><img loading=\"lazy\" decoding=\"async\" width=\"800\" height=\"600\" src=\"https:\/\/www.campinglefonti.com\/wp-content\/uploads\/antica-acetaia.jpeg\" alt=\"\" class=\"wp-image-4990\" srcset=\"https:\/\/www.campinglefonti.com\/wp-content\/uploads\/antica-acetaia.jpeg 800w, https:\/\/www.campinglefonti.com\/wp-content\/uploads\/antica-acetaia-300x225.jpeg 300w, https:\/\/www.campinglefonti.com\/wp-content\/uploads\/antica-acetaia-768x576.jpeg 768w, https:\/\/www.campinglefonti.com\/wp-content\/uploads\/antica-acetaia-702x526.jpeg 702w\" sizes=\"auto, (max-width: 800px) 100vw, 800px\" \/><\/figure>\n<\/div>\n<\/div>\n\n\n\n<p class=\"has-text-align-center\" style=\"font-size:33px\">R\u00eavez-vous un week-end alternatif?<br>Nous avons des chalets aussi pour s\u00e9jours brefs!<\/p>\n\n\n\n<div class=\"wp-block-buttons is-horizontal is-content-justification-center is-layout-flex wp-container-core-buttons-is-layout-499968f5 wp-block-buttons-is-layout-flex\">\n<div class=\"wp-block-button\"><a class=\"wp-block-button__link wp-element-button\" href=\"\/fr\/?page_id=4073\">Plus d&#8217;informations<\/a><\/div>\n<\/div>\n<\/div><\/div>\n","protected":false},"excerpt":{"rendered":"<p>Un territoire qui offre beaucoup de divertissement et de loisirs. Pr\u00e8s de Cervarezza Terme il y a plusieurs activit\u00e9s pour votre s\u00e9jour amusant en contact avec la nature. Vous pouvez trouver le Parc d\u2019aventure Cerwood, un&nbsp;observatoire astronomique et les thermes. Les thermes La station thermale c\u2019est \u00e0 500 m\u00e8tres du Camping, accessibles \u00e0 pied. Pour [&hellip;]<\/p>\n","protected":false},"author":6,"featured_media":0,"parent":4085,"menu_order":1,"comment_status":"closed","ping_status":"closed","template":"","meta":{"_acf_changed":false,"inline_featured_image":false,"_genesis_hide_title":false,"_genesis_hide_breadcrumbs":false,"_genesis_hide_singular_image":false,"_genesis_hide_footer_widgets":false,"_genesis_custom_body_class":"","_genesis_custom_post_class":"","_genesis_layout":"","footnotes":"","_links_to":"","_links_to_target":""},"class_list":{"0":"post-4087","1":"page","2":"type-page","3":"status-publish","5":"entry"},"acf":[],"yoast_head":"<!-- This site is optimized with the Yoast SEO plugin v27.2 - https:\/\/yoast.com\/product\/yoast-seo-wordpress\/ -->\n<title>Loisirs - Camping Le Fonti<\/title>\n<meta name=\"robots\" content=\"index, follow, max-snippet:-1, max-image-preview:large, max-video-preview:-1\" \/>\n<link rel=\"canonical\" href=\"https:\/\/www.campinglefonti.com\/fr\/a-proximite\/loisirs\/\" \/>\n<meta property=\"og:locale\" content=\"fr_FR\" \/>\n<meta property=\"og:type\" content=\"article\" \/>\n<meta property=\"og:title\" content=\"Loisirs - Camping Le Fonti\" \/>\n<meta property=\"og:description\" content=\"Un territoire qui offre beaucoup de divertissement et de loisirs. Pr\u00e8s de Cervarezza Terme il y a plusieurs activit\u00e9s pour votre s\u00e9jour amusant en contact avec la nature. Vous pouvez trouver le Parc d\u2019aventure Cerwood, un&nbsp;observatoire astronomique et les thermes. Les thermes La station thermale c\u2019est \u00e0 500 m\u00e8tres du Camping, accessibles \u00e0 pied. Pour [&hellip;]\" \/>\n<meta property=\"og:url\" content=\"https:\/\/www.campinglefonti.com\/fr\/a-proximite\/loisirs\/\" \/>\n<meta property=\"og:site_name\" content=\"Camping Le Fonti\" \/>\n<meta property=\"article:modified_time\" content=\"2025-03-02T08:12:30+00:00\" \/>\n<meta property=\"og:image\" content=\"https:\/\/www.campinglefonti.com\/wp-content\/uploads\/parcoavventuracerwood-scaled.jpg\" \/>\n\t<meta property=\"og:image:width\" content=\"2560\" \/>\n\t<meta property=\"og:image:height\" content=\"1703\" \/>\n\t<meta property=\"og:image:type\" content=\"image\/jpeg\" \/>\n<meta name=\"twitter:card\" content=\"summary_large_image\" \/>\n<meta name=\"twitter:label1\" content=\"Dur\u00e9e de lecture estim\u00e9e\" \/>\n\t<meta name=\"twitter:data1\" content=\"4 minutes\" \/>\n<script type=\"application\/ld+json\" class=\"yoast-schema-graph\">{\"@context\":\"https:\/\/schema.org\",\"@graph\":[{\"@type\":\"WebPage\",\"@id\":\"https:\/\/www.campinglefonti.com\/fr\/a-proximite\/loisirs\/\",\"url\":\"https:\/\/www.campinglefonti.com\/fr\/a-proximite\/loisirs\/\",\"name\":\"Loisirs - Camping Le Fonti\",\"isPartOf\":{\"@id\":\"https:\/\/www.campinglefonti.com\/fr\/#website\"},\"primaryImageOfPage\":{\"@id\":\"https:\/\/www.campinglefonti.com\/fr\/a-proximite\/loisirs\/#primaryimage\"},\"image\":{\"@id\":\"https:\/\/www.campinglefonti.com\/fr\/a-proximite\/loisirs\/#primaryimage\"},\"thumbnailUrl\":\"https:\/\/www.campinglefonti.com\/wp-content\/uploads\/parcoavventuracerwood-1024x681.jpg\",\"datePublished\":\"2025-02-25T11:25:56+00:00\",\"dateModified\":\"2025-03-02T08:12:30+00:00\",\"breadcrumb\":{\"@id\":\"https:\/\/www.campinglefonti.com\/fr\/a-proximite\/loisirs\/#breadcrumb\"},\"inLanguage\":\"fr-FR\",\"potentialAction\":[{\"@type\":\"ReadAction\",\"target\":[\"https:\/\/www.campinglefonti.com\/fr\/a-proximite\/loisirs\/\"]}]},{\"@type\":\"ImageObject\",\"inLanguage\":\"fr-FR\",\"@id\":\"https:\/\/www.campinglefonti.com\/fr\/a-proximite\/loisirs\/#primaryimage\",\"url\":\"https:\/\/www.campinglefonti.com\/wp-content\/uploads\/parcoavventuracerwood-1024x681.jpg\",\"contentUrl\":\"https:\/\/www.campinglefonti.com\/wp-content\/uploads\/parcoavventuracerwood-1024x681.jpg\"},{\"@type\":\"BreadcrumbList\",\"@id\":\"https:\/\/www.campinglefonti.com\/fr\/a-proximite\/loisirs\/#breadcrumb\",\"itemListElement\":[{\"@type\":\"ListItem\",\"position\":1,\"name\":\"Home\",\"item\":\"https:\/\/www.campinglefonti.com\/fr\/\"},{\"@type\":\"ListItem\",\"position\":2,\"name\":\"\u00c0 Proximit\u00e9\",\"item\":\"https:\/\/www.campinglefonti.com\/fr\/a-proximite\/\"},{\"@type\":\"ListItem\",\"position\":3,\"name\":\"Loisirs\"}]},{\"@type\":\"WebSite\",\"@id\":\"https:\/\/www.campinglefonti.com\/fr\/#website\",\"url\":\"https:\/\/www.campinglefonti.com\/fr\/\",\"name\":\"Camping Le Fonti\",\"description\":\"Campeggio con bungalow e piazzole nell&#039;Appennino Reggiano\",\"publisher\":{\"@id\":\"https:\/\/www.campinglefonti.com\/fr\/#organization\"},\"potentialAction\":[{\"@type\":\"SearchAction\",\"target\":{\"@type\":\"EntryPoint\",\"urlTemplate\":\"https:\/\/www.campinglefonti.com\/fr\/?s={search_term_string}\"},\"query-input\":{\"@type\":\"PropertyValueSpecification\",\"valueRequired\":true,\"valueName\":\"search_term_string\"}}],\"inLanguage\":\"fr-FR\"},{\"@type\":\"Organization\",\"@id\":\"https:\/\/www.campinglefonti.com\/fr\/#organization\",\"name\":\"Camping Le Fonti\",\"url\":\"https:\/\/www.campinglefonti.com\/fr\/\",\"logo\":{\"@type\":\"ImageObject\",\"inLanguage\":\"fr-FR\",\"@id\":\"https:\/\/www.campinglefonti.com\/fr\/#\/schema\/logo\/image\/\",\"url\":\"https:\/\/www.campinglefonti.com\/wp-content\/uploads\/logo-camping-le-fonti.svg\",\"contentUrl\":\"https:\/\/www.campinglefonti.com\/wp-content\/uploads\/logo-camping-le-fonti.svg\",\"width\":75,\"height\":71,\"caption\":\"Camping Le Fonti\"},\"image\":{\"@id\":\"https:\/\/www.campinglefonti.com\/fr\/#\/schema\/logo\/image\/\"}}]}<\/script>\n<!-- \/ Yoast SEO plugin. -->","yoast_head_json":{"title":"Loisirs - Camping Le Fonti","robots":{"index":"index","follow":"follow","max-snippet":"max-snippet:-1","max-image-preview":"max-image-preview:large","max-video-preview":"max-video-preview:-1"},"canonical":"https:\/\/www.campinglefonti.com\/fr\/a-proximite\/loisirs\/","og_locale":"fr_FR","og_type":"article","og_title":"Loisirs - Camping Le Fonti","og_description":"Un territoire qui offre beaucoup de divertissement et de loisirs. Pr\u00e8s de Cervarezza Terme il y a plusieurs activit\u00e9s pour votre s\u00e9jour amusant en contact avec la nature. Vous pouvez trouver le Parc d\u2019aventure Cerwood, un&nbsp;observatoire astronomique et les thermes. Les thermes La station thermale c\u2019est \u00e0 500 m\u00e8tres du Camping, accessibles \u00e0 pied. Pour [&hellip;]","og_url":"https:\/\/www.campinglefonti.com\/fr\/a-proximite\/loisirs\/","og_site_name":"Camping Le Fonti","article_modified_time":"2025-03-02T08:12:30+00:00","og_image":[{"width":2560,"height":1703,"url":"https:\/\/www.campinglefonti.com\/wp-content\/uploads\/parcoavventuracerwood-scaled.jpg","type":"image\/jpeg"}],"twitter_card":"summary_large_image","twitter_misc":{"Dur\u00e9e de lecture estim\u00e9e":"4 minutes"},"schema":{"@context":"https:\/\/schema.org","@graph":[{"@type":"WebPage","@id":"https:\/\/www.campinglefonti.com\/fr\/a-proximite\/loisirs\/","url":"https:\/\/www.campinglefonti.com\/fr\/a-proximite\/loisirs\/","name":"Loisirs - Camping Le Fonti","isPartOf":{"@id":"https:\/\/www.campinglefonti.com\/fr\/#website"},"primaryImageOfPage":{"@id":"https:\/\/www.campinglefonti.com\/fr\/a-proximite\/loisirs\/#primaryimage"},"image":{"@id":"https:\/\/www.campinglefonti.com\/fr\/a-proximite\/loisirs\/#primaryimage"},"thumbnailUrl":"https:\/\/www.campinglefonti.com\/wp-content\/uploads\/parcoavventuracerwood-1024x681.jpg","datePublished":"2025-02-25T11:25:56+00:00","dateModified":"2025-03-02T08:12:30+00:00","breadcrumb":{"@id":"https:\/\/www.campinglefonti.com\/fr\/a-proximite\/loisirs\/#breadcrumb"},"inLanguage":"fr-FR","potentialAction":[{"@type":"ReadAction","target":["https:\/\/www.campinglefonti.com\/fr\/a-proximite\/loisirs\/"]}]},{"@type":"ImageObject","inLanguage":"fr-FR","@id":"https:\/\/www.campinglefonti.com\/fr\/a-proximite\/loisirs\/#primaryimage","url":"https:\/\/www.campinglefonti.com\/wp-content\/uploads\/parcoavventuracerwood-1024x681.jpg","contentUrl":"https:\/\/www.campinglefonti.com\/wp-content\/uploads\/parcoavventuracerwood-1024x681.jpg"},{"@type":"BreadcrumbList","@id":"https:\/\/www.campinglefonti.com\/fr\/a-proximite\/loisirs\/#breadcrumb","itemListElement":[{"@type":"ListItem","position":1,"name":"Home","item":"https:\/\/www.campinglefonti.com\/fr\/"},{"@type":"ListItem","position":2,"name":"\u00c0 Proximit\u00e9","item":"https:\/\/www.campinglefonti.com\/fr\/a-proximite\/"},{"@type":"ListItem","position":3,"name":"Loisirs"}]},{"@type":"WebSite","@id":"https:\/\/www.campinglefonti.com\/fr\/#website","url":"https:\/\/www.campinglefonti.com\/fr\/","name":"Camping Le Fonti","description":"Campeggio con bungalow e piazzole nell&#039;Appennino Reggiano","publisher":{"@id":"https:\/\/www.campinglefonti.com\/fr\/#organization"},"potentialAction":[{"@type":"SearchAction","target":{"@type":"EntryPoint","urlTemplate":"https:\/\/www.campinglefonti.com\/fr\/?s={search_term_string}"},"query-input":{"@type":"PropertyValueSpecification","valueRequired":true,"valueName":"search_term_string"}}],"inLanguage":"fr-FR"},{"@type":"Organization","@id":"https:\/\/www.campinglefonti.com\/fr\/#organization","name":"Camping Le Fonti","url":"https:\/\/www.campinglefonti.com\/fr\/","logo":{"@type":"ImageObject","inLanguage":"fr-FR","@id":"https:\/\/www.campinglefonti.com\/fr\/#\/schema\/logo\/image\/","url":"https:\/\/www.campinglefonti.com\/wp-content\/uploads\/logo-camping-le-fonti.svg","contentUrl":"https:\/\/www.campinglefonti.com\/wp-content\/uploads\/logo-camping-le-fonti.svg","width":75,"height":71,"caption":"Camping Le Fonti"},"image":{"@id":"https:\/\/www.campinglefonti.com\/fr\/#\/schema\/logo\/image\/"}}]}},"_links":{"self":[{"href":"https:\/\/www.campinglefonti.com\/fr\/wp-json\/wp\/v2\/pages\/4087","targetHints":{"allow":["GET"]}}],"collection":[{"href":"https:\/\/www.campinglefonti.com\/fr\/wp-json\/wp\/v2\/pages"}],"about":[{"href":"https:\/\/www.campinglefonti.com\/fr\/wp-json\/wp\/v2\/types\/page"}],"author":[{"embeddable":true,"href":"https:\/\/www.campinglefonti.com\/fr\/wp-json\/wp\/v2\/users\/6"}],"replies":[{"embeddable":true,"href":"https:\/\/www.campinglefonti.com\/fr\/wp-json\/wp\/v2\/comments?post=4087"}],"version-history":[{"count":8,"href":"https:\/\/www.campinglefonti.com\/fr\/wp-json\/wp\/v2\/pages\/4087\/revisions"}],"predecessor-version":[{"id":5271,"href":"https:\/\/www.campinglefonti.com\/fr\/wp-json\/wp\/v2\/pages\/4087\/revisions\/5271"}],"up":[{"embeddable":true,"href":"https:\/\/www.campinglefonti.com\/fr\/wp-json\/wp\/v2\/pages\/4085"}],"wp:attachment":[{"href":"https:\/\/www.campinglefonti.com\/fr\/wp-json\/wp\/v2\/media?parent=4087"}],"curies":[{"name":"wp","href":"https:\/\/api.w.org\/{rel}","templated":true}]}}