{"id":4146,"date":"2025-02-25T12:24:59","date_gmt":"2025-02-25T11:24:59","guid":{"rendered":"https:\/\/www.campinglefonti.com\/?page_id=4146"},"modified":"2025-02-25T12:25:00","modified_gmt":"2025-02-25T11:25:00","slug":"reservez","status":"publish","type":"page","link":"https:\/\/www.campinglefonti.com\/fr\/reservations\/reservez\/","title":{"rendered":"R\u00e9servez"},"content":{"rendered":"\n<figure class=\"wp-block-image alignfull size-large grid-section-main-image\"><img loading=\"lazy\" decoding=\"async\" width=\"1024\" height=\"768\" src=\"https:\/\/www.campinglefonti.com\/wp-content\/uploads\/\/P8140722-1024x768.jpg\" alt=\"\" class=\"wp-image-2657\" srcset=\"https:\/\/www.campinglefonti.com\/wp-content\/uploads\/P8140722-1024x768.jpg 1024w, https:\/\/www.campinglefonti.com\/wp-content\/uploads\/P8140722-300x225.jpg 300w, https:\/\/www.campinglefonti.com\/wp-content\/uploads\/P8140722-768x576.jpg 768w, https:\/\/www.campinglefonti.com\/wp-content\/uploads\/P8140722-1536x1152.jpg 1536w, https:\/\/www.campinglefonti.com\/wp-content\/uploads\/P8140722-2048x1536.jpg 2048w, https:\/\/www.campinglefonti.com\/wp-content\/uploads\/P8140722-702x526.jpg 702w\" sizes=\"auto, (max-width: 1024px) 100vw, 1024px\" \/><\/figure>\n\n\n\n<div class=\"wp-block-columns grid-section-columns grid-section-columns-green margin-bottom--m is-layout-flex wp-container-core-columns-is-layout-9d6595d7 wp-block-columns-is-layout-flex\">\n<div class=\"wp-block-column is-layout-flow wp-block-column-is-layout-flow\">\n<figure class=\"wp-block-image size-large\"><img loading=\"lazy\" decoding=\"async\" width=\"768\" height=\"1024\" src=\"https:\/\/www.campinglefonti.com\/wp-content\/uploads\/P3040058-768x1024.jpg\" alt=\"\" class=\"wp-image-564\" srcset=\"https:\/\/www.campinglefonti.com\/wp-content\/uploads\/P3040058-768x1024.jpg 768w, https:\/\/www.campinglefonti.com\/wp-content\/uploads\/P3040058-225x300.jpg 225w, https:\/\/www.campinglefonti.com\/wp-content\/uploads\/P3040058-1152x1536.jpg 1152w, https:\/\/www.campinglefonti.com\/wp-content\/uploads\/P3040058-1536x2048.jpg 1536w, https:\/\/www.campinglefonti.com\/wp-content\/uploads\/P3040058-scaled.jpg 1920w\" sizes=\"auto, (max-width: 768px) 100vw, 768px\" \/><\/figure>\n<\/div>\n\n\n\n<div class=\"wp-block-column is-layout-flow wp-block-column-is-layout-flow\"><div class=\"yoast-breadcrumbs\"><span><span><a href=\"https:\/\/www.campinglefonti.com\/fr\/\">Home<\/a><\/span> | <span><a href=\"https:\/\/www.campinglefonti.com\/fr\/reservations\/\">R\u00e9servations<\/a><\/span> | <span class=\"breadcrumb_last\" aria-current=\"page\">R\u00e9servez<\/span><\/span><\/div>\n\n\n<h1 class=\"wp-block-heading\"><strong>Comment r\u00e9server un chalet ou un\u2019emplacement<\/strong><\/h1>\n\n\n\n<p>Vous pouvez r\u00e9servez:<\/p>\n\n\n\n<div class=\"wp-block-buttons is-layout-flex wp-block-buttons-is-layout-flex\">\n<div class=\"wp-block-button\"><a class=\"wp-block-button__link wp-element-button\" href=\"tel:+390522890126\">En t\u00e9l\u00e9phonant au 0522 890126<\/a><\/div>\n<\/div>\n\n\n\n<div class=\"wp-block-buttons is-layout-flex wp-block-buttons-is-layout-flex\">\n<div class=\"wp-block-button\"><a class=\"wp-block-button__link wp-element-button\" href=\"mailto:info@campinglefonti.com\">En envoyant un e-mail \u00e0 info@campinglefonti.com<\/a><\/div>\n<\/div>\n\n\n\n<div class=\"wp-block-buttons is-layout-flex wp-block-buttons-is-layout-flex\">\n<div class=\"wp-block-button\"><a class=\"wp-block-button__link wp-element-button\" href=\"https:\/\/wa.me\/3802478558\">En envoyant un message Whatsapp au 3802478558<\/a><\/div>\n<\/div>\n<\/div>\n<\/div>\n\n\n\n<div class=\"wp-block-columns is-layout-flex wp-container-core-columns-is-layout-9d6595d7 wp-block-columns-is-layout-flex\">\n<div class=\"wp-block-column is-layout-flow wp-block-column-is-layout-flow\">\n<h2 class=\"wp-block-heading\"><strong>Emplacements<\/strong><\/h2>\n\n\n\n<h3 class=\"wp-block-heading\"><em>Confirmation de r\u00e9servation<\/em><\/h3>\n\n\n\n<p>D\u00e9p\u00f4t \u00e9gal \u00e0&nbsp;50%&nbsp;du&nbsp;co\u00fbt&nbsp;total du&nbsp;s\u00e9jour par mandat postale \u00e0:                              <strong>Jolly Camping srl \u2013 Via Santa Lucia, 1<br>42032 \u2013 Cervarezza Terme (Reggio nell\u2019Emilia).<\/strong>                                          (indiquer un nominatif, la date d&#8217;arriv\u00e9e et la date de d\u00e9part).<\/p>\n\n\n\n<div class=\"wp-block-group\"><div class=\"wp-block-group__inner-container is-layout-flow wp-block-group-is-layout-flow\">\n<p>D\u00e9p\u00f4t \u00e9gal \u00e0&nbsp;50%&nbsp;du&nbsp;co\u00fbt&nbsp;total du&nbsp;s\u00e9jour par virement bancaire \u00e0: <strong>IBAN: IT26W0303266280010000352465<br>Banque: Credito Emiliano<br>Compte au nom de: Jolly Camping srl<\/strong><\/p>\n<\/div><\/div>\n\n\n\n<h3 class=\"wp-block-heading\"><em>P\u00e9riode<\/em><\/h3>\n\n\n\n<p>En Ao\u00fbt nous acceptons seulement r\u00e9servations pour s\u00e9jours d&#8217;au moins 7 nuits. Pour s\u00e9jours brefs seulement last minute.<\/p>\n\n\n\n<h3 class=\"wp-block-heading\"><em>Tarifs<\/em><\/h3>\n\n\n\n<p>Les tarifs journaliers vont de la date d\u2019arriv\u00e9e (matin, ap\u00e8s-midi, soir) jusqu\u2019\u00e0 13.00 heures du jour apr\u00e8s. L\u2019\u00e9ventuelle prolongation du d\u00e9part entra\u00eene un suppl\u00e9ment (une jour de s\u00e9jour) seulement en haute saison.<\/p>\n\n\n\n<p>Le co\u00fbt comprend: Camping-Car, Caravane ou Tente + 1 voiture + \u00e9lectricit\u00e9 + acc\u00e8s \u00e0 la piscine. <\/p>\n\n\n\n<p>Dans le cas o\u00f9 (en haute saison) le caravane ou la tente sont&nbsp;momentan\u00e9ment vides, le co\u00fbt du s\u00e9jour comprend le tarif journalier de: 1 personne + l\u2019emplacement.<\/p>\n\n\n\n<h3 class=\"wp-block-heading\"><em>Visiteurs<\/em><\/h3>\n\n\n\n<p>Le visiteur journalier peut rester dans le Camping gratuitement pour au&nbsp;maximum une heure en haute saison. Apr\u00e8s \u00e7a, le tarif journalier est appliqu\u00e9. Les visiteurs doivent sortir du Camping au plus tard \u00e0 23.00 heures.<\/p>\n\n\n\n<h3 class=\"wp-block-heading\"><em>Disposition<\/em><\/h3>\n\n\n\n<p>L\u2019emplacement est tenu \u00e0 disposition au plus tard 2 jours depuis la date d\u2019arriv\u00e9e fix\u00e9e.<\/p>\n\n\n\n<h3 class=\"wp-block-heading\"><em>R\u00e9siliation<\/em><\/h3>\n\n\n\n<p>En cas de r\u00e9siliation 10 jours avant le s\u00e9jour, le d\u00e9p\u00f4t est rembours\u00e9 de 50%. Dans le cas contraire, aucun remboursement ne sera&nbsp;possible.<\/p>\n<\/div>\n\n\n\n<div class=\"wp-block-column is-layout-flow wp-block-column-is-layout-flow\">\n<h2 class=\"wp-block-heading\"><strong>Chalet<\/strong><\/h2>\n\n\n\n<h3 class=\"wp-block-heading\"><em>Confirmation de r\u00e9servation<\/em><\/h3>\n\n\n\n<p>D\u00e9p\u00f4t \u00e9gal \u00e0&nbsp;50%&nbsp;du&nbsp;co\u00fbt&nbsp;total du&nbsp;s\u00e9jour par mandat postale \u00e0:                              <strong>Jolly Camping srl \u2013 Via Santa Lucia, 1<br>42032 \u2013 Cervarezza Terme (Reggio nell\u2019Emilia).<\/strong>                                          (indiquer un nominatif, la date d&#8217;arriv\u00e9e et la date de d\u00e9part).<\/p>\n\n\n\n<p>D\u00e9p\u00f4t \u00e9gal \u00e0&nbsp;50%&nbsp;du&nbsp;co\u00fbt&nbsp;total du&nbsp;s\u00e9jour par virement bancaire \u00e0: <strong>IBAN: IT26W0303266280010000352465<br>Banque: Credito Emiliano<br>Compte au nom de: Jolly Camping srl<\/strong><\/p>\n\n\n\n<h3 class=\"wp-block-heading\"><em>P\u00e9riode<\/em><\/h3>\n\n\n\n<p>En Ao\u00fbt nous acceptons seulement r\u00e9servations pour s\u00e9jours d&#8217;au moins 7 nuits. Pour s\u00e9jours brefs seulement last minute.<\/p>\n\n\n\n<h3 class=\"wp-block-heading\"><em>Tarifs<\/em><\/h3>\n\n\n\n<p>Les tarifs journaliers vont de la date d\u2019arriv\u00e9e (matin, ap\u00e8s-midi, soir) jusqu\u2019\u00e0 10.00 heures du jour apr\u00e8s.                L\u2019\u00e9ventuelle prolongation du d\u00e9part entra\u00eene un suppl\u00e9ment (une jour de s\u00e9jour) seulement en haute saison.<\/p>\n\n\n\n<h3 class=\"wp-block-heading\"><em>Solde<\/em><\/h3>\n\n\n\n<p>\u00c0 la pris en charge du Chalet.<\/p>\n\n\n\n<h3 class=\"wp-block-heading\"><em>Nettoyage<\/em><\/h3>\n\n\n\n<p>\u00c0 son d\u00e9part,&nbsp;le client&nbsp;devra laisser le bungalow propre et bien rang\u00e9, mais la Direction peut, sur demande et moyennant un paiement de 50.00\u20ac,&nbsp; assurer le nettoyage&nbsp;final.<\/p>\n\n\n\n<h3 class=\"wp-block-heading\"><em>Visiteurs<\/em><\/h3>\n\n\n\n<p>Le visiteur journalier peut rester dans le Camping gratuitement pour au&nbsp;maximum une heure en haute saison. Apr\u00e8s \u00e7a, le tarif journalier est appliqu\u00e9. Les visiteurs doivent sortir du Camping au plus tard \u00e0 23.00 heures.<\/p>\n\n\n\n<h3 class=\"wp-block-heading\"><em>Disposition<\/em><\/h3>\n\n\n\n<p>Le Chalet est tenu \u00e0 disposition au plus tard 2 jours depuis la date d\u2019arriv\u00e9e fix\u00e9e.<\/p>\n\n\n\n<h3 class=\"wp-block-heading\"><em>R\u00e9siliation<\/em><\/h3>\n\n\n\n<p>En cas de r\u00e9siliation 10 jours avant le s\u00e9jour, le d\u00e9p\u00f4t est rembours\u00e9 de 50%. Dans le cas contraire, aucun remboursement ne sera&nbsp;possible.<\/p>\n\n\n\n<h3 class=\"wp-block-heading\"><em>Arriv\u00e9e et d\u00e9parte<\/em><\/h3>\n\n\n\n<p>L\u2019arriv\u00e9e est pr\u00e8vue de 15.00 heures \u00e0 19.00 heures.                                                      Le d\u00e9parte est pr\u00e8vu au plus tard \u00e0 10.00 heures.<\/p>\n<\/div>\n<\/div>\n\n\n\n<div class=\"wp-block-group is-style-light-green-bg\"><div class=\"wp-block-group__inner-container is-layout-flow wp-block-group-is-layout-flow\">\n<p class=\"has-text-align-center\" style=\"font-size:33px\">R\u00eavez-vous un week-end alternatif?<br>Nous avons des chalets aussi pour s\u00e9jours brefs!<\/p>\n\n\n\n<div class=\"wp-block-buttons is-horizontal is-content-justification-center is-layout-flex wp-container-core-buttons-is-layout-499968f5 wp-block-buttons-is-layout-flex\">\n<div class=\"wp-block-button\"><a class=\"wp-block-button__link wp-element-button\" href=\"https:\/\/www.campinglefonti.com\/fr\/?page_id=4073\">Plus d&#8217;informations<\/a><\/div>\n<\/div>\n<\/div><\/div>\n\n\n\n<p><\/p>\n","protected":false},"excerpt":{"rendered":"<p>Comment r\u00e9server un chalet ou un\u2019emplacement Vous pouvez r\u00e9servez: Emplacements Confirmation de r\u00e9servation D\u00e9p\u00f4t \u00e9gal \u00e0&nbsp;50%&nbsp;du&nbsp;co\u00fbt&nbsp;total du&nbsp;s\u00e9jour par mandat postale \u00e0: Jolly Camping srl \u2013 Via Santa Lucia, 142032 \u2013 Cervarezza Terme (Reggio nell\u2019Emilia). (indiquer un nominatif, la date d&#8217;arriv\u00e9e et la date de d\u00e9part). D\u00e9p\u00f4t \u00e9gal \u00e0&nbsp;50%&nbsp;du&nbsp;co\u00fbt&nbsp;total du&nbsp;s\u00e9jour par virement bancaire \u00e0: IBAN: IT26W0303266280010000352465Banque: [&hellip;]<\/p>\n","protected":false},"author":6,"featured_media":0,"parent":4176,"menu_order":0,"comment_status":"closed","ping_status":"closed","template":"","meta":{"_acf_changed":false,"inline_featured_image":false,"_genesis_hide_title":false,"_genesis_hide_breadcrumbs":false,"_genesis_hide_singular_image":false,"_genesis_hide_footer_widgets":false,"_genesis_custom_body_class":"","_genesis_custom_post_class":"","_genesis_layout":"","footnotes":"","_links_to":"","_links_to_target":""},"class_list":{"0":"post-4146","1":"page","2":"type-page","3":"status-publish","5":"entry"},"acf":[],"yoast_head":"<!-- This site is optimized with the Yoast SEO plugin v27.2 - https:\/\/yoast.com\/product\/yoast-seo-wordpress\/ -->\n<title>R\u00e9servez - Camping Le Fonti<\/title>\n<meta name=\"robots\" content=\"index, follow, max-snippet:-1, max-image-preview:large, max-video-preview:-1\" \/>\n<link rel=\"canonical\" href=\"https:\/\/www.campinglefonti.com\/fr\/reservations\/reservez\/\" \/>\n<meta property=\"og:locale\" content=\"fr_FR\" \/>\n<meta property=\"og:type\" content=\"article\" \/>\n<meta property=\"og:title\" content=\"R\u00e9servez - Camping Le Fonti\" \/>\n<meta property=\"og:description\" content=\"Comment r\u00e9server un chalet ou un\u2019emplacement Vous pouvez r\u00e9servez: Emplacements Confirmation de r\u00e9servation D\u00e9p\u00f4t \u00e9gal \u00e0&nbsp;50%&nbsp;du&nbsp;co\u00fbt&nbsp;total du&nbsp;s\u00e9jour par mandat postale \u00e0: Jolly Camping srl \u2013 Via Santa Lucia, 142032 \u2013 Cervarezza Terme (Reggio nell\u2019Emilia). (indiquer un nominatif, la date d&#8217;arriv\u00e9e et la date de d\u00e9part). D\u00e9p\u00f4t \u00e9gal \u00e0&nbsp;50%&nbsp;du&nbsp;co\u00fbt&nbsp;total du&nbsp;s\u00e9jour par virement bancaire \u00e0: IBAN: IT26W0303266280010000352465Banque: [&hellip;]\" \/>\n<meta property=\"og:url\" content=\"https:\/\/www.campinglefonti.com\/fr\/reservations\/reservez\/\" \/>\n<meta property=\"og:site_name\" content=\"Camping Le Fonti\" \/>\n<meta property=\"article:modified_time\" content=\"2025-02-25T11:25:00+00:00\" \/>\n<meta property=\"og:image\" content=\"https:\/\/www.campinglefonti.com\/wp-content\/uploads\/P8140722-scaled.jpg\" \/>\n\t<meta property=\"og:image:width\" content=\"2560\" \/>\n\t<meta property=\"og:image:height\" content=\"1920\" \/>\n\t<meta property=\"og:image:type\" content=\"image\/jpeg\" \/>\n<meta name=\"twitter:card\" content=\"summary_large_image\" \/>\n<meta name=\"twitter:label1\" content=\"Dur\u00e9e de lecture estim\u00e9e\" \/>\n\t<meta name=\"twitter:data1\" content=\"4 minutes\" \/>\n<script type=\"application\/ld+json\" class=\"yoast-schema-graph\">{\"@context\":\"https:\/\/schema.org\",\"@graph\":[{\"@type\":\"WebPage\",\"@id\":\"https:\/\/www.campinglefonti.com\/fr\/reservations\/reservez\/\",\"url\":\"https:\/\/www.campinglefonti.com\/fr\/reservations\/reservez\/\",\"name\":\"R\u00e9servez - Camping Le Fonti\",\"isPartOf\":{\"@id\":\"https:\/\/www.campinglefonti.com\/fr\/#website\"},\"primaryImageOfPage\":{\"@id\":\"https:\/\/www.campinglefonti.com\/fr\/reservations\/reservez\/#primaryimage\"},\"image\":{\"@id\":\"https:\/\/www.campinglefonti.com\/fr\/reservations\/reservez\/#primaryimage\"},\"thumbnailUrl\":\"https:\/\/www.campinglefonti.com\/wp-content\/uploads\/\/P8140722-1024x768.jpg\",\"datePublished\":\"2025-02-25T11:24:59+00:00\",\"dateModified\":\"2025-02-25T11:25:00+00:00\",\"breadcrumb\":{\"@id\":\"https:\/\/www.campinglefonti.com\/fr\/reservations\/reservez\/#breadcrumb\"},\"inLanguage\":\"fr-FR\",\"potentialAction\":[{\"@type\":\"ReadAction\",\"target\":[\"https:\/\/www.campinglefonti.com\/fr\/reservations\/reservez\/\"]}]},{\"@type\":\"ImageObject\",\"inLanguage\":\"fr-FR\",\"@id\":\"https:\/\/www.campinglefonti.com\/fr\/reservations\/reservez\/#primaryimage\",\"url\":\"https:\/\/www.campinglefonti.com\/wp-content\/uploads\/\/P8140722-1024x768.jpg\",\"contentUrl\":\"https:\/\/www.campinglefonti.com\/wp-content\/uploads\/\/P8140722-1024x768.jpg\"},{\"@type\":\"BreadcrumbList\",\"@id\":\"https:\/\/www.campinglefonti.com\/fr\/reservations\/reservez\/#breadcrumb\",\"itemListElement\":[{\"@type\":\"ListItem\",\"position\":1,\"name\":\"Home\",\"item\":\"https:\/\/www.campinglefonti.com\/fr\/\"},{\"@type\":\"ListItem\",\"position\":2,\"name\":\"R\u00e9servations\",\"item\":\"https:\/\/www.campinglefonti.com\/fr\/reservations\/\"},{\"@type\":\"ListItem\",\"position\":3,\"name\":\"R\u00e9servez\"}]},{\"@type\":\"WebSite\",\"@id\":\"https:\/\/www.campinglefonti.com\/fr\/#website\",\"url\":\"https:\/\/www.campinglefonti.com\/fr\/\",\"name\":\"Camping Le Fonti\",\"description\":\"Campeggio con bungalow e piazzole nell&#039;Appennino Reggiano\",\"publisher\":{\"@id\":\"https:\/\/www.campinglefonti.com\/fr\/#organization\"},\"potentialAction\":[{\"@type\":\"SearchAction\",\"target\":{\"@type\":\"EntryPoint\",\"urlTemplate\":\"https:\/\/www.campinglefonti.com\/fr\/?s={search_term_string}\"},\"query-input\":{\"@type\":\"PropertyValueSpecification\",\"valueRequired\":true,\"valueName\":\"search_term_string\"}}],\"inLanguage\":\"fr-FR\"},{\"@type\":\"Organization\",\"@id\":\"https:\/\/www.campinglefonti.com\/fr\/#organization\",\"name\":\"Camping Le Fonti\",\"url\":\"https:\/\/www.campinglefonti.com\/fr\/\",\"logo\":{\"@type\":\"ImageObject\",\"inLanguage\":\"fr-FR\",\"@id\":\"https:\/\/www.campinglefonti.com\/fr\/#\/schema\/logo\/image\/\",\"url\":\"https:\/\/www.campinglefonti.com\/wp-content\/uploads\/logo-camping-le-fonti.svg\",\"contentUrl\":\"https:\/\/www.campinglefonti.com\/wp-content\/uploads\/logo-camping-le-fonti.svg\",\"width\":75,\"height\":71,\"caption\":\"Camping Le Fonti\"},\"image\":{\"@id\":\"https:\/\/www.campinglefonti.com\/fr\/#\/schema\/logo\/image\/\"}}]}<\/script>\n<!-- \/ Yoast SEO plugin. -->","yoast_head_json":{"title":"R\u00e9servez - Camping Le Fonti","robots":{"index":"index","follow":"follow","max-snippet":"max-snippet:-1","max-image-preview":"max-image-preview:large","max-video-preview":"max-video-preview:-1"},"canonical":"https:\/\/www.campinglefonti.com\/fr\/reservations\/reservez\/","og_locale":"fr_FR","og_type":"article","og_title":"R\u00e9servez - Camping Le Fonti","og_description":"Comment r\u00e9server un chalet ou un\u2019emplacement Vous pouvez r\u00e9servez: Emplacements Confirmation de r\u00e9servation D\u00e9p\u00f4t \u00e9gal \u00e0&nbsp;50%&nbsp;du&nbsp;co\u00fbt&nbsp;total du&nbsp;s\u00e9jour par mandat postale \u00e0: Jolly Camping srl \u2013 Via Santa Lucia, 142032 \u2013 Cervarezza Terme (Reggio nell\u2019Emilia). (indiquer un nominatif, la date d&#8217;arriv\u00e9e et la date de d\u00e9part). D\u00e9p\u00f4t \u00e9gal \u00e0&nbsp;50%&nbsp;du&nbsp;co\u00fbt&nbsp;total du&nbsp;s\u00e9jour par virement bancaire \u00e0: IBAN: IT26W0303266280010000352465Banque: [&hellip;]","og_url":"https:\/\/www.campinglefonti.com\/fr\/reservations\/reservez\/","og_site_name":"Camping Le Fonti","article_modified_time":"2025-02-25T11:25:00+00:00","og_image":[{"width":2560,"height":1920,"url":"https:\/\/www.campinglefonti.com\/wp-content\/uploads\/P8140722-scaled.jpg","type":"image\/jpeg"}],"twitter_card":"summary_large_image","twitter_misc":{"Dur\u00e9e de lecture estim\u00e9e":"4 minutes"},"schema":{"@context":"https:\/\/schema.org","@graph":[{"@type":"WebPage","@id":"https:\/\/www.campinglefonti.com\/fr\/reservations\/reservez\/","url":"https:\/\/www.campinglefonti.com\/fr\/reservations\/reservez\/","name":"R\u00e9servez - Camping Le Fonti","isPartOf":{"@id":"https:\/\/www.campinglefonti.com\/fr\/#website"},"primaryImageOfPage":{"@id":"https:\/\/www.campinglefonti.com\/fr\/reservations\/reservez\/#primaryimage"},"image":{"@id":"https:\/\/www.campinglefonti.com\/fr\/reservations\/reservez\/#primaryimage"},"thumbnailUrl":"https:\/\/www.campinglefonti.com\/wp-content\/uploads\/\/P8140722-1024x768.jpg","datePublished":"2025-02-25T11:24:59+00:00","dateModified":"2025-02-25T11:25:00+00:00","breadcrumb":{"@id":"https:\/\/www.campinglefonti.com\/fr\/reservations\/reservez\/#breadcrumb"},"inLanguage":"fr-FR","potentialAction":[{"@type":"ReadAction","target":["https:\/\/www.campinglefonti.com\/fr\/reservations\/reservez\/"]}]},{"@type":"ImageObject","inLanguage":"fr-FR","@id":"https:\/\/www.campinglefonti.com\/fr\/reservations\/reservez\/#primaryimage","url":"https:\/\/www.campinglefonti.com\/wp-content\/uploads\/\/P8140722-1024x768.jpg","contentUrl":"https:\/\/www.campinglefonti.com\/wp-content\/uploads\/\/P8140722-1024x768.jpg"},{"@type":"BreadcrumbList","@id":"https:\/\/www.campinglefonti.com\/fr\/reservations\/reservez\/#breadcrumb","itemListElement":[{"@type":"ListItem","position":1,"name":"Home","item":"https:\/\/www.campinglefonti.com\/fr\/"},{"@type":"ListItem","position":2,"name":"R\u00e9servations","item":"https:\/\/www.campinglefonti.com\/fr\/reservations\/"},{"@type":"ListItem","position":3,"name":"R\u00e9servez"}]},{"@type":"WebSite","@id":"https:\/\/www.campinglefonti.com\/fr\/#website","url":"https:\/\/www.campinglefonti.com\/fr\/","name":"Camping Le Fonti","description":"Campeggio con bungalow e piazzole nell&#039;Appennino Reggiano","publisher":{"@id":"https:\/\/www.campinglefonti.com\/fr\/#organization"},"potentialAction":[{"@type":"SearchAction","target":{"@type":"EntryPoint","urlTemplate":"https:\/\/www.campinglefonti.com\/fr\/?s={search_term_string}"},"query-input":{"@type":"PropertyValueSpecification","valueRequired":true,"valueName":"search_term_string"}}],"inLanguage":"fr-FR"},{"@type":"Organization","@id":"https:\/\/www.campinglefonti.com\/fr\/#organization","name":"Camping Le Fonti","url":"https:\/\/www.campinglefonti.com\/fr\/","logo":{"@type":"ImageObject","inLanguage":"fr-FR","@id":"https:\/\/www.campinglefonti.com\/fr\/#\/schema\/logo\/image\/","url":"https:\/\/www.campinglefonti.com\/wp-content\/uploads\/logo-camping-le-fonti.svg","contentUrl":"https:\/\/www.campinglefonti.com\/wp-content\/uploads\/logo-camping-le-fonti.svg","width":75,"height":71,"caption":"Camping Le Fonti"},"image":{"@id":"https:\/\/www.campinglefonti.com\/fr\/#\/schema\/logo\/image\/"}}]}},"_links":{"self":[{"href":"https:\/\/www.campinglefonti.com\/fr\/wp-json\/wp\/v2\/pages\/4146","targetHints":{"allow":["GET"]}}],"collection":[{"href":"https:\/\/www.campinglefonti.com\/fr\/wp-json\/wp\/v2\/pages"}],"about":[{"href":"https:\/\/www.campinglefonti.com\/fr\/wp-json\/wp\/v2\/types\/page"}],"author":[{"embeddable":true,"href":"https:\/\/www.campinglefonti.com\/fr\/wp-json\/wp\/v2\/users\/6"}],"replies":[{"embeddable":true,"href":"https:\/\/www.campinglefonti.com\/fr\/wp-json\/wp\/v2\/comments?post=4146"}],"version-history":[{"count":4,"href":"https:\/\/www.campinglefonti.com\/fr\/wp-json\/wp\/v2\/pages\/4146\/revisions"}],"predecessor-version":[{"id":4301,"href":"https:\/\/www.campinglefonti.com\/fr\/wp-json\/wp\/v2\/pages\/4146\/revisions\/4301"}],"up":[{"embeddable":true,"href":"https:\/\/www.campinglefonti.com\/fr\/wp-json\/wp\/v2\/pages\/4176"}],"wp:attachment":[{"href":"https:\/\/www.campinglefonti.com\/fr\/wp-json\/wp\/v2\/media?parent=4146"}],"curies":[{"name":"wp","href":"https:\/\/api.w.org\/{rel}","templated":true}]}}